{"id":5940,"date":"2025-07-02T09:01:42","date_gmt":"2025-07-02T09:01:42","guid":{"rendered":"https:\/\/www.linktonkitchen.com\/?post_type=product&#038;p=5940"},"modified":"2025-07-03T09:53:26","modified_gmt":"2025-07-03T09:53:26","slug":"wholesale-stainless-steel-chafing-dishes","status":"publish","type":"product","link":"https:\/\/www.linktonkitchen.com\/fr\/product\/wholesale-stainless-steel-chafing-dishes\/","title":{"rendered":"Ensemble de plats \u00e0 r\u00f4tir en acier inoxydable de haute qualit\u00e9 pour buffet"},"content":{"rendered":"<div class=\"wp-block-columns is-layout-flex wp-container-core-columns-is-layout-9d6595d7 wp-block-columns-is-layout-flex\">\n<div class=\"wp-block-column is-vertically-aligned-center is-layout-flow wp-block-column-is-layout-flow\">\n<h3 class=\"wp-block-heading\">Plats \u00e0 grignoter en acier inoxydable Caract\u00e9ristiques :<\/h3>\n\n\n\n<p><strong>Mat\u00e9riau de haute qualit\u00e9<\/strong>: Fabriqu\u00e9 en acier inoxydable de qualit\u00e9 alimentaire, il est r\u00e9sistant \u00e0 la corrosion et facile \u00e0 nettoyer, et r\u00e9pond aux exigences d'utilisation fr\u00e9quente des cuisines commerciales.<\/p>\n\n\n\n<p><strong>Couvercle en verre haute d\u00e9finition<\/strong>: Pratique pour l'observation sur place de l'\u00e9tat des aliments, il n'est pas n\u00e9cessaire d'ouvrir fr\u00e9quemment le couvercle, ce qui am\u00e9liore l'efficacit\u00e9 de l'isolation et l'exp\u00e9rience de l'utilisateur.<\/p>\n\n\n\n<p><strong>Panneau d'affichage num\u00e9rique tactile intelligent<\/strong>: \u00c9quip\u00e9 d'un panneau de commande frontal simple, il permet de r\u00e9gler la temp\u00e9rature et d'afficher l'\u00e9tat de l'appareil. Son fonctionnement est intuitif et il convient aux sc\u00e9narios d'utilisation \u00e0 forte rotation.<\/p>\n\n\n\n<p><strong>Structure de la charni\u00e8re \u00e0 chute lente<\/strong>: Emp\u00eache efficacement le couvercle sup\u00e9rieur de se soulever ou de tomber rapidement et de provoquer un pincement ou une collision, et am\u00e9liore la s\u00e9curit\u00e9 d'utilisation.<\/p>\n\n\n\n<p><strong>Service OEM\/ODM<\/strong>: Fourniture directe \u00e0 l'usine, possibilit\u00e9 de personnaliser le LOGO de la marque, l'apparence et la qualit\u00e9 de fabrication, pour r\u00e9pondre aux besoins des projets B-end ou des distributeurs.<\/p>\n<\/div>\n\n\n\n<div class=\"wp-block-column is-vertically-aligned-center is-layout-flow wp-block-column-is-layout-flow\"><div class=\"wp-block-image\">\n<figure class=\"aligncenter size-full is-resized\"><img fetchpriority=\"high\" decoding=\"async\" width=\"1000\" height=\"667\" src=\"https:\/\/www.linktonkitchen.com\/wp-content\/uploads\/2025\/07\/Wholesale-Stainless-Steel-Chafing-Dishes.webp\" alt=\"Grossiste Plats \u00e0 r\u00f4tir en acier inoxydable\" class=\"wp-image-5941\" style=\"width:404px;height:auto\" srcset=\"https:\/\/www.linktonkitchen.com\/wp-content\/uploads\/2025\/07\/Wholesale-Stainless-Steel-Chafing-Dishes.webp 1000w, https:\/\/www.linktonkitchen.com\/wp-content\/uploads\/2025\/07\/Wholesale-Stainless-Steel-Chafing-Dishes-300x200.webp 300w, https:\/\/www.linktonkitchen.com\/wp-content\/uploads\/2025\/07\/Wholesale-Stainless-Steel-Chafing-Dishes-768x512.webp 768w, https:\/\/www.linktonkitchen.com\/wp-content\/uploads\/2025\/07\/Wholesale-Stainless-Steel-Chafing-Dishes-18x12.webp 18w, https:\/\/www.linktonkitchen.com\/wp-content\/uploads\/2025\/07\/Wholesale-Stainless-Steel-Chafing-Dishes-285x190.webp 285w, https:\/\/www.linktonkitchen.com\/wp-content\/uploads\/2025\/07\/Wholesale-Stainless-Steel-Chafing-Dishes-660x440.webp 660w, https:\/\/www.linktonkitchen.com\/wp-content\/uploads\/2025\/07\/Wholesale-Stainless-Steel-Chafing-Dishes-150x100.webp 150w\" sizes=\"(max-width: 1000px) 100vw, 1000px\" \/><\/figure>\n<\/div><\/div>\n<\/div>\n\n\n\n<div class=\"wp-block-columns is-layout-flex wp-container-core-columns-is-layout-9d6595d7 wp-block-columns-is-layout-flex\">\n<div class=\"wp-block-column is-vertically-aligned-center is-layout-flow wp-block-column-is-layout-flow\">\n<h3 class=\"wp-block-heading\">Sur mesure <strong><strong>Plats \u00e0 r\u00f4tir en acier inoxydable<\/strong><\/strong><\/h3>\n\n\n\n<p>Nous fournissons des services ODM et OEM. Nous proposons un LOGO personnalis\u00e9 sur le produit et l'emballage, ainsi que diff\u00e9rents types d'emballage, tels que le sac ou le carton, ou selon les demandes du client. La couleur peut \u00eatre personnalis\u00e9e avec de l'argent, de l'or ou du semi-or plaqu\u00e9.<\/p>\n<\/div>\n<\/div>","protected":false},"excerpt":{"rendered":"<p>Les chafing dishes en acier inoxydable de Linkton sont dot\u00e9s d'un syst\u00e8me tactile \u00e9lectronique qui permet une conservation pr\u00e9cise et \u00e0 long terme de la chaleur des aliments. La finition est lisse et brillante et le couvercle hydraulique est en verre, ce qui convient aux buffets, aux h\u00f4tels, etc. Vente directe d'usine, support de personnalisation, contactez-nous maintenant.<\/p>\n<h2>Sp\u00e9cifications des plats \u00e0 r\u00e9chauffer en acier inoxydable :<\/h2>\n<table width=\"402\">\n<tbody>\n<tr>\n<td width=\"145\">Fabricant<\/td>\n<td width=\"257\">Linkton<\/td>\n<\/tr>\n<tr>\n<td>Mat\u00e9riau<\/td>\n<td>Acier inoxydable<\/td>\n<\/tr>\n<tr>\n<td>Configuration<\/td>\n<td width=\"257\">Bac \u00e0 aliments\/ bac \u00e0 eau<\/td>\n<\/tr>\n<tr>\n<td>Chauffage<\/td>\n<td>\n<p>Chauffage \u00e9lectrique<\/p>\n<\/td>\n<\/tr>\n<tr>\n<td>Couvercle<\/td>\n<td width=\"257\">Couvercle hydraulique en verre<\/td>\n<\/tr>\n<tr>\n<td>OEM\/ODM<\/td>\n<td>Acceptable<\/td>\n<\/tr>\n<tr>\n<td>\u00c9chantillon<\/td>\n<td>MOQ 1 pi\u00e8ce<\/td>\n<\/tr>\n<\/tbody>\n<\/table>","protected":false},"featured_media":5941,"template":"","meta":{"_acf_changed":false},"product-application":[],"product-capacity":[],"product_brand":[],"product_cat":[58],"product_tag":[],"class_list":{"0":"post-5940","1":"product","2":"type-product","3":"status-publish","4":"has-post-thumbnail","6":"product_cat-wholesale-chafing-dishes","8":"first","9":"instock","10":"shipping-taxable","11":"product-type-simple"},"acf":[],"_links":{"self":[{"href":"https:\/\/www.linktonkitchen.com\/fr\/wp-json\/wp\/v2\/product\/5940","targetHints":{"allow":["GET"]}}],"collection":[{"href":"https:\/\/www.linktonkitchen.com\/fr\/wp-json\/wp\/v2\/product"}],"about":[{"href":"https:\/\/www.linktonkitchen.com\/fr\/wp-json\/wp\/v2\/types\/product"}],"version-history":[{"count":0,"href":"https:\/\/www.linktonkitchen.com\/fr\/wp-json\/wp\/v2\/product\/5940\/revisions"}],"wp:featuredmedia":[{"embeddable":true,"href":"https:\/\/www.linktonkitchen.com\/fr\/wp-json\/wp\/v2\/media\/5941"}],"wp:attachment":[{"href":"https:\/\/www.linktonkitchen.com\/fr\/wp-json\/wp\/v2\/media?parent=5940"}],"wp:term":[{"taxonomy":"product-application","embeddable":true,"href":"https:\/\/www.linktonkitchen.com\/fr\/wp-json\/wp\/v2\/product-application?post=5940"},{"taxonomy":"product-capacity","embeddable":true,"href":"https:\/\/www.linktonkitchen.com\/fr\/wp-json\/wp\/v2\/product-capacity?post=5940"},{"taxonomy":"product_brand","embeddable":true,"href":"https:\/\/www.linktonkitchen.com\/fr\/wp-json\/wp\/v2\/product_brand?post=5940"},{"taxonomy":"product_cat","embeddable":true,"href":"https:\/\/www.linktonkitchen.com\/fr\/wp-json\/wp\/v2\/product_cat?post=5940"},{"taxonomy":"product_tag","embeddable":true,"href":"https:\/\/www.linktonkitchen.com\/fr\/wp-json\/wp\/v2\/product_tag?post=5940"}],"curies":[{"name":"wp","href":"https:\/\/api.w.org\/{rel}","templated":true}]}}