{"id":5970,"date":"2025-07-08T03:10:31","date_gmt":"2025-07-08T03:10:31","guid":{"rendered":"https:\/\/www.linktonkitchen.com\/?post_type=product&#038;p=5970"},"modified":"2025-07-17T02:02:44","modified_gmt":"2025-07-17T02:02:44","slug":"wholesale-commercial-chafing-dish","status":"publish","type":"product","link":"https:\/\/www.linktonkitchen.com\/fr\/product\/wholesale-commercial-chafing-dish\/","title":{"rendered":"Wholesale Commercial Chafing Dish, Custom Electric Buffet Set with Hydraulic Lid"},"content":{"rendered":"<div class=\"wp-block-columns is-layout-flex wp-container-core-columns-is-layout-9d6595d7 wp-block-columns-is-layout-flex\">\n<div class=\"wp-block-column is-vertically-aligned-center is-layout-flow wp-block-column-is-layout-flow\">\n<h2 class=\"wp-block-heading\">Commerce de gros <strong>Commercial Caract\u00e9ristiques de la vaisselle :<\/strong><\/h2>\n\n\n\n<p><strong>Mat\u00e9riau en acier inoxydable de haute qualit\u00e9 : <\/strong>r\u00e9sistant \u00e0 la corrosion, facile \u00e0 nettoyer, aspect poli brillant, texture de qualit\u00e9 professionnelle.<\/p>\n\n\n\n<p><strong>Panneau tactile intelligent<\/strong>\uff1aEmbedded digital display screen, precise temperature control, convenient operation, improve operational efficiency and safety.<\/p>\n\n\n\n<p><strong>Couvercle en verre transparent<\/strong>La conception de l'\u00e9cran est simple : anti-bu\u00e9e et anti-fissure, belle et pratique, elle permet aux clients de voir les plats de mani\u00e8re intuitive, d'am\u00e9liorer l'exp\u00e9rience de l'utilisateur et l'effet de l'affichage.<\/p>\n\n\n\n<p><strong>Structure g\u00e9om\u00e9trique stable :<\/strong> Design rectangulaire arrondi avec des pieds de support stables \u00e0 quatre colonnes, combinant modernit\u00e9 et praticit\u00e9, convenant \u00e0 toutes sortes de buffets de restaurants haut de gamme, de sc\u00e8nes de banquets d'h\u00f4tels.<\/p>\n\n\n\n<p><strong>La personnalisation ODM est possible<\/strong>Le logo, la fonction, la couleur, etc. peuvent \u00eatre personnalis\u00e9s en fonction des besoins du client pour r\u00e9pondre aux besoins des projets de restauration haut de gamme.<\/p>\n<\/div>\n\n\n\n<div class=\"wp-block-column is-vertically-aligned-center is-layout-flow wp-block-column-is-layout-flow\"><div class=\"wp-block-image\">\n<figure class=\"aligncenter size-full is-resized\"><img fetchpriority=\"high\" decoding=\"async\" width=\"1217\" height=\"913\" src=\"https:\/\/www.linktonkitchen.com\/wp-content\/uploads\/2025\/07\/wholesale-commercial-chafing-dish.webp\" alt=\"Gros des plats \u00e0 r\u00e9chauffer commerciaux\" class=\"wp-image-5972\" style=\"width:404px;height:auto\" srcset=\"https:\/\/www.linktonkitchen.com\/wp-content\/uploads\/2025\/07\/wholesale-commercial-chafing-dish.webp 1217w, https:\/\/www.linktonkitchen.com\/wp-content\/uploads\/2025\/07\/wholesale-commercial-chafing-dish-300x225.webp 300w, https:\/\/www.linktonkitchen.com\/wp-content\/uploads\/2025\/07\/wholesale-commercial-chafing-dish-768x576.webp 768w, https:\/\/www.linktonkitchen.com\/wp-content\/uploads\/2025\/07\/wholesale-commercial-chafing-dish-16x12.webp 16w, https:\/\/www.linktonkitchen.com\/wp-content\/uploads\/2025\/07\/wholesale-commercial-chafing-dish-285x214.webp 285w, https:\/\/www.linktonkitchen.com\/wp-content\/uploads\/2025\/07\/wholesale-commercial-chafing-dish-800x600.webp 800w, https:\/\/www.linktonkitchen.com\/wp-content\/uploads\/2025\/07\/wholesale-commercial-chafing-dish-660x495.webp 660w, https:\/\/www.linktonkitchen.com\/wp-content\/uploads\/2025\/07\/wholesale-commercial-chafing-dish-150x113.webp 150w\" sizes=\"(max-width: 1217px) 100vw, 1217px\" \/><\/figure>\n<\/div><\/div>\n<\/div>\n\n\n\n<div class=\"wp-block-columns is-layout-flex wp-container-core-columns-is-layout-9d6595d7 wp-block-columns-is-layout-flex\">\n<div class=\"wp-block-column is-vertically-aligned-center is-layout-flow wp-block-column-is-layout-flow\">\n<h3 class=\"wp-block-heading\">Sur mesure <strong><strong>Plat \u00e0 r\u00f4tir commercial<\/strong><\/strong>:<\/h3>\n\n\n\n<ul class=\"wp-block-list\">\n<li>Nous proposons des services ODM et OEM. <\/li>\n\n\n\n<li>Possibilit\u00e9 d'apposer un LOGO personnalis\u00e9 sur le produit et l'emballage.<\/li>\n\n\n\n<li>Prise en charge de diff\u00e9rents emballages, tels que les sacs\/cartons, ou selon les demandes des clients. <\/li>\n\n\n\n<li>La couleur peut \u00eatre personnalis\u00e9e avec de l'argent, de l'or ou du semi-or plaqu\u00e9.<\/li>\n<\/ul>\n<\/div>\n<\/div>","protected":false},"excerpt":{"rendered":"<p>Bienvenue sur le march\u00e9 de gros des chafing dish commerciaux, mat\u00e9riau en acier inoxydable de qualit\u00e9 alimentaire, chauffage \u00e9lectrique, \u00e9quip\u00e9 d'un panneau tactile intelligent et d'un couvercle en verre anti-bu\u00e9e, il est con\u00e7u pour les sc\u00e8nes de restauration haut de gamme. Nous prenons en charge la personnalisation ODM, contactez-nous pour des solutions et des devis exclusifs.<\/p>\n<h2>Sp\u00e9cifications du r\u00e9chaud commercial :<\/h2>\n<table width=\"402\">\n<tbody>\n<tr>\n<td width=\"145\">Fabricant<\/td>\n<td width=\"257\">Linkton<\/td>\n<\/tr>\n<tr>\n<td>Mat\u00e9riau<\/td>\n<td>Acier inoxydable<\/td>\n<\/tr>\n<tr>\n<td>Configuration<\/td>\n<td width=\"257\">Bac \u00e0 aliments\/ bac \u00e0 eau<\/td>\n<\/tr>\n<tr>\n<td>Chauffage<\/td>\n<td>\n<p>Chauffage \u00e9lectrique<\/p>\n<\/td>\n<\/tr>\n<tr>\n<td>Couvercle<\/td>\n<td width=\"257\">Couvercle hydraulique en verre<\/td>\n<\/tr>\n<tr>\n<td>OEM\/ODM<\/td>\n<td>Acceptable<\/td>\n<\/tr>\n<tr>\n<td>\u00c9chantillon<\/td>\n<td>MOQ 1 pi\u00e8ce<\/td>\n<\/tr>\n<\/tbody>\n<\/table>","protected":false},"featured_media":5972,"template":"","meta":{"_acf_changed":false},"product-application":[],"product-capacity":[],"product_brand":[],"product_cat":[58],"product_tag":[],"class_list":{"0":"post-5970","1":"product","2":"type-product","3":"status-publish","4":"has-post-thumbnail","6":"product_cat-wholesale-chafing-dishes","8":"first","9":"instock","10":"shipping-taxable","11":"product-type-simple"},"acf":[],"_links":{"self":[{"href":"https:\/\/www.linktonkitchen.com\/fr\/wp-json\/wp\/v2\/product\/5970","targetHints":{"allow":["GET"]}}],"collection":[{"href":"https:\/\/www.linktonkitchen.com\/fr\/wp-json\/wp\/v2\/product"}],"about":[{"href":"https:\/\/www.linktonkitchen.com\/fr\/wp-json\/wp\/v2\/types\/product"}],"version-history":[{"count":0,"href":"https:\/\/www.linktonkitchen.com\/fr\/wp-json\/wp\/v2\/product\/5970\/revisions"}],"wp:featuredmedia":[{"embeddable":true,"href":"https:\/\/www.linktonkitchen.com\/fr\/wp-json\/wp\/v2\/media\/5972"}],"wp:attachment":[{"href":"https:\/\/www.linktonkitchen.com\/fr\/wp-json\/wp\/v2\/media?parent=5970"}],"wp:term":[{"taxonomy":"product-application","embeddable":true,"href":"https:\/\/www.linktonkitchen.com\/fr\/wp-json\/wp\/v2\/product-application?post=5970"},{"taxonomy":"product-capacity","embeddable":true,"href":"https:\/\/www.linktonkitchen.com\/fr\/wp-json\/wp\/v2\/product-capacity?post=5970"},{"taxonomy":"product_brand","embeddable":true,"href":"https:\/\/www.linktonkitchen.com\/fr\/wp-json\/wp\/v2\/product_brand?post=5970"},{"taxonomy":"product_cat","embeddable":true,"href":"https:\/\/www.linktonkitchen.com\/fr\/wp-json\/wp\/v2\/product_cat?post=5970"},{"taxonomy":"product_tag","embeddable":true,"href":"https:\/\/www.linktonkitchen.com\/fr\/wp-json\/wp\/v2\/product_tag?post=5970"}],"curies":[{"name":"wp","href":"https:\/\/api.w.org\/{rel}","templated":true}]}}