{"id":5979,"date":"2025-07-08T03:35:38","date_gmt":"2025-07-08T03:35:38","guid":{"rendered":"https:\/\/www.linktonkitchen.com\/?post_type=product&#038;p=5979"},"modified":"2025-07-17T09:34:13","modified_gmt":"2025-07-17T09:34:13","slug":"wholesale-buffet-chafing-dishes","status":"publish","type":"product","link":"https:\/\/www.linktonkitchen.com\/fr\/product\/wholesale-buffet-chafing-dishes\/","title":{"rendered":"Set de r\u00e9chauds \u00e9lectriques en acier inoxydable pour buffets (Wholesale Buffet Chafing Dishes)"},"content":{"rendered":"<div class=\"wp-block-columns is-layout-flex wp-container-core-columns-is-layout-9d6595d7 wp-block-columns-is-layout-flex\">\n<div class=\"wp-block-column is-vertically-aligned-center is-layout-flow wp-block-column-is-layout-flow\">\n<h3 class=\"wp-block-heading\">Grossiste Buffet Chafing Dishes Caract\u00e9ristiques :<\/h3>\n\n\n\n<p><strong>Conception d'un double bac \u00e0 aliments<\/strong>Le syst\u00e8me de chauffage et de pr\u00e9sentation de la vaisselle : il permet de chauffer et de pr\u00e9senter les plats de mani\u00e8re classifi\u00e9e et d'am\u00e9liorer l'efficacit\u00e9 de la restauration.<\/p>\n\n\n\n<p><strong>Poign\u00e9e centrale d'ouverture du couvercle<\/strong>Le syst\u00e8me de gestion de l'information de l'Union europ\u00e9enne (UE) est un syst\u00e8me de gestion de l'information de l'Union europ\u00e9enne.<\/p>\n\n\n\n<p><strong>Corps int\u00e9gr\u00e9 en acier inoxydable<\/strong>Les produits de cette cat\u00e9gorie sont les suivants : coins arrondis, lignes douces, \u00e0 la fois esth\u00e9tiques et s\u00fbrs.<\/p>\n\n\n\n<p><strong>Cadre sur\u00e9lev\u00e9<\/strong>La capacit\u00e9 : augmente la capacit\u00e9, emp\u00eache efficacement la soupe de d\u00e9border et convient \u00e0 une grande vari\u00e9t\u00e9 de plats. <\/p>\n\n\n\n<p><strong>Personnalisation de l'affichage visuel de la marque<\/strong>: La zone avant du logo attire l'attention, prend en charge les logos personnalis\u00e9s des entreprises et renforce l'image de marque.<\/p>\n<\/div>\n\n\n\n<div class=\"wp-block-column is-vertically-aligned-center is-layout-flow wp-block-column-is-layout-flow\"><div class=\"wp-block-image\">\n<figure class=\"aligncenter size-full is-resized\"><img fetchpriority=\"high\" decoding=\"async\" width=\"320\" height=\"240\" src=\"https:\/\/www.linktonkitchen.com\/wp-content\/uploads\/2025\/07\/wholesale-buffet-chafing-dishes.webp\" alt=\"Plats \u00e0 r\u00f4tir pour buffet en gros\" class=\"wp-image-5971\" style=\"width:404px;height:auto\" srcset=\"https:\/\/www.linktonkitchen.com\/wp-content\/uploads\/2025\/07\/wholesale-buffet-chafing-dishes.webp 320w, https:\/\/www.linktonkitchen.com\/wp-content\/uploads\/2025\/07\/wholesale-buffet-chafing-dishes-300x225.webp 300w, https:\/\/www.linktonkitchen.com\/wp-content\/uploads\/2025\/07\/wholesale-buffet-chafing-dishes-16x12.webp 16w, https:\/\/www.linktonkitchen.com\/wp-content\/uploads\/2025\/07\/wholesale-buffet-chafing-dishes-285x214.webp 285w, https:\/\/www.linktonkitchen.com\/wp-content\/uploads\/2025\/07\/wholesale-buffet-chafing-dishes-150x113.webp 150w\" sizes=\"(max-width: 320px) 100vw, 320px\" \/><\/figure>\n<\/div><\/div>\n<\/div>\n\n\n\n<div class=\"wp-block-columns is-layout-flex wp-container-core-columns-is-layout-9d6595d7 wp-block-columns-is-layout-flex\">\n<div class=\"wp-block-column is-vertically-aligned-center is-layout-flow wp-block-column-is-layout-flow\">\n<h3 class=\"wp-block-heading\">Sur mesure <strong><strong>Buffet Chafing Dishes<\/strong><\/strong>:<\/h3>\n\n\n\n<p>Proposant des solutions ODM et OEM, nous permettons une personnalisation compl\u00e8te des logos sur les produits et les emballages. Nous proposons des options d'emballage flexibles, allant des sacs aux cartons, ou nous adaptons l'emballage \u00e0 vos besoins. Les couleurs personnalis\u00e9es comprennent l'argent, l'or et le semi-or.<\/p>\n<\/div>\n<\/div>","protected":false},"excerpt":{"rendered":"<p>Linkton Wholesale Buffet Chafing Dish, chauffage \u00e9lectrique, avec couvercle \u00e0 charni\u00e8re en verre, chafing dish tout-en-un id\u00e9al pour l'\u00e9quipement des buffets modernes. Des services de personnalisation OEM et ODM sont disponibles. Contactez-nous pour un devis gratuit.<\/p>\n<h2>Sp\u00e9cifications des plats \u00e0 r\u00f4tir Buffet :<\/h2>\n<table width=\"402\">\n<tbody>\n<tr>\n<td width=\"145\">Fabricant<\/td>\n<td width=\"257\">Linkton<\/td>\n<\/tr>\n<tr>\n<td>Mat\u00e9riau<\/td>\n<td>Acier inoxydable<\/td>\n<\/tr>\n<tr>\n<td>Configuration<\/td>\n<td width=\"257\">Bac \u00e0 aliments\/ bac \u00e0 eau<\/td>\n<\/tr>\n<tr>\n<td>Chauffage<\/td>\n<td>\n<p>Chauffage \u00e9lectrique<\/p>\n<\/td>\n<\/tr>\n<tr>\n<td>Couvercle<\/td>\n<td width=\"257\">Couvercle hydraulique en verre<\/td>\n<\/tr>\n<tr>\n<td>OEM\/ODM<\/td>\n<td>Acceptable<\/td>\n<\/tr>\n<tr>\n<td>\u00c9chantillon<\/td>\n<td>MOQ 1 pi\u00e8ce<\/td>\n<\/tr>\n<\/tbody>\n<\/table>","protected":false},"featured_media":5971,"template":"","meta":{"_acf_changed":false},"product-application":[],"product-capacity":[],"product_brand":[],"product_cat":[58],"product_tag":[],"class_list":{"0":"post-5979","1":"product","2":"type-product","3":"status-publish","4":"has-post-thumbnail","6":"product_cat-wholesale-chafing-dishes","8":"first","9":"instock","10":"shipping-taxable","11":"product-type-simple"},"acf":[],"_links":{"self":[{"href":"https:\/\/www.linktonkitchen.com\/fr\/wp-json\/wp\/v2\/product\/5979","targetHints":{"allow":["GET"]}}],"collection":[{"href":"https:\/\/www.linktonkitchen.com\/fr\/wp-json\/wp\/v2\/product"}],"about":[{"href":"https:\/\/www.linktonkitchen.com\/fr\/wp-json\/wp\/v2\/types\/product"}],"version-history":[{"count":0,"href":"https:\/\/www.linktonkitchen.com\/fr\/wp-json\/wp\/v2\/product\/5979\/revisions"}],"wp:featuredmedia":[{"embeddable":true,"href":"https:\/\/www.linktonkitchen.com\/fr\/wp-json\/wp\/v2\/media\/5971"}],"wp:attachment":[{"href":"https:\/\/www.linktonkitchen.com\/fr\/wp-json\/wp\/v2\/media?parent=5979"}],"wp:term":[{"taxonomy":"product-application","embeddable":true,"href":"https:\/\/www.linktonkitchen.com\/fr\/wp-json\/wp\/v2\/product-application?post=5979"},{"taxonomy":"product-capacity","embeddable":true,"href":"https:\/\/www.linktonkitchen.com\/fr\/wp-json\/wp\/v2\/product-capacity?post=5979"},{"taxonomy":"product_brand","embeddable":true,"href":"https:\/\/www.linktonkitchen.com\/fr\/wp-json\/wp\/v2\/product_brand?post=5979"},{"taxonomy":"product_cat","embeddable":true,"href":"https:\/\/www.linktonkitchen.com\/fr\/wp-json\/wp\/v2\/product_cat?post=5979"},{"taxonomy":"product_tag","embeddable":true,"href":"https:\/\/www.linktonkitchen.com\/fr\/wp-json\/wp\/v2\/product_tag?post=5979"}],"curies":[{"name":"wp","href":"https:\/\/api.w.org\/{rel}","templated":true}]}}