{"id":5983,"date":"2025-07-08T03:49:17","date_gmt":"2025-07-08T03:49:17","guid":{"rendered":"https:\/\/www.linktonkitchen.com\/?post_type=product&#038;p=5983"},"modified":"2025-07-17T09:33:36","modified_gmt":"2025-07-17T09:33:36","slug":"wholesale-round-chafing-dish","status":"publish","type":"product","link":"https:\/\/www.linktonkitchen.com\/fr\/product\/wholesale-round-chafing-dish\/","title":{"rendered":"Wholesale Round Chafing Dish, Stainless Steel Catering E Equipment Custom"},"content":{"rendered":"<div class=\"wp-block-columns is-layout-flex wp-container-core-columns-is-layout-9d6595d7 wp-block-columns-is-layout-flex\">\n<div class=\"wp-block-column is-vertically-aligned-center is-layout-flow wp-block-column-is-layout-flow\">\n<h2 class=\"wp-block-heading\">Plat \u00e0 r\u00f4tir rond Caract\u00e9ristiques :<\/h2>\n\n\n\n<p><strong>Large \u00e9ventail d'applications :<\/strong> aspect rond, arc plus beau, adapt\u00e9 \u00e0 la nourriture chinoise et occidentale et \u00e0 d'autres styles de table, am\u00e9liorant la coordination visuelle globale de la table.<\/p>\n\n\n\n<p><strong>Chauffage homog\u00e8ne<\/strong>Le pot int\u00e9rieur rond permet de r\u00e9partir uniform\u00e9ment la chaleur et de conserver le go\u00fbt et la temp\u00e9rature des plats.<\/p>\n\n\n\n<p><strong>Conception de s\u00e9paration \u00e0 double plateau int\u00e9rieur<\/strong>Le syst\u00e8me de conservation de la chaleur permet de conserver simultan\u00e9ment la chaleur de deux plats, de r\u00e9pondre aux divers besoins des repas et d'am\u00e9liorer l'efficacit\u00e9 de l'utilisation.<\/p>\n\n\n\n<p><strong>Moulage monobloc en acier inoxydable de qualit\u00e9 alimentaire<\/strong>La structure de connexion sans soudure est plus facile \u00e0 nettoyer, l'utilisation \u00e0 long terme n'est pas facile \u00e0 d\u00e9former ou \u00e0 rouiller.<\/p>\n\n\n\n<p><strong>Logo de marque personnalisable<\/strong>Le logo de l'entreprise peut \u00eatre personnalis\u00e9 ainsi que d'autres \u00e9l\u00e9ments tels que la couleur, la finition, la structure fonctionnelle, etc. afin d'am\u00e9liorer la reconnaissance de la marque.<\/p>\n<\/div>\n\n\n\n<div class=\"wp-block-column is-vertically-aligned-center is-layout-flow wp-block-column-is-layout-flow\"><div class=\"wp-block-image\">\n<figure class=\"aligncenter size-full is-resized\"><img fetchpriority=\"high\" decoding=\"async\" width=\"320\" height=\"240\" src=\"https:\/\/www.linktonkitchen.com\/wp-content\/uploads\/2025\/07\/wholesale-round-chafing-dish.webp\" alt=\"Gros plat rond pour chafing dish\" class=\"wp-image-5973\" style=\"width:404px;height:auto\" srcset=\"https:\/\/www.linktonkitchen.com\/wp-content\/uploads\/2025\/07\/wholesale-round-chafing-dish.webp 320w, https:\/\/www.linktonkitchen.com\/wp-content\/uploads\/2025\/07\/wholesale-round-chafing-dish-300x225.webp 300w, https:\/\/www.linktonkitchen.com\/wp-content\/uploads\/2025\/07\/wholesale-round-chafing-dish-16x12.webp 16w, https:\/\/www.linktonkitchen.com\/wp-content\/uploads\/2025\/07\/wholesale-round-chafing-dish-285x214.webp 285w, https:\/\/www.linktonkitchen.com\/wp-content\/uploads\/2025\/07\/wholesale-round-chafing-dish-150x113.webp 150w\" sizes=\"(max-width: 320px) 100vw, 320px\" \/><\/figure>\n<\/div><\/div>\n<\/div>\n\n\n\n<div class=\"wp-block-columns is-layout-flex wp-container-core-columns-is-layout-9d6595d7 wp-block-columns-is-layout-flex\">\n<div class=\"wp-block-column is-vertically-aligned-center is-layout-flow wp-block-column-is-layout-flow\">\n<h2 class=\"wp-block-heading\">Plat \u00e0 r\u00f4tir rond personnalis\u00e9<\/h2>\n\n\n\n<p>Nos services ODM et OEM comprennent la conception de logos personnalis\u00e9s pour les produits et les emballages. Nous proposons diverses options d'emballage, telles que des sacs ou des cartons, ou nous adaptons l'emballage \u00e0 vos besoins sp\u00e9cifiques. Les couleurs sont personnalisables, avec des choix tels que l'argent, l'or ou le semi-or.<\/p>\n<\/div>\n<\/div>","protected":false},"excerpt":{"rendered":"<p>Plat \u00e0 chafing rond avec couvercle en verre hydraulique, en acier inoxydable poli, adapt\u00e9 aux buffets compacts. Approvisionnement direct de l'usine, livraison stable, prix de gros, possibilit\u00e9 de personnalisation, n'h\u00e9sitez pas \u00e0 nous contacter pour plus de d\u00e9tails sur les produits.<\/p>\n<h2>Sp\u00e9cifications du plat \u00e0 gratin rond :<\/h2>\n<table width=\"402\">\n<tbody>\n<tr>\n<td width=\"145\">Fabricant<\/td>\n<td width=\"257\">Linkton<\/td>\n<\/tr>\n<tr>\n<td>Mat\u00e9riau<\/td>\n<td>Acier inoxydable<\/td>\n<\/tr>\n<tr>\n<td>Configuration<\/td>\n<td width=\"257\">Bac \u00e0 aliments\/ bac \u00e0 eau<\/td>\n<\/tr>\n<tr>\n<td>Chauffage<\/td>\n<td>\n<p>Chauffage \u00e9lectrique<\/p>\n<\/td>\n<\/tr>\n<tr>\n<td>Couvercle<\/td>\n<td width=\"257\">Couvercle hydraulique en verre<\/td>\n<\/tr>\n<tr>\n<td>OEM\/ODM<\/td>\n<td>Acceptable<\/td>\n<\/tr>\n<tr>\n<td>\u00c9chantillon<\/td>\n<td>MOQ 1 pi\u00e8ce<\/td>\n<\/tr>\n<\/tbody>\n<\/table>","protected":false},"featured_media":5973,"template":"","meta":{"_acf_changed":false},"product-application":[],"product-capacity":[],"product_brand":[],"product_cat":[58],"product_tag":[],"class_list":{"0":"post-5983","1":"product","2":"type-product","3":"status-publish","4":"has-post-thumbnail","6":"product_cat-wholesale-chafing-dishes","8":"first","9":"instock","10":"shipping-taxable","11":"product-type-simple"},"acf":[],"_links":{"self":[{"href":"https:\/\/www.linktonkitchen.com\/fr\/wp-json\/wp\/v2\/product\/5983","targetHints":{"allow":["GET"]}}],"collection":[{"href":"https:\/\/www.linktonkitchen.com\/fr\/wp-json\/wp\/v2\/product"}],"about":[{"href":"https:\/\/www.linktonkitchen.com\/fr\/wp-json\/wp\/v2\/types\/product"}],"version-history":[{"count":0,"href":"https:\/\/www.linktonkitchen.com\/fr\/wp-json\/wp\/v2\/product\/5983\/revisions"}],"wp:featuredmedia":[{"embeddable":true,"href":"https:\/\/www.linktonkitchen.com\/fr\/wp-json\/wp\/v2\/media\/5973"}],"wp:attachment":[{"href":"https:\/\/www.linktonkitchen.com\/fr\/wp-json\/wp\/v2\/media?parent=5983"}],"wp:term":[{"taxonomy":"product-application","embeddable":true,"href":"https:\/\/www.linktonkitchen.com\/fr\/wp-json\/wp\/v2\/product-application?post=5983"},{"taxonomy":"product-capacity","embeddable":true,"href":"https:\/\/www.linktonkitchen.com\/fr\/wp-json\/wp\/v2\/product-capacity?post=5983"},{"taxonomy":"product_brand","embeddable":true,"href":"https:\/\/www.linktonkitchen.com\/fr\/wp-json\/wp\/v2\/product_brand?post=5983"},{"taxonomy":"product_cat","embeddable":true,"href":"https:\/\/www.linktonkitchen.com\/fr\/wp-json\/wp\/v2\/product_cat?post=5983"},{"taxonomy":"product_tag","embeddable":true,"href":"https:\/\/www.linktonkitchen.com\/fr\/wp-json\/wp\/v2\/product_tag?post=5983"}],"curies":[{"name":"wp","href":"https:\/\/api.w.org\/{rel}","templated":true}]}}