{"id":6007,"date":"2025-07-16T08:02:52","date_gmt":"2025-07-16T08:02:52","guid":{"rendered":"https:\/\/www.linktonkitchen.com\/?post_type=product&#038;p=6007"},"modified":"2025-07-17T09:21:52","modified_gmt":"2025-07-17T09:21:52","slug":"custom-electric-chafing-dish","status":"publish","type":"product","link":"https:\/\/www.linktonkitchen.com\/fr\/product\/custom-electric-chafing-dish\/","title":{"rendered":"R\u00e9chaud \u00e9lectrique pour chafing dish, Buffet Warmer avec couvercle hydraulique Bulk"},"content":{"rendered":"<div class=\"wp-block-columns is-layout-flex wp-container-core-columns-is-layout-9d6595d7 wp-block-columns-is-layout-flex\">\n<div class=\"wp-block-column is-vertically-aligned-center is-layout-flow wp-block-column-is-layout-flow\">\n<h3 class=\"wp-block-heading\">Caract\u00e9ristiques du plat \u00e0 gratin \u00e9lectrique personnalis\u00e9 :<\/h3>\n\n\n\n<p><strong>Aspect moderne<\/strong>: L'aspect de l'acier inoxydable haut de gamme est \u00e9l\u00e9gant et moderne, ce qui am\u00e9liore l'effet visuel de la table \u00e0 manger et convient parfaitement aux banquets haut de gamme, aux h\u00f4tels ou aux banquets.<\/p>\n\n\n\n<p>Conception exquise des pieds : Les quatre supports sont sculpt\u00e9s de fa\u00e7on exquise, et la finition de la surface polie et brillante forme une table \u00e0 manger moderne et exquise.<\/p>\n\n\n\n<p><strong>Couvercle en verre<\/strong>: Le couvercle en verre transparent permet non seulement d'observer clairement l'\u00e9tat de chauffage des aliments, mais aussi de maintenir efficacement la temp\u00e9rature et la fra\u00eecheur des aliments et d'\u00e9viter les pertes de chaleur.<\/p>\n\n\n\n<p><strong>Facile \u00e0 nettoyer<\/strong>: Fabriqu\u00e9 en acier inoxydable de haute qualit\u00e9, il est durable et r\u00e9sistant \u00e0 la corrosion, et le traitement de surface fin le rend facile \u00e0 nettoyer et \u00e0 entretenir, adapt\u00e9 \u00e0 une utilisation quotidienne \u00e0 haute fr\u00e9quence.<\/p>\n\n\n\n<p><strong>Personnalisation du support<\/strong>: Diverses options de personnalisation peuvent \u00eatre fournies selon les besoins du client, y compris le logo, la couleur, la finition, etc. pour r\u00e9pondre aux besoins de la marque.<\/p>\n<\/div>\n\n\n\n<div class=\"wp-block-column is-vertically-aligned-center is-layout-flow wp-block-column-is-layout-flow\"><div class=\"wp-block-image\">\n<figure class=\"aligncenter size-full is-resized\"><img fetchpriority=\"high\" decoding=\"async\" width=\"800\" height=\"800\" src=\"https:\/\/www.linktonkitchen.com\/wp-content\/uploads\/2025\/07\/custom-electric-chafing-dish.webp\" alt=\"chafing dish \u00e9lectrique personnalis\u00e9\" class=\"wp-image-6009\" style=\"width:404px;height:auto\" srcset=\"https:\/\/www.linktonkitchen.com\/wp-content\/uploads\/2025\/07\/custom-electric-chafing-dish.webp 800w, https:\/\/www.linktonkitchen.com\/wp-content\/uploads\/2025\/07\/custom-electric-chafing-dish-300x300.webp 300w, https:\/\/www.linktonkitchen.com\/wp-content\/uploads\/2025\/07\/custom-electric-chafing-dish-150x150.webp 150w, https:\/\/www.linktonkitchen.com\/wp-content\/uploads\/2025\/07\/custom-electric-chafing-dish-768x768.webp 768w, https:\/\/www.linktonkitchen.com\/wp-content\/uploads\/2025\/07\/custom-electric-chafing-dish-12x12.webp 12w, https:\/\/www.linktonkitchen.com\/wp-content\/uploads\/2025\/07\/custom-electric-chafing-dish-285x285.webp 285w, https:\/\/www.linktonkitchen.com\/wp-content\/uploads\/2025\/07\/custom-electric-chafing-dish-270x270.webp 270w, https:\/\/www.linktonkitchen.com\/wp-content\/uploads\/2025\/07\/custom-electric-chafing-dish-540x540.webp 540w, https:\/\/www.linktonkitchen.com\/wp-content\/uploads\/2025\/07\/custom-electric-chafing-dish-660x660.webp 660w\" sizes=\"(max-width: 800px) 100vw, 800px\" \/><\/figure>\n<\/div><\/div>\n<\/div>\n\n\n\n<div class=\"wp-block-columns is-layout-flex wp-container-core-columns-is-layout-9d6595d7 wp-block-columns-is-layout-flex\">\n<div class=\"wp-block-column is-vertically-aligned-center is-layout-flow wp-block-column-is-layout-flow\">\n<h3 class=\"wp-block-heading\">Sur mesure <strong><strong>Po\u00ealon \u00e9lectrique<\/strong><\/strong><\/h3>\n\n\n\n<p>Nous sommes sp\u00e9cialis\u00e9s dans les services ODM et OEM, et proposons la personnalisation de logos pour les produits et les emballages. Vous pouvez choisir parmi une vari\u00e9t\u00e9 d'options d'emballage, y compris des sacs, des cartons ou des emballages con\u00e7us sur mesure selon vos besoins. Nous proposons \u00e9galement la personnalisation des couleurs, avec des options telles que le placage en argent, en or ou en demi-or.<\/p>\n<\/div>\n<\/div>","protected":false},"excerpt":{"rendered":"<p>Le chafing dish \u00e9lectrique personnalis\u00e9, avec son acier inoxydable lisse et brillant et ses pieds exquis, peut \u00eatre chauff\u00e9 \u00e0 l'\u00e9lectricit\u00e9 ou \u00e0 l'alcool, ce qui en fait un ensemble de buffet moderne tr\u00e8s appr\u00e9ci\u00e9. La meilleure remise est pour une commande en gros. N'h\u00e9sitez pas \u00e0 nous contacter pour un devis !<\/p>\n<h2>Sp\u00e9cifications du r\u00e9chaud \u00e9lectrique :<\/h2>\n<table width=\"402\">\n<tbody>\n<tr>\n<td width=\"145\">Fabricant<\/td>\n<td width=\"257\">Linkton<\/td>\n<\/tr>\n<tr>\n<td>Mat\u00e9riau<\/td>\n<td>Acier inoxydable<\/td>\n<\/tr>\n<tr>\n<td>Configuration<\/td>\n<td width=\"257\">Bac \u00e0 aliments\/ bac \u00e0 eau<\/td>\n<\/tr>\n<tr>\n<td>Chauffage<\/td>\n<td>\n<p>Chauffage \u00e9lectrique<\/p>\n<\/td>\n<\/tr>\n<tr>\n<td>Couvercle<\/td>\n<td width=\"257\">Couvercle hydraulique en verre<\/td>\n<\/tr>\n<tr>\n<td>OEM\/ODM<\/td>\n<td>Acceptable<\/td>\n<\/tr>\n<tr>\n<td>\u00c9chantillon<\/td>\n<td>MOQ 1 pi\u00e8ce<\/td>\n<\/tr>\n<\/tbody>\n<\/table>","protected":false},"featured_media":6009,"template":"","meta":{"_acf_changed":false},"product-application":[],"product-capacity":[],"product_brand":[],"product_cat":[58],"product_tag":[],"class_list":{"0":"post-6007","1":"product","2":"type-product","3":"status-publish","4":"has-post-thumbnail","6":"product_cat-wholesale-chafing-dishes","8":"first","9":"instock","10":"shipping-taxable","11":"product-type-simple"},"acf":[],"_links":{"self":[{"href":"https:\/\/www.linktonkitchen.com\/fr\/wp-json\/wp\/v2\/product\/6007","targetHints":{"allow":["GET"]}}],"collection":[{"href":"https:\/\/www.linktonkitchen.com\/fr\/wp-json\/wp\/v2\/product"}],"about":[{"href":"https:\/\/www.linktonkitchen.com\/fr\/wp-json\/wp\/v2\/types\/product"}],"version-history":[{"count":0,"href":"https:\/\/www.linktonkitchen.com\/fr\/wp-json\/wp\/v2\/product\/6007\/revisions"}],"wp:featuredmedia":[{"embeddable":true,"href":"https:\/\/www.linktonkitchen.com\/fr\/wp-json\/wp\/v2\/media\/6009"}],"wp:attachment":[{"href":"https:\/\/www.linktonkitchen.com\/fr\/wp-json\/wp\/v2\/media?parent=6007"}],"wp:term":[{"taxonomy":"product-application","embeddable":true,"href":"https:\/\/www.linktonkitchen.com\/fr\/wp-json\/wp\/v2\/product-application?post=6007"},{"taxonomy":"product-capacity","embeddable":true,"href":"https:\/\/www.linktonkitchen.com\/fr\/wp-json\/wp\/v2\/product-capacity?post=6007"},{"taxonomy":"product_brand","embeddable":true,"href":"https:\/\/www.linktonkitchen.com\/fr\/wp-json\/wp\/v2\/product_brand?post=6007"},{"taxonomy":"product_cat","embeddable":true,"href":"https:\/\/www.linktonkitchen.com\/fr\/wp-json\/wp\/v2\/product_cat?post=6007"},{"taxonomy":"product_tag","embeddable":true,"href":"https:\/\/www.linktonkitchen.com\/fr\/wp-json\/wp\/v2\/product_tag?post=6007"}],"curies":[{"name":"wp","href":"https:\/\/api.w.org\/{rel}","templated":true}]}}