{"id":6013,"date":"2025-07-16T08:30:47","date_gmt":"2025-07-16T08:30:47","guid":{"rendered":"https:\/\/www.linktonkitchen.com\/?post_type=product&#038;p=6013"},"modified":"2025-07-17T08:42:59","modified_gmt":"2025-07-17T08:42:59","slug":"custom-chafing-dish-buffet-set","status":"publish","type":"product","link":"https:\/\/www.linktonkitchen.com\/fr\/product\/custom-chafing-dish-buffet-set\/","title":{"rendered":"Chafing Dish Buffet Set, R\u00e9chauffeur d'aliments \u00e9lectrique en acier inoxydable avec couvercle en verre en vrac"},"content":{"rendered":"<div class=\"wp-block-columns is-layout-flex wp-container-core-columns-is-layout-9d6595d7 wp-block-columns-is-layout-flex\">\n<div class=\"wp-block-column is-vertically-aligned-center is-layout-flow wp-block-column-is-layout-flow\">\n<h3 class=\"wp-block-heading\">Ensemble Buffet Chafing Dish Caract\u00e9ristiques :<\/h3>\n\n\n\n<p><strong>Mat\u00e9riau en acier inoxydable de haute qualit\u00e9<\/strong>Les caract\u00e9ristiques du produit sont les suivantes : anticorrosion, r\u00e9sistance aux temp\u00e9ratures \u00e9lev\u00e9es, durabilit\u00e9 \u00e0 long terme, garantissant que le plat \u00e0 chafing peut continuer \u00e0 fonctionner de mani\u00e8re stable dans les buffets, les h\u00f4tels et d'autres environnements de restauration.<\/p>\n\n\n\n<p><strong>Couvercle en verre<\/strong>: Le couvercle transparent permet de voir les aliments et l'\u00e9tat de chauffe peut \u00eatre observ\u00e9 sans ouvrir le couvercle, ce qui r\u00e9duit les pertes de chaleur et maintient efficacement la temp\u00e9rature des aliments.<\/p>\n\n\n\n<p><strong>Syst\u00e8me de couvercle hydraulique<\/strong>: Ouverture et fermeture en douceur du couvercle pour \u00e9viter les br\u00fblures, am\u00e9liorer la s\u00e9curit\u00e9 et la commodit\u00e9, durable et fiable.<\/p>\n\n\n\n<p><strong>Conception du s\u00e9parateur<\/strong>: Le s\u00e9parateur int\u00e9gr\u00e9 peut chauffer diff\u00e9rents aliments en m\u00eame temps afin d'\u00e9viter le m\u00e9lange des aliments et de pr\u00e9server les saveurs ind\u00e9pendantes des diff\u00e9rents plats.<\/p>\n\n\n\n<p><strong>Fourniture directe \u00e0 l'usine<\/strong>:  Linkton factory supply, vous pouvez b\u00e9n\u00e9ficier de prix comp\u00e9titifs et de garanties de haute qualit\u00e9, assurer une livraison rapide et un service efficace, et r\u00e9pondre parfaitement \u00e0 vos besoins en mati\u00e8re d'\u00e9quipement de buffet.<\/p>\n\n\n\n<p><\/p>\n<\/div>\n\n\n\n<div class=\"wp-block-column is-vertically-aligned-center is-layout-flow wp-block-column-is-layout-flow\"><div class=\"wp-block-image\">\n<figure class=\"aligncenter size-full is-resized\"><img fetchpriority=\"high\" decoding=\"async\" width=\"800\" height=\"800\" src=\"https:\/\/www.linktonkitchen.com\/wp-content\/uploads\/2025\/07\/custom-chafing-dish-buffet-set.webp\" alt=\"set de buffet pour chafing dish personnalis\u00e9\" class=\"wp-image-6008\" style=\"width:404px;height:auto\" srcset=\"https:\/\/www.linktonkitchen.com\/wp-content\/uploads\/2025\/07\/custom-chafing-dish-buffet-set.webp 800w, https:\/\/www.linktonkitchen.com\/wp-content\/uploads\/2025\/07\/custom-chafing-dish-buffet-set-300x300.webp 300w, https:\/\/www.linktonkitchen.com\/wp-content\/uploads\/2025\/07\/custom-chafing-dish-buffet-set-150x150.webp 150w, https:\/\/www.linktonkitchen.com\/wp-content\/uploads\/2025\/07\/custom-chafing-dish-buffet-set-768x768.webp 768w, https:\/\/www.linktonkitchen.com\/wp-content\/uploads\/2025\/07\/custom-chafing-dish-buffet-set-12x12.webp 12w, https:\/\/www.linktonkitchen.com\/wp-content\/uploads\/2025\/07\/custom-chafing-dish-buffet-set-285x285.webp 285w, https:\/\/www.linktonkitchen.com\/wp-content\/uploads\/2025\/07\/custom-chafing-dish-buffet-set-270x270.webp 270w, https:\/\/www.linktonkitchen.com\/wp-content\/uploads\/2025\/07\/custom-chafing-dish-buffet-set-540x540.webp 540w, https:\/\/www.linktonkitchen.com\/wp-content\/uploads\/2025\/07\/custom-chafing-dish-buffet-set-660x660.webp 660w\" sizes=\"(max-width: 800px) 100vw, 800px\" \/><\/figure>\n<\/div><\/div>\n<\/div>\n\n\n\n<div class=\"wp-block-columns is-layout-flex wp-container-core-columns-is-layout-9d6595d7 wp-block-columns-is-layout-flex\">\n<div class=\"wp-block-column is-vertically-aligned-center is-layout-flow wp-block-column-is-layout-flow\">\n<h3 class=\"wp-block-heading\">Sur mesure <strong><strong>Set de buffets pour chafing dish<\/strong><\/strong><\/h3>\n\n\n\n<p>Nous proposons des services ODM et OEM, ce qui permet de personnaliser les logos et l'emballage des produits. Nous proposons diff\u00e9rentes options d'emballage, notamment des sacs, des cartons ou des emballages personnalis\u00e9s en fonction de vos pr\u00e9f\u00e9rences. En outre, nous proposons des options de couleur flexibles, notamment le placage argent\u00e9, dor\u00e9 ou semi-or.<\/p>\n<\/div>\n<\/div>","protected":false},"excerpt":{"rendered":"<p>Ensemble buffet chafing dish personnalis\u00e9, design rond, chauffage \u00e9lectrique, avec couvercle en verre, contr\u00f4le pr\u00e9cis de la temp\u00e9rature pour un chauffage uniforme, parfait pour les banquets, les h\u00f4tels, les restaurants et autres lieux haut de gamme. Contactez-nous pour obtenir un devis.\u00a0<\/p>\n<h2>Sp\u00e9cifications de l'ensemble de buffets pour chafing dish :<\/h2>\n<table width=\"402\">\n<tbody>\n<tr>\n<td width=\"145\">Fabricant<\/td>\n<td width=\"257\">Linkton<\/td>\n<\/tr>\n<tr>\n<td>Mat\u00e9riau<\/td>\n<td>Acier inoxydable<\/td>\n<\/tr>\n<tr>\n<td>Configuration<\/td>\n<td width=\"257\">Bac \u00e0 aliments\/ bac \u00e0 eau<\/td>\n<\/tr>\n<tr>\n<td>Chauffage<\/td>\n<td>\n<p>Chauffage \u00e9lectrique<\/p>\n<\/td>\n<\/tr>\n<tr>\n<td>Couvercle<\/td>\n<td width=\"257\">Couvercle hydraulique en verre<\/td>\n<\/tr>\n<tr>\n<td>OEM\/ODM<\/td>\n<td>Acceptable<\/td>\n<\/tr>\n<tr>\n<td>\u00c9chantillon<\/td>\n<td>MOQ 1 pi\u00e8ce<\/td>\n<\/tr>\n<\/tbody>\n<\/table>","protected":false},"featured_media":6008,"template":"","meta":{"_acf_changed":false},"product-application":[],"product-capacity":[],"product_brand":[],"product_cat":[58],"product_tag":[],"class_list":{"0":"post-6013","1":"product","2":"type-product","3":"status-publish","4":"has-post-thumbnail","6":"product_cat-wholesale-chafing-dishes","8":"first","9":"instock","10":"shipping-taxable","11":"product-type-simple"},"acf":[],"_links":{"self":[{"href":"https:\/\/www.linktonkitchen.com\/fr\/wp-json\/wp\/v2\/product\/6013","targetHints":{"allow":["GET"]}}],"collection":[{"href":"https:\/\/www.linktonkitchen.com\/fr\/wp-json\/wp\/v2\/product"}],"about":[{"href":"https:\/\/www.linktonkitchen.com\/fr\/wp-json\/wp\/v2\/types\/product"}],"version-history":[{"count":0,"href":"https:\/\/www.linktonkitchen.com\/fr\/wp-json\/wp\/v2\/product\/6013\/revisions"}],"wp:featuredmedia":[{"embeddable":true,"href":"https:\/\/www.linktonkitchen.com\/fr\/wp-json\/wp\/v2\/media\/6008"}],"wp:attachment":[{"href":"https:\/\/www.linktonkitchen.com\/fr\/wp-json\/wp\/v2\/media?parent=6013"}],"wp:term":[{"taxonomy":"product-application","embeddable":true,"href":"https:\/\/www.linktonkitchen.com\/fr\/wp-json\/wp\/v2\/product-application?post=6013"},{"taxonomy":"product-capacity","embeddable":true,"href":"https:\/\/www.linktonkitchen.com\/fr\/wp-json\/wp\/v2\/product-capacity?post=6013"},{"taxonomy":"product_brand","embeddable":true,"href":"https:\/\/www.linktonkitchen.com\/fr\/wp-json\/wp\/v2\/product_brand?post=6013"},{"taxonomy":"product_cat","embeddable":true,"href":"https:\/\/www.linktonkitchen.com\/fr\/wp-json\/wp\/v2\/product_cat?post=6013"},{"taxonomy":"product_tag","embeddable":true,"href":"https:\/\/www.linktonkitchen.com\/fr\/wp-json\/wp\/v2\/product_tag?post=6013"}],"curies":[{"name":"wp","href":"https:\/\/api.w.org\/{rel}","templated":true}]}}