{"id":6049,"date":"2025-07-22T09:52:01","date_gmt":"2025-07-22T09:52:01","guid":{"rendered":"https:\/\/www.linktonkitchen.com\/?post_type=product&#038;p=6049"},"modified":"2026-02-05T03:12:19","modified_gmt":"2026-02-05T03:12:19","slug":"wholesale-stainless-pressure-cooker","status":"publish","type":"product","link":"https:\/\/www.linktonkitchen.com\/fr\/product\/wholesale-stainless-pressure-cooker\/","title":{"rendered":"Autocuiseur en inox 2-6QT, pour induction et table de cuisson."},"content":{"rendered":"<div class=\"wp-block-columns is-layout-flex wp-container-core-columns-is-layout-9d6595d7 wp-block-columns-is-layout-flex\">\n<div class=\"wp-block-column is-layout-flow wp-block-column-is-layout-flow\" style=\"flex-basis:30%\">\n<figure class=\"wp-block-embed is-type-video is-provider-youtube wp-block-embed-youtube wp-embed-aspect-9-16 wp-has-aspect-ratio\"><div class=\"wp-block-embed__wrapper\">\n<iframe title=\"Une nouvelle vid\u00e9o de pr\u00e9sentation de produit. #kitchenware #pressurecooker\" width=\"563\" height=\"1000\" src=\"https:\/\/www.youtube.com\/embed\/pLJeXyByhCU?feature=oembed\" frameborder=\"0\" allow=\"accelerometer; autoplay; clipboard-write; encrypted-media; gyroscope; picture-in-picture; web-share\" referrerpolicy=\"strict-origin-when-cross-origin\" allowfullscreen><\/iframe>\n<\/div><\/figure>\n<\/div>\n\n\n\n<div class=\"wp-block-column is-vertically-aligned-center is-layout-flow wp-block-column-is-layout-flow\">\n<h2 class=\"wp-block-heading\">Autocuiseur en acier inoxydable Param\u00e8tres :<\/h2>\n\n\n\n<figure class=\"wp-block-table\"><table><tbody><tr><td><strong>Num\u00e9ro de mod\u00e8le<\/strong><\/td><td><strong>Diam\u00e8tre de l'embouchure<\/strong><\/td><td><strong>Capacit\u00e9<\/strong><\/td><td><strong>Poids<\/strong><\/td><\/tr><tr><td rowspan=\"9\">LT-UPC<\/td><td>16cm<\/td><td>2L(2.14QT)<\/td><td>1,79 kg<\/td><\/tr><tr><td>18cm<\/td><td>3L(3.2 QT)<\/td><td>1,87 kg<\/td><\/tr><tr><td>20cm<\/td><td>4L(4.2 QT)<\/td><td>2,17 kg<\/td><\/tr><tr><td>22cm<\/td><td>5L(5.3 QT)<\/td><td>2,53 kg<\/td><\/tr><tr><td>24cm<\/td><td>6L(6.3 QT)<\/td><td>2,91 kg<\/td><\/tr><\/tbody><\/table><\/figure>\n<\/div>\n<\/div>\n\n\n\n<div class=\"wp-block-columns is-layout-flex wp-container-core-columns-is-layout-9d6595d7 wp-block-columns-is-layout-flex\">\n<div class=\"wp-block-column is-vertically-aligned-top is-layout-flow wp-block-column-is-layout-flow\">\n<h2 class=\"wp-block-heading\">Autocuiseur en acier inoxydable Caract\u00e9ristiques :<\/h2>\n\n\n\n<p><strong>Plusieurs capacit\u00e9s disponibles (2-6QT) :<\/strong> 2QT convient \u00e0 1 ou 2 personnes, 4-6QT convient \u00e0 2 ou 5 personnes, r\u00e9pondant ainsi aux besoins d'une personne seule ou d'une petite famille.<\/p>\n\n\n\n<p><strong>Fond composite \u00e0 trois couches en acier inoxydable :<\/strong> conduction rapide et uniforme de la chaleur pour \u00e9viter toute surchauffe locale. L'acier inoxydable est durable, r\u00e9sistant \u00e0 la corrosion et ind\u00e9formable.<\/p>\n\n\n\n<p><strong>Applicable \u00e0 une vari\u00e9t\u00e9 de sources de chaleur : <\/strong>convient aux cuisini\u00e8res \u00e0 induction, aux r\u00e9chauds \u00e0 flamme nue, etc., une seule casserole pour de multiples usages, adapt\u00e9e \u00e0 diff\u00e9rents environnements de cuisine<\/p>\n\n\n\n<p><strong>Cuisson rapide et \u00e9conomie d'\u00e9nergie : <\/strong>Cuisson \u00e0 haute pression 80kPA, conserve les nutriments, augmente la vitesse de cuisson dans la cuisine, \u00e9conomise du temps et de l'\u00e9nergie.<\/p>\n\n\n\n<p><strong>Conception de la s\u00e9curit\u00e9 :<\/strong> \u00e9quip\u00e9s de multiples syst\u00e8mes de s\u00e9curit\u00e9 tels que des poign\u00e9es anti-br\u00fblures, des soupapes de pression, des serrures de s\u00e9curit\u00e9, des dispositifs antid\u00e9flagrants, etc.<\/p>\n\n\n\n<p><strong>L\u00e9ger et portable : <\/strong>les autocuiseurs de petite capacit\u00e9 conviennent particuli\u00e8rement aux campeurs, aux utilisateurs de v\u00e9hicules de loisirs et aux cuisines portables<\/p>\n\n\n\n<p><strong>Fourniture directe par les usines chinoises : <\/strong>Fournir un service unique d'approvisionnement et de personnalisation pour les d\u00e9taillants, les fabricants d'articles de cuisine, les distributeurs et les vendeurs du commerce \u00e9lectronique (Amazon, Shopee, etc.). R\u00e9duire les co\u00fbts d'approvisionnement et r\u00e9pondre aux besoins de personnalisation des marques.<\/p>\n<\/div>\n\n\n\n<div class=\"wp-block-column is-vertically-aligned-top is-layout-flow wp-block-column-is-layout-flow\"><div class=\"wp-block-image\">\n<figure class=\"aligncenter size-full\"><img fetchpriority=\"high\" decoding=\"async\" width=\"800\" height=\"800\" src=\"https:\/\/www.linktonkitchen.com\/wp-content\/uploads\/2025\/07\/wholesale-stainless-pressure-cooker-5.webp\" alt=\"autocuiseur inoxydable en gros (5)\" class=\"wp-image-6054\" style=\"object-fit:cover\" srcset=\"https:\/\/www.linktonkitchen.com\/wp-content\/uploads\/2025\/07\/wholesale-stainless-pressure-cooker-5.webp 800w, https:\/\/www.linktonkitchen.com\/wp-content\/uploads\/2025\/07\/wholesale-stainless-pressure-cooker-5-300x300.webp 300w, https:\/\/www.linktonkitchen.com\/wp-content\/uploads\/2025\/07\/wholesale-stainless-pressure-cooker-5-150x150.webp 150w, https:\/\/www.linktonkitchen.com\/wp-content\/uploads\/2025\/07\/wholesale-stainless-pressure-cooker-5-768x768.webp 768w, https:\/\/www.linktonkitchen.com\/wp-content\/uploads\/2025\/07\/wholesale-stainless-pressure-cooker-5-12x12.webp 12w, https:\/\/www.linktonkitchen.com\/wp-content\/uploads\/2025\/07\/wholesale-stainless-pressure-cooker-5-285x285.webp 285w, https:\/\/www.linktonkitchen.com\/wp-content\/uploads\/2025\/07\/wholesale-stainless-pressure-cooker-5-270x270.webp 270w, https:\/\/www.linktonkitchen.com\/wp-content\/uploads\/2025\/07\/wholesale-stainless-pressure-cooker-5-540x540.webp 540w, https:\/\/www.linktonkitchen.com\/wp-content\/uploads\/2025\/07\/wholesale-stainless-pressure-cooker-5-660x660.webp 660w\" sizes=\"(max-width: 800px) 100vw, 800px\" \/><\/figure>\n<\/div><\/div>\n<\/div>\n\n\n\n<div class=\"wp-block-columns is-layout-flex wp-container-core-columns-is-layout-9d6595d7 wp-block-columns-is-layout-flex\">\n<div class=\"wp-block-column is-layout-flow wp-block-column-is-layout-flow\">\n<figure class=\"wp-block-image size-full\"><img decoding=\"async\" width=\"800\" height=\"800\" src=\"https:\/\/www.linktonkitchen.com\/wp-content\/uploads\/2024\/04\/Wholesale-Stainless-Steel-Pressure-Cooker-Mirror-2-16QT-for-Home-Commercial-7.webp\" alt=\"Grossiste autocuiseur en acier inoxydable miroir 2-16QT pour la maison et le commerce\" class=\"wp-image-7357\" srcset=\"https:\/\/www.linktonkitchen.com\/wp-content\/uploads\/2024\/04\/Wholesale-Stainless-Steel-Pressure-Cooker-Mirror-2-16QT-for-Home-Commercial-7.webp 800w, https:\/\/www.linktonkitchen.com\/wp-content\/uploads\/2024\/04\/Wholesale-Stainless-Steel-Pressure-Cooker-Mirror-2-16QT-for-Home-Commercial-7-300x300.webp 300w, https:\/\/www.linktonkitchen.com\/wp-content\/uploads\/2024\/04\/Wholesale-Stainless-Steel-Pressure-Cooker-Mirror-2-16QT-for-Home-Commercial-7-150x150.webp 150w, https:\/\/www.linktonkitchen.com\/wp-content\/uploads\/2024\/04\/Wholesale-Stainless-Steel-Pressure-Cooker-Mirror-2-16QT-for-Home-Commercial-7-768x768.webp 768w, https:\/\/www.linktonkitchen.com\/wp-content\/uploads\/2024\/04\/Wholesale-Stainless-Steel-Pressure-Cooker-Mirror-2-16QT-for-Home-Commercial-7-12x12.webp 12w, https:\/\/www.linktonkitchen.com\/wp-content\/uploads\/2024\/04\/Wholesale-Stainless-Steel-Pressure-Cooker-Mirror-2-16QT-for-Home-Commercial-7-285x285.webp 285w, https:\/\/www.linktonkitchen.com\/wp-content\/uploads\/2024\/04\/Wholesale-Stainless-Steel-Pressure-Cooker-Mirror-2-16QT-for-Home-Commercial-7-270x270.webp 270w, https:\/\/www.linktonkitchen.com\/wp-content\/uploads\/2024\/04\/Wholesale-Stainless-Steel-Pressure-Cooker-Mirror-2-16QT-for-Home-Commercial-7-540x540.webp 540w, https:\/\/www.linktonkitchen.com\/wp-content\/uploads\/2024\/04\/Wholesale-Stainless-Steel-Pressure-Cooker-Mirror-2-16QT-for-Home-Commercial-7-660x660.webp 660w\" sizes=\"(max-width: 800px) 100vw, 800px\" \/><\/figure>\n<\/div>\n\n\n\n<div class=\"wp-block-column is-vertically-aligned-center is-layout-flow wp-block-column-is-layout-flow\">\n<h2 class=\"wp-block-heading\">Autocuiseur en inox sur mesure :<\/h2>\n\n\n\n<p>Nous proposons des options OEM et ODM d'autocuiseurs en acier inoxydable pour les commandes personnalis\u00e9es en vrac :<\/p>\n\n\n\n<ul class=\"wp-block-list\">\n<li><strong>Couleurs personnalis\u00e9es :<\/strong> noir, rouge, or, jaune<\/li>\n\n\n\n<li><strong>LOGO personnalis\u00e9 : <\/strong>sur le corps, le couvercle ou la poign\u00e9e<\/li>\n\n\n\n<li><strong>Emballage personnalis\u00e9 : <\/strong>bo\u00eete de couleur, sac de transport, vrac ou carton, tous adapt\u00e9s aux besoins de votre marque.<\/li>\n\n\n\n<li><strong>Accessoires :<\/strong> soupape de pression, joint en silicone, grille \u00e0 vapeur optionnelle, tasse \u00e0 mesurer, manuel.<\/li>\n<\/ul>\n<\/div>\n<\/div>\n\n\n\n<p><\/p>","protected":false},"excerpt":{"rendered":"<p>L'autocuiseur en gros en acier inoxydable, fabriqu\u00e9 \u00e0 partir de mat\u00e9riaux de haute qualit\u00e9 et d'une conception unique en forme de U, garantit un chauffage uniforme et une cuisson rapide. Il est disponible dans une vari\u00e9t\u00e9 de tailles et constitue un autocuiseur de cuisine id\u00e9al pour une efficacit\u00e9 \u00e9lev\u00e9e et des \u00e9conomies d'\u00e9nergie. N'h\u00e9sitez pas \u00e0 nous contacter.<\/p>\n<h2>Autocuiseur en acier inoxydable Sp\u00e9cifications<\/h2>\n<table width=\"402\">\n<tbody>\n<tr>\n<td width=\"145\">Fabricant<\/td>\n<td width=\"257\">Linkton<\/td>\n<\/tr>\n<tr>\n<td width=\"145\">Capacit\u00e9<\/td>\n<td width=\"257\">2L\/ 3L\/ 4L \/ 5L\/ 6L<\/td>\n<\/tr>\n<tr>\n<td>Mat\u00e9riau<\/td>\n<td>Acier inoxydable<\/td>\n<\/tr>\n<tr>\n<td>Fonction<\/td>\n<td width=\"257\">1. Cuisson rapide 80kpa<br \/>2. Soupape de s\u00fbret\u00e9 \u00e0 point rouge pour utilisation dans les syst\u00e8mes de s\u00e9curit\u00e9<br \/>3. Syst\u00e8me de s\u00e9curit\u00e9 antid\u00e9flagrant<br \/>4. Nettoyage pratique<\/td>\n<\/tr>\n<tr>\n<td>Fourneau applicable<\/td>\n<td>Cuisini\u00e8re\/ Cuisini\u00e8re \u00e0 induction\/ Cuisini\u00e8re \u00e0 gaz\/ Cuisini\u00e8re \u00e9lectrique\/ Cuisini\u00e8re en c\u00e9ramique\/ Cuisini\u00e8re halog\u00e8ne<\/td>\n<\/tr>\n<tr>\n<td>Configuration<\/td>\n<td width=\"257\">Manuel\/Soupape de limitation de pression\/Cuvette anti-d\u00e9bordement\/Aiguille de nettoyage<\/td>\n<\/tr>\n<tr>\n<td>OEM\/ODM<\/td>\n<td>Acceptable<\/td>\n<\/tr>\n<tr>\n<td>\u00c9chantillon<\/td>\n<td>MOQ 1 pi\u00e8ce<\/td>\n<\/tr>\n<\/tbody>\n<\/table>","protected":false},"featured_media":6132,"template":"","meta":{"_acf_changed":false},"product-application":[],"product-capacity":[],"product_brand":[],"product_cat":[55],"product_tag":[76,80],"class_list":{"0":"post-6049","1":"product","2":"type-product","3":"status-publish","4":"has-post-thumbnail","6":"product_cat-pressure-cooker-wholesale","7":"product_tag-wholesale-home-pressure-cooker","8":"product_tag-wholesale-small-pressure-cooker","10":"first","11":"instock","12":"shipping-taxable","13":"product-type-simple"},"acf":[],"_links":{"self":[{"href":"https:\/\/www.linktonkitchen.com\/fr\/wp-json\/wp\/v2\/product\/6049","targetHints":{"allow":["GET"]}}],"collection":[{"href":"https:\/\/www.linktonkitchen.com\/fr\/wp-json\/wp\/v2\/product"}],"about":[{"href":"https:\/\/www.linktonkitchen.com\/fr\/wp-json\/wp\/v2\/types\/product"}],"version-history":[{"count":0,"href":"https:\/\/www.linktonkitchen.com\/fr\/wp-json\/wp\/v2\/product\/6049\/revisions"}],"wp:featuredmedia":[{"embeddable":true,"href":"https:\/\/www.linktonkitchen.com\/fr\/wp-json\/wp\/v2\/media\/6132"}],"wp:attachment":[{"href":"https:\/\/www.linktonkitchen.com\/fr\/wp-json\/wp\/v2\/media?parent=6049"}],"wp:term":[{"taxonomy":"product-application","embeddable":true,"href":"https:\/\/www.linktonkitchen.com\/fr\/wp-json\/wp\/v2\/product-application?post=6049"},{"taxonomy":"product-capacity","embeddable":true,"href":"https:\/\/www.linktonkitchen.com\/fr\/wp-json\/wp\/v2\/product-capacity?post=6049"},{"taxonomy":"product_brand","embeddable":true,"href":"https:\/\/www.linktonkitchen.com\/fr\/wp-json\/wp\/v2\/product_brand?post=6049"},{"taxonomy":"product_cat","embeddable":true,"href":"https:\/\/www.linktonkitchen.com\/fr\/wp-json\/wp\/v2\/product_cat?post=6049"},{"taxonomy":"product_tag","embeddable":true,"href":"https:\/\/www.linktonkitchen.com\/fr\/wp-json\/wp\/v2\/product_tag?post=6049"}],"curies":[{"name":"wp","href":"https:\/\/api.w.org\/{rel}","templated":true}]}}