{"id":6089,"date":"2025-08-06T07:45:41","date_gmt":"2025-08-06T07:45:41","guid":{"rendered":"https:\/\/www.linktonkitchen.com\/?post_type=product&#038;p=6089"},"modified":"2026-02-04T11:34:34","modified_gmt":"2026-02-04T11:34:34","slug":"wholesale-multi-funtion-pressure-cooker","status":"publish","type":"product","link":"https:\/\/www.linktonkitchen.com\/fr\/produit\/wholesale-multi-funtion-pressure-cooker\/","title":{"rendered":"Grossiste autocuiseur en acier inoxydable avec grille de cuisson \u00e0 la vapeur, autocuiseur multifonction \u00e0 la vapeur"},"content":{"rendered":"<div class=\"wp-block-columns is-layout-flex wp-container-core-columns-is-layout-9d6595d7 wp-block-columns-is-layout-flex\">\n<div class=\"wp-block-column is-layout-flow wp-block-column-is-layout-flow\"><\/div>\n\n\n\n<div class=\"wp-block-column is-layout-flow wp-block-column-is-layout-flow\"><\/div>\n<\/div>\n\n\n\n<div class=\"wp-block-columns is-layout-flex wp-container-core-columns-is-layout-9d6595d7 wp-block-columns-is-layout-flex\">\n<div class=\"wp-block-column is-vertically-aligned-top is-layout-flow wp-block-column-is-layout-flow\">\n<h2 class=\"wp-block-heading\">Autocuiseur en acier inoxydable Param\u00e8tres :<\/h2>\n\n\n\n<figure class=\"wp-block-table\"><table><tbody><tr><td>Num\u00e9ro de mod\u00e8le<\/td><td>Capacit\u00e9<\/td><td>Diam\u00e8tre de l'embouchure<\/td><td>Poids<\/td><\/tr><tr><td rowspan=\"3\">LT-TJ<\/td><td>5L<\/td><td>22cm<\/td><td>2,53 kg<\/td><\/tr><tr><td>6L<\/td><td>24cm<\/td><td>2,9 kg<\/td><\/tr><tr><td>8L<\/td><td>26cm<\/td><td>3,59 kg<\/td><\/tr><\/tbody><\/table><\/figure>\n\n\n\n<h2 class=\"wp-block-heading\">Autocuiseur en acier inoxydable Caract\u00e9ristiques :<\/h2>\n\n\n\n<p><strong>Capacit\u00e9 flexible dans de multiples sp\u00e9cifications<\/strong>: 5L, 6L et 8L sont disponibles et conviennent \u00e0 la cuisine domestique quotidienne, aux familles de plusieurs personnes ou aux besoins commerciaux l\u00e9gers, et sont tr\u00e8s pratiques.<\/p>\n\n\n\n<p><strong>Autocuiseur multifonctionnel<\/strong>: Il int\u00e8gre la cuisson \u00e0 la vapeur, l'\u00e9bullition et la cuisson \u00e0 l'\u00e9touff\u00e9e. Il permet non seulement de cuire efficacement la viande \u00e0 l'\u00e9touff\u00e9e, mais aussi de cuire les l\u00e9gumes \u00e0 la vapeur pour les garder frais, ce qui r\u00e9pond au mode de vie de la cuisine saine.<\/p>\n\n\n\n<p><strong>Corps du pot en acier inoxydable de haute qualit\u00e9<\/strong>: Il est fabriqu\u00e9 en acier inoxydable de qualit\u00e9 alimentaire, r\u00e9sistant aux temp\u00e9ratures \u00e9lev\u00e9es et ne contenant pas de substances nocives. Il r\u00e9siste bien \u00e0 la corrosion, est durable et ne change pas de couleur, ce qui rend la cuisine plus s\u00fbre.<\/p>\n\n\n\n<p><strong>Structure de couvercle de pot \u00e0 haute performance d'\u00e9tanch\u00e9it\u00e9<\/strong>: Dot\u00e9 d'un anneau d'\u00e9tanch\u00e9it\u00e9 sous pression, il emprisonne efficacement la chaleur et les \u00e9l\u00e9ments nutritifs, am\u00e9liore l'efficacit\u00e9 de la cuisson \u00e0 l'\u00e9touff\u00e9e et r\u00e9duit les fuites de vapeur.<\/p>\n\n\n\n<p><strong>Ouverture et fermeture pratiques par bouton : <\/strong>La structure de verrouillage \u00e0 bouton est adopt\u00e9e, ce qui permet d'\u00e9conomiser de la main-d'\u0153uvre et facilite l'ouverture et la fermeture, ce qui convient \u00e0 une utilisation quotidienne fr\u00e9quente.<\/p>\n\n\n\n<p><strong>S\u00fbr et d\u00e9licieux : <\/strong>La soupape de r\u00e9gulation de la pression int\u00e9gr\u00e9e et le trou de d\u00e9charge de la pression de s\u00e9curit\u00e9 ajustent intelligemment la pression de cuisson, ce qui garantit non seulement le go\u00fbt des aliments, mais am\u00e9liore \u00e9galement la s\u00e9curit\u00e9.<\/p>\n\n\n\n<p><strong>Economies d'\u00e9nergie et efficacit\u00e9<\/strong>: Il permet d'\u00e9conomiser environ 30% de temps et d'\u00e9nergie dans les m\u00eames conditions de chauffage, et r\u00e9pond facilement aux besoins d'une vie rapide.<\/p>\n\n\n\n<p><strong>Compatibilit\u00e9 universelle :<\/strong> Compatible avec les cuisini\u00e8res \u00e0 gaz, les cuisini\u00e8res \u00e0 induction et les tables de cuisson en c\u00e9ramique.<\/p>\n<\/div>\n\n\n\n<div class=\"wp-block-column is-vertically-aligned-top is-layout-flow wp-block-column-is-layout-flow\">\n<h2 class=\"wp-block-heading\"><\/h2>\n\n\n\n<figure class=\"wp-block-image size-full\"><img fetchpriority=\"high\" decoding=\"async\" width=\"800\" height=\"800\" src=\"https:\/\/www.linktonkitchen.com\/wp-content\/uploads\/2025\/07\/Wholesale-Multi-Funtion-Pressure-Cooker-1.webp\" alt=\"Autocuiseur multifonctions en gros (1)\" class=\"wp-image-6090\" srcset=\"https:\/\/www.linktonkitchen.com\/wp-content\/uploads\/2025\/07\/Wholesale-Multi-Funtion-Pressure-Cooker-1.webp 800w, https:\/\/www.linktonkitchen.com\/wp-content\/uploads\/2025\/07\/Wholesale-Multi-Funtion-Pressure-Cooker-1-300x300.webp 300w, https:\/\/www.linktonkitchen.com\/wp-content\/uploads\/2025\/07\/Wholesale-Multi-Funtion-Pressure-Cooker-1-150x150.webp 150w, https:\/\/www.linktonkitchen.com\/wp-content\/uploads\/2025\/07\/Wholesale-Multi-Funtion-Pressure-Cooker-1-768x768.webp 768w, https:\/\/www.linktonkitchen.com\/wp-content\/uploads\/2025\/07\/Wholesale-Multi-Funtion-Pressure-Cooker-1-12x12.webp 12w, https:\/\/www.linktonkitchen.com\/wp-content\/uploads\/2025\/07\/Wholesale-Multi-Funtion-Pressure-Cooker-1-285x285.webp 285w, https:\/\/www.linktonkitchen.com\/wp-content\/uploads\/2025\/07\/Wholesale-Multi-Funtion-Pressure-Cooker-1-270x270.webp 270w, https:\/\/www.linktonkitchen.com\/wp-content\/uploads\/2025\/07\/Wholesale-Multi-Funtion-Pressure-Cooker-1-540x540.webp 540w, https:\/\/www.linktonkitchen.com\/wp-content\/uploads\/2025\/07\/Wholesale-Multi-Funtion-Pressure-Cooker-1-660x660.webp 660w\" sizes=\"(max-width: 800px) 100vw, 800px\" \/><\/figure>\n<\/div>\n<\/div>\n\n\n\n<div class=\"wp-block-columns is-layout-flex wp-container-core-columns-is-layout-9d6595d7 wp-block-columns-is-layout-flex\">\n<div class=\"wp-block-column is-layout-flow wp-block-column-is-layout-flow\">\n<figure class=\"wp-block-image size-full\"><img decoding=\"async\" width=\"800\" height=\"800\" src=\"https:\/\/www.linktonkitchen.com\/wp-content\/uploads\/2025\/07\/Wholesale-Multi-Funtion-Pressure-Cooker-5.webp\" alt=\"Autocuiseur multifonctions en gros (5)\" class=\"wp-image-6094\" srcset=\"https:\/\/www.linktonkitchen.com\/wp-content\/uploads\/2025\/07\/Wholesale-Multi-Funtion-Pressure-Cooker-5.webp 800w, https:\/\/www.linktonkitchen.com\/wp-content\/uploads\/2025\/07\/Wholesale-Multi-Funtion-Pressure-Cooker-5-300x300.webp 300w, https:\/\/www.linktonkitchen.com\/wp-content\/uploads\/2025\/07\/Wholesale-Multi-Funtion-Pressure-Cooker-5-150x150.webp 150w, https:\/\/www.linktonkitchen.com\/wp-content\/uploads\/2025\/07\/Wholesale-Multi-Funtion-Pressure-Cooker-5-768x768.webp 768w, https:\/\/www.linktonkitchen.com\/wp-content\/uploads\/2025\/07\/Wholesale-Multi-Funtion-Pressure-Cooker-5-12x12.webp 12w, https:\/\/www.linktonkitchen.com\/wp-content\/uploads\/2025\/07\/Wholesale-Multi-Funtion-Pressure-Cooker-5-285x285.webp 285w, https:\/\/www.linktonkitchen.com\/wp-content\/uploads\/2025\/07\/Wholesale-Multi-Funtion-Pressure-Cooker-5-270x270.webp 270w, https:\/\/www.linktonkitchen.com\/wp-content\/uploads\/2025\/07\/Wholesale-Multi-Funtion-Pressure-Cooker-5-540x540.webp 540w, https:\/\/www.linktonkitchen.com\/wp-content\/uploads\/2025\/07\/Wholesale-Multi-Funtion-Pressure-Cooker-5-660x660.webp 660w\" sizes=\"(max-width: 800px) 100vw, 800px\" \/><\/figure>\n<\/div>\n\n\n\n<div class=\"wp-block-column is-layout-flow wp-block-column-is-layout-flow\">\n<figure class=\"wp-block-image size-full\"><img decoding=\"async\" width=\"800\" height=\"800\" src=\"https:\/\/www.linktonkitchen.com\/wp-content\/uploads\/2025\/07\/Wholesale-Multi-Funtion-Pressure-Cooker-3.webp\" alt=\"Autocuiseur multifonctions en gros (3)\" class=\"wp-image-6092\" srcset=\"https:\/\/www.linktonkitchen.com\/wp-content\/uploads\/2025\/07\/Wholesale-Multi-Funtion-Pressure-Cooker-3.webp 800w, https:\/\/www.linktonkitchen.com\/wp-content\/uploads\/2025\/07\/Wholesale-Multi-Funtion-Pressure-Cooker-3-300x300.webp 300w, https:\/\/www.linktonkitchen.com\/wp-content\/uploads\/2025\/07\/Wholesale-Multi-Funtion-Pressure-Cooker-3-150x150.webp 150w, https:\/\/www.linktonkitchen.com\/wp-content\/uploads\/2025\/07\/Wholesale-Multi-Funtion-Pressure-Cooker-3-768x768.webp 768w, https:\/\/www.linktonkitchen.com\/wp-content\/uploads\/2025\/07\/Wholesale-Multi-Funtion-Pressure-Cooker-3-12x12.webp 12w, https:\/\/www.linktonkitchen.com\/wp-content\/uploads\/2025\/07\/Wholesale-Multi-Funtion-Pressure-Cooker-3-285x285.webp 285w, https:\/\/www.linktonkitchen.com\/wp-content\/uploads\/2025\/07\/Wholesale-Multi-Funtion-Pressure-Cooker-3-270x270.webp 270w, https:\/\/www.linktonkitchen.com\/wp-content\/uploads\/2025\/07\/Wholesale-Multi-Funtion-Pressure-Cooker-3-540x540.webp 540w, https:\/\/www.linktonkitchen.com\/wp-content\/uploads\/2025\/07\/Wholesale-Multi-Funtion-Pressure-Cooker-3-660x660.webp 660w\" sizes=\"(max-width: 800px) 100vw, 800px\" \/><\/figure>\n<\/div>\n<\/div>\n\n\n\n<p><\/p>","protected":false},"excerpt":{"rendered":"<p>Autocuiseur multifonctions de gros, supporte de multiples m\u00e9thodes de cuisson, avec une capacit\u00e9 optionnelle de 5L\/6L\/8L pour r\u00e9pondre \u00e0 divers besoins de cuisson. Couvercle hautement \u00e9tanche avec syst\u00e8me de contr\u00f4le pr\u00e9cis de la pression, \u00e9conomie d'\u00e9nergie et tranquillit\u00e9 d'esprit. Linkton fournit directement \u00e0 l'usine, prix de gros. Contactez-nous pour toute demande de renseignements !<\/p>\n<h2>Autocuiseur multifonctions Sp\u00e9cifications<\/h2>\n<table width=\"402\">\n<tbody>\n<tr>\n<td width=\"145\">Fabricant<\/td>\n<td width=\"257\">Linkton<\/td>\n<\/tr>\n<tr>\n<td>Mat\u00e9riau<\/td>\n<td>Acier inoxydable<\/td>\n<\/tr>\n<tr>\n<td>Configuration<\/td>\n<td width=\"257\">Manuel\/Soupape de limitation de pression\/Cuvette anti-d\u00e9bordement\/Aiguille de nettoyage<\/td>\n<\/tr>\n<tr>\n<td>Fourneau applicable<\/td>\n<td>Cuisini\u00e8re\/Cuisini\u00e8re \u00e0 induction\/ Cuisini\u00e8re \u00e0 gaz\/ Cuisini\u00e8re \u00e9lectrique\/ Cuisini\u00e8re en c\u00e9ramique\/ Cuisini\u00e8re halog\u00e8ne<\/td>\n<\/tr>\n<tr>\n<td>Fonction<\/td>\n<td width=\"257\">\n<p>1. Avec feuille de cuisson \u00e0 la vapeur<br \/>2. Pression de 80 kpa<br \/>3. Soupape de d\u00e9compression automatique \u00e0 point rouge<br \/>4. S\u00e9curit\u00e9 antid\u00e9flagrante<br \/>5. Nettoyage pratique<\/p>\n<\/td>\n<\/tr>\n<tr>\n<td>OEM\/ODM<\/td>\n<td>Acceptable<\/td>\n<\/tr>\n<tr>\n<td>\u00c9chantillon<\/td>\n<td>MOQ 1 pi\u00e8ce<\/td>\n<\/tr>\n<\/tbody>\n<\/table>","protected":false},"featured_media":6091,"template":"","meta":{"_acf_changed":false},"product-application":[],"product-capacity":[],"product_brand":[],"product_cat":[55],"product_tag":[76,80,81],"class_list":{"0":"post-6089","1":"product","2":"type-product","3":"status-publish","4":"has-post-thumbnail","6":"product_cat-pressure-cooker-wholesale","7":"product_tag-wholesale-home-pressure-cooker","8":"product_tag-wholesale-small-pressure-cooker","9":"product_tag-wholesale-medium-pressure-cooker","11":"first","12":"instock","13":"shipping-taxable","14":"product-type-simple"},"acf":[],"_links":{"self":[{"href":"https:\/\/www.linktonkitchen.com\/fr\/wp-json\/wp\/v2\/product\/6089","targetHints":{"allow":["GET"]}}],"collection":[{"href":"https:\/\/www.linktonkitchen.com\/fr\/wp-json\/wp\/v2\/product"}],"about":[{"href":"https:\/\/www.linktonkitchen.com\/fr\/wp-json\/wp\/v2\/types\/product"}],"version-history":[{"count":4,"href":"https:\/\/www.linktonkitchen.com\/fr\/wp-json\/wp\/v2\/product\/6089\/revisions"}],"predecessor-version":[{"id":7347,"href":"https:\/\/www.linktonkitchen.com\/fr\/wp-json\/wp\/v2\/product\/6089\/revisions\/7347"}],"wp:featuredmedia":[{"embeddable":true,"href":"https:\/\/www.linktonkitchen.com\/fr\/wp-json\/wp\/v2\/media\/6091"}],"wp:attachment":[{"href":"https:\/\/www.linktonkitchen.com\/fr\/wp-json\/wp\/v2\/media?parent=6089"}],"wp:term":[{"taxonomy":"product-application","embeddable":true,"href":"https:\/\/www.linktonkitchen.com\/fr\/wp-json\/wp\/v2\/product-application?post=6089"},{"taxonomy":"product-capacity","embeddable":true,"href":"https:\/\/www.linktonkitchen.com\/fr\/wp-json\/wp\/v2\/product-capacity?post=6089"},{"taxonomy":"product_brand","embeddable":true,"href":"https:\/\/www.linktonkitchen.com\/fr\/wp-json\/wp\/v2\/product_brand?post=6089"},{"taxonomy":"product_cat","embeddable":true,"href":"https:\/\/www.linktonkitchen.com\/fr\/wp-json\/wp\/v2\/product_cat?post=6089"},{"taxonomy":"product_tag","embeddable":true,"href":"https:\/\/www.linktonkitchen.com\/fr\/wp-json\/wp\/v2\/product_tag?post=6089"}],"curies":[{"name":"wp","href":"https:\/\/api.w.org\/{rel}","templated":true}]}}