{"id":6100,"date":"2025-07-23T02:00:41","date_gmt":"2025-07-23T02:00:41","guid":{"rendered":"https:\/\/www.linktonkitchen.com\/?post_type=product&#038;p=6100"},"modified":"2026-02-04T07:10:09","modified_gmt":"2026-02-04T07:10:09","slug":"wholesale-adjustable-pressure-cooker","status":"publish","type":"product","link":"https:\/\/www.linktonkitchen.com\/fr\/product\/wholesale-adjustable-pressure-cooker\/","title":{"rendered":"Grossiste autocuiseur r\u00e9glable, fabricant d'autocuiseurs modernes en acier inoxydable"},"content":{"rendered":"<div class=\"wp-block-columns is-layout-flex wp-container-core-columns-is-layout-9d6595d7 wp-block-columns-is-layout-flex\">\n<div class=\"wp-block-column is-vertically-aligned-top is-layout-flow wp-block-column-is-layout-flow\">\n<h2 class=\"wp-block-heading\">Autocuiseur r\u00e9glable Param\u00e8tres :<\/h2>\n\n\n\n<figure class=\"wp-block-table\"><table><tbody><tr><td>Num\u00e9ro de mod\u00e8le<\/td><td>Capacit\u00e9<\/td><td>Diam\u00e8tre de l'embouchure<\/td><td>Poids brut (kg)<\/td><\/tr><tr><td rowspan=\"3\">LT-TY<\/td><td>4L<\/td><td>20cm<\/td><td>2,2 kg<\/td><\/tr><tr><td>5L<\/td><td>22cm<\/td><td>2,65 kg<\/td><\/tr><tr><td>6L<\/td><td>24cm<\/td><td>3,2 kg<\/td><\/tr><\/tbody><\/table><\/figure>\n\n\n\n<h2 class=\"wp-block-heading\">Autocuiseur r\u00e9glable Caract\u00e9ristiques :<\/h2>\n\n\n\n<p><strong>R\u00e9glage de la pression \u00e0 deux vitesses : <\/strong>Cet autocuiseur en acier inoxydable est dot\u00e9 d'un bouton rotatif avec deux r\u00e9glages de pression (60KPA \/ 100KPA) pour une cuisson flexible. Utilisez la haute pression pour une cuisson rapide de la viande et la basse pression pour une cuisson douce des l\u00e9gumes ou des fruits de mer. Facile \u00e0 utiliser, il est id\u00e9al pour les cuisiniers amateurs, les d\u00e9butants et les professionnels.<\/p>\n\n\n\n<p><strong>Corps de la marmite en acier inoxydable haute r\u00e9sistance<\/strong>: Fabriqu\u00e9 en acier inoxydable de haute qualit\u00e9, r\u00e9sistant aux temp\u00e9ratures \u00e9lev\u00e9es et \u00e0 la corrosion, le corps de la casserole est robuste et durable, adapt\u00e9 aux sc\u00e9narios de cuisson quotidiens et \u00e0 haute fr\u00e9quence.<\/p>\n\n\n\n<p><strong>Multiples protections de s\u00e9curit\u00e9 :<\/strong> \u00c9quip\u00e9s d'une soupape de s\u00e9curit\u00e9, d'un dispositif de verrouillage du couvercle et d'un anneau d'\u00e9tanch\u00e9it\u00e9, de multiples m\u00e9canismes de protection emp\u00eachent efficacement les surpressions, les erreurs de fonctionnement et d'autres risques d'utilisation.<\/p>\n\n\n\n<p><strong>Une exp\u00e9rience de cuisson efficace et \u00e9conome en \u00e9nergie<\/strong>: En contr\u00f4lant pr\u00e9cis\u00e9ment la pression, en raccourcissant le temps de chauffage global, en r\u00e9duisant la consommation d'\u00e9nergie et en tenant compte \u00e0 la fois de l'efficacit\u00e9 et de la protection de l'environnement.<\/p>\n\n\n\n<p><strong>Options de capacit\u00e9s multiples<\/strong>: Les cuisini\u00e8res sont con\u00e7ues pour r\u00e9pondre aux besoins des familles, des petits restaurants ou des commerces l\u00e9gers, et pour am\u00e9liorer l'efficacit\u00e9 du travail dans la cuisine.<\/p>\n\n\n\n<p><strong>Conception de la valve automatique \u00e0 point rouge : <\/strong>\u00e9quip\u00e9 d'une soupape d'\u00e9chappement automatique \u00e0 point rouge, d'une visualisation en temps r\u00e9el de la pression dans le pot, d'une soupape d'\u00e9chappement automatique et d'un fonctionnement plus s\u00fbr.<\/p>\n<\/div>\n\n\n\n<div class=\"wp-block-column is-vertically-aligned-top is-layout-flow wp-block-column-is-layout-flow\">\n<figure class=\"wp-block-image size-full\"><img fetchpriority=\"high\" decoding=\"async\" width=\"800\" height=\"800\" src=\"https:\/\/www.linktonkitchen.com\/wp-content\/uploads\/2024\/04\/Wholesale-Adjustable-Stainless-Steel-Pressure-Cooker-13.webp\" alt=\"Grossiste autocuiseur r\u00e9glable en acier inoxydable\" class=\"wp-image-7306\" srcset=\"https:\/\/www.linktonkitchen.com\/wp-content\/uploads\/2024\/04\/Wholesale-Adjustable-Stainless-Steel-Pressure-Cooker-13.webp 800w, https:\/\/www.linktonkitchen.com\/wp-content\/uploads\/2024\/04\/Wholesale-Adjustable-Stainless-Steel-Pressure-Cooker-13-300x300.webp 300w, https:\/\/www.linktonkitchen.com\/wp-content\/uploads\/2024\/04\/Wholesale-Adjustable-Stainless-Steel-Pressure-Cooker-13-150x150.webp 150w, https:\/\/www.linktonkitchen.com\/wp-content\/uploads\/2024\/04\/Wholesale-Adjustable-Stainless-Steel-Pressure-Cooker-13-768x768.webp 768w, https:\/\/www.linktonkitchen.com\/wp-content\/uploads\/2024\/04\/Wholesale-Adjustable-Stainless-Steel-Pressure-Cooker-13-12x12.webp 12w, https:\/\/www.linktonkitchen.com\/wp-content\/uploads\/2024\/04\/Wholesale-Adjustable-Stainless-Steel-Pressure-Cooker-13-285x285.webp 285w, https:\/\/www.linktonkitchen.com\/wp-content\/uploads\/2024\/04\/Wholesale-Adjustable-Stainless-Steel-Pressure-Cooker-13-270x270.webp 270w, https:\/\/www.linktonkitchen.com\/wp-content\/uploads\/2024\/04\/Wholesale-Adjustable-Stainless-Steel-Pressure-Cooker-13-540x540.webp 540w, https:\/\/www.linktonkitchen.com\/wp-content\/uploads\/2024\/04\/Wholesale-Adjustable-Stainless-Steel-Pressure-Cooker-13-660x660.webp 660w\" sizes=\"(max-width: 800px) 100vw, 800px\" \/><\/figure>\n<\/div>\n<\/div>\n\n\n\n<div class=\"wp-block-columns is-layout-flex wp-container-core-columns-is-layout-9d6595d7 wp-block-columns-is-layout-flex\">\n<div class=\"wp-block-column is-layout-flow wp-block-column-is-layout-flow\">\n<figure class=\"wp-block-image size-full\"><img decoding=\"async\" width=\"785\" height=\"785\" src=\"https:\/\/www.linktonkitchen.com\/wp-content\/uploads\/2024\/04\/Wholesale-Adjustable-Stainless-Steel-Pressure-Cooker-10.webp\" alt=\"Grossiste autocuiseur r\u00e9glable en acier inoxydable\" class=\"wp-image-7303\" style=\"object-fit:cover\" srcset=\"https:\/\/www.linktonkitchen.com\/wp-content\/uploads\/2024\/04\/Wholesale-Adjustable-Stainless-Steel-Pressure-Cooker-10.webp 785w, https:\/\/www.linktonkitchen.com\/wp-content\/uploads\/2024\/04\/Wholesale-Adjustable-Stainless-Steel-Pressure-Cooker-10-300x300.webp 300w, https:\/\/www.linktonkitchen.com\/wp-content\/uploads\/2024\/04\/Wholesale-Adjustable-Stainless-Steel-Pressure-Cooker-10-150x150.webp 150w, https:\/\/www.linktonkitchen.com\/wp-content\/uploads\/2024\/04\/Wholesale-Adjustable-Stainless-Steel-Pressure-Cooker-10-768x768.webp 768w, https:\/\/www.linktonkitchen.com\/wp-content\/uploads\/2024\/04\/Wholesale-Adjustable-Stainless-Steel-Pressure-Cooker-10-12x12.webp 12w, https:\/\/www.linktonkitchen.com\/wp-content\/uploads\/2024\/04\/Wholesale-Adjustable-Stainless-Steel-Pressure-Cooker-10-285x285.webp 285w, https:\/\/www.linktonkitchen.com\/wp-content\/uploads\/2024\/04\/Wholesale-Adjustable-Stainless-Steel-Pressure-Cooker-10-270x270.webp 270w, https:\/\/www.linktonkitchen.com\/wp-content\/uploads\/2024\/04\/Wholesale-Adjustable-Stainless-Steel-Pressure-Cooker-10-540x540.webp 540w, https:\/\/www.linktonkitchen.com\/wp-content\/uploads\/2024\/04\/Wholesale-Adjustable-Stainless-Steel-Pressure-Cooker-10-660x660.webp 660w\" sizes=\"(max-width: 785px) 100vw, 785px\" \/><\/figure>\n<\/div>\n\n\n\n<div class=\"wp-block-column is-layout-flow wp-block-column-is-layout-flow\">\n<figure class=\"wp-block-image size-full\"><img decoding=\"async\" width=\"790\" height=\"790\" src=\"https:\/\/www.linktonkitchen.com\/wp-content\/uploads\/2024\/04\/Wholesale-Adjustable-Stainless-Steel-Pressure-Cooker-6.webp\" alt=\"Grossiste autocuiseur r\u00e9glable en acier inoxydable\" class=\"wp-image-7299\" srcset=\"https:\/\/www.linktonkitchen.com\/wp-content\/uploads\/2024\/04\/Wholesale-Adjustable-Stainless-Steel-Pressure-Cooker-6.webp 790w, https:\/\/www.linktonkitchen.com\/wp-content\/uploads\/2024\/04\/Wholesale-Adjustable-Stainless-Steel-Pressure-Cooker-6-300x300.webp 300w, https:\/\/www.linktonkitchen.com\/wp-content\/uploads\/2024\/04\/Wholesale-Adjustable-Stainless-Steel-Pressure-Cooker-6-150x150.webp 150w, https:\/\/www.linktonkitchen.com\/wp-content\/uploads\/2024\/04\/Wholesale-Adjustable-Stainless-Steel-Pressure-Cooker-6-768x768.webp 768w, https:\/\/www.linktonkitchen.com\/wp-content\/uploads\/2024\/04\/Wholesale-Adjustable-Stainless-Steel-Pressure-Cooker-6-12x12.webp 12w, https:\/\/www.linktonkitchen.com\/wp-content\/uploads\/2024\/04\/Wholesale-Adjustable-Stainless-Steel-Pressure-Cooker-6-285x285.webp 285w, https:\/\/www.linktonkitchen.com\/wp-content\/uploads\/2024\/04\/Wholesale-Adjustable-Stainless-Steel-Pressure-Cooker-6-270x270.webp 270w, https:\/\/www.linktonkitchen.com\/wp-content\/uploads\/2024\/04\/Wholesale-Adjustable-Stainless-Steel-Pressure-Cooker-6-540x540.webp 540w, https:\/\/www.linktonkitchen.com\/wp-content\/uploads\/2024\/04\/Wholesale-Adjustable-Stainless-Steel-Pressure-Cooker-6-660x660.webp 660w\" sizes=\"(max-width: 790px) 100vw, 790px\" \/><\/figure>\n<\/div>\n<\/div>\n\n\n\n<div class=\"wp-block-columns is-layout-flex wp-container-core-columns-is-layout-9d6595d7 wp-block-columns-is-layout-flex\">\n<div class=\"wp-block-column is-layout-flow wp-block-column-is-layout-flow\">\n<figure class=\"wp-block-image size-full\"><img loading=\"lazy\" decoding=\"async\" width=\"790\" height=\"790\" src=\"https:\/\/www.linktonkitchen.com\/wp-content\/uploads\/2024\/04\/Wholesale-Adjustable-Stainless-Steel-Pressure-Cooker-9.webp\" alt=\"Grossiste autocuiseur r\u00e9glable en acier inoxydable\" class=\"wp-image-7302\" srcset=\"https:\/\/www.linktonkitchen.com\/wp-content\/uploads\/2024\/04\/Wholesale-Adjustable-Stainless-Steel-Pressure-Cooker-9.webp 790w, https:\/\/www.linktonkitchen.com\/wp-content\/uploads\/2024\/04\/Wholesale-Adjustable-Stainless-Steel-Pressure-Cooker-9-300x300.webp 300w, https:\/\/www.linktonkitchen.com\/wp-content\/uploads\/2024\/04\/Wholesale-Adjustable-Stainless-Steel-Pressure-Cooker-9-150x150.webp 150w, https:\/\/www.linktonkitchen.com\/wp-content\/uploads\/2024\/04\/Wholesale-Adjustable-Stainless-Steel-Pressure-Cooker-9-768x768.webp 768w, https:\/\/www.linktonkitchen.com\/wp-content\/uploads\/2024\/04\/Wholesale-Adjustable-Stainless-Steel-Pressure-Cooker-9-12x12.webp 12w, https:\/\/www.linktonkitchen.com\/wp-content\/uploads\/2024\/04\/Wholesale-Adjustable-Stainless-Steel-Pressure-Cooker-9-285x285.webp 285w, https:\/\/www.linktonkitchen.com\/wp-content\/uploads\/2024\/04\/Wholesale-Adjustable-Stainless-Steel-Pressure-Cooker-9-270x270.webp 270w, https:\/\/www.linktonkitchen.com\/wp-content\/uploads\/2024\/04\/Wholesale-Adjustable-Stainless-Steel-Pressure-Cooker-9-540x540.webp 540w, https:\/\/www.linktonkitchen.com\/wp-content\/uploads\/2024\/04\/Wholesale-Adjustable-Stainless-Steel-Pressure-Cooker-9-660x660.webp 660w\" sizes=\"(max-width: 790px) 100vw, 790px\" \/><\/figure>\n<\/div>\n\n\n\n<div class=\"wp-block-column is-layout-flow wp-block-column-is-layout-flow\">\n<h2 class=\"wp-block-heading\">Autocuiseur en acier inoxydable sur mesure :<\/h2>\n\n\n\n<p>Linkton fournit des services complets de&nbsp;<strong>Services OEM\/ODM<\/strong>&nbsp;pour vous d\u00e9marquer sur votre march\u00e9 local :<\/p>\n\n\n\n<p><strong>Plage de capacit\u00e9 :&nbsp;<\/strong>Choisissez entre 4L, 5L et 6L pour r\u00e9pondre aux besoins des diff\u00e9rentes tailles de famille.<\/p>\n\n\n\n<p><strong>Finition de la surface :&nbsp;<\/strong>Disponible en polissage miroir (haute brillance), en finition satin\u00e9e (aspect bross\u00e9) ou en rev\u00eatement color\u00e9 personnalis\u00e9.<\/p>\n\n\n\n<p><strong>Marque et logo :<\/strong><\/p>\n\n\n\n<ul class=\"wp-block-list\">\n<li>Gravure au laser sur le corps du pot.<\/li>\n\n\n\n<li>Tampon sur le fond.<\/li>\n\n\n\n<li>Logo personnalis\u00e9 sur les poign\u00e9es et les valves de pression.<\/li>\n<\/ul>\n\n\n\n<p><strong>Conception de l'emballage :&nbsp;<\/strong>Bo\u00eetes de couleur, manuels d'instructions et cartons d'exp\u00e9dition enti\u00e8rement personnalis\u00e9s avec l'id\u00e9e visuelle de votre marque.<\/p>\n<\/div>\n<\/div>","protected":false},"excerpt":{"rendered":"<p>Autocuiseur r\u00e9glable en gros, permettant un r\u00e9glage de la pression \u00e0 deux vitesses (60KPA \/ 100KPA), am\u00e9liorant le go\u00fbt et l'efficacit\u00e9. L'acier inoxydable de haute qualit\u00e9 avec de multiples syst\u00e8mes de s\u00e9curit\u00e9 est un choix intelligent et sans souci pour les cuisines modernes. Fourniture par le fabricant de Linkton. N'h\u00e9sitez pas \u00e0 nous contacter pour obtenir un devis !<\/p>\n<h2>Autocuiseur r\u00e9glable Sp\u00e9cifications :<\/h2>\n<table width=\"402\">\n<tbody>\n<tr>\n<td width=\"145\">Fabricant<\/td>\n<td width=\"257\">Linkton<\/td>\n<\/tr>\n<tr>\n<td width=\"145\">Capacit\u00e9<\/td>\n<td width=\"257\">4L\/ 5L\/ 6L<\/td>\n<\/tr>\n<tr>\n<td>Mat\u00e9riau<\/td>\n<td>Acier inoxydable<\/td>\n<\/tr>\n<tr>\n<td>Fonction<\/td>\n<td width=\"257\">1. R\u00e9gulateur de pression \u00e0 deux vitesses 60 kpa\/100 kpa<br \/>2. Couvercle \u00e0 fermeture push-pull et soupape \u00e0 point rouge automatique<br \/>3. S\u00e9curit\u00e9 antid\u00e9flagrante<br \/>4. Nettoyage pratique<\/td>\n<\/tr>\n<tr>\n<td>Fourneau applicable<\/td>\n<td>Cuisini\u00e8re \u00e0 induction\/ Cuisini\u00e8re \u00e0 gaz\/ Cuisini\u00e8re \u00e9lectrique\/ Cuisini\u00e8re en c\u00e9ramique\/ Cuisini\u00e8re halog\u00e8ne<\/td>\n<\/tr>\n<tr>\n<td>Configuration<\/td>\n<td width=\"257\">Manuel\/Soupape de limitation de pression\/Cuvette anti-d\u00e9bordement\/Aiguille de nettoyage<\/td>\n<\/tr>\n<tr>\n<td>OEM\/ODM<\/td>\n<td>Acceptable<\/td>\n<\/tr>\n<tr>\n<td>\u00c9chantillon<\/td>\n<td>MOQ 1 pi\u00e8ce<\/td>\n<\/tr>\n<\/tbody>\n<\/table>","protected":false},"featured_media":6104,"template":"","meta":{"_acf_changed":false},"product-application":[],"product-capacity":[],"product_brand":[],"product_cat":[55],"product_tag":[76,80],"class_list":{"0":"post-6100","1":"product","2":"type-product","3":"status-publish","4":"has-post-thumbnail","6":"product_cat-pressure-cooker-wholesale","7":"product_tag-wholesale-home-pressure-cooker","8":"product_tag-wholesale-small-pressure-cooker","10":"first","11":"instock","12":"shipping-taxable","13":"product-type-simple"},"acf":[],"_links":{"self":[{"href":"https:\/\/www.linktonkitchen.com\/fr\/wp-json\/wp\/v2\/product\/6100","targetHints":{"allow":["GET"]}}],"collection":[{"href":"https:\/\/www.linktonkitchen.com\/fr\/wp-json\/wp\/v2\/product"}],"about":[{"href":"https:\/\/www.linktonkitchen.com\/fr\/wp-json\/wp\/v2\/types\/product"}],"version-history":[{"count":0,"href":"https:\/\/www.linktonkitchen.com\/fr\/wp-json\/wp\/v2\/product\/6100\/revisions"}],"wp:featuredmedia":[{"embeddable":true,"href":"https:\/\/www.linktonkitchen.com\/fr\/wp-json\/wp\/v2\/media\/6104"}],"wp:attachment":[{"href":"https:\/\/www.linktonkitchen.com\/fr\/wp-json\/wp\/v2\/media?parent=6100"}],"wp:term":[{"taxonomy":"product-application","embeddable":true,"href":"https:\/\/www.linktonkitchen.com\/fr\/wp-json\/wp\/v2\/product-application?post=6100"},{"taxonomy":"product-capacity","embeddable":true,"href":"https:\/\/www.linktonkitchen.com\/fr\/wp-json\/wp\/v2\/product-capacity?post=6100"},{"taxonomy":"product_brand","embeddable":true,"href":"https:\/\/www.linktonkitchen.com\/fr\/wp-json\/wp\/v2\/product_brand?post=6100"},{"taxonomy":"product_cat","embeddable":true,"href":"https:\/\/www.linktonkitchen.com\/fr\/wp-json\/wp\/v2\/product_cat?post=6100"},{"taxonomy":"product_tag","embeddable":true,"href":"https:\/\/www.linktonkitchen.com\/fr\/wp-json\/wp\/v2\/product_tag?post=6100"}],"curies":[{"name":"wp","href":"https:\/\/api.w.org\/{rel}","templated":true}]}}