{"id":6139,"date":"2025-07-29T02:58:52","date_gmt":"2025-07-29T02:58:52","guid":{"rendered":"https:\/\/www.linktonkitchen.com\/?post_type=product&#038;p=6139"},"modified":"2026-02-03T10:42:26","modified_gmt":"2026-02-03T10:42:26","slug":"wholesale-industrial-pressure-cooker","status":"publish","type":"product","link":"https:\/\/www.linktonkitchen.com\/fr\/product\/wholesale-industrial-pressure-cooker\/","title":{"rendered":"Grossiste autocuiseur industriel, 26-84QT autocuiseur en acier inoxydable fabricant"},"content":{"rendered":"<div class=\"wp-block-columns is-layout-flex wp-container-core-columns-is-layout-9d6595d7 wp-block-columns-is-layout-flex\">\n<div class=\"wp-block-column is-vertically-aligned-top is-layout-flow wp-block-column-is-layout-flow\">\n<h2 class=\"wp-block-heading\">Autocuiseur industriel Param\u00e8tres :<\/h2>\n\n\n\n<figure class=\"wp-block-table\"><table class=\"has-fixed-layout\"><tbody><tr><td>Num\u00e9ro de mod\u00e8le<\/td><td>Capacit\u00e9<\/td><td>Diam\u00e8tre de l'embouchure<\/td><td>Poids brut (kg)<\/td><\/tr><tr><td rowspan=\"4\">LT-FB<\/td><td>26L<\/td><td>36cm<\/td><td>9,8 kg<\/td><\/tr><tr><td>40L<\/td><td>40cm<\/td><td>13,43 kg<\/td><\/tr><tr><td>50L<\/td><td>44cm<\/td><td>16,27 kg<\/td><\/tr><tr><td>80L<\/td><td>50cm<\/td><td>18,17 kg<\/td><\/tr><\/tbody><\/table><\/figure>\n<\/div>\n\n\n\n<div class=\"wp-block-column is-layout-flow wp-block-column-is-layout-flow\">\n<figure class=\"wp-block-embed is-type-video is-provider-youtube wp-block-embed-youtube wp-embed-aspect-16-9 wp-has-aspect-ratio\"><div class=\"wp-block-embed__wrapper\">\n<iframe title=\"Autocuiseur antid\u00e9flagrant avec protection multiple des d\u00e9tails pour garantir une cuisson s\u00fbre.#cookware\" width=\"940\" height=\"529\" src=\"https:\/\/www.youtube.com\/embed\/03o9Urhxw1w?feature=oembed\" frameborder=\"0\" allow=\"accelerometer; autoplay; clipboard-write; encrypted-media; gyroscope; picture-in-picture; web-share\" referrerpolicy=\"strict-origin-when-cross-origin\" allowfullscreen><\/iframe>\n<\/div><\/figure>\n<\/div>\n<\/div>\n\n\n\n<div class=\"wp-block-columns is-layout-flex wp-container-core-columns-is-layout-9d6595d7 wp-block-columns-is-layout-flex\">\n<div class=\"wp-block-column is-layout-flow wp-block-column-is-layout-flow\">\n<figure class=\"wp-block-image size-full\"><img fetchpriority=\"high\" decoding=\"async\" width=\"800\" height=\"800\" src=\"https:\/\/www.linktonkitchen.com\/wp-content\/uploads\/2025\/07\/Wholesale-Industrial-Pressure-Cooker-1.webp\" alt=\"Autocuiseur industriel en gros (1)\" class=\"wp-image-6140\" srcset=\"https:\/\/www.linktonkitchen.com\/wp-content\/uploads\/2025\/07\/Wholesale-Industrial-Pressure-Cooker-1.webp 800w, https:\/\/www.linktonkitchen.com\/wp-content\/uploads\/2025\/07\/Wholesale-Industrial-Pressure-Cooker-1-300x300.webp 300w, https:\/\/www.linktonkitchen.com\/wp-content\/uploads\/2025\/07\/Wholesale-Industrial-Pressure-Cooker-1-150x150.webp 150w, https:\/\/www.linktonkitchen.com\/wp-content\/uploads\/2025\/07\/Wholesale-Industrial-Pressure-Cooker-1-768x768.webp 768w, https:\/\/www.linktonkitchen.com\/wp-content\/uploads\/2025\/07\/Wholesale-Industrial-Pressure-Cooker-1-12x12.webp 12w, https:\/\/www.linktonkitchen.com\/wp-content\/uploads\/2025\/07\/Wholesale-Industrial-Pressure-Cooker-1-285x285.webp 285w, https:\/\/www.linktonkitchen.com\/wp-content\/uploads\/2025\/07\/Wholesale-Industrial-Pressure-Cooker-1-270x270.webp 270w, https:\/\/www.linktonkitchen.com\/wp-content\/uploads\/2025\/07\/Wholesale-Industrial-Pressure-Cooker-1-540x540.webp 540w, https:\/\/www.linktonkitchen.com\/wp-content\/uploads\/2025\/07\/Wholesale-Industrial-Pressure-Cooker-1-660x660.webp 660w\" sizes=\"(max-width: 800px) 100vw, 800px\" \/><\/figure>\n<\/div>\n\n\n\n<div class=\"wp-block-column is-vertically-aligned-center is-layout-flow wp-block-column-is-layout-flow\">\n<h2 class=\"wp-block-heading\">Autocuiseur industriel Caract\u00e9ristiques :<\/h2>\n\n\n\n<p><strong>Conception \u00e0 grande capacit\u00e9<\/strong>: Disponible en 40L, 50L et 60L pour r\u00e9pondre aux besoins de cuisson \u00e0 grand volume, id\u00e9al pour les restaurants, les cantines, les h\u00f4tels et les grandes cuisines.<\/p>\n\n\n\n<p><strong>Acier inoxydable de haute qualit\u00e9 :<\/strong> Fabriqu\u00e9 en acier inoxydable 304 de qualit\u00e9 alimentaire, il est r\u00e9sistant \u00e0 la corrosion et \u00e0 la rouille, ce qui garantit une s\u00e9curit\u00e9 et une fiabilit\u00e9 \u00e0 long terme.<\/p>\n\n\n\n<p><strong>S\u00e9curit\u00e9 antid\u00e9flagrante :<\/strong> \u00c9quip\u00e9 de plusieurs soupapes de s\u00e9curit\u00e9 et d'une conception antid\u00e9flagrante, il garantit un fonctionnement s\u00fbr m\u00eame dans des environnements \u00e0 haute pression, ce qui permet d'\u00e9viter les accidents.<\/p>\n\n\n\n<p><strong>Efficacit\u00e9 \u00e9nerg\u00e9tique<\/strong>: Le chauffage est homog\u00e8ne et la r\u00e9tention de la chaleur est excellente, ce qui raccourcit le temps de cuisson et am\u00e9liore l'efficacit\u00e9.<\/p>\n\n\n\n<p><strong>Multi-applications<\/strong>: Adapt\u00e9 \u00e0 diverses m\u00e9thodes de cuisson, notamment la cuisson \u00e0 l'\u00e9touff\u00e9e, \u00e0 la vapeur et \u00e0 la st\u00e9rilisation, il est largement utilis\u00e9 dans les restaurants, les usines de transformation des aliments et les op\u00e9rations de restauration collective \u00e0 grande \u00e9chelle.<\/p>\n<\/div>\n<\/div>\n\n\n\n<div class=\"wp-block-columns is-layout-flex wp-container-core-columns-is-layout-9d6595d7 wp-block-columns-is-layout-flex\">\n<div class=\"wp-block-column is-layout-flow wp-block-column-is-layout-flow\">\n<figure class=\"wp-block-image size-full\"><img decoding=\"async\" width=\"800\" height=\"800\" src=\"https:\/\/www.linktonkitchen.com\/wp-content\/uploads\/2025\/07\/Wholesale-Commercial-Pressure-Cooker-2.webp\" alt=\"Autocuiseur commercial de gros (2)\" class=\"wp-image-6154\" srcset=\"https:\/\/www.linktonkitchen.com\/wp-content\/uploads\/2025\/07\/Wholesale-Commercial-Pressure-Cooker-2.webp 800w, https:\/\/www.linktonkitchen.com\/wp-content\/uploads\/2025\/07\/Wholesale-Commercial-Pressure-Cooker-2-300x300.webp 300w, https:\/\/www.linktonkitchen.com\/wp-content\/uploads\/2025\/07\/Wholesale-Commercial-Pressure-Cooker-2-150x150.webp 150w, https:\/\/www.linktonkitchen.com\/wp-content\/uploads\/2025\/07\/Wholesale-Commercial-Pressure-Cooker-2-768x768.webp 768w, https:\/\/www.linktonkitchen.com\/wp-content\/uploads\/2025\/07\/Wholesale-Commercial-Pressure-Cooker-2-12x12.webp 12w, https:\/\/www.linktonkitchen.com\/wp-content\/uploads\/2025\/07\/Wholesale-Commercial-Pressure-Cooker-2-285x285.webp 285w, https:\/\/www.linktonkitchen.com\/wp-content\/uploads\/2025\/07\/Wholesale-Commercial-Pressure-Cooker-2-270x270.webp 270w, https:\/\/www.linktonkitchen.com\/wp-content\/uploads\/2025\/07\/Wholesale-Commercial-Pressure-Cooker-2-540x540.webp 540w, https:\/\/www.linktonkitchen.com\/wp-content\/uploads\/2025\/07\/Wholesale-Commercial-Pressure-Cooker-2-660x660.webp 660w\" sizes=\"(max-width: 800px) 100vw, 800px\" \/><\/figure>\n<\/div>\n\n\n\n<div class=\"wp-block-column is-layout-flow wp-block-column-is-layout-flow\">\n<figure class=\"wp-block-image size-full\"><img decoding=\"async\" width=\"790\" height=\"790\" src=\"https:\/\/www.linktonkitchen.com\/wp-content\/uploads\/2024\/04\/Wholesale-explosion-proof-pressure-cookers-with-double-handles-for-commercial-restaurants-5.webp\" alt=\"Vente en gros d&#039;autocuiseurs antid\u00e9flagrants \u00e0 double poign\u00e9e, pour les restaurants commerciaux\" class=\"wp-image-7210\" srcset=\"https:\/\/www.linktonkitchen.com\/wp-content\/uploads\/2024\/04\/Wholesale-explosion-proof-pressure-cookers-with-double-handles-for-commercial-restaurants-5.webp 790w, https:\/\/www.linktonkitchen.com\/wp-content\/uploads\/2024\/04\/Wholesale-explosion-proof-pressure-cookers-with-double-handles-for-commercial-restaurants-5-300x300.webp 300w, https:\/\/www.linktonkitchen.com\/wp-content\/uploads\/2024\/04\/Wholesale-explosion-proof-pressure-cookers-with-double-handles-for-commercial-restaurants-5-150x150.webp 150w, https:\/\/www.linktonkitchen.com\/wp-content\/uploads\/2024\/04\/Wholesale-explosion-proof-pressure-cookers-with-double-handles-for-commercial-restaurants-5-768x768.webp 768w, https:\/\/www.linktonkitchen.com\/wp-content\/uploads\/2024\/04\/Wholesale-explosion-proof-pressure-cookers-with-double-handles-for-commercial-restaurants-5-12x12.webp 12w, https:\/\/www.linktonkitchen.com\/wp-content\/uploads\/2024\/04\/Wholesale-explosion-proof-pressure-cookers-with-double-handles-for-commercial-restaurants-5-285x285.webp 285w, https:\/\/www.linktonkitchen.com\/wp-content\/uploads\/2024\/04\/Wholesale-explosion-proof-pressure-cookers-with-double-handles-for-commercial-restaurants-5-270x270.webp 270w, https:\/\/www.linktonkitchen.com\/wp-content\/uploads\/2024\/04\/Wholesale-explosion-proof-pressure-cookers-with-double-handles-for-commercial-restaurants-5-540x540.webp 540w, https:\/\/www.linktonkitchen.com\/wp-content\/uploads\/2024\/04\/Wholesale-explosion-proof-pressure-cookers-with-double-handles-for-commercial-restaurants-5-660x660.webp 660w\" sizes=\"(max-width: 790px) 100vw, 790px\" \/><\/figure>\n<\/div>\n<\/div>\n\n\n\n<div class=\"wp-block-columns is-layout-flex wp-container-core-columns-is-layout-9d6595d7 wp-block-columns-is-layout-flex\">\n<div class=\"wp-block-column is-layout-flow wp-block-column-is-layout-flow\">\n<figure class=\"wp-block-image size-full\"><img loading=\"lazy\" decoding=\"async\" width=\"546\" height=\"462\" src=\"https:\/\/www.linktonkitchen.com\/wp-content\/uploads\/2025\/03\/custom-pressure-cooker-Color.webp\" alt=\"autocuiseur personnalis\u00e9 Couleur\" class=\"wp-image-5270\" srcset=\"https:\/\/www.linktonkitchen.com\/wp-content\/uploads\/2025\/03\/custom-pressure-cooker-Color.webp 546w, https:\/\/www.linktonkitchen.com\/wp-content\/uploads\/2025\/03\/custom-pressure-cooker-Color-300x254.webp 300w, https:\/\/www.linktonkitchen.com\/wp-content\/uploads\/2025\/03\/custom-pressure-cooker-Color-14x12.webp 14w, https:\/\/www.linktonkitchen.com\/wp-content\/uploads\/2025\/03\/custom-pressure-cooker-Color-285x241.webp 285w, https:\/\/www.linktonkitchen.com\/wp-content\/uploads\/2025\/03\/custom-pressure-cooker-Color-150x127.webp 150w\" sizes=\"(max-width: 546px) 100vw, 546px\" \/><\/figure>\n<\/div>\n\n\n\n<div class=\"wp-block-column is-vertically-aligned-center is-layout-flow wp-block-column-is-layout-flow\">\n<h2 class=\"wp-block-heading\">Autocuiseur industriel sur mesure<\/h2>\n\n\n\n<p><strong>Plage de capacit\u00e9 :\u00a0<\/strong>Choisissez entre 5L et 80L pour r\u00e9pondre aux besoins des diff\u00e9rentes tailles de famille.<\/p>\n\n\n\n<p><strong>Finition de la surface :&nbsp;<\/strong>Disponible en polissage miroir (haute brillance), en finition satin\u00e9e (aspect bross\u00e9) ou en rev\u00eatement de couleur personnalis\u00e9.<\/p>\n\n\n\n<p><strong>Marque et logo :<\/strong><\/p>\n\n\n\n<ul class=\"wp-block-list\">\n<li>Gravure au laser sur le corps du pot.<\/li>\n\n\n\n<li>Tampon sur le fond.<\/li>\n\n\n\n<li>Logo personnalis\u00e9 sur les poign\u00e9es et les valves de pression.<\/li>\n<\/ul>\n\n\n\n<p><strong>Conception de l'emballage :&nbsp;<\/strong>Bo\u00eetes de couleur, manuels d'instructions et cartons d'exp\u00e9dition enti\u00e8rement personnalis\u00e9s avec l'identit\u00e9 visuelle de votre marque.<\/p>\n<\/div>\n<\/div>","protected":false},"excerpt":{"rendered":"<p>Autocuiseur industriel en gros. Avec une tr\u00e8s grande capacit\u00e9, de multiples sp\u00e9cifications \u00e0 choisir, antid\u00e9flagrant, tr\u00e8s s\u00fbr et durable, il aide votre cuisine \u00e0 grande \u00e9chelle \u00e0 fonctionner efficacement ! Nous vous invitons \u00e0 nous consulter pour la personnalisation et la coop\u00e9ration en gros !<\/p>\n<h2>Caract\u00e9ristiques de l'autocuiseur industriel :<\/h2>\n<table width=\"402\">\n<tbody>\n<tr>\n<td width=\"145\">Fabricant<\/td>\n<td width=\"257\">Linkton<\/td>\n<\/tr>\n<tr>\n<td width=\"145\">Capacit\u00e9<\/td>\n<td width=\"257\">26L\/40L\/ 50L \/80L<\/td>\n<\/tr>\n<tr>\n<td>Mat\u00e9riau<\/td>\n<td>Acier inoxydable<\/td>\n<\/tr>\n<tr>\n<td>Fonction<\/td>\n<td width=\"257\">1. Cuisson rapide 60kPa\u00a0<br \/>2. Syst\u00e8me de s\u00e9curit\u00e9 antid\u00e9flagrant<br \/>3. Bouton rotatif en bak\u00e9lite pour une ouverture s\u00fbre et facile<br \/>4. Nettoyage pratique<\/td>\n<\/tr>\n<tr>\n<td>Fourneau applicable<\/td>\n<td>Cuisini\u00e8re\/Cuisini\u00e8re \u00e0 induction\/ Cuisini\u00e8re \u00e0 gaz\/ Cuisini\u00e8re \u00e9lectrique\/ Cuisini\u00e8re en c\u00e9ramique\/ Cuisini\u00e8re halog\u00e8ne<\/td>\n<\/tr>\n<tr>\n<td>Configuration<\/td>\n<td width=\"257\">Manuel\/Soupape de limitation de pression\/Cuvette anti-d\u00e9bordement\/Aiguille de nettoyage<\/td>\n<\/tr>\n<tr>\n<td>OEM\/ODM<\/td>\n<td>Acceptable<\/td>\n<\/tr>\n<tr>\n<td>\u00c9chantillon<\/td>\n<td>MOQ 1 pi\u00e8ce<\/td>\n<\/tr>\n<\/tbody>\n<\/table>","protected":false},"featured_media":6143,"template":"","meta":{"_acf_changed":false},"product-application":[],"product-capacity":[],"product_brand":[],"product_cat":[55],"product_tag":[78,83],"class_list":{"0":"post-6139","1":"product","2":"type-product","3":"status-publish","4":"has-post-thumbnail","6":"product_cat-pressure-cooker-wholesale","7":"product_tag-wholesale-industrial-pressure-cooker","8":"product_tag-wholesale-extra-large-pressure-cooker","10":"first","11":"instock","12":"shipping-taxable","13":"product-type-simple"},"acf":[],"_links":{"self":[{"href":"https:\/\/www.linktonkitchen.com\/fr\/wp-json\/wp\/v2\/product\/6139","targetHints":{"allow":["GET"]}}],"collection":[{"href":"https:\/\/www.linktonkitchen.com\/fr\/wp-json\/wp\/v2\/product"}],"about":[{"href":"https:\/\/www.linktonkitchen.com\/fr\/wp-json\/wp\/v2\/types\/product"}],"version-history":[{"count":0,"href":"https:\/\/www.linktonkitchen.com\/fr\/wp-json\/wp\/v2\/product\/6139\/revisions"}],"wp:featuredmedia":[{"embeddable":true,"href":"https:\/\/www.linktonkitchen.com\/fr\/wp-json\/wp\/v2\/media\/6143"}],"wp:attachment":[{"href":"https:\/\/www.linktonkitchen.com\/fr\/wp-json\/wp\/v2\/media?parent=6139"}],"wp:term":[{"taxonomy":"product-application","embeddable":true,"href":"https:\/\/www.linktonkitchen.com\/fr\/wp-json\/wp\/v2\/product-application?post=6139"},{"taxonomy":"product-capacity","embeddable":true,"href":"https:\/\/www.linktonkitchen.com\/fr\/wp-json\/wp\/v2\/product-capacity?post=6139"},{"taxonomy":"product_brand","embeddable":true,"href":"https:\/\/www.linktonkitchen.com\/fr\/wp-json\/wp\/v2\/product_brand?post=6139"},{"taxonomy":"product_cat","embeddable":true,"href":"https:\/\/www.linktonkitchen.com\/fr\/wp-json\/wp\/v2\/product_cat?post=6139"},{"taxonomy":"product_tag","embeddable":true,"href":"https:\/\/www.linktonkitchen.com\/fr\/wp-json\/wp\/v2\/product_tag?post=6139"}],"curies":[{"name":"wp","href":"https:\/\/api.w.org\/{rel}","templated":true}]}}