{"id":6150,"date":"2025-08-06T07:45:41","date_gmt":"2025-08-06T07:45:41","guid":{"rendered":"https:\/\/www.linktonkitchen.com\/?post_type=product&#038;p=6150"},"modified":"2026-02-04T01:37:09","modified_gmt":"2026-02-04T01:37:09","slug":"wholesale-commercial-pressure-cooker","status":"publish","type":"product","link":"https:\/\/www.linktonkitchen.com\/fr\/product\/wholesale-commercial-pressure-cooker\/","title":{"rendered":"Wholesale Commercial Pressure Cooker, 7-15L China Pressure Cooker Stainless Steel Supplier"},"content":{"rendered":"<div class=\"wp-block-columns is-layout-flex wp-container-core-columns-is-layout-9d6595d7 wp-block-columns-is-layout-flex\">\n<div class=\"wp-block-column is-layout-flow wp-block-column-is-layout-flow\" style=\"flex-basis:30%\">\n<figure class=\"wp-block-embed is-type-video is-provider-youtube wp-block-embed-youtube wp-embed-aspect-9-16 wp-has-aspect-ratio\"><div class=\"wp-block-embed__wrapper\">\n<iframe title=\"Une courte vid\u00e9o pr\u00e9sentant les d\u00e9tails de l&#039;autocuiseur antid\u00e9flagrant de la marque Linkton.#kitchenware\" width=\"563\" height=\"1000\" src=\"https:\/\/www.youtube.com\/embed\/50BkkwC6OSI?feature=oembed\" frameborder=\"0\" allow=\"accelerometer; autoplay; clipboard-write; encrypted-media; gyroscope; picture-in-picture; web-share\" referrerpolicy=\"strict-origin-when-cross-origin\" allowfullscreen><\/iframe>\n<\/div><\/figure>\n<\/div>\n\n\n\n<div class=\"wp-block-column is-vertically-aligned-top is-layout-flow wp-block-column-is-layout-flow\" style=\"flex-basis:70%\">\n<h2 class=\"wp-block-heading\">Autocuiseur commercial Param\u00e8tre :<\/h2>\n\n\n\n<figure class=\"wp-block-table\"><table class=\"has-fixed-layout\"><tbody><tr><td>Num\u00e9ro de mod\u00e8le<\/td><td>Capacit\u00e9<\/td><td>Diam\u00e8tre de l'embouchure<\/td><td>Poids<\/td><\/tr><tr><td rowspan=\"5\">LT-FB<\/td><td>7L<\/td><td>24cm<\/td><td>3,53 kg<\/td><\/tr><tr><td>9L<\/td><td>26cm<\/td><td>4,53 kg<\/td><\/tr><tr><td>11L<\/td><td>28cm<\/td><td>4,82 kg<\/td><\/tr><tr><td>13L<\/td><td>30cm<\/td><td>5,84 kg<\/td><\/tr><tr><td>15L<\/td><td>32cm<\/td><td>6,04 kg<\/td><\/tr><\/tbody><\/table><\/figure>\n\n\n\n<h2 class=\"wp-block-heading\">Autocuiseur commercial Caract\u00e9ristiques :<\/h2>\n\n\n\n<p><strong>S\u00e9curit\u00e9 et protection contre les explosions<\/strong>: Dot\u00e9s de plusieurs caract\u00e9ristiques antid\u00e9flagrantes et de plusieurs dispositifs de protection, notamment une soupape de limitation de pression, une soupape de s\u00e9curit\u00e9 et un bouclier anti-blocage, ces dispositifs pr\u00e9viennent les situations dangereuses telles que la surpression et le blocage, garantissant un processus de cuisson \u00e0 haute pression s\u00fbr et stable.<\/p>\n\n\n\n<p><strong>Cuisine \u00e9conome en \u00e9nergie :<\/strong> Les performances sup\u00e9rieures de scellage, la compression rapide et le temps de cuisson r\u00e9duit permettent d'\u00e9conomiser de l'\u00e9nergie et conviennent \u00e0 la pr\u00e9paration d'aliments \u00e0 haute fr\u00e9quence.<\/p>\n\n\n\n<p><strong>Conception \u00e0 double poign\u00e9e<\/strong>: Les deux points fournissent une force plus \u00e9quilibr\u00e9e, am\u00e9liorent la stabilit\u00e9 structurelle du pot et emp\u00eachent le basculement et les \u00e9claboussures.<\/p>\n\n\n\n<p><strong>Options de capacit\u00e9 multiple<\/strong>: Une vari\u00e9t\u00e9 d'options de capacit\u00e9 est disponible pour r\u00e9pondre aux divers besoins de cuisson des restaurants de toutes tailles, des caf\u00e9t\u00e9rias et des cuisines centrales.<\/p>\n\n\n\n<p><strong>Convient \u00e0 diverses utilisations commerciales<\/strong>: Convient \u00e0 la cuisson de gros volumes dans les h\u00f4tels, les restaurants, les caf\u00e9t\u00e9rias d'\u00e9coles, les cuisines d'entreprises et les cha\u00eenes de restaurants, am\u00e9liorant ainsi l'efficacit\u00e9 de la pr\u00e9paration des aliments.<\/p>\n<\/div>\n<\/div>\n\n\n\n<div class=\"wp-block-columns is-layout-flex wp-container-core-columns-is-layout-9d6595d7 wp-block-columns-is-layout-flex\">\n<div class=\"wp-block-column is-layout-flow wp-block-column-is-layout-flow\">\n<figure class=\"wp-block-image size-full\"><img fetchpriority=\"high\" decoding=\"async\" width=\"800\" height=\"800\" src=\"https:\/\/www.linktonkitchen.com\/wp-content\/uploads\/2025\/07\/Wholesale-Commercial-Pressure-Cooker-2.webp\" alt=\"Autocuiseur commercial de gros (2)\" class=\"wp-image-6154\" srcset=\"https:\/\/www.linktonkitchen.com\/wp-content\/uploads\/2025\/07\/Wholesale-Commercial-Pressure-Cooker-2.webp 800w, https:\/\/www.linktonkitchen.com\/wp-content\/uploads\/2025\/07\/Wholesale-Commercial-Pressure-Cooker-2-300x300.webp 300w, https:\/\/www.linktonkitchen.com\/wp-content\/uploads\/2025\/07\/Wholesale-Commercial-Pressure-Cooker-2-150x150.webp 150w, https:\/\/www.linktonkitchen.com\/wp-content\/uploads\/2025\/07\/Wholesale-Commercial-Pressure-Cooker-2-768x768.webp 768w, https:\/\/www.linktonkitchen.com\/wp-content\/uploads\/2025\/07\/Wholesale-Commercial-Pressure-Cooker-2-12x12.webp 12w, https:\/\/www.linktonkitchen.com\/wp-content\/uploads\/2025\/07\/Wholesale-Commercial-Pressure-Cooker-2-285x285.webp 285w, https:\/\/www.linktonkitchen.com\/wp-content\/uploads\/2025\/07\/Wholesale-Commercial-Pressure-Cooker-2-270x270.webp 270w, https:\/\/www.linktonkitchen.com\/wp-content\/uploads\/2025\/07\/Wholesale-Commercial-Pressure-Cooker-2-540x540.webp 540w, https:\/\/www.linktonkitchen.com\/wp-content\/uploads\/2025\/07\/Wholesale-Commercial-Pressure-Cooker-2-660x660.webp 660w\" sizes=\"(max-width: 800px) 100vw, 800px\" \/><\/figure>\n<\/div>\n\n\n\n<div class=\"wp-block-column is-layout-flow wp-block-column-is-layout-flow\">\n<figure class=\"wp-block-image size-full\"><img decoding=\"async\" width=\"800\" height=\"800\" src=\"https:\/\/www.linktonkitchen.com\/wp-content\/uploads\/2025\/07\/Wholesale-Commercial-Pressure-Cooker-3.webp\" alt=\"Autocuiseur commercial de gros (3)\" class=\"wp-image-6155\" srcset=\"https:\/\/www.linktonkitchen.com\/wp-content\/uploads\/2025\/07\/Wholesale-Commercial-Pressure-Cooker-3.webp 800w, https:\/\/www.linktonkitchen.com\/wp-content\/uploads\/2025\/07\/Wholesale-Commercial-Pressure-Cooker-3-300x300.webp 300w, https:\/\/www.linktonkitchen.com\/wp-content\/uploads\/2025\/07\/Wholesale-Commercial-Pressure-Cooker-3-150x150.webp 150w, https:\/\/www.linktonkitchen.com\/wp-content\/uploads\/2025\/07\/Wholesale-Commercial-Pressure-Cooker-3-768x768.webp 768w, https:\/\/www.linktonkitchen.com\/wp-content\/uploads\/2025\/07\/Wholesale-Commercial-Pressure-Cooker-3-12x12.webp 12w, https:\/\/www.linktonkitchen.com\/wp-content\/uploads\/2025\/07\/Wholesale-Commercial-Pressure-Cooker-3-285x285.webp 285w, https:\/\/www.linktonkitchen.com\/wp-content\/uploads\/2025\/07\/Wholesale-Commercial-Pressure-Cooker-3-270x270.webp 270w, https:\/\/www.linktonkitchen.com\/wp-content\/uploads\/2025\/07\/Wholesale-Commercial-Pressure-Cooker-3-540x540.webp 540w, https:\/\/www.linktonkitchen.com\/wp-content\/uploads\/2025\/07\/Wholesale-Commercial-Pressure-Cooker-3-660x660.webp 660w\" sizes=\"(max-width: 800px) 100vw, 800px\" \/><\/figure>\n<\/div>\n<\/div>\n\n\n\n<div class=\"wp-block-columns is-layout-flex wp-container-core-columns-is-layout-9d6595d7 wp-block-columns-is-layout-flex\">\n<div class=\"wp-block-column is-layout-flow wp-block-column-is-layout-flow\">\n<figure class=\"wp-block-image size-full\"><img decoding=\"async\" width=\"546\" height=\"462\" src=\"https:\/\/www.linktonkitchen.com\/wp-content\/uploads\/2025\/03\/custom-pressure-cooker-Color.webp\" alt=\"autocuiseur personnalis\u00e9 Couleur\" class=\"wp-image-5270\" srcset=\"https:\/\/www.linktonkitchen.com\/wp-content\/uploads\/2025\/03\/custom-pressure-cooker-Color.webp 546w, https:\/\/www.linktonkitchen.com\/wp-content\/uploads\/2025\/03\/custom-pressure-cooker-Color-300x254.webp 300w, https:\/\/www.linktonkitchen.com\/wp-content\/uploads\/2025\/03\/custom-pressure-cooker-Color-14x12.webp 14w, https:\/\/www.linktonkitchen.com\/wp-content\/uploads\/2025\/03\/custom-pressure-cooker-Color-285x241.webp 285w, https:\/\/www.linktonkitchen.com\/wp-content\/uploads\/2025\/03\/custom-pressure-cooker-Color-150x127.webp 150w\" sizes=\"(max-width: 546px) 100vw, 546px\" \/><\/figure>\n<\/div>\n\n\n\n<div class=\"wp-block-column is-vertically-aligned-center is-layout-flow wp-block-column-is-layout-flow\">\n<h2 class=\"wp-block-heading\">Autocuiseur commercial personnalis\u00e9<\/h2>\n\n\n\n<p>Nous proposons des services de personnalisation OEM et ODM flexibles pour r\u00e9pondre aux diff\u00e9rentes exigences du march\u00e9 et au positionnement de la marque.<\/p>\n\n\n\n<p><strong>Plage de capacit\u00e9 :&nbsp;<\/strong>Choisissez entre 5 et 80 litres pour r\u00e9pondre aux besoins des diff\u00e9rentes tailles de famille.<\/p>\n\n\n\n<p><strong>Finition de la surface :&nbsp;<\/strong>Disponible en polissage miroir (haute brillance), en finition satin\u00e9e (aspect bross\u00e9) ou en rev\u00eatement color\u00e9 personnalis\u00e9.<\/p>\n\n\n\n<p><strong>Marque et logo :<\/strong><\/p>\n\n\n\n<ul class=\"wp-block-list\">\n<li>Gravure au laser sur le corps du pot.<\/li>\n\n\n\n<li>Tampon sur le fond.<\/li>\n\n\n\n<li>Logo personnalis\u00e9 sur les poign\u00e9es et les valves de pression.<\/li>\n<\/ul>\n\n\n\n<p><strong>Conception de l'emballage :\u00a0<\/strong>Bo\u00eetes de couleur, manuels d'instructions et cartons d'exp\u00e9dition enti\u00e8rement personnalis\u00e9s avec l'identit\u00e9 visuelle de votre marque.<\/p>\n<\/div>\n<\/div>","protected":false},"excerpt":{"rendered":"<p>Vente en gros d'autocuiseurs commerciaux fabriqu\u00e9s en Chine. Dot\u00e9s d'une double poign\u00e9e et de structures de s\u00e9curit\u00e9 multicouches, ces autocuiseurs sont con\u00e7us pour un usage commercial intensif. Possibilit\u00e9 de personnalisation OEM\/ODM - contactez-nous pour un devis en usine !<\/p>\n<h2>Sp\u00e9cifications de l'autocuiseur commercial :<\/h2>\n<table width=\"402\">\n<tbody>\n<tr>\n<td width=\"145\">Fabricant<\/td>\n<td width=\"257\">Linkton<\/td>\n<\/tr>\n<tr>\n<td>Capacit\u00e9<\/td>\n<td>7L\/ 9L\/ 11L\/13L\/ 15L<\/td>\n<\/tr>\n<tr>\n<td>Mat\u00e9riau<\/td>\n<td>Acier inoxydable<\/td>\n<\/tr>\n<tr>\n<td>Fonction<\/td>\n<td width=\"257\">1. Cuisson rapide 60kPa\u00a0<br \/>2. Syst\u00e8me de s\u00e9curit\u00e9 antid\u00e9flagrant<br \/>3. Bouton rotatif en bak\u00e9lite pour une ouverture s\u00fbre et facile<br \/>4. Nettoyage pratique<\/td>\n<\/tr>\n<tr>\n<td>Fourneau applicable<\/td>\n<td>Cuisini\u00e8re\/Cuisini\u00e8re \u00e0 induction\/ Cuisini\u00e8re \u00e0 gaz\/ Cuisini\u00e8re \u00e9lectrique\/ Cuisini\u00e8re en c\u00e9ramique\/ Cuisini\u00e8re halog\u00e8ne<\/td>\n<\/tr>\n<tr>\n<td>Configuration<\/td>\n<td width=\"257\">Manuel\/Soupape de limitation de pression\/Cuvette anti-d\u00e9bordement\/Aiguille de nettoyage<\/td>\n<\/tr>\n<tr>\n<td>OEM\/ODM<\/td>\n<td>Acceptable<\/td>\n<\/tr>\n<tr>\n<td>\u00c9chantillon<\/td>\n<td>MOQ 1 pi\u00e8ce<\/td>\n<\/tr>\n<\/tbody>\n<\/table>","protected":false},"featured_media":6158,"template":"","meta":{"_acf_changed":false},"product-application":[],"product-capacity":[],"product_brand":[],"product_cat":[55],"product_tag":[77,81],"class_list":{"0":"post-6150","1":"product","2":"type-product","3":"status-publish","4":"has-post-thumbnail","6":"product_cat-pressure-cooker-wholesale","7":"product_tag-wholesale-commercial-pressure-cooker","8":"product_tag-wholesale-medium-pressure-cooker","10":"first","11":"instock","12":"shipping-taxable","13":"product-type-simple"},"acf":[],"_links":{"self":[{"href":"https:\/\/www.linktonkitchen.com\/fr\/wp-json\/wp\/v2\/product\/6150","targetHints":{"allow":["GET"]}}],"collection":[{"href":"https:\/\/www.linktonkitchen.com\/fr\/wp-json\/wp\/v2\/product"}],"about":[{"href":"https:\/\/www.linktonkitchen.com\/fr\/wp-json\/wp\/v2\/types\/product"}],"version-history":[{"count":14,"href":"https:\/\/www.linktonkitchen.com\/fr\/wp-json\/wp\/v2\/product\/6150\/revisions"}],"predecessor-version":[{"id":7254,"href":"https:\/\/www.linktonkitchen.com\/fr\/wp-json\/wp\/v2\/product\/6150\/revisions\/7254"}],"wp:featuredmedia":[{"embeddable":true,"href":"https:\/\/www.linktonkitchen.com\/fr\/wp-json\/wp\/v2\/media\/6158"}],"wp:attachment":[{"href":"https:\/\/www.linktonkitchen.com\/fr\/wp-json\/wp\/v2\/media?parent=6150"}],"wp:term":[{"taxonomy":"product-application","embeddable":true,"href":"https:\/\/www.linktonkitchen.com\/fr\/wp-json\/wp\/v2\/product-application?post=6150"},{"taxonomy":"product-capacity","embeddable":true,"href":"https:\/\/www.linktonkitchen.com\/fr\/wp-json\/wp\/v2\/product-capacity?post=6150"},{"taxonomy":"product_brand","embeddable":true,"href":"https:\/\/www.linktonkitchen.com\/fr\/wp-json\/wp\/v2\/product_brand?post=6150"},{"taxonomy":"product_cat","embeddable":true,"href":"https:\/\/www.linktonkitchen.com\/fr\/wp-json\/wp\/v2\/product_cat?post=6150"},{"taxonomy":"product_tag","embeddable":true,"href":"https:\/\/www.linktonkitchen.com\/fr\/wp-json\/wp\/v2\/product_tag?post=6150"}],"curies":[{"name":"wp","href":"https:\/\/api.w.org\/{rel}","templated":true}]}}