{"id":6177,"date":"2025-07-29T07:06:49","date_gmt":"2025-07-29T07:06:49","guid":{"rendered":"https:\/\/www.linktonkitchen.com\/?post_type=product&#038;p=6177"},"modified":"2026-02-05T09:16:54","modified_gmt":"2026-02-05T09:16:54","slug":"wholesale-8-qt-pressure-cooker","status":"publish","type":"product","link":"https:\/\/www.linktonkitchen.com\/fr\/product\/wholesale-8-qt-pressure-cooker\/","title":{"rendered":"Wholesale 8 qt Pressure Cooker, autocuiseur en acier inoxydable avec grille de cuisson \u00e0 la vapeur"},"content":{"rendered":"<div class=\"wp-block-columns is-layout-flex wp-container-core-columns-is-layout-9d6595d7 wp-block-columns-is-layout-flex\">\n<div class=\"wp-block-column is-vertically-aligned-top is-layout-flow wp-block-column-is-layout-flow\">\n<h2 class=\"wp-block-heading\">Autocuiseur en acier inoxydable Param\u00e8tres :<\/h2>\n\n\n\n<figure class=\"wp-block-table\"><table class=\"has-fixed-layout\"><tbody><tr><td>Num\u00e9ro de mod\u00e8le<\/td><td>Capacit\u00e9<\/td><td>Diam\u00e8tre de l'embouchure<\/td><td>Poids<\/td><\/tr><tr><td rowspan=\"5\">LT-TJ<\/td><td>8L<\/td><td>26cm<\/td><td>3,59 kg<\/td><\/tr><\/tbody><\/table><\/figure>\n\n\n\n<h2 class=\"wp-block-heading\">Autocuiseur en acier inoxydable Caract\u00e9ristiques :<\/h2>\n\n\n\n<p><strong>Acier inoxydable de haute qualit\u00e9 :<\/strong> Fabriqu\u00e9 en acier inoxydable de qualit\u00e9 alimentaire, il est r\u00e9sistant \u00e0 la corrosion et \u00e0 la chaleur, avec une surface lisse et facile \u00e0 nettoyer et une excellente durabilit\u00e9.<\/p>\n\n\n\n<p><strong>Poign\u00e9e renforc\u00e9e anti-scalade<\/strong>: La prise en main est s\u00fbre, sans br\u00fblure, ce qui permet de soulever et de d\u00e9placer facilement les objets en toute confiance.<\/p>\n\n\n\n<p><strong>Valve automatique Red Dot :<\/strong> Un point rouge appara\u00eet automatiquement lorsque la pression est \u00e9lev\u00e9e dans la marmite et diminue automatiquement lorsque la pression est rel\u00e2ch\u00e9e, ce qui permet de d\u00e9terminer plus facilement quand ouvrir le couvercle et d'am\u00e9liorer la s\u00e9curit\u00e9 op\u00e9rationnelle.<\/p>\n\n\n\n<p><strong>80kPa Haute pression de fonctionnement<\/strong>: La pression de fonctionnement atteint 80 kPa, ce qui permet de cuire la viande, les haricots et d'autres ingr\u00e9dients jusqu'\u00e0 la texture souhait\u00e9e en un temps plus court, am\u00e9liorant ainsi consid\u00e9rablement l'efficacit\u00e9 du service et permettant d'\u00e9conomiser de l'\u00e9nergie et du temps.<\/p>\n\n\n\n<p><strong>Multiples garanties de s\u00e9curit\u00e9 : <\/strong>\u00c9quip\u00e9s d'une soupape de limitation de pression, d'une soupape de s\u00e9curit\u00e9 et d'un bouclier anti-blocage, de multiples syst\u00e8mes de protection garantissent une cuisson s\u00fbre et stable tout au long du processus de cuisson.<\/p>\n\n\n\n<p><strong>Compatibilit\u00e9 avec les usages domestiques et commerciaux<\/strong>: La capacit\u00e9 mod\u00e9r\u00e9e r\u00e9pond aux besoins des m\u00e9nages de taille moyenne et des petits restaurants pour la pr\u00e9paration rapide des repas.<\/p>\n<\/div>\n\n\n\n<div class=\"wp-block-column is-vertically-aligned-top is-layout-flow wp-block-column-is-layout-flow\"><div class=\"wp-block-image\">\n<figure class=\"aligncenter size-full\"><img fetchpriority=\"high\" decoding=\"async\" width=\"800\" height=\"800\" src=\"https:\/\/www.linktonkitchen.com\/wp-content\/uploads\/2024\/04\/wholesale-stainless-steel-pressure-cooker-7.webp\" alt=\"autocuiseur en gros en acier inoxydable\" class=\"wp-image-7330\" style=\"object-fit:cover\" srcset=\"https:\/\/www.linktonkitchen.com\/wp-content\/uploads\/2024\/04\/wholesale-stainless-steel-pressure-cooker-7.webp 800w, https:\/\/www.linktonkitchen.com\/wp-content\/uploads\/2024\/04\/wholesale-stainless-steel-pressure-cooker-7-300x300.webp 300w, https:\/\/www.linktonkitchen.com\/wp-content\/uploads\/2024\/04\/wholesale-stainless-steel-pressure-cooker-7-150x150.webp 150w, https:\/\/www.linktonkitchen.com\/wp-content\/uploads\/2024\/04\/wholesale-stainless-steel-pressure-cooker-7-768x768.webp 768w, https:\/\/www.linktonkitchen.com\/wp-content\/uploads\/2024\/04\/wholesale-stainless-steel-pressure-cooker-7-12x12.webp 12w, https:\/\/www.linktonkitchen.com\/wp-content\/uploads\/2024\/04\/wholesale-stainless-steel-pressure-cooker-7-285x285.webp 285w, https:\/\/www.linktonkitchen.com\/wp-content\/uploads\/2024\/04\/wholesale-stainless-steel-pressure-cooker-7-270x270.webp 270w, https:\/\/www.linktonkitchen.com\/wp-content\/uploads\/2024\/04\/wholesale-stainless-steel-pressure-cooker-7-540x540.webp 540w, https:\/\/www.linktonkitchen.com\/wp-content\/uploads\/2024\/04\/wholesale-stainless-steel-pressure-cooker-7-660x660.webp 660w\" sizes=\"(max-width: 800px) 100vw, 800px\" \/><\/figure>\n<\/div><\/div>\n<\/div>","protected":false},"excerpt":{"rendered":"<p>Autocuiseurs 8 qt en gros, avec poign\u00e9e anti-br\u00fblure et grille de cuisson \u00e0 la vapeur, fabriqu\u00e9s en acier inoxydable de haute qualit\u00e9, garantissant un chauffage uniforme et la s\u00e9curit\u00e9. Services OEM\/ODM disponibles. Contactez-nous pour un devis !<\/p>\n<h2>Autocuiseur 8 qt Sp\u00e9cifications :<\/h2>\n<table width=\"402\">\n<tbody>\n<tr>\n<td width=\"145\">Fabricant<\/td>\n<td width=\"257\">Linkton<\/td>\n<\/tr>\n<tr>\n<td width=\"145\">Capacit\u00e9<\/td>\n<td width=\"257\">5L\/ 6L\/ 8L<\/td>\n<\/tr>\n<tr>\n<td>Mat\u00e9riau<\/td>\n<td>Acier inoxydable<\/td>\n<\/tr>\n<tr>\n<td>Fonction<\/td>\n<td width=\"257\">1. Avec une grille de cuisson \u00e0 la vapeur et une poign\u00e9e anti-br\u00fblure<br \/>2. Pression de 80 kpa<br \/>3. Soupape de d\u00e9compression automatique \u00e0 point rouge<br \/>4. S\u00e9curit\u00e9 antid\u00e9flagrante<br \/>5. Nettoyage pratique<\/td>\n<\/tr>\n<tr>\n<td>Configuration<\/td>\n<td width=\"257\">Manuel\/Soupape de limitation de pression\/Cuvette anti-d\u00e9bordement\/Aiguille de nettoyage<\/td>\n<\/tr>\n<tr>\n<td>Fourneau applicable<\/td>\n<td>Cuisini\u00e8re\/ Cuisini\u00e8re \u00e0 induction\/ Cuisini\u00e8re \u00e0 gaz\/ Cuisini\u00e8re \u00e9lectrique\/ Cuisini\u00e8re en c\u00e9ramique\/ Cuisini\u00e8re halog\u00e8ne<\/td>\n<\/tr>\n<tr>\n<td>OEM\/ODM<\/td>\n<td>Acceptable<\/td>\n<\/tr>\n<tr>\n<td>\u00c9chantillon<\/td>\n<td>MOQ 1 pi\u00e8ce<\/td>\n<\/tr>\n<\/tbody>\n<\/table>","protected":false},"featured_media":7335,"template":"","meta":{"_acf_changed":false},"product-application":[],"product-capacity":[],"product_brand":[],"product_cat":[55],"product_tag":[77,76,81],"class_list":{"0":"post-6177","1":"product","2":"type-product","3":"status-publish","4":"has-post-thumbnail","6":"product_cat-pressure-cooker-wholesale","7":"product_tag-wholesale-commercial-pressure-cooker","8":"product_tag-wholesale-home-pressure-cooker","9":"product_tag-wholesale-medium-pressure-cooker","11":"first","12":"instock","13":"shipping-taxable","14":"product-type-simple"},"acf":[],"_links":{"self":[{"href":"https:\/\/www.linktonkitchen.com\/fr\/wp-json\/wp\/v2\/product\/6177","targetHints":{"allow":["GET"]}}],"collection":[{"href":"https:\/\/www.linktonkitchen.com\/fr\/wp-json\/wp\/v2\/product"}],"about":[{"href":"https:\/\/www.linktonkitchen.com\/fr\/wp-json\/wp\/v2\/types\/product"}],"version-history":[{"count":0,"href":"https:\/\/www.linktonkitchen.com\/fr\/wp-json\/wp\/v2\/product\/6177\/revisions"}],"wp:featuredmedia":[{"embeddable":true,"href":"https:\/\/www.linktonkitchen.com\/fr\/wp-json\/wp\/v2\/media\/7335"}],"wp:attachment":[{"href":"https:\/\/www.linktonkitchen.com\/fr\/wp-json\/wp\/v2\/media?parent=6177"}],"wp:term":[{"taxonomy":"product-application","embeddable":true,"href":"https:\/\/www.linktonkitchen.com\/fr\/wp-json\/wp\/v2\/product-application?post=6177"},{"taxonomy":"product-capacity","embeddable":true,"href":"https:\/\/www.linktonkitchen.com\/fr\/wp-json\/wp\/v2\/product-capacity?post=6177"},{"taxonomy":"product_brand","embeddable":true,"href":"https:\/\/www.linktonkitchen.com\/fr\/wp-json\/wp\/v2\/product_brand?post=6177"},{"taxonomy":"product_cat","embeddable":true,"href":"https:\/\/www.linktonkitchen.com\/fr\/wp-json\/wp\/v2\/product_cat?post=6177"},{"taxonomy":"product_tag","embeddable":true,"href":"https:\/\/www.linktonkitchen.com\/fr\/wp-json\/wp\/v2\/product_tag?post=6177"}],"curies":[{"name":"wp","href":"https:\/\/api.w.org\/{rel}","templated":true}]}}