{"id":6228,"date":"2025-08-06T07:45:43","date_gmt":"2025-08-06T07:45:43","guid":{"rendered":"https:\/\/www.linktonkitchen.com\/?post_type=product&#038;p=6228"},"modified":"2026-02-05T07:24:01","modified_gmt":"2026-02-05T07:24:01","slug":"wholesale-pressure-cooker-pot","status":"publish","type":"product","link":"https:\/\/www.linktonkitchen.com\/fr\/produit\/wholesale-pressure-cooker-pot\/","title":{"rendered":"Wholesale Pressure Cooker Pot,Stainless Steel 6-11QT Pressure Cooker Manufacurer"},"content":{"rendered":"<div class=\"wp-block-columns is-layout-flex wp-container-core-columns-is-layout-9d6595d7 wp-block-columns-is-layout-flex\">\n<div class=\"wp-block-column is-vertically-aligned-top is-layout-flow wp-block-column-is-layout-flow\">\n<h2 class=\"wp-block-heading\">Param\u00e8tres de la marmite \u00e0 pression :<\/h2>\n\n\n\n<figure class=\"wp-block-table\"><table><tbody><tr><td>Num\u00e9ro de mod\u00e8le<\/td><td>Capacit\u00e9<\/td><td>Diam\u00e8tre de l'embouchure<\/td><td>Poids brut (kg)<\/td><\/tr><tr><td rowspan=\"4\">LT-OX<\/td><td>6L<\/td><td>22cm<\/td><td>2,67 kg<\/td><\/tr><tr><td>7L<\/td><td>24cm<\/td><td>3,25 kg<\/td><\/tr><tr><td>9L<\/td><td>26cm<\/td><td>4,01 kg<\/td><\/tr><tr><td>11L<\/td><td>28cm<\/td><td>4,41 kg<\/td><\/tr><\/tbody><\/table><\/figure>\n\n\n\n<h2 class=\"wp-block-heading\">Marmite \u00e0 pression Caract\u00e9ristiques :<\/h2>\n\n\n\n<p><strong>Cuisson efficace<\/strong>: L'autocuiseur est dot\u00e9 d'une structure durable \u00e0 haute pression capable de supporter une pression allant jusqu'\u00e0 80 KPA, r\u00e9duisant ainsi le temps de cuisson tout en \u00e9tant \u00e9conome en \u00e9nergie et adapt\u00e9 \u00e0 une utilisation intensive dans des environnements tels que les restaurants et les caf\u00e9t\u00e9rias.<\/p>\n\n\n\n<p><strong>Options de capacit\u00e9 multiple<\/strong>: Disponibles en 6, 7, 9 et 11 litres, ils conviennent aussi bien \u00e0 la petite cuisine familiale qu'\u00e0 la cuisine commerciale \u00e0 grande \u00e9chelle, r\u00e9pondant ainsi aux besoins vari\u00e9s des diff\u00e9rents clients.<\/p>\n\n\n\n<p><strong>\u00c9quip\u00e9 de multiples dispositifs de s\u00e9curit\u00e9 :<\/strong> La soupape de surpression, la soupape de s\u00e9curit\u00e9 et le couvercle anti-colmatage sont con\u00e7us pour \u00e9viter toute surpression. Les poign\u00e9es rouges sont r\u00e9sistantes \u00e0 la chaleur et antid\u00e9rapantes, ce qui garantit une utilisation plus s\u00fbre.<\/p>\n\n\n\n<p><strong>Acier inoxydable de haute qualit\u00e9<\/strong>: Fabriqu\u00e9 en acier inoxydable \u00e9pais de qualit\u00e9 alimentaire, il r\u00e9siste \u00e0 la chaleur et \u00e0 la corrosion. Le corps de la marmite est robuste et r\u00e9sistant \u00e0 la d\u00e9formation. Il reste brillant et neuf m\u00eame apr\u00e8s une utilisation prolong\u00e9e, et il est facile \u00e0 nettoyer et \u00e0 entretenir.<\/p>\n\n\n\n<p><strong>Large compatibilit\u00e9 :<\/strong> Convient \u00e0 diverses sources de chaleur telles que les cuisini\u00e8res \u00e0 gaz, les cuisini\u00e8res \u00e0 induction et les cuisini\u00e8res en c\u00e9ramique, r\u00e9pondant ainsi aux divers besoins des cuisines domestiques et commerciales.<\/p>\n\n\n\n<p><strong>Couvercle au design floral \u00e9l\u00e9gant<\/strong>: Le couvercle de la casserole est orn\u00e9 de motifs floraux traditionnels combin\u00e9s \u00e0 la brillance moderne de l'acier inoxydable, offrant \u00e0 la fois un attrait esth\u00e9tique et pratique, am\u00e9liorant l'ambiance g\u00e9n\u00e9rale de la cuisine.<\/p>\n<\/div>\n\n\n\n<div class=\"wp-block-column is-vertically-aligned-top is-layout-flow wp-block-column-is-layout-flow\">\n<figure class=\"wp-block-image size-full\"><img fetchpriority=\"high\" decoding=\"async\" width=\"1188\" height=\"1188\" src=\"https:\/\/www.linktonkitchen.com\/wp-content\/uploads\/2025\/08\/wholesale-pressure-cooker-pot-4.webp\" alt=\"gros pot pour autocuiseur (4)\" class=\"wp-image-6232\" srcset=\"https:\/\/www.linktonkitchen.com\/wp-content\/uploads\/2025\/08\/wholesale-pressure-cooker-pot-4.webp 1188w, https:\/\/www.linktonkitchen.com\/wp-content\/uploads\/2025\/08\/wholesale-pressure-cooker-pot-4-300x300.webp 300w, https:\/\/www.linktonkitchen.com\/wp-content\/uploads\/2025\/08\/wholesale-pressure-cooker-pot-4-150x150.webp 150w, https:\/\/www.linktonkitchen.com\/wp-content\/uploads\/2025\/08\/wholesale-pressure-cooker-pot-4-768x768.webp 768w, https:\/\/www.linktonkitchen.com\/wp-content\/uploads\/2025\/08\/wholesale-pressure-cooker-pot-4-12x12.webp 12w, https:\/\/www.linktonkitchen.com\/wp-content\/uploads\/2025\/08\/wholesale-pressure-cooker-pot-4-285x285.webp 285w, https:\/\/www.linktonkitchen.com\/wp-content\/uploads\/2025\/08\/wholesale-pressure-cooker-pot-4-270x270.webp 270w, https:\/\/www.linktonkitchen.com\/wp-content\/uploads\/2025\/08\/wholesale-pressure-cooker-pot-4-540x540.webp 540w, https:\/\/www.linktonkitchen.com\/wp-content\/uploads\/2025\/08\/wholesale-pressure-cooker-pot-4-660x660.webp 660w\" sizes=\"(max-width: 1188px) 100vw, 1188px\" \/><\/figure>\n<\/div>\n<\/div>\n\n\n\n<div class=\"wp-block-columns is-layout-flex wp-container-core-columns-is-layout-9d6595d7 wp-block-columns-is-layout-flex\">\n<div class=\"wp-block-column is-layout-flow wp-block-column-is-layout-flow\">\n<figure class=\"wp-block-image size-full\"><img decoding=\"async\" width=\"3000\" height=\"3000\" src=\"https:\/\/www.linktonkitchen.com\/wp-content\/uploads\/2025\/08\/wholesale-pressure-cooker-pot-2.webp\" alt=\"gros pot pour autocuiseur (2)\" class=\"wp-image-6230\" srcset=\"https:\/\/www.linktonkitchen.com\/wp-content\/uploads\/2025\/08\/wholesale-pressure-cooker-pot-2.webp 3000w, https:\/\/www.linktonkitchen.com\/wp-content\/uploads\/2025\/08\/wholesale-pressure-cooker-pot-2-300x300.webp 300w, https:\/\/www.linktonkitchen.com\/wp-content\/uploads\/2025\/08\/wholesale-pressure-cooker-pot-2-150x150.webp 150w, https:\/\/www.linktonkitchen.com\/wp-content\/uploads\/2025\/08\/wholesale-pressure-cooker-pot-2-768x768.webp 768w, https:\/\/www.linktonkitchen.com\/wp-content\/uploads\/2025\/08\/wholesale-pressure-cooker-pot-2-12x12.webp 12w, https:\/\/www.linktonkitchen.com\/wp-content\/uploads\/2025\/08\/wholesale-pressure-cooker-pot-2-285x285.webp 285w, https:\/\/www.linktonkitchen.com\/wp-content\/uploads\/2025\/08\/wholesale-pressure-cooker-pot-2-1600x1600.webp 1600w, https:\/\/www.linktonkitchen.com\/wp-content\/uploads\/2025\/08\/wholesale-pressure-cooker-pot-2-270x270.webp 270w, https:\/\/www.linktonkitchen.com\/wp-content\/uploads\/2025\/08\/wholesale-pressure-cooker-pot-2-540x540.webp 540w, https:\/\/www.linktonkitchen.com\/wp-content\/uploads\/2025\/08\/wholesale-pressure-cooker-pot-2-660x660.webp 660w\" sizes=\"(max-width: 3000px) 100vw, 3000px\" \/><\/figure>\n<\/div>\n\n\n\n<div class=\"wp-block-column is-layout-flow wp-block-column-is-layout-flow\">\n<h2 class=\"wp-block-heading\">Marmite \u00e0 pression personnalis\u00e9e :<\/h2>\n\n\n\n<p>Linkton propose des services de personnalisation OEM et ODM flexibles pour r\u00e9pondre aux diff\u00e9rentes exigences du march\u00e9 et au positionnement de la marque.<\/p>\n\n\n\n<p><strong>Plage de capacit\u00e9 :\u00a0<\/strong>Choisissez entre 6 et 11 litres pour r\u00e9pondre aux besoins des diff\u00e9rentes tailles de famille.<\/p>\n\n\n\n<p><strong>Finition de la surface :&nbsp;<\/strong>Disponible en polissage miroir (haute brillance), en finition satin\u00e9e (aspect bross\u00e9) ou en rev\u00eatement color\u00e9 personnalis\u00e9.<\/p>\n\n\n\n<p><strong>Marque et logo :<\/strong><\/p>\n\n\n\n<ul class=\"wp-block-list\">\n<li>Gravure au laser sur le corps du pot.<\/li>\n\n\n\n<li>Tampon sur le fond.<\/li>\n\n\n\n<li>Logo personnalis\u00e9 sur les poign\u00e9es et les valves de pression.<\/li>\n<\/ul>\n\n\n\n<p><strong>Conception de l'emballage :&nbsp;<\/strong>Bo\u00eetes de couleur, manuels d'instructions et cartons d'exp\u00e9dition enti\u00e8rement personnalis\u00e9s avec l'identit\u00e9 visuelle de votre marque.<\/p>\n<\/div>\n<\/div>","protected":false},"excerpt":{"rendered":"<p>Cocotte-minute en gros, plusieurs capacit\u00e9s disponibles, mat\u00e9riau en acier inoxydable de qualit\u00e9 alimentaire, conception \u00e0 haute pression 80KPA, adapt\u00e9e \u00e0 la maison et au commerce, s\u00fbre et pratique. Contactez-nous pour plus de param\u00e8tres.<\/p>\n<h2><strong>Autocuiseur\u00a0<\/strong><span style=\"box-sizing: border-box; margin: 0px; padding: 0px;\"><strong>Pot\u00a0<\/strong>Sp\u00e9cifications<\/span>:<\/h2>\n<table width=\"402\">\n<tbody>\n<tr>\n<td width=\"145\">Fabricant<\/td>\n<td width=\"257\">Linkton<\/td>\n<\/tr>\n<tr>\n<td>Mat\u00e9riau<\/td>\n<td>Acier inoxydable<\/td>\n<\/tr>\n<tr>\n<td>Capacit\u00e9<\/td>\n<td>6L\/ 7L\/ 9L\/ 11L<\/td>\n<\/tr>\n<tr>\n<td>Fonction<\/td>\n<td width=\"257\">1. Couvercle \u00e0 fermeture par pression<br \/>2. Six protections lourdes<br \/>3. Pression de 80 kpa<br \/>4. S\u00e9curit\u00e9 antid\u00e9flagrante<br \/>5. Nettoyage pratique<\/td>\n<\/tr>\n<tr>\n<td>Fourneau applicable<\/td>\n<td>Cuisini\u00e8re\/Cuisini\u00e8re \u00e0 induction\/ Cuisini\u00e8re \u00e0 gaz\/ Cuisini\u00e8re \u00e9lectrique\/ Cuisini\u00e8re en c\u00e9ramique\/ Cuisini\u00e8re halog\u00e8ne<\/td>\n<\/tr>\n<tr>\n<td>Configuration<\/td>\n<td width=\"257\">Manuel\/Soupape de limitation de pression\/Cuvette anti-d\u00e9bordement\/Aiguille de nettoyage<\/td>\n<\/tr>\n<tr>\n<td>OEM\/ODM<\/td>\n<td>Acceptable<\/td>\n<\/tr>\n<tr>\n<td>\u00c9chantillon<\/td>\n<td>MOQ 1 pi\u00e8ce<\/td>\n<\/tr>\n<\/tbody>\n<\/table>","protected":false},"featured_media":6229,"template":"","meta":{"_acf_changed":false},"product-application":[],"product-capacity":[],"product_brand":[],"product_cat":[55],"product_tag":[77,76,80,81],"class_list":{"0":"post-6228","1":"product","2":"type-product","3":"status-publish","4":"has-post-thumbnail","6":"product_cat-pressure-cooker-wholesale","7":"product_tag-wholesale-commercial-pressure-cooker","8":"product_tag-wholesale-home-pressure-cooker","9":"product_tag-wholesale-small-pressure-cooker","10":"product_tag-wholesale-medium-pressure-cooker","12":"first","13":"instock","14":"shipping-taxable","15":"product-type-simple"},"acf":[],"_links":{"self":[{"href":"https:\/\/www.linktonkitchen.com\/fr\/wp-json\/wp\/v2\/product\/6228","targetHints":{"allow":["GET"]}}],"collection":[{"href":"https:\/\/www.linktonkitchen.com\/fr\/wp-json\/wp\/v2\/product"}],"about":[{"href":"https:\/\/www.linktonkitchen.com\/fr\/wp-json\/wp\/v2\/types\/product"}],"version-history":[{"count":4,"href":"https:\/\/www.linktonkitchen.com\/fr\/wp-json\/wp\/v2\/product\/6228\/revisions"}],"predecessor-version":[{"id":7425,"href":"https:\/\/www.linktonkitchen.com\/fr\/wp-json\/wp\/v2\/product\/6228\/revisions\/7425"}],"wp:featuredmedia":[{"embeddable":true,"href":"https:\/\/www.linktonkitchen.com\/fr\/wp-json\/wp\/v2\/media\/6229"}],"wp:attachment":[{"href":"https:\/\/www.linktonkitchen.com\/fr\/wp-json\/wp\/v2\/media?parent=6228"}],"wp:term":[{"taxonomy":"product-application","embeddable":true,"href":"https:\/\/www.linktonkitchen.com\/fr\/wp-json\/wp\/v2\/product-application?post=6228"},{"taxonomy":"product-capacity","embeddable":true,"href":"https:\/\/www.linktonkitchen.com\/fr\/wp-json\/wp\/v2\/product-capacity?post=6228"},{"taxonomy":"product_brand","embeddable":true,"href":"https:\/\/www.linktonkitchen.com\/fr\/wp-json\/wp\/v2\/product_brand?post=6228"},{"taxonomy":"product_cat","embeddable":true,"href":"https:\/\/www.linktonkitchen.com\/fr\/wp-json\/wp\/v2\/product_cat?post=6228"},{"taxonomy":"product_tag","embeddable":true,"href":"https:\/\/www.linktonkitchen.com\/fr\/wp-json\/wp\/v2\/product_tag?post=6228"}],"curies":[{"name":"wp","href":"https:\/\/api.w.org\/{rel}","templated":true}]}}