{"id":6258,"date":"2025-08-06T07:45:42","date_gmt":"2025-08-06T07:45:42","guid":{"rendered":"https:\/\/www.linktonkitchen.com\/?post_type=product&#038;p=6258"},"modified":"2026-02-05T08:54:23","modified_gmt":"2026-02-05T08:54:23","slug":"wholesale-camping-pressure-cooker","status":"publish","type":"product","link":"https:\/\/www.linktonkitchen.com\/fr\/produit\/wholesale-camping-pressure-cooker\/","title":{"rendered":"Vente en gros d'autocuiseurs pour camping, fabricant chinois de mini autocuiseurs"},"content":{"rendered":"<div class=\"wp-block-columns is-layout-flex wp-container-core-columns-is-layout-9d6595d7 wp-block-columns-is-layout-flex\">\n<div class=\"wp-block-column is-layout-flow wp-block-column-is-layout-flow\">\n<h2 class=\"wp-block-heading\">Autocuiseur de camping Param\u00e8tre :<\/h2>\n\n\n\n<figure class=\"wp-block-table\"><table><tbody><tr><td><strong>Num\u00e9ro de mod\u00e8le<\/strong><\/td><td><strong>Capacit\u00e9<\/strong><\/td><td><strong>Diam\u00e8tre<\/strong><\/td><\/tr><tr><td rowspan=\"4\">LT-XFKH<\/td><td>0.8 L<\/td><td>13cm\/15cm<\/td><\/tr><tr><td>1.2 L<\/td><td>13cm\/15cm<\/td><\/tr><tr><td>1.6 L<\/td><td>13cm\/15cm<\/td><\/tr><tr><td>2.0 L<\/td><td>13cm\/15cm<\/td><\/tr><\/tbody><\/table><\/figure>\n\n\n\n<h2 class=\"wp-block-heading\">Autocuiseur de camping Caract\u00e9ristiques :<\/h2>\n\n\n\n<p><strong>Mat\u00e9riau de haute qualit\u00e9<\/strong>: Fabriqu\u00e9 en acier inoxydable 304 de qualit\u00e9 alimentaire, s\u00fbr et durable, facile \u00e0 nettoyer, longue dur\u00e9e de vie.<\/p>\n\n\n\n<p><strong>Structure du couvercle d'\u00e9tanch\u00e9it\u00e9 \u00e0 visser :<\/strong> facile \u00e0 utiliser, tourner pour verrouiller, am\u00e9liorer l'\u00e9tanch\u00e9it\u00e9 et la s\u00e9curit\u00e9.<\/p>\n\n\n\n<p><strong>Conception compacte et portable<\/strong>: Gr\u00e2ce \u00e0 sa structure viss\u00e9e, le pot est compact et facile \u00e0 ranger sans prendre beaucoup de place, ce qui convient aux petites cuisines urbaines modernes.<\/p>\n\n\n\n<p><strong>Cuisson efficace<\/strong>: Marmite de petite capacit\u00e9 combin\u00e9e \u00e0 une technologie \u00e0 haute pression, chauffant plus rapidement, \u00e9conomisant de l'\u00e9nergie et du temps, facile \u00e0 utiliser pour la cuisson des aliments d'une personne ou des compl\u00e9ments alimentaires pour b\u00e9b\u00e9s.<\/p>\n\n\n\n<p><strong>Options multi-capacit\u00e9s :<\/strong> Les capacit\u00e9s de 0,8L, 1,2L, 1,5L, 2L s'adaptent aux besoins de diff\u00e9rentes personnes, du dortoir d'\u00e9tudiant \u00e0 l'appartement individuel, en passant par le repas exquis d'une seule personne.<\/p>\n\n\n\n<p><strong>Applicable \u00e0 un grand nombre de sc\u00e9narios<\/strong>Le produit est id\u00e9al pour les bouillies, les rago\u00fbts, les \u0153ufs \u00e0 la vapeur, les viandes mijot\u00e9es et d'autres plats rapides. Il convient particuli\u00e8rement aux suppl\u00e9ments pour b\u00e9b\u00e9s, aux petites portions de repas nutritifs et aux sc\u00e9narios de cuisine en camping.<\/p>\n<\/div>\n\n\n\n<div class=\"wp-block-column is-layout-flow wp-block-column-is-layout-flow\">\n<figure class=\"wp-block-image size-full\"><img fetchpriority=\"high\" decoding=\"async\" width=\"4180\" height=\"3864\" src=\"https:\/\/www.linktonkitchen.com\/wp-content\/uploads\/2025\/08\/camping-pressure-cooker-wholesale-6.webp\" alt=\"autocuiseur de camping en gros (6)\" class=\"wp-image-6265\" srcset=\"https:\/\/www.linktonkitchen.com\/wp-content\/uploads\/2025\/08\/camping-pressure-cooker-wholesale-6.webp 4180w, https:\/\/www.linktonkitchen.com\/wp-content\/uploads\/2025\/08\/camping-pressure-cooker-wholesale-6-300x277.webp 300w, https:\/\/www.linktonkitchen.com\/wp-content\/uploads\/2025\/08\/camping-pressure-cooker-wholesale-6-768x710.webp 768w, https:\/\/www.linktonkitchen.com\/wp-content\/uploads\/2025\/08\/camping-pressure-cooker-wholesale-6-13x12.webp 13w, https:\/\/www.linktonkitchen.com\/wp-content\/uploads\/2025\/08\/camping-pressure-cooker-wholesale-6-285x263.webp 285w, https:\/\/www.linktonkitchen.com\/wp-content\/uploads\/2025\/08\/camping-pressure-cooker-wholesale-6-1600x1479.webp 1600w, https:\/\/www.linktonkitchen.com\/wp-content\/uploads\/2025\/08\/camping-pressure-cooker-wholesale-6-660x610.webp 660w, https:\/\/www.linktonkitchen.com\/wp-content\/uploads\/2025\/08\/camping-pressure-cooker-wholesale-6-150x139.webp 150w\" sizes=\"(max-width: 4180px) 100vw, 4180px\" \/><\/figure>\n<\/div>\n<\/div>\n\n\n\n<div class=\"wp-block-columns is-layout-flex wp-container-core-columns-is-layout-9d6595d7 wp-block-columns-is-layout-flex\">\n<div class=\"wp-block-column is-layout-flow wp-block-column-is-layout-flow\">\n<figure class=\"wp-block-image size-full\"><img decoding=\"async\" width=\"3379\" height=\"3379\" src=\"https:\/\/www.linktonkitchen.com\/wp-content\/uploads\/2025\/08\/camping-pressure-cooker-wholesale-5.webp\" alt=\"autocuiseur de camping en gros (5)\" class=\"wp-image-6264\" srcset=\"https:\/\/www.linktonkitchen.com\/wp-content\/uploads\/2025\/08\/camping-pressure-cooker-wholesale-5.webp 3379w, https:\/\/www.linktonkitchen.com\/wp-content\/uploads\/2025\/08\/camping-pressure-cooker-wholesale-5-300x300.webp 300w, https:\/\/www.linktonkitchen.com\/wp-content\/uploads\/2025\/08\/camping-pressure-cooker-wholesale-5-150x150.webp 150w, https:\/\/www.linktonkitchen.com\/wp-content\/uploads\/2025\/08\/camping-pressure-cooker-wholesale-5-768x768.webp 768w, https:\/\/www.linktonkitchen.com\/wp-content\/uploads\/2025\/08\/camping-pressure-cooker-wholesale-5-12x12.webp 12w, https:\/\/www.linktonkitchen.com\/wp-content\/uploads\/2025\/08\/camping-pressure-cooker-wholesale-5-285x285.webp 285w, https:\/\/www.linktonkitchen.com\/wp-content\/uploads\/2025\/08\/camping-pressure-cooker-wholesale-5-1600x1600.webp 1600w, https:\/\/www.linktonkitchen.com\/wp-content\/uploads\/2025\/08\/camping-pressure-cooker-wholesale-5-270x270.webp 270w, https:\/\/www.linktonkitchen.com\/wp-content\/uploads\/2025\/08\/camping-pressure-cooker-wholesale-5-540x540.webp 540w, https:\/\/www.linktonkitchen.com\/wp-content\/uploads\/2025\/08\/camping-pressure-cooker-wholesale-5-660x660.webp 660w\" sizes=\"(max-width: 3379px) 100vw, 3379px\" \/><\/figure>\n<\/div>\n\n\n\n<div class=\"wp-block-column is-vertically-aligned-center is-layout-flow wp-block-column-is-layout-flow\">\n<h2 class=\"wp-block-heading\">Autocuiseur de camping personnalis\u00e9 :<\/h2>\n\n\n\n<p>Linkton propose des services de personnalisation OEM et ODM flexibles pour r\u00e9pondre aux diff\u00e9rentes exigences du march\u00e9 et au positionnement de la marque.<\/p>\n\n\n\n<p><strong>Plage de capacit\u00e9 :&nbsp;<\/strong>Choisissez entre 0,8 et 2 litres pour r\u00e9pondre aux besoins des diff\u00e9rentes familles.<\/p>\n\n\n\n<p><strong>Finition de la surface :&nbsp;<\/strong>Disponible en polissage miroir (haute brillance), en finition satin\u00e9e (aspect bross\u00e9) ou en rev\u00eatement color\u00e9 personnalis\u00e9.<\/p>\n\n\n\n<p><strong>Marque et logo :<\/strong><\/p>\n\n\n\n<ul class=\"wp-block-list\">\n<li>Gravure au laser sur le corps du pot.<\/li>\n\n\n\n<li>Tampon sur le fond.<\/li>\n\n\n\n<li>Logo personnalis\u00e9 sur les poign\u00e9es et les valves de pression.<\/li>\n<\/ul>\n\n\n\n<p><strong>Conception de l'emballage :&nbsp;<\/strong>Bo\u00eetes de couleur, manuels d'instructions et cartons d'exp\u00e9dition enti\u00e8rement personnalis\u00e9s avec l'identit\u00e9 visuelle de votre marque.<\/p>\n<\/div>\n<\/div>","protected":false},"excerpt":{"rendered":"<p>Autocuiseur de camping en gros, autocuiseur de petite capacit\u00e9, couvercle \u00e0 verrouillage rotatif \u00e9conomisant plus d'\u00e9nergie, adapt\u00e9 \u00e0 la nourriture d'une seule personne, au suppl\u00e9ment pour b\u00e9b\u00e9, \u00e0 la cuisine pratique de pique-nique, 0.8L-2L, plusieurs sp\u00e9cifications peuvent \u00eatre s\u00e9lectionn\u00e9es, bienvenue \u00e0 la personnalisation en gros !<\/p>\n<h2>Autocuiseur de camping Sp\u00e9cifications<\/h2>\n<table width=\"402\">\n<tbody>\n<tr>\n<td width=\"145\">Fabricant<\/td>\n<td width=\"257\">Linkton<\/td>\n<\/tr>\n<tr>\n<td width=\"145\">Num\u00e9ro de mod\u00e8le<\/td>\n<td width=\"257\">LT-XFKH<\/td>\n<\/tr>\n<tr>\n<td width=\"145\">Capacit\u00e9<\/td>\n<td width=\"257\">0,8L\/ 1,2L\/ 1,6L\/ 2L<\/td>\n<\/tr>\n<tr>\n<td>Mat\u00e9riau<\/td>\n<td>Acier inoxydable Triply<\/td>\n<\/tr>\n<tr>\n<td>Fonction<\/td>\n<td width=\"257\">1. Bouton de verrouillage de s\u00e9curit\u00e9<br \/>2. Cuisson rapide<br \/>3. S\u00e9curit\u00e9 antid\u00e9flagrante<br \/>4. Nettoyage pratique<\/td>\n<\/tr>\n<tr>\n<td>Fourneau applicable<\/td>\n<td>Cuisini\u00e8re \u00e0 flamme nue\/ \u00e0 induction\/ \u00e0 gaz<\/td>\n<\/tr>\n<tr>\n<td>OEM\/ODM<\/td>\n<td>Acceptable<\/td>\n<\/tr>\n<tr>\n<td>\u00c9chantillon<\/td>\n<td>MOQ 1 pi\u00e8ce<\/td>\n<\/tr>\n<\/tbody>\n<\/table>","protected":false},"featured_media":6262,"template":"","meta":{"_acf_changed":false},"product-application":[],"product-capacity":[],"product_brand":[],"product_cat":[55],"product_tag":[76,79],"class_list":{"0":"post-6258","1":"product","2":"type-product","3":"status-publish","4":"has-post-thumbnail","6":"product_cat-pressure-cooker-wholesale","7":"product_tag-wholesale-home-pressure-cooker","8":"product_tag-wholesale-mini-pressure-cooker","10":"first","11":"instock","12":"shipping-taxable","13":"product-type-simple"},"acf":[],"_links":{"self":[{"href":"https:\/\/www.linktonkitchen.com\/fr\/wp-json\/wp\/v2\/product\/6258","targetHints":{"allow":["GET"]}}],"collection":[{"href":"https:\/\/www.linktonkitchen.com\/fr\/wp-json\/wp\/v2\/product"}],"about":[{"href":"https:\/\/www.linktonkitchen.com\/fr\/wp-json\/wp\/v2\/types\/product"}],"version-history":[{"count":6,"href":"https:\/\/www.linktonkitchen.com\/fr\/wp-json\/wp\/v2\/product\/6258\/revisions"}],"predecessor-version":[{"id":7449,"href":"https:\/\/www.linktonkitchen.com\/fr\/wp-json\/wp\/v2\/product\/6258\/revisions\/7449"}],"wp:featuredmedia":[{"embeddable":true,"href":"https:\/\/www.linktonkitchen.com\/fr\/wp-json\/wp\/v2\/media\/6262"}],"wp:attachment":[{"href":"https:\/\/www.linktonkitchen.com\/fr\/wp-json\/wp\/v2\/media?parent=6258"}],"wp:term":[{"taxonomy":"product-application","embeddable":true,"href":"https:\/\/www.linktonkitchen.com\/fr\/wp-json\/wp\/v2\/product-application?post=6258"},{"taxonomy":"product-capacity","embeddable":true,"href":"https:\/\/www.linktonkitchen.com\/fr\/wp-json\/wp\/v2\/product-capacity?post=6258"},{"taxonomy":"product_brand","embeddable":true,"href":"https:\/\/www.linktonkitchen.com\/fr\/wp-json\/wp\/v2\/product_brand?post=6258"},{"taxonomy":"product_cat","embeddable":true,"href":"https:\/\/www.linktonkitchen.com\/fr\/wp-json\/wp\/v2\/product_cat?post=6258"},{"taxonomy":"product_tag","embeddable":true,"href":"https:\/\/www.linktonkitchen.com\/fr\/wp-json\/wp\/v2\/product_tag?post=6258"}],"curies":[{"name":"wp","href":"https:\/\/api.w.org\/{rel}","templated":true}]}}