{"id":6538,"date":"2025-08-15T01:42:39","date_gmt":"2025-08-15T01:42:39","guid":{"rendered":"https:\/\/www.linktonkitchen.com\/?post_type=product&#038;p=6538"},"modified":"2025-08-15T07:52:23","modified_gmt":"2025-08-15T07:52:23","slug":"custom-catering-chafing-dishes","status":"publish","type":"product","link":"https:\/\/www.linktonkitchen.com\/fr\/product\/custom-catering-chafing-dishes\/","title":{"rendered":"Plats \u00e0 r\u00f4tir personnalis\u00e9s, set de buffet \u00e9lectrique en acier inoxydable Wholesale"},"content":{"rendered":"<div class=\"wp-block-columns is-layout-flex wp-container-core-columns-is-layout-9d6595d7 wp-block-columns-is-layout-flex\">\n<div class=\"wp-block-column is-vertically-aligned-center is-layout-flow wp-block-column-is-layout-flow\">\n<h3 class=\"wp-block-heading\">Plats \u00e0 r\u00f4tir pour la restauration Caract\u00e9ristiques :<\/h3>\n\n\n\n<p><strong>Acier inoxydable de qualit\u00e9 alimentaire<\/strong>: L'acier inoxydable de haute qualit\u00e9 s\u00e9lectionn\u00e9 est s\u00fbr, durable, r\u00e9sistant \u00e0 la corrosion et \u00e0 la rouille, ce qui le rend adapt\u00e9 \u00e0 une utilisation prolong\u00e9e en salle \u00e0 manger.<\/p>\n\n\n\n<p><strong>Couvercle en verre \u00e0 charni\u00e8re hydraulique<\/strong>: La conception transparente permet de voir facilement les plats sans ouvrir le couvercle. Le couvercle \u00e0 commande hydraulique s'abaisse pour \u00e9viter les bruits et les collisions, ce qui garantit la s\u00e9curit\u00e9 et des performances de haut niveau.<\/p>\n\n\n\n<p><strong>Int\u00e9rieur \u00e0 double compartiment<\/strong>: Accueille plusieurs plats simultan\u00e9ment, r\u00e9duisant ainsi le transfert d'odeurs et am\u00e9liorant l'exp\u00e9rience gastronomique. Convient aux buffets, h\u00f4tels, banquets et autres lieux.<\/p>\n\n\n\n<p><strong>Pieds stables et sur\u00e9lev\u00e9s<\/strong>: Assure un positionnement stable sur la table, garantissant une surface durable et esth\u00e9tique.<\/p>\n\n\n\n<p><strong>Construction facile \u00e0 nettoyer<\/strong>: L'int\u00e9rieur et le couvercle amovibles permettent un nettoyage rapide et facile, ce qui r\u00e9duit les co\u00fbts de main-d'\u0153uvre.<\/p>\n\n\n\n<p><strong>Convient \u00e0 diff\u00e9rents sc\u00e9narios<\/strong>Les produits de cette cat\u00e9gorie sont : les restaurants, les buffets, les banquets d'h\u00f4tels, les mariages, les r\u00e9unions d'entreprise, et bien plus encore.<\/p>\n\n\n\n<p><strong>Support OEM\/ODM<\/strong>: Des logos, des tailles, des styles et des mat\u00e9riaux personnalisables sont disponibles pour r\u00e9pondre \u00e0 vos besoins en mati\u00e8re d'image de marque.<\/p>\n<\/div>\n\n\n\n<div class=\"wp-block-column is-vertically-aligned-center is-layout-flow wp-block-column-is-layout-flow\"><div class=\"wp-block-image\">\n<figure class=\"aligncenter size-full\"><img fetchpriority=\"high\" decoding=\"async\" width=\"800\" height=\"800\" src=\"https:\/\/www.linktonkitchen.com\/wp-content\/uploads\/2025\/08\/custom-catering-chafing-dishes.webp\" alt=\"plats chafing personnalis\u00e9s pour la restauration\" class=\"wp-image-6542\" style=\"object-fit:cover\" srcset=\"https:\/\/www.linktonkitchen.com\/wp-content\/uploads\/2025\/08\/custom-catering-chafing-dishes.webp 800w, https:\/\/www.linktonkitchen.com\/wp-content\/uploads\/2025\/08\/custom-catering-chafing-dishes-300x300.webp 300w, https:\/\/www.linktonkitchen.com\/wp-content\/uploads\/2025\/08\/custom-catering-chafing-dishes-150x150.webp 150w, https:\/\/www.linktonkitchen.com\/wp-content\/uploads\/2025\/08\/custom-catering-chafing-dishes-768x768.webp 768w, https:\/\/www.linktonkitchen.com\/wp-content\/uploads\/2025\/08\/custom-catering-chafing-dishes-12x12.webp 12w, https:\/\/www.linktonkitchen.com\/wp-content\/uploads\/2025\/08\/custom-catering-chafing-dishes-285x285.webp 285w, https:\/\/www.linktonkitchen.com\/wp-content\/uploads\/2025\/08\/custom-catering-chafing-dishes-270x270.webp 270w, https:\/\/www.linktonkitchen.com\/wp-content\/uploads\/2025\/08\/custom-catering-chafing-dishes-540x540.webp 540w, https:\/\/www.linktonkitchen.com\/wp-content\/uploads\/2025\/08\/custom-catering-chafing-dishes-660x660.webp 660w\" sizes=\"(max-width: 800px) 100vw, 800px\" \/><\/figure>\n<\/div><\/div>\n<\/div>\n\n\n\n<div class=\"wp-block-columns is-layout-flex wp-container-core-columns-is-layout-9d6595d7 wp-block-columns-is-layout-flex\">\n<div class=\"wp-block-column is-vertically-aligned-center is-layout-flow wp-block-column-is-layout-flow\">\n<h3 class=\"wp-block-heading\">Traiteur sur mesure <strong><strong>Plats \u00e0 r\u00e9chauffer<\/strong><\/strong><\/h3>\n\n\n\n<p>Nous proposons des services ODM et OEM, ce qui permet de personnaliser les logos et l'emballage des produits. Nous proposons diff\u00e9rentes options d'emballage, notamment des sacs, des cartons ou des emballages personnalis\u00e9s en fonction de vos pr\u00e9f\u00e9rences. En outre, nous proposons des options de couleur flexibles, notamment le placage argent\u00e9, dor\u00e9 ou semi-or.<\/p>\n<\/div>\n<\/div>","protected":false},"excerpt":{"rendered":"<p>Plats \u00e0 r\u00f4tir personnalis\u00e9s, acier inoxydable de qualit\u00e9 alimentaire, conception hydraulique, \u00e9quip\u00e9s d'un couvercle en verre transparent et d'un r\u00e9servoir int\u00e9rieur divis\u00e9, haut de gamme et durable. La personnalisation OEM et la vente en gros sont pr\u00e9f\u00e9r\u00e9es. N'h\u00e9sitez pas \u00e0 nous contacter pour obtenir un devis !<\/p>\n<h2>Sp\u00e9cifications des plats \u00e0 r\u00f4tir de restauration :<\/h2>\n<table width=\"402\">\n<tbody>\n<tr>\n<td width=\"145\">Fabricant<\/td>\n<td width=\"257\">Linkton<\/td>\n<\/tr>\n<tr>\n<td>Mat\u00e9riau<\/td>\n<td>Acier inoxydable<\/td>\n<\/tr>\n<tr>\n<td>Configuration<\/td>\n<td width=\"257\">Bac \u00e0 aliments\/ bac \u00e0 eau<\/td>\n<\/tr>\n<tr>\n<td>Chauffage<\/td>\n<td>\n<p>Chauffage \u00e9lectrique<\/p>\n<\/td>\n<\/tr>\n<tr>\n<td>Couvercle<\/td>\n<td width=\"257\">Couvercle hydraulique en verre<\/td>\n<\/tr>\n<tr>\n<td>OEM\/ODM<\/td>\n<td>Acceptable<\/td>\n<\/tr>\n<tr>\n<td>\u00c9chantillon<\/td>\n<td>MOQ 1 pi\u00e8ce<\/td>\n<\/tr>\n<\/tbody>\n<\/table>","protected":false},"featured_media":6542,"template":"","meta":{"_acf_changed":false},"product-application":[],"product-capacity":[],"product_brand":[],"product_cat":[58],"product_tag":[],"class_list":{"0":"post-6538","1":"product","2":"type-product","3":"status-publish","4":"has-post-thumbnail","6":"product_cat-wholesale-chafing-dishes","8":"first","9":"instock","10":"shipping-taxable","11":"product-type-simple"},"acf":[],"_links":{"self":[{"href":"https:\/\/www.linktonkitchen.com\/fr\/wp-json\/wp\/v2\/product\/6538","targetHints":{"allow":["GET"]}}],"collection":[{"href":"https:\/\/www.linktonkitchen.com\/fr\/wp-json\/wp\/v2\/product"}],"about":[{"href":"https:\/\/www.linktonkitchen.com\/fr\/wp-json\/wp\/v2\/types\/product"}],"version-history":[{"count":0,"href":"https:\/\/www.linktonkitchen.com\/fr\/wp-json\/wp\/v2\/product\/6538\/revisions"}],"wp:featuredmedia":[{"embeddable":true,"href":"https:\/\/www.linktonkitchen.com\/fr\/wp-json\/wp\/v2\/media\/6542"}],"wp:attachment":[{"href":"https:\/\/www.linktonkitchen.com\/fr\/wp-json\/wp\/v2\/media?parent=6538"}],"wp:term":[{"taxonomy":"product-application","embeddable":true,"href":"https:\/\/www.linktonkitchen.com\/fr\/wp-json\/wp\/v2\/product-application?post=6538"},{"taxonomy":"product-capacity","embeddable":true,"href":"https:\/\/www.linktonkitchen.com\/fr\/wp-json\/wp\/v2\/product-capacity?post=6538"},{"taxonomy":"product_brand","embeddable":true,"href":"https:\/\/www.linktonkitchen.com\/fr\/wp-json\/wp\/v2\/product_brand?post=6538"},{"taxonomy":"product_cat","embeddable":true,"href":"https:\/\/www.linktonkitchen.com\/fr\/wp-json\/wp\/v2\/product_cat?post=6538"},{"taxonomy":"product_tag","embeddable":true,"href":"https:\/\/www.linktonkitchen.com\/fr\/wp-json\/wp\/v2\/product_tag?post=6538"}],"curies":[{"name":"wp","href":"https:\/\/api.w.org\/{rel}","templated":true}]}}