{"id":6547,"date":"2025-08-15T02:31:01","date_gmt":"2025-08-15T02:13:23","guid":{"rendered":"https:\/\/www.linktonkitchen.com\/?post_type=product&#038;p=6547"},"modified":"2025-08-15T07:53:24","modified_gmt":"2025-08-15T07:53:24","slug":"wholesale-round-chafing-dishes","status":"publish","type":"product","link":"https:\/\/www.linktonkitchen.com\/fr\/product\/wholesale-round-chafing-dishes\/","title":{"rendered":"Wholesale Round Chafing Dishes Stainless Steel, Electric Chafing Dish Supplier"},"content":{"rendered":"<div class=\"wp-block-columns is-layout-flex wp-container-core-columns-is-layout-9d6595d7 wp-block-columns-is-layout-flex\">\n<div class=\"wp-block-column is-vertically-aligned-center is-layout-flow wp-block-column-is-layout-flow\">\n<h3 class=\"wp-block-heading\">Plats \u00e0 r\u00f4tir ronds Caract\u00e9ristiques :<\/h3>\n\n\n\n<p><strong>Aspect rond<\/strong>: Magnifiquement con\u00e7u et judicieusement plac\u00e9, il convient \u00e0 une grande vari\u00e9t\u00e9 de lieux de restauration, y compris les buffets, les h\u00f4tels et les banquets.<\/p>\n\n\n\n<p><strong>Couvercle en verre \u00e0 commande hydraulique :<\/strong> La transparence permet une ouverture et une fermeture en douceur, \u00e9vitant ainsi que le couvercle ne se brise et ne provoque des bruits.<\/p>\n\n\n\n<p><strong>Syst\u00e8me de chauffage \u00e9lectrique de pr\u00e9cision<\/strong>: Le contr\u00f4le num\u00e9rique de la temp\u00e9rature assure un contr\u00f4le pr\u00e9cis de la temp\u00e9rature, garantissant que les aliments sont toujours \u00e0 la temp\u00e9rature id\u00e9ale.<\/p>\n\n\n\n<p><strong>Des jambes stables :<\/strong> Robuste, durable et antid\u00e9rapant, il convient aux environnements de restauration \u00e0 forte fr\u00e9quentation.<\/p>\n\n\n\n<p><strong>Conception facile \u00e0 nettoyer<\/strong>: Le r\u00e9cipient int\u00e9rieur et le couvercle amovibles permettent un nettoyage et un entretien rapides.<\/p>\n\n\n\n<p><strong>Acier inoxydable de qualit\u00e9 alimentaire<\/strong>: Fabriqu\u00e9 en acier inoxydable de haute qualit\u00e9, il est s\u00fbr, inodore, r\u00e9sistant \u00e0 la corrosion et con\u00e7u pour durer des ann\u00e9es sans se d\u00e9former.<\/p>\n\n\n\n<p><strong>Fourniture directe par l'usine :<\/strong> Approvisionnement stable et \u00e0 grande \u00e9chelle, fourniture de services personnalis\u00e9s, \u00e9limination des interm\u00e9diaires et offre de prix plus comp\u00e9titifs.<\/p>\n<\/div>\n\n\n\n<div class=\"wp-block-column is-vertically-aligned-center is-layout-flow wp-block-column-is-layout-flow\"><div class=\"wp-block-image\">\n<figure class=\"aligncenter size-full\"><img fetchpriority=\"high\" decoding=\"async\" width=\"800\" height=\"800\" src=\"https:\/\/www.linktonkitchen.com\/wp-content\/uploads\/2025\/08\/wholesale-round-chafing-dishes.webp\" alt=\"Plats \u00e0 r\u00f4tir ronds en gros\" class=\"wp-image-6541\" style=\"object-fit:cover\" srcset=\"https:\/\/www.linktonkitchen.com\/wp-content\/uploads\/2025\/08\/wholesale-round-chafing-dishes.webp 800w, https:\/\/www.linktonkitchen.com\/wp-content\/uploads\/2025\/08\/wholesale-round-chafing-dishes-300x300.webp 300w, https:\/\/www.linktonkitchen.com\/wp-content\/uploads\/2025\/08\/wholesale-round-chafing-dishes-150x150.webp 150w, https:\/\/www.linktonkitchen.com\/wp-content\/uploads\/2025\/08\/wholesale-round-chafing-dishes-768x768.webp 768w, https:\/\/www.linktonkitchen.com\/wp-content\/uploads\/2025\/08\/wholesale-round-chafing-dishes-12x12.webp 12w, https:\/\/www.linktonkitchen.com\/wp-content\/uploads\/2025\/08\/wholesale-round-chafing-dishes-285x285.webp 285w, https:\/\/www.linktonkitchen.com\/wp-content\/uploads\/2025\/08\/wholesale-round-chafing-dishes-270x270.webp 270w, https:\/\/www.linktonkitchen.com\/wp-content\/uploads\/2025\/08\/wholesale-round-chafing-dishes-540x540.webp 540w, https:\/\/www.linktonkitchen.com\/wp-content\/uploads\/2025\/08\/wholesale-round-chafing-dishes-660x660.webp 660w\" sizes=\"(max-width: 800px) 100vw, 800px\" \/><\/figure>\n<\/div><\/div>\n<\/div>\n\n\n\n<div class=\"wp-block-columns is-layout-flex wp-container-core-columns-is-layout-9d6595d7 wp-block-columns-is-layout-flex\">\n<div class=\"wp-block-column is-vertically-aligned-center is-layout-flow wp-block-column-is-layout-flow\">\n<h3 class=\"wp-block-heading\">Rond sur mesure <strong><strong>Plats \u00e0 r\u00e9chauffer<\/strong><\/strong><\/h3>\n\n\n\n<p>Nous proposons des services ODM et OEM, ce qui permet de personnaliser les logos et l'emballage des produits. Nous proposons diff\u00e9rentes options d'emballage, notamment des sacs, des cartons ou des emballages personnalis\u00e9s en fonction de vos pr\u00e9f\u00e9rences. En outre, nous proposons des options de couleur flexibles, notamment le placage argent\u00e9, dor\u00e9 ou semi-or.<\/p>\n<\/div>\n<\/div>","protected":false},"excerpt":{"rendered":"<p>Le couvercle en verre press\u00e9 des chafing dishes ronds en gros est esth\u00e9tique et s\u00fbr. Le chauffage \u00e9lectrique permet un contr\u00f4le pr\u00e9cis de la temp\u00e9rature, garantissant des aliments frais et d\u00e9licieux. Disponibles dans une vari\u00e9t\u00e9 de tailles et de styles, avec des options de personnalisation OEM\/ODM disponibles. Nous vous invitons \u00e0 nous contacter pour en savoir plus.<\/p>\n<h2>Sp\u00e9cifications des plats \u00e0 r\u00f4tir ronds :<\/h2>\n<table width=\"402\">\n<tbody>\n<tr>\n<td width=\"145\">Fabricant<\/td>\n<td width=\"257\">Linkton<\/td>\n<\/tr>\n<tr>\n<td>Mat\u00e9riau<\/td>\n<td>Acier inoxydable<\/td>\n<\/tr>\n<tr>\n<td>Configuration<\/td>\n<td width=\"257\">Bac \u00e0 aliments\/ bac \u00e0 eau<\/td>\n<\/tr>\n<tr>\n<td>Chauffage<\/td>\n<td>\n<p>Chauffage \u00e9lectrique<\/p>\n<\/td>\n<\/tr>\n<tr>\n<td>Couvercle<\/td>\n<td width=\"257\">Couvercle hydraulique en verre<\/td>\n<\/tr>\n<tr>\n<td>OEM\/ODM<\/td>\n<td>Acceptable<\/td>\n<\/tr>\n<tr>\n<td>\u00c9chantillon<\/td>\n<td>MOQ 1 pi\u00e8ce<\/td>\n<\/tr>\n<\/tbody>\n<\/table>","protected":false},"featured_media":6541,"template":"","meta":{"_acf_changed":false},"product-application":[],"product-capacity":[],"product_brand":[],"product_cat":[58],"product_tag":[],"class_list":{"0":"post-6547","1":"product","2":"type-product","3":"status-publish","4":"has-post-thumbnail","6":"product_cat-wholesale-chafing-dishes","8":"first","9":"instock","10":"shipping-taxable","11":"product-type-simple"},"acf":[],"_links":{"self":[{"href":"https:\/\/www.linktonkitchen.com\/fr\/wp-json\/wp\/v2\/product\/6547","targetHints":{"allow":["GET"]}}],"collection":[{"href":"https:\/\/www.linktonkitchen.com\/fr\/wp-json\/wp\/v2\/product"}],"about":[{"href":"https:\/\/www.linktonkitchen.com\/fr\/wp-json\/wp\/v2\/types\/product"}],"version-history":[{"count":0,"href":"https:\/\/www.linktonkitchen.com\/fr\/wp-json\/wp\/v2\/product\/6547\/revisions"}],"wp:featuredmedia":[{"embeddable":true,"href":"https:\/\/www.linktonkitchen.com\/fr\/wp-json\/wp\/v2\/media\/6541"}],"wp:attachment":[{"href":"https:\/\/www.linktonkitchen.com\/fr\/wp-json\/wp\/v2\/media?parent=6547"}],"wp:term":[{"taxonomy":"product-application","embeddable":true,"href":"https:\/\/www.linktonkitchen.com\/fr\/wp-json\/wp\/v2\/product-application?post=6547"},{"taxonomy":"product-capacity","embeddable":true,"href":"https:\/\/www.linktonkitchen.com\/fr\/wp-json\/wp\/v2\/product-capacity?post=6547"},{"taxonomy":"product_brand","embeddable":true,"href":"https:\/\/www.linktonkitchen.com\/fr\/wp-json\/wp\/v2\/product_brand?post=6547"},{"taxonomy":"product_cat","embeddable":true,"href":"https:\/\/www.linktonkitchen.com\/fr\/wp-json\/wp\/v2\/product_cat?post=6547"},{"taxonomy":"product_tag","embeddable":true,"href":"https:\/\/www.linktonkitchen.com\/fr\/wp-json\/wp\/v2\/product_tag?post=6547"}],"curies":[{"name":"wp","href":"https:\/\/api.w.org\/{rel}","templated":true}]}}