{"id":6552,"date":"2025-08-15T02:35:21","date_gmt":"2025-08-15T02:35:21","guid":{"rendered":"https:\/\/www.linktonkitchen.com\/?post_type=product&#038;p=6552"},"modified":"2025-08-15T07:55:22","modified_gmt":"2025-08-15T07:55:22","slug":"custom-electric-chafing-dish-set","status":"publish","type":"product","link":"https:\/\/www.linktonkitchen.com\/fr\/product\/custom-electric-chafing-dish-set\/","title":{"rendered":"Ensemble de plats \u00e0 r\u00f4tir \u00e9lectriques avec pied sur\u00e9lev\u00e9, ensemble de buffet rectangulaire en acier inoxydable en vrac"},"content":{"rendered":"<div class=\"wp-block-columns is-layout-flex wp-container-core-columns-is-layout-9d6595d7 wp-block-columns-is-layout-flex\">\n<div class=\"wp-block-column is-vertically-aligned-center is-layout-flow wp-block-column-is-layout-flow\">\n<h3 class=\"wp-block-heading\">Ensemble de r\u00e9chauds \u00e9lectriques Caract\u00e9ristiques :<\/h3>\n\n\n\n<p><strong>Structure de base sur\u00e9lev\u00e9e<\/strong>: L'espace inf\u00e9rieur accru permet de placer plus facilement les dispositifs de dissipation de la chaleur et de chauffage, am\u00e9liorant ainsi le fonctionnement de la table.<\/p>\n\n\n\n<p><strong>Coins moul\u00e9s en une seule pi\u00e8ce<\/strong>: Les bords lisses et sans couture emp\u00eachent l'accumulation de la salet\u00e9 et de la crasse, ce qui am\u00e9liore l'efficacit\u00e9 du nettoyage de 30%.<\/p>\n\n\n\n<p><strong>Couvercle en verre r\u00e9sistant aux chocs<\/strong>: La grande transparence permet de visualiser en temps r\u00e9el l'\u00e9tat des plats, ce qui r\u00e9duit les ouvertures et fermetures fr\u00e9quentes et pr\u00e9serve la qualit\u00e9 des aliments.<\/p>\n\n\n\n<p><strong>Syst\u00e8me de fermeture en douceur<\/strong>: Le couvercle s'abaisse en douceur et sans bruit, ce qui le rend id\u00e9al pour les restaurants haut de gamme et les environnements calmes, r\u00e9duisant ainsi les niveaux de bruit.<\/p>\n\n\n\n<p><strong>Chauffage \u00e9lectrique<\/strong>: Il n'y a pas de flamme ouverte, ce qui r\u00e9duit le risque d'incendie ; aucune fum\u00e9e n'est produite, ce qui est plus respectueux de l'environnement et convient \u00e0 une utilisation \u00e0 l'int\u00e9rieur et dans des espaces confin\u00e9s.<\/p>\n\n\n\n<p><strong>Service OEM<\/strong>: La conception, les fonctions et les sp\u00e9cifications peuvent \u00eatre ajust\u00e9es en fonction des besoins sp\u00e9cifiques du march\u00e9 ou des clients afin de garantir que le produit r\u00e9ponde parfaitement aux attentes.<\/p>\n<\/div>\n\n\n\n<div class=\"wp-block-column is-vertically-aligned-center is-layout-flow wp-block-column-is-layout-flow\"><div class=\"wp-block-image\">\n<figure class=\"aligncenter size-full\"><img fetchpriority=\"high\" decoding=\"async\" width=\"800\" height=\"800\" src=\"https:\/\/www.linktonkitchen.com\/wp-content\/uploads\/2025\/08\/custom-electric-chafing-dish-set.webp\" alt=\"set de chafing dish \u00e9lectrique personnalis\u00e9\" class=\"wp-image-6539\" style=\"object-fit:cover\" srcset=\"https:\/\/www.linktonkitchen.com\/wp-content\/uploads\/2025\/08\/custom-electric-chafing-dish-set.webp 800w, https:\/\/www.linktonkitchen.com\/wp-content\/uploads\/2025\/08\/custom-electric-chafing-dish-set-300x300.webp 300w, https:\/\/www.linktonkitchen.com\/wp-content\/uploads\/2025\/08\/custom-electric-chafing-dish-set-150x150.webp 150w, https:\/\/www.linktonkitchen.com\/wp-content\/uploads\/2025\/08\/custom-electric-chafing-dish-set-768x768.webp 768w, https:\/\/www.linktonkitchen.com\/wp-content\/uploads\/2025\/08\/custom-electric-chafing-dish-set-12x12.webp 12w, https:\/\/www.linktonkitchen.com\/wp-content\/uploads\/2025\/08\/custom-electric-chafing-dish-set-285x285.webp 285w, https:\/\/www.linktonkitchen.com\/wp-content\/uploads\/2025\/08\/custom-electric-chafing-dish-set-270x270.webp 270w, https:\/\/www.linktonkitchen.com\/wp-content\/uploads\/2025\/08\/custom-electric-chafing-dish-set-540x540.webp 540w, https:\/\/www.linktonkitchen.com\/wp-content\/uploads\/2025\/08\/custom-electric-chafing-dish-set-660x660.webp 660w\" sizes=\"(max-width: 800px) 100vw, 800px\" \/><\/figure>\n<\/div><\/div>\n<\/div>\n\n\n\n<div class=\"wp-block-columns is-layout-flex wp-container-core-columns-is-layout-9d6595d7 wp-block-columns-is-layout-flex\">\n<div class=\"wp-block-column is-vertically-aligned-center is-layout-flow wp-block-column-is-layout-flow\">\n<h3 class=\"wp-block-heading\">Set de chafing dish \u00e9lectrique personnalis\u00e9<\/h3>\n\n\n\n<p>Nous proposons des services ODM et OEM, ce qui permet de personnaliser les logos et l'emballage des produits. Nous proposons diff\u00e9rentes options d'emballage, notamment des sacs, des cartons ou des emballages personnalis\u00e9s en fonction de vos pr\u00e9f\u00e9rences. En outre, nous proposons des options de couleur flexibles, notamment le placage argent\u00e9, dor\u00e9 ou semi-or.<\/p>\n<\/div>\n<\/div>","protected":false},"excerpt":{"rendered":"<p>L'ensemble de chafing dish \u00e9lectrique personnalis\u00e9 est fabriqu\u00e9 \u00e0 partir de mat\u00e9riaux de qualit\u00e9 alimentaire, avec des pieds hauts et stables et \u00e9quip\u00e9 d'un couvercle hydraulique en verre. Il est s\u00fbr, pratique et beau, ce qui en fait un choix id\u00e9al pour les buffets d'h\u00f4tel, les banquets et les services de restauration en gros. Support OEM\/ODM. N'h\u00e9sitez pas \u00e0 nous contacter pour obtenir un devis !<\/p>\n<h2>Sp\u00e9cifications de l'ensemble \u00e9lectrique pour chafing dish :<\/h2>\n<table width=\"402\">\n<tbody>\n<tr>\n<td width=\"145\">Fabricant<\/td>\n<td width=\"257\">Linkton<\/td>\n<\/tr>\n<tr>\n<td>Mat\u00e9riau<\/td>\n<td>Acier inoxydable<\/td>\n<\/tr>\n<tr>\n<td>Configuration<\/td>\n<td width=\"257\">Bac \u00e0 aliments\/ bac \u00e0 eau<\/td>\n<\/tr>\n<tr>\n<td>Chauffage<\/td>\n<td>\n<p>Chauffage \u00e9lectrique<\/p>\n<\/td>\n<\/tr>\n<tr>\n<td>Couvercle<\/td>\n<td width=\"257\">Couvercle hydraulique en verre<\/td>\n<\/tr>\n<tr>\n<td>OEM\/ODM<\/td>\n<td>Acceptable<\/td>\n<\/tr>\n<tr>\n<td>\u00c9chantillon<\/td>\n<td>MOQ 1 pi\u00e8ce<\/td>\n<\/tr>\n<\/tbody>\n<\/table>","protected":false},"featured_media":6539,"template":"","meta":{"_acf_changed":false},"product-application":[],"product-capacity":[],"product_brand":[],"product_cat":[58],"product_tag":[],"class_list":{"0":"post-6552","1":"product","2":"type-product","3":"status-publish","4":"has-post-thumbnail","6":"product_cat-wholesale-chafing-dishes","8":"first","9":"instock","10":"shipping-taxable","11":"product-type-simple"},"acf":[],"_links":{"self":[{"href":"https:\/\/www.linktonkitchen.com\/fr\/wp-json\/wp\/v2\/product\/6552","targetHints":{"allow":["GET"]}}],"collection":[{"href":"https:\/\/www.linktonkitchen.com\/fr\/wp-json\/wp\/v2\/product"}],"about":[{"href":"https:\/\/www.linktonkitchen.com\/fr\/wp-json\/wp\/v2\/types\/product"}],"version-history":[{"count":0,"href":"https:\/\/www.linktonkitchen.com\/fr\/wp-json\/wp\/v2\/product\/6552\/revisions"}],"wp:featuredmedia":[{"embeddable":true,"href":"https:\/\/www.linktonkitchen.com\/fr\/wp-json\/wp\/v2\/media\/6539"}],"wp:attachment":[{"href":"https:\/\/www.linktonkitchen.com\/fr\/wp-json\/wp\/v2\/media?parent=6552"}],"wp:term":[{"taxonomy":"product-application","embeddable":true,"href":"https:\/\/www.linktonkitchen.com\/fr\/wp-json\/wp\/v2\/product-application?post=6552"},{"taxonomy":"product-capacity","embeddable":true,"href":"https:\/\/www.linktonkitchen.com\/fr\/wp-json\/wp\/v2\/product-capacity?post=6552"},{"taxonomy":"product_brand","embeddable":true,"href":"https:\/\/www.linktonkitchen.com\/fr\/wp-json\/wp\/v2\/product_brand?post=6552"},{"taxonomy":"product_cat","embeddable":true,"href":"https:\/\/www.linktonkitchen.com\/fr\/wp-json\/wp\/v2\/product_cat?post=6552"},{"taxonomy":"product_tag","embeddable":true,"href":"https:\/\/www.linktonkitchen.com\/fr\/wp-json\/wp\/v2\/product_tag?post=6552"}],"curies":[{"name":"wp","href":"https:\/\/api.w.org\/{rel}","templated":true}]}}