{"id":6570,"date":"2025-08-29T03:21:30","date_gmt":"2025-08-19T02:37:01","guid":{"rendered":"https:\/\/www.linktonkitchen.com\/?post_type=product&#038;p=6570"},"modified":"2025-08-29T03:23:02","modified_gmt":"2025-08-29T03:23:02","slug":"wholesale-round-chafing-dish-buffet-set","status":"publish","type":"product","link":"https:\/\/www.linktonkitchen.com\/fr\/product\/wholesale-round-chafing-dish-buffet-set\/","title":{"rendered":"Wholesale Round Chafing Dish Buffet Set, Electric Buffet Warmer with Glass Lid Stainless Steel Custom"},"content":{"rendered":"<div class=\"wp-block-columns is-layout-flex wp-container-core-columns-is-layout-9d6595d7 wp-block-columns-is-layout-flex\">\n<div class=\"wp-block-column is-vertically-aligned-center is-layout-flow wp-block-column-is-layout-flow\">\n<div class=\"wp-block-columns is-layout-flex wp-container-core-columns-is-layout-9d6595d7 wp-block-columns-is-layout-flex\">\n<div class=\"wp-block-column is-layout-flow wp-block-column-is-layout-flow\">\n<figure class=\"wp-block-image size-full\"><img fetchpriority=\"high\" decoding=\"async\" width=\"800\" height=\"800\" src=\"https:\/\/www.linktonkitchen.com\/wp-content\/uploads\/2025\/08\/wholesale-round-chafing-dish-buffet-set-2.webp\" alt=\"set de buffet de chafing dish rond en gros (2)\" class=\"wp-image-6574\" srcset=\"https:\/\/www.linktonkitchen.com\/wp-content\/uploads\/2025\/08\/wholesale-round-chafing-dish-buffet-set-2.webp 800w, https:\/\/www.linktonkitchen.com\/wp-content\/uploads\/2025\/08\/wholesale-round-chafing-dish-buffet-set-2-300x300.webp 300w, https:\/\/www.linktonkitchen.com\/wp-content\/uploads\/2025\/08\/wholesale-round-chafing-dish-buffet-set-2-150x150.webp 150w, https:\/\/www.linktonkitchen.com\/wp-content\/uploads\/2025\/08\/wholesale-round-chafing-dish-buffet-set-2-768x768.webp 768w, https:\/\/www.linktonkitchen.com\/wp-content\/uploads\/2025\/08\/wholesale-round-chafing-dish-buffet-set-2-12x12.webp 12w, https:\/\/www.linktonkitchen.com\/wp-content\/uploads\/2025\/08\/wholesale-round-chafing-dish-buffet-set-2-285x285.webp 285w, https:\/\/www.linktonkitchen.com\/wp-content\/uploads\/2025\/08\/wholesale-round-chafing-dish-buffet-set-2-270x270.webp 270w, https:\/\/www.linktonkitchen.com\/wp-content\/uploads\/2025\/08\/wholesale-round-chafing-dish-buffet-set-2-540x540.webp 540w, https:\/\/www.linktonkitchen.com\/wp-content\/uploads\/2025\/08\/wholesale-round-chafing-dish-buffet-set-2-660x660.webp 660w\" sizes=\"(max-width: 800px) 100vw, 800px\" \/><\/figure>\n<\/div>\n\n\n\n<div class=\"wp-block-column is-layout-flow wp-block-column-is-layout-flow\">\n<figure class=\"wp-block-image size-full\"><img decoding=\"async\" width=\"800\" height=\"800\" src=\"https:\/\/www.linktonkitchen.com\/wp-content\/uploads\/2025\/08\/wholesale-round-chafing-dish-buffet-set-1.webp\" alt=\"set de buffet pour chafing dish rond en gros (1)\" class=\"wp-image-6573\" srcset=\"https:\/\/www.linktonkitchen.com\/wp-content\/uploads\/2025\/08\/wholesale-round-chafing-dish-buffet-set-1.webp 800w, https:\/\/www.linktonkitchen.com\/wp-content\/uploads\/2025\/08\/wholesale-round-chafing-dish-buffet-set-1-300x300.webp 300w, https:\/\/www.linktonkitchen.com\/wp-content\/uploads\/2025\/08\/wholesale-round-chafing-dish-buffet-set-1-150x150.webp 150w, https:\/\/www.linktonkitchen.com\/wp-content\/uploads\/2025\/08\/wholesale-round-chafing-dish-buffet-set-1-768x768.webp 768w, https:\/\/www.linktonkitchen.com\/wp-content\/uploads\/2025\/08\/wholesale-round-chafing-dish-buffet-set-1-12x12.webp 12w, https:\/\/www.linktonkitchen.com\/wp-content\/uploads\/2025\/08\/wholesale-round-chafing-dish-buffet-set-1-285x285.webp 285w, https:\/\/www.linktonkitchen.com\/wp-content\/uploads\/2025\/08\/wholesale-round-chafing-dish-buffet-set-1-270x270.webp 270w, https:\/\/www.linktonkitchen.com\/wp-content\/uploads\/2025\/08\/wholesale-round-chafing-dish-buffet-set-1-540x540.webp 540w, https:\/\/www.linktonkitchen.com\/wp-content\/uploads\/2025\/08\/wholesale-round-chafing-dish-buffet-set-1-660x660.webp 660w\" sizes=\"(max-width: 800px) 100vw, 800px\" \/><\/figure>\n<\/div>\n<\/div>\n\n\n\n<h2 class=\"wp-block-heading\">Ensemble de buffets pour chafing dish ronds Caract\u00e9ristiques :<\/h2>\n\n\n\n<p><strong>Conception optimis\u00e9e du chauffage \u00e9lectrique :<\/strong> R\u00e9duit la consommation d'\u00e9nergie et favorise la protection de l'environnement et les \u00e9conomies d'\u00e9nergie.<\/p>\n\n\n\n<p><strong>Syst\u00e8me de contr\u00f4le de la temp\u00e9rature de pr\u00e9cision<\/strong>: La technologie de chauffage CNC assure une conservation constante de la temp\u00e9rature des plats, am\u00e9liorant ainsi l'exp\u00e9rience gastronomique des clients.<\/p>\n\n\n\n<p><strong>Plateaux alimentaires multi-mat\u00e9riaux<\/strong>: Les bols en c\u00e9ramique offrent une excellente r\u00e9tention de la chaleur, id\u00e9ale pour les soupes et les plats haut de gamme ; les rev\u00eatements en acier inoxydable sont durables et faciles \u00e0 nettoyer, et conviennent \u00e0 une utilisation quotidienne \u00e0 grande \u00e9chelle.<\/p>\n\n\n\n<p><strong>Mod\u00e8le rond :<\/strong> Convient aux h\u00f4tels, aux buffets, aux banquets et \u00e0 d'autres lieux, alliant praticit\u00e9 et esth\u00e9tique.<\/p>\n\n\n\n<p><strong>Effet de pr\u00e9sentation premium<\/strong>: Les couvercles en verre et les finitions brillantes en acier inoxydable mettent en valeur les normes culinaires professionnelles.<\/p>\n\n\n\n<p><strong>Diverses options d'apparence :<\/strong> Permet de personnaliser les logos, les couleurs, les styles de couvercles, les mat\u00e9riaux des poign\u00e9es et les hauteurs des supports en fonction des besoins sp\u00e9cifiques.<\/p>\n<\/div>\n<\/div>\n\n\n\n<div class=\"wp-block-columns is-layout-flex wp-container-core-columns-is-layout-9d6595d7 wp-block-columns-is-layout-flex\">\n<div class=\"wp-block-column is-vertically-aligned-center is-layout-flow wp-block-column-is-layout-flow\">\n<h2 class=\"wp-block-heading\">Set de buffets pour chafing dish ronds sur mesure\uff1a<\/h2>\n\n\n\n<p>Nous proposons des services ODM et OEM, ce qui permet de personnaliser les logos et l'emballage des produits. Nous proposons diff\u00e9rentes options d'emballage, notamment des sacs, des cartons ou des emballages personnalis\u00e9s en fonction de vos pr\u00e9f\u00e9rences. En outre, nous proposons des options de couleur flexibles, notamment le placage argent\u00e9, dor\u00e9 ou semi-or.<\/p>\n<\/div>\n<\/div>","protected":false},"excerpt":{"rendered":"<p>Ensemble buffet pour chafing dish rond, acier inoxydable de qualit\u00e9 alimentaire associ\u00e9 \u00e0 un syst\u00e8me de chauffage \u00e9lectrique pr\u00e9cis, supportant un choix de plateaux en c\u00e9ramique ou en acier inoxydable, facile \u00e0 utiliser et \u00e0 nettoyer. Contactez-nous d\u00e8s maintenant pour des devis en gros et personnalis\u00e9s.<\/p>\n<h2>Sp\u00e9cifications de l'ensemble de buffets de chafing dish ronds :<\/h2>\n<table width=\"402\">\n<tbody>\n<tr>\n<td width=\"145\">Fabricant<\/td>\n<td width=\"257\">Linkton<\/td>\n<\/tr>\n<tr>\n<td>Mat\u00e9riau<\/td>\n<td>Acier inoxydable<\/td>\n<\/tr>\n<tr>\n<td>Configuration<\/td>\n<td width=\"257\">Bac \u00e0 aliments\/ bac \u00e0 eau<\/td>\n<\/tr>\n<tr>\n<td>Chauffage<\/td>\n<td>\n<p>Chauffage \u00e9lectrique<\/p>\n<\/td>\n<\/tr>\n<tr>\n<td>Couvercle<\/td>\n<td width=\"257\">Couvercle hydraulique en verre<\/td>\n<\/tr>\n<tr>\n<td>OEM\/ODM<\/td>\n<td>Acceptable<\/td>\n<\/tr>\n<tr>\n<td>\u00c9chantillon<\/td>\n<td>MOQ 1 pi\u00e8ce<\/td>\n<\/tr>\n<\/tbody>\n<\/table>","protected":false},"featured_media":6574,"template":"","meta":{"_acf_changed":false},"product-application":[],"product-capacity":[],"product_brand":[],"product_cat":[58],"product_tag":[],"class_list":{"0":"post-6570","1":"product","2":"type-product","3":"status-publish","4":"has-post-thumbnail","6":"product_cat-wholesale-chafing-dishes","8":"first","9":"instock","10":"shipping-taxable","11":"product-type-simple"},"acf":[],"_links":{"self":[{"href":"https:\/\/www.linktonkitchen.com\/fr\/wp-json\/wp\/v2\/product\/6570","targetHints":{"allow":["GET"]}}],"collection":[{"href":"https:\/\/www.linktonkitchen.com\/fr\/wp-json\/wp\/v2\/product"}],"about":[{"href":"https:\/\/www.linktonkitchen.com\/fr\/wp-json\/wp\/v2\/types\/product"}],"version-history":[{"count":0,"href":"https:\/\/www.linktonkitchen.com\/fr\/wp-json\/wp\/v2\/product\/6570\/revisions"}],"wp:featuredmedia":[{"embeddable":true,"href":"https:\/\/www.linktonkitchen.com\/fr\/wp-json\/wp\/v2\/media\/6574"}],"wp:attachment":[{"href":"https:\/\/www.linktonkitchen.com\/fr\/wp-json\/wp\/v2\/media?parent=6570"}],"wp:term":[{"taxonomy":"product-application","embeddable":true,"href":"https:\/\/www.linktonkitchen.com\/fr\/wp-json\/wp\/v2\/product-application?post=6570"},{"taxonomy":"product-capacity","embeddable":true,"href":"https:\/\/www.linktonkitchen.com\/fr\/wp-json\/wp\/v2\/product-capacity?post=6570"},{"taxonomy":"product_brand","embeddable":true,"href":"https:\/\/www.linktonkitchen.com\/fr\/wp-json\/wp\/v2\/product_brand?post=6570"},{"taxonomy":"product_cat","embeddable":true,"href":"https:\/\/www.linktonkitchen.com\/fr\/wp-json\/wp\/v2\/product_cat?post=6570"},{"taxonomy":"product_tag","embeddable":true,"href":"https:\/\/www.linktonkitchen.com\/fr\/wp-json\/wp\/v2\/product_tag?post=6570"}],"curies":[{"name":"wp","href":"https:\/\/api.w.org\/{rel}","templated":true}]}}