{"id":6625,"date":"2025-08-29T03:30:36","date_gmt":"2025-08-26T09:45:32","guid":{"rendered":"https:\/\/www.linktonkitchen.com\/?post_type=product&#038;p=6625"},"modified":"2025-08-29T03:31:14","modified_gmt":"2025-08-29T03:31:14","slug":"wholesale-gold-chafing-dish-buffet-set","status":"publish","type":"product","link":"https:\/\/www.linktonkitchen.com\/fr\/product\/wholesale-gold-chafing-dish-buffet-set\/","title":{"rendered":"Ensemble de plats \u00e0 r\u00f4tir en or pour buffet, R\u00e9chauffeur \u00e9lectrique de nourriture en acier inoxydable pour la restauration Fabricant"},"content":{"rendered":"<div class=\"wp-block-columns is-layout-flex wp-container-core-columns-is-layout-9d6595d7 wp-block-columns-is-layout-flex\">\n<div class=\"wp-block-column is-vertically-aligned-center is-layout-flow wp-block-column-is-layout-flow\">\n<h2 class=\"wp-block-heading\">Ensemble de buffets pour chafing dish en or Caract\u00e9ristiques :<\/h2>\n\n\n\n<p><strong>Finition luxueuse en or<\/strong>: Electroplaqu\u00e9 pour un \u00e9clat brillant, \u00e9levant l'exp\u00e9rience gastronomique et id\u00e9al pour les h\u00f4tels et les banquets haut de gamme.<\/p>\n\n\n\n<p><strong>Acier inoxydable de qualit\u00e9 alimentaire :<\/strong> Durables et r\u00e9sistants \u00e0 la corrosion, ils garantissent la s\u00e9curit\u00e9 alimentaire et des performances durables.<\/p>\n\n\n\n<p><strong>Couvercle en verre transparent<\/strong>: Permet aux convives de voir directement le contenu des aliments, minimisant ainsi la perte de chaleur due \u00e0 l'ouverture fr\u00e9quente du couvercle.<\/p>\n\n\n\n<p><strong>Capacit\u00e9 g\u00e9n\u00e9reuse<\/strong>: Permet d'accommoder des plats vari\u00e9s et de r\u00e9pondre aux demandes de pointe pour les buffets et les banquets.<\/p>\n\n\n\n<p><strong>Conception facile \u00e0 nettoyer<\/strong>: Les surfaces lisses et les composants amovibles simplifient le nettoyage et l'entretien quotidiens.<\/p>\n\n\n\n<p><strong>Poign\u00e9e ergonomique<\/strong>: La conception r\u00e9sistante \u00e0 la chaleur garantit une ouverture\/fermeture s\u00fbre et sans effort.<\/p>\n\n\n\n<p><strong>Utilisation polyvalente<\/strong>: Convient aux buffets, aux h\u00f4tels, aux r\u00e9ceptions de mariage, \u00e0 la restauration de conf\u00e9rence et \u00e0 d'autres contextes.<\/p>\n<\/div>\n\n\n\n<div class=\"wp-block-column is-vertically-aligned-center is-layout-flow wp-block-column-is-layout-flow\"><div class=\"wp-block-image\">\n<figure class=\"aligncenter size-full\"><img fetchpriority=\"high\" decoding=\"async\" width=\"894\" height=\"894\" src=\"https:\/\/www.linktonkitchen.com\/wp-content\/uploads\/2025\/08\/wholesale-gold-chafing-dish-buffet-set.webp\" alt=\"Set de buffet pour chafing dish or en gros\" class=\"wp-image-6627\" style=\"object-fit:cover\" srcset=\"https:\/\/www.linktonkitchen.com\/wp-content\/uploads\/2025\/08\/wholesale-gold-chafing-dish-buffet-set.webp 894w, https:\/\/www.linktonkitchen.com\/wp-content\/uploads\/2025\/08\/wholesale-gold-chafing-dish-buffet-set-300x300.webp 300w, https:\/\/www.linktonkitchen.com\/wp-content\/uploads\/2025\/08\/wholesale-gold-chafing-dish-buffet-set-150x150.webp 150w, https:\/\/www.linktonkitchen.com\/wp-content\/uploads\/2025\/08\/wholesale-gold-chafing-dish-buffet-set-768x768.webp 768w, https:\/\/www.linktonkitchen.com\/wp-content\/uploads\/2025\/08\/wholesale-gold-chafing-dish-buffet-set-12x12.webp 12w, https:\/\/www.linktonkitchen.com\/wp-content\/uploads\/2025\/08\/wholesale-gold-chafing-dish-buffet-set-285x285.webp 285w, https:\/\/www.linktonkitchen.com\/wp-content\/uploads\/2025\/08\/wholesale-gold-chafing-dish-buffet-set-270x270.webp 270w, https:\/\/www.linktonkitchen.com\/wp-content\/uploads\/2025\/08\/wholesale-gold-chafing-dish-buffet-set-540x540.webp 540w, https:\/\/www.linktonkitchen.com\/wp-content\/uploads\/2025\/08\/wholesale-gold-chafing-dish-buffet-set-660x660.webp 660w\" sizes=\"(max-width: 894px) 100vw, 894px\" \/><\/figure>\n<\/div><\/div>\n<\/div>\n\n\n\n<div class=\"wp-block-columns is-layout-flex wp-container-core-columns-is-layout-9d6595d7 wp-block-columns-is-layout-flex\">\n<div class=\"wp-block-column is-vertically-aligned-center is-layout-flow wp-block-column-is-layout-flow\">\n<h2 class=\"wp-block-heading\">Set de buffet pour chafing dish en or personnalis\u00e9<\/h2>\n\n\n\n<p>Nous proposons des services ODM et OEM, ce qui permet de personnaliser les logos et l'emballage des produits. Nous proposons diff\u00e9rentes options d'emballage, notamment des sacs, des cartons ou des emballages personnalis\u00e9s en fonction de vos pr\u00e9f\u00e9rences. En outre, nous proposons des options de couleur flexibles, notamment le placage argent\u00e9, dor\u00e9 ou semi-or.<\/p>\n<\/div>\n<\/div>","protected":false},"excerpt":{"rendered":"<p>Set de buffet pour chafing dish en gros, de style luxueux, \u00e9quip\u00e9 d'une grande capacit\u00e9 et d'un couvercle en verre hydraulique visible, parfait pour les buffets, les services de restauration et les commandes en vrac personnalis\u00e9es. N'h\u00e9sitez pas \u00e0 nous contacter pour obtenir des \u00e9chantillons et des solutions personnalis\u00e9es !<\/p>\n<h2>Set de buffets pour chafing dish en or Sp\u00e9cifications :<\/h2>\n<table width=\"402\">\n<tbody>\n<tr>\n<td width=\"145\">Fabricant<\/td>\n<td width=\"257\">Linkton<\/td>\n<\/tr>\n<tr>\n<td>Mat\u00e9riau<\/td>\n<td>Acier inoxydable<\/td>\n<\/tr>\n<tr>\n<td>Configuration<\/td>\n<td width=\"257\">Bac \u00e0 aliments\/ bac \u00e0 eau<\/td>\n<\/tr>\n<tr>\n<td>Chauffage<\/td>\n<td>\n<p>Chauffage \u00e9lectrique<\/p>\n<\/td>\n<\/tr>\n<tr>\n<td>Couvercle<\/td>\n<td width=\"257\">Couvercle hydraulique en verre<\/td>\n<\/tr>\n<tr>\n<td>OEM\/ODM<\/td>\n<td>Acceptable<\/td>\n<\/tr>\n<tr>\n<td>\u00c9chantillon<\/td>\n<td>MOQ 1 pi\u00e8ce<\/td>\n<\/tr>\n<\/tbody>\n<\/table>","protected":false},"featured_media":6627,"template":"","meta":{"_acf_changed":false},"product-application":[],"product-capacity":[],"product_brand":[],"product_cat":[58],"product_tag":[],"class_list":{"0":"post-6625","1":"product","2":"type-product","3":"status-publish","4":"has-post-thumbnail","6":"product_cat-wholesale-chafing-dishes","8":"first","9":"instock","10":"shipping-taxable","11":"product-type-simple"},"acf":[],"_links":{"self":[{"href":"https:\/\/www.linktonkitchen.com\/fr\/wp-json\/wp\/v2\/product\/6625","targetHints":{"allow":["GET"]}}],"collection":[{"href":"https:\/\/www.linktonkitchen.com\/fr\/wp-json\/wp\/v2\/product"}],"about":[{"href":"https:\/\/www.linktonkitchen.com\/fr\/wp-json\/wp\/v2\/types\/product"}],"version-history":[{"count":0,"href":"https:\/\/www.linktonkitchen.com\/fr\/wp-json\/wp\/v2\/product\/6625\/revisions"}],"wp:featuredmedia":[{"embeddable":true,"href":"https:\/\/www.linktonkitchen.com\/fr\/wp-json\/wp\/v2\/media\/6627"}],"wp:attachment":[{"href":"https:\/\/www.linktonkitchen.com\/fr\/wp-json\/wp\/v2\/media?parent=6625"}],"wp:term":[{"taxonomy":"product-application","embeddable":true,"href":"https:\/\/www.linktonkitchen.com\/fr\/wp-json\/wp\/v2\/product-application?post=6625"},{"taxonomy":"product-capacity","embeddable":true,"href":"https:\/\/www.linktonkitchen.com\/fr\/wp-json\/wp\/v2\/product-capacity?post=6625"},{"taxonomy":"product_brand","embeddable":true,"href":"https:\/\/www.linktonkitchen.com\/fr\/wp-json\/wp\/v2\/product_brand?post=6625"},{"taxonomy":"product_cat","embeddable":true,"href":"https:\/\/www.linktonkitchen.com\/fr\/wp-json\/wp\/v2\/product_cat?post=6625"},{"taxonomy":"product_tag","embeddable":true,"href":"https:\/\/www.linktonkitchen.com\/fr\/wp-json\/wp\/v2\/product_tag?post=6625"}],"curies":[{"name":"wp","href":"https:\/\/api.w.org\/{rel}","templated":true}]}}