{"id":6631,"date":"2025-08-26T10:22:26","date_gmt":"2025-08-26T10:04:26","guid":{"rendered":"https:\/\/www.linktonkitchen.com\/?post_type=product&#038;p=6631"},"modified":"2025-08-29T03:34:25","modified_gmt":"2025-08-29T03:34:25","slug":"wholesale-stainless-chafing-dish","status":"publish","type":"product","link":"https:\/\/www.linktonkitchen.com\/fr\/product\/wholesale-stainless-chafing-dish\/","title":{"rendered":"Wholesale Stainless Chafing Dish Electric, Hydraulic Buffet Set with Glass Lid Sliver Custom"},"content":{"rendered":"<div class=\"wp-block-columns is-layout-flex wp-container-core-columns-is-layout-9d6595d7 wp-block-columns-is-layout-flex\">\n<div class=\"wp-block-column is-vertically-aligned-center is-layout-flow wp-block-column-is-layout-flow\">\n<h2 class=\"wp-block-heading\">Caract\u00e9ristiques de l'ustensile de cuisson en acier inoxydable :<\/h2>\n\n\n\n<p><strong>Construction en acier inoxydable \u00e9paissi :<\/strong> R\u00e9sistant aux chocs et \u00e0 la distorsion, id\u00e9al pour une utilisation commerciale \u00e0 haute fr\u00e9quence.<\/p>\n\n\n\n<p><strong>Traitement des bords arrondis :<\/strong> Les coins lisses et s\u00fbrs \u00e9vitent les rayures de la main.<\/p>\n\n\n\n<p><strong>Bac \u00e0 aliments \u00e0 double compartiment<\/strong>: Permet d'accueillir simultan\u00e9ment deux plats distincts, ce qui est parfait pour les buffets les plus divers.<\/p>\n\n\n\n<p><strong>Poign\u00e9es isol\u00e9es thermiquement<\/strong>: Facile \u00e0 ouvrir et \u00e0 fermer sans se br\u00fbler les mains, ce qui garantit une s\u00e9curit\u00e9 accrue.<\/p>\n\n\n\n<p><strong>Options de chauffage polyvalentes<\/strong>: Compatible avec les plaques chauffantes \u00e9lectriques, les br\u00fbleurs \u00e0 alcool et autres m\u00e9thodes de chauffage.<\/p>\n\n\n\n<p><strong>Services professionnels de personnalisation :<\/strong> Personnalisation flexible de la couleur, de la taille, du logo, etc. pour cr\u00e9er un \u00e9quipement de restauration unique.<\/p>\n<\/div>\n\n\n\n<div class=\"wp-block-column is-vertically-aligned-center is-layout-flow wp-block-column-is-layout-flow\"><div class=\"wp-block-image\">\n<figure class=\"aligncenter size-full\"><img fetchpriority=\"high\" decoding=\"async\" width=\"826\" height=\"826\" src=\"https:\/\/www.linktonkitchen.com\/wp-content\/uploads\/2025\/08\/wholesale-stainless-chafing-dish.webp\" alt=\"gros chafing dish en acier inoxydable\" class=\"wp-image-6628\" style=\"object-fit:cover\" srcset=\"https:\/\/www.linktonkitchen.com\/wp-content\/uploads\/2025\/08\/wholesale-stainless-chafing-dish.webp 826w, https:\/\/www.linktonkitchen.com\/wp-content\/uploads\/2025\/08\/wholesale-stainless-chafing-dish-300x300.webp 300w, https:\/\/www.linktonkitchen.com\/wp-content\/uploads\/2025\/08\/wholesale-stainless-chafing-dish-150x150.webp 150w, https:\/\/www.linktonkitchen.com\/wp-content\/uploads\/2025\/08\/wholesale-stainless-chafing-dish-768x768.webp 768w, https:\/\/www.linktonkitchen.com\/wp-content\/uploads\/2025\/08\/wholesale-stainless-chafing-dish-12x12.webp 12w, https:\/\/www.linktonkitchen.com\/wp-content\/uploads\/2025\/08\/wholesale-stainless-chafing-dish-285x285.webp 285w, https:\/\/www.linktonkitchen.com\/wp-content\/uploads\/2025\/08\/wholesale-stainless-chafing-dish-270x270.webp 270w, https:\/\/www.linktonkitchen.com\/wp-content\/uploads\/2025\/08\/wholesale-stainless-chafing-dish-540x540.webp 540w, https:\/\/www.linktonkitchen.com\/wp-content\/uploads\/2025\/08\/wholesale-stainless-chafing-dish-660x660.webp 660w\" sizes=\"(max-width: 826px) 100vw, 826px\" \/><\/figure>\n<\/div><\/div>\n<\/div>\n\n\n\n<div class=\"wp-block-columns is-layout-flex wp-container-core-columns-is-layout-9d6595d7 wp-block-columns-is-layout-flex\">\n<div class=\"wp-block-column is-vertically-aligned-center is-layout-flow wp-block-column-is-layout-flow\">\n<h2 class=\"wp-block-heading\">Plat \u00e0 r\u00f4tir en acier inoxydable personnalis\u00e9<\/h2>\n\n\n\n<p>Nous proposons des services ODM et OEM, ce qui permet de personnaliser les logos et l'emballage des produits. Nous proposons diff\u00e9rentes options d'emballage, notamment des sacs, des cartons ou des emballages personnalis\u00e9s en fonction de vos pr\u00e9f\u00e9rences. En outre, nous proposons des options de couleur flexibles, notamment le placage argent\u00e9, dor\u00e9 ou semi-or.<\/p>\n<\/div>\n<\/div>\n\n\n\n<p><\/p>","protected":false},"excerpt":{"rendered":"<p>Gros chafing dish en acier inoxydable, de style luxueux, dot\u00e9 d'un couvercle en verre transparent et d'un plateau \u00e0 deux compartiments, avec plusieurs tailles de plateau disponibles. Id\u00e9al pour les buffets d'h\u00f4tels haut de gamme, les banquets de mariage et les \u00e9v\u00e9nements de restauration. Fourni directement par Linkton, avec des options de personnalisation disponibles. Contactez-nous pour conna\u00eetre les sp\u00e9cifications du produit et les quantit\u00e9s minimales de commande !<\/p>\n<h2>Plat \u00e0 r\u00f4tir en acier inoxydable Sp\u00e9cifications :<\/h2>\n<table width=\"402\">\n<tbody>\n<tr>\n<td width=\"145\">Fabricant<\/td>\n<td width=\"257\">Linkton<\/td>\n<\/tr>\n<tr>\n<td>Mat\u00e9riau<\/td>\n<td>Acier inoxydable<\/td>\n<\/tr>\n<tr>\n<td>Configuration<\/td>\n<td width=\"257\">Bac \u00e0 aliments\/ bac \u00e0 eau<\/td>\n<\/tr>\n<tr>\n<td>Chauffage<\/td>\n<td>\n<p>Chauffage \u00e9lectrique<\/p>\n<\/td>\n<\/tr>\n<tr>\n<td>Couvercle<\/td>\n<td width=\"257\">Couvercle hydraulique en verre<\/td>\n<\/tr>\n<tr>\n<td>OEM\/ODM<\/td>\n<td>Acceptable<\/td>\n<\/tr>\n<tr>\n<td>\u00c9chantillon<\/td>\n<td>MOQ 1 pi\u00e8ce<\/td>\n<\/tr>\n<\/tbody>\n<\/table>","protected":false},"featured_media":6628,"template":"","meta":{"_acf_changed":false},"product-application":[],"product-capacity":[],"product_brand":[],"product_cat":[58],"product_tag":[],"class_list":{"0":"post-6631","1":"product","2":"type-product","3":"status-publish","4":"has-post-thumbnail","6":"product_cat-wholesale-chafing-dishes","8":"first","9":"instock","10":"shipping-taxable","11":"product-type-simple"},"acf":[],"_links":{"self":[{"href":"https:\/\/www.linktonkitchen.com\/fr\/wp-json\/wp\/v2\/product\/6631","targetHints":{"allow":["GET"]}}],"collection":[{"href":"https:\/\/www.linktonkitchen.com\/fr\/wp-json\/wp\/v2\/product"}],"about":[{"href":"https:\/\/www.linktonkitchen.com\/fr\/wp-json\/wp\/v2\/types\/product"}],"version-history":[{"count":0,"href":"https:\/\/www.linktonkitchen.com\/fr\/wp-json\/wp\/v2\/product\/6631\/revisions"}],"wp:featuredmedia":[{"embeddable":true,"href":"https:\/\/www.linktonkitchen.com\/fr\/wp-json\/wp\/v2\/media\/6628"}],"wp:attachment":[{"href":"https:\/\/www.linktonkitchen.com\/fr\/wp-json\/wp\/v2\/media?parent=6631"}],"wp:term":[{"taxonomy":"product-application","embeddable":true,"href":"https:\/\/www.linktonkitchen.com\/fr\/wp-json\/wp\/v2\/product-application?post=6631"},{"taxonomy":"product-capacity","embeddable":true,"href":"https:\/\/www.linktonkitchen.com\/fr\/wp-json\/wp\/v2\/product-capacity?post=6631"},{"taxonomy":"product_brand","embeddable":true,"href":"https:\/\/www.linktonkitchen.com\/fr\/wp-json\/wp\/v2\/product_brand?post=6631"},{"taxonomy":"product_cat","embeddable":true,"href":"https:\/\/www.linktonkitchen.com\/fr\/wp-json\/wp\/v2\/product_cat?post=6631"},{"taxonomy":"product_tag","embeddable":true,"href":"https:\/\/www.linktonkitchen.com\/fr\/wp-json\/wp\/v2\/product_tag?post=6631"}],"curies":[{"name":"wp","href":"https:\/\/api.w.org\/{rel}","templated":true}]}}