{"id":6634,"date":"2025-08-27T01:23:18","date_gmt":"2025-08-27T01:13:39","guid":{"rendered":"https:\/\/www.linktonkitchen.com\/?post_type=product&#038;p=6634"},"modified":"2025-08-29T03:36:57","modified_gmt":"2025-08-29T03:36:57","slug":"wholesale-fuel-chafing-dish","status":"publish","type":"product","link":"https:\/\/www.linktonkitchen.com\/fr\/product\/wholesale-fuel-chafing-dish\/","title":{"rendered":"Wholesale Fuel Chafing Dish, Roll Top Chafing Dish Electric Heating Elegant Design for Buffet in Bulk (en anglais)"},"content":{"rendered":"<div class=\"wp-block-columns is-layout-flex wp-container-core-columns-is-layout-9d6595d7 wp-block-columns-is-layout-flex\">\n<div class=\"wp-block-column is-vertically-aligned-center is-layout-flow wp-block-column-is-layout-flow\">\n<h2 class=\"wp-block-heading\">Fuel Chafing Dish Features :<\/h2>\n\n\n\n<p><strong>Aspect luxueux :<\/strong> Les pieds en acier inoxydable dor\u00e9 et le corps en miroir argent\u00e9 cr\u00e9ent un design \u00e9l\u00e9gant et raffin\u00e9 qui rehausse toute salle \u00e0 manger.<\/p>\n\n\n\n<p><strong>Couvercle semi-circulaire \u00e0 enroulement :<\/strong> Le couvercle s'ouvre et se ferme en douceur pour une utilisation facile, gardant les aliments chauds et frais.<\/p>\n\n\n\n<p><strong>Acier inoxydable de haute qualit\u00e9<\/strong>: Fabriqu\u00e9 en acier inoxydable 304 de qualit\u00e9 alimentaire, il est r\u00e9sistant \u00e0 la corrosion, \u00e0 l'usure et durable.<\/p>\n\n\n\n<p><strong>Chauffage polyvalent :<\/strong> Il peut \u00eatre utilis\u00e9 avec un br\u00fbleur \u00e0 alcool ou une plaque chauffante \u00e9lectrique pour r\u00e9pondre \u00e0 divers besoins.<\/p>\n\n\n\n<p><strong>Largement applicable<\/strong>: Convient aux buffets d'h\u00f4tels, aux banquets de mariage, aux banquets, aux services de restauration et aux r\u00e9unions haut de gamme.<\/p>\n\n\n\n<p><strong>Services OEM\/ODM<\/strong>: Fabricant professionnel de Linkton, offrant des services complets de la conception \u00e0 la production, r\u00e9pondant aux exigences de personnalisation des volumes.<\/p>\n<\/div>\n\n\n\n<div class=\"wp-block-column is-vertically-aligned-center is-layout-flow wp-block-column-is-layout-flow\"><div class=\"wp-block-image\">\n<figure class=\"aligncenter size-full\"><img fetchpriority=\"high\" decoding=\"async\" width=\"800\" height=\"800\" src=\"https:\/\/www.linktonkitchen.com\/wp-content\/uploads\/2025\/08\/wholesale-fuel-chafing-dish.webp\" alt=\"Gros plat \u00e0 r\u00e9chauffer \u00e0 base de carburant\" class=\"wp-image-6626\" style=\"object-fit:cover\" srcset=\"https:\/\/www.linktonkitchen.com\/wp-content\/uploads\/2025\/08\/wholesale-fuel-chafing-dish.webp 800w, https:\/\/www.linktonkitchen.com\/wp-content\/uploads\/2025\/08\/wholesale-fuel-chafing-dish-300x300.webp 300w, https:\/\/www.linktonkitchen.com\/wp-content\/uploads\/2025\/08\/wholesale-fuel-chafing-dish-150x150.webp 150w, https:\/\/www.linktonkitchen.com\/wp-content\/uploads\/2025\/08\/wholesale-fuel-chafing-dish-768x768.webp 768w, https:\/\/www.linktonkitchen.com\/wp-content\/uploads\/2025\/08\/wholesale-fuel-chafing-dish-12x12.webp 12w, https:\/\/www.linktonkitchen.com\/wp-content\/uploads\/2025\/08\/wholesale-fuel-chafing-dish-285x285.webp 285w, https:\/\/www.linktonkitchen.com\/wp-content\/uploads\/2025\/08\/wholesale-fuel-chafing-dish-270x270.webp 270w, https:\/\/www.linktonkitchen.com\/wp-content\/uploads\/2025\/08\/wholesale-fuel-chafing-dish-540x540.webp 540w, https:\/\/www.linktonkitchen.com\/wp-content\/uploads\/2025\/08\/wholesale-fuel-chafing-dish-660x660.webp 660w\" sizes=\"(max-width: 800px) 100vw, 800px\" \/><\/figure>\n<\/div><\/div>\n<\/div>\n\n\n\n<div class=\"wp-block-columns is-layout-flex wp-container-core-columns-is-layout-9d6595d7 wp-block-columns-is-layout-flex\">\n<div class=\"wp-block-column is-vertically-aligned-center is-layout-flow wp-block-column-is-layout-flow\">\n<h2 class=\"wp-block-heading\">Plat \u00e0 r\u00f4tir \u00e0 carburant personnalis\u00e9<\/h2>\n\n\n\n<p>Nous proposons des services ODM et OEM, ce qui permet de personnaliser les logos et l'emballage des produits. Nous proposons diff\u00e9rentes options d'emballage, notamment des sacs, des cartons ou des emballages personnalis\u00e9s en fonction de vos pr\u00e9f\u00e9rences. En outre, nous proposons des options de couleur flexibles, notamment le placage argent\u00e9, dor\u00e9 ou semi-or.<\/p>\n<\/div>\n<\/div>","protected":false},"excerpt":{"rendered":"<p>R\u00e9chaud \u00e0 combustible en gros, mat\u00e9riau de qualit\u00e9 alimentaire, couvercle \u00e0 enroulement, structure sur\u00e9lev\u00e9e, compatible avec un chauffage \u00e0 combustible ou \u00e9lectrique. Largement utilis\u00e9 dans les lieux de restauration haut de gamme tels que les buffets et les banquets. Linkton propose des services de vente en gros et de personnalisation. N'h\u00e9sitez pas \u00e0 nous contacter pour obtenir un devis !<\/p>\n<h2>Sp\u00e9cifications de l'ustensile de cuisson \u00e0 combustible :<\/h2>\n<table width=\"402\">\n<tbody>\n<tr>\n<td width=\"145\">Fabricant<\/td>\n<td width=\"257\">Linkton<\/td>\n<\/tr>\n<tr>\n<td>Mat\u00e9riau<\/td>\n<td>Acier inoxydable<\/td>\n<\/tr>\n<tr>\n<td>Configuration<\/td>\n<td width=\"257\">Bac \u00e0 aliments\/ bac \u00e0 eau<\/td>\n<\/tr>\n<tr>\n<td>Chauffage<\/td>\n<td>\n<p>Chauffage \u00e9lectrique\/ Chauffage au fioul<\/p>\n<\/td>\n<\/tr>\n<tr>\n<td>Couvercle<\/td>\n<td width=\"257\">Couvercle hydraulique en verre<\/td>\n<\/tr>\n<tr>\n<td>OEM\/ODM<\/td>\n<td>Acceptable<\/td>\n<\/tr>\n<tr>\n<td>\u00c9chantillon<\/td>\n<td>MOQ 1 pi\u00e8ce<\/td>\n<\/tr>\n<\/tbody>\n<\/table>","protected":false},"featured_media":6626,"template":"","meta":{"_acf_changed":false},"product-application":[],"product-capacity":[],"product_brand":[],"product_cat":[58],"product_tag":[],"class_list":{"0":"post-6634","1":"product","2":"type-product","3":"status-publish","4":"has-post-thumbnail","6":"product_cat-wholesale-chafing-dishes","8":"first","9":"instock","10":"shipping-taxable","11":"product-type-simple"},"acf":[],"_links":{"self":[{"href":"https:\/\/www.linktonkitchen.com\/fr\/wp-json\/wp\/v2\/product\/6634","targetHints":{"allow":["GET"]}}],"collection":[{"href":"https:\/\/www.linktonkitchen.com\/fr\/wp-json\/wp\/v2\/product"}],"about":[{"href":"https:\/\/www.linktonkitchen.com\/fr\/wp-json\/wp\/v2\/types\/product"}],"version-history":[{"count":0,"href":"https:\/\/www.linktonkitchen.com\/fr\/wp-json\/wp\/v2\/product\/6634\/revisions"}],"wp:featuredmedia":[{"embeddable":true,"href":"https:\/\/www.linktonkitchen.com\/fr\/wp-json\/wp\/v2\/media\/6626"}],"wp:attachment":[{"href":"https:\/\/www.linktonkitchen.com\/fr\/wp-json\/wp\/v2\/media?parent=6634"}],"wp:term":[{"taxonomy":"product-application","embeddable":true,"href":"https:\/\/www.linktonkitchen.com\/fr\/wp-json\/wp\/v2\/product-application?post=6634"},{"taxonomy":"product-capacity","embeddable":true,"href":"https:\/\/www.linktonkitchen.com\/fr\/wp-json\/wp\/v2\/product-capacity?post=6634"},{"taxonomy":"product_brand","embeddable":true,"href":"https:\/\/www.linktonkitchen.com\/fr\/wp-json\/wp\/v2\/product_brand?post=6634"},{"taxonomy":"product_cat","embeddable":true,"href":"https:\/\/www.linktonkitchen.com\/fr\/wp-json\/wp\/v2\/product_cat?post=6634"},{"taxonomy":"product_tag","embeddable":true,"href":"https:\/\/www.linktonkitchen.com\/fr\/wp-json\/wp\/v2\/product_tag?post=6634"}],"curies":[{"name":"wp","href":"https:\/\/api.w.org\/{rel}","templated":true}]}}