{"id":6757,"date":"2025-09-10T16:27:56","date_gmt":"2025-09-10T16:27:56","guid":{"rendered":"https:\/\/www.linktonkitchen.com\/"},"modified":"2025-09-10T16:27:56","modified_gmt":"2025-09-10T16:27:56","slug":"wholesale-chafing-dishes-catering","status":"publish","type":"product","link":"https:\/\/www.linktonkitchen.com\/fr\/product\/wholesale-chafing-dishes-catering\/","title":{"rendered":"Wholesale Chafing Dishes Catering Luxury Stainless Steel with Electric &amp; Fuel Heating"},"content":{"rendered":"<div class=\"wp-block-columns is-layout-flex wp-container-core-columns-is-layout-9d6595d7 wp-block-columns-is-layout-flex\">\n<div class=\"wp-block-column is-layout-flow wp-block-column-is-layout-flow\">\n<h2 class=\"wp-block-heading\">Plats \u00e0 r\u00f4tir Caract\u00e9ristiques de restauration :<\/h2>\n\n\n\n<p><strong>Acier inoxydable de haute qualit\u00e9<\/strong>: Fabriqu\u00e9 en acier inoxydable r\u00e9sistant \u00e0 la corrosion et ind\u00e9formable, il est durable et convient aux environnements de restauration \u00e0 usage intensif.<\/p>\n\n\n\n<p><strong>Levage hydraulique<\/strong>: Fonctionnement facile et souple, permettant de placer et de retirer facilement la vaisselle et d'am\u00e9liorer l'efficacit\u00e9 du buffet.<\/p>\n\n\n\n<p><strong>Plusieurs options de couleurs : <\/strong>Disponible en naturel, en or et en or rose pour s'adapter aux diff\u00e9rents styles de restaurants et aux images de marque.<\/p>\n\n\n\n<p><strong>Couvercle en verre s\u00fbr et durable<\/strong>: Le couvercle en verre transparent \u00e0 haute r\u00e9sistance pr\u00e9sente clairement les aliments tout en maintenant la temp\u00e9rature et la fra\u00eecheur.<\/p>\n\n\n\n<p><strong>Support de clip d\u00e9di\u00e9<\/strong>: Des porte-clips strat\u00e9giquement positionn\u00e9s permettent aux clients de r\u00e9cup\u00e9rer facilement leur nourriture tout en gardant la salle \u00e0 manger bien rang\u00e9e.<\/p>\n\n\n\n<p><strong>Chauffage \u00e9lectronique intelligent<\/strong>: Un syst\u00e8me de contr\u00f4le \u00e9lectronique stable garantit un chauffage homog\u00e8ne des aliments, am\u00e9liorant ainsi la qualit\u00e9 du service.<\/p>\n\n\n\n<p><strong>Nettoyage facile<\/strong>: La surface lisse en acier inoxydable r\u00e9siste aux taches et \u00e0 l'huile, ce qui facilite le nettoyage et r\u00e9duit les co\u00fbts d'exploitation.<\/p>\n<\/div>\n\n\n\n<div class=\"wp-block-column is-layout-flow wp-block-column-is-layout-flow\">\n<figure class=\"wp-block-image size-full\"><img fetchpriority=\"high\" decoding=\"async\" width=\"750\" height=\"750\" src=\"https:\/\/www.linktonkitchen.com\/wp-content\/uploads\/2025\/09\/wholesale-chafing-dishes-catering.webp\" alt=\"grossiste chafing dishes catering\" class=\"wp-image-6760\" srcset=\"https:\/\/www.linktonkitchen.com\/wp-content\/uploads\/2025\/09\/wholesale-chafing-dishes-catering.webp 750w, https:\/\/www.linktonkitchen.com\/wp-content\/uploads\/2025\/09\/wholesale-chafing-dishes-catering-300x300.webp 300w, https:\/\/www.linktonkitchen.com\/wp-content\/uploads\/2025\/09\/wholesale-chafing-dishes-catering-150x150.webp 150w, https:\/\/www.linktonkitchen.com\/wp-content\/uploads\/2025\/09\/wholesale-chafing-dishes-catering-12x12.webp 12w, https:\/\/www.linktonkitchen.com\/wp-content\/uploads\/2025\/09\/wholesale-chafing-dishes-catering-285x285.webp 285w, https:\/\/www.linktonkitchen.com\/wp-content\/uploads\/2025\/09\/wholesale-chafing-dishes-catering-270x270.webp 270w, https:\/\/www.linktonkitchen.com\/wp-content\/uploads\/2025\/09\/wholesale-chafing-dishes-catering-540x540.webp 540w, https:\/\/www.linktonkitchen.com\/wp-content\/uploads\/2025\/09\/wholesale-chafing-dishes-catering-660x660.webp 660w\" sizes=\"(max-width: 750px) 100vw, 750px\" \/><\/figure>\n<\/div>\n<\/div>\n\n\n\n<div class=\"wp-block-columns is-layout-flex wp-container-core-columns-is-layout-9d6595d7 wp-block-columns-is-layout-flex\">\n<div class=\"wp-block-column is-vertically-aligned-center is-layout-flow wp-block-column-is-layout-flow\">\n<h2 class=\"wp-block-heading\">Plats \u00e0 r\u00f4tir personnalis\u00e9s Catering\uff1a<\/h2>\n\n\n\n<p>Nous proposons des services ODM et OEM, ce qui permet de personnaliser les logos et l'emballage des produits. Nous proposons diff\u00e9rentes options d'emballage, notamment des sacs, des cartons ou des emballages personnalis\u00e9s en fonction de vos pr\u00e9f\u00e9rences. En outre, nous proposons des options de couleur flexibles, notamment le placage argent\u00e9, dor\u00e9 ou semi-or.<\/p>\n<\/div>\n<\/div>","protected":false},"excerpt":{"rendered":"<p>Bienvenue sur le site de vente en gros de chafing dishes catering, \u00e9quip\u00e9s d'un couvercle hydraulique en verre, d'un chauffage \u00e9lectrique et d'une vari\u00e9t\u00e9 de couleurs. Il est \u00e9quip\u00e9 d'un porte-baguettes, ce qui le rend id\u00e9al pour les h\u00f4tels, les caf\u00e9t\u00e9rias et les salles de banquet. Nous offrons des options de personnalisation en gros, alors n'h\u00e9sitez pas \u00e0 nous demander !<\/p>\n<h2>Sp\u00e9cifications des chafing dishes Catering :<\/h2>\n<table width=\"402\">\n<tbody>\n<tr>\n<td width=\"145\">Fabricant<\/td>\n<td width=\"257\">Linkton<\/td>\n<\/tr>\n<tr>\n<td>Mat\u00e9riau<\/td>\n<td>Acier inoxydable<\/td>\n<\/tr>\n<tr>\n<td>Configuration<\/td>\n<td width=\"257\">Bac \u00e0 aliments\/ bac \u00e0 eau<\/td>\n<\/tr>\n<tr>\n<td>Chauffage<\/td>\n<td>\n<p>Chauffage \u00e9lectrique<\/p>\n<\/td>\n<\/tr>\n<tr>\n<td>Couvercle<\/td>\n<td width=\"257\">Couvercle hydraulique en verre<\/td>\n<\/tr>\n<tr>\n<td>OEM\/ODM<\/td>\n<td>Acceptable<\/td>\n<\/tr>\n<tr>\n<td>\u00c9chantillon<\/td>\n<td>MOQ 1 pi\u00e8ce<\/td>\n<\/tr>\n<\/tbody>\n<\/table>","protected":false},"featured_media":6760,"template":"","meta":{"_acf_changed":false},"product-application":[],"product-capacity":[],"product_brand":[],"product_cat":[58],"product_tag":[],"class_list":{"0":"post-6757","1":"product","2":"type-product","3":"status-publish","4":"has-post-thumbnail","6":"product_cat-wholesale-chafing-dishes","8":"first","9":"instock","10":"shipping-taxable","11":"product-type-simple"},"acf":[],"_links":{"self":[{"href":"https:\/\/www.linktonkitchen.com\/fr\/wp-json\/wp\/v2\/product\/6757","targetHints":{"allow":["GET"]}}],"collection":[{"href":"https:\/\/www.linktonkitchen.com\/fr\/wp-json\/wp\/v2\/product"}],"about":[{"href":"https:\/\/www.linktonkitchen.com\/fr\/wp-json\/wp\/v2\/types\/product"}],"version-history":[{"count":0,"href":"https:\/\/www.linktonkitchen.com\/fr\/wp-json\/wp\/v2\/product\/6757\/revisions"}],"wp:featuredmedia":[{"embeddable":true,"href":"https:\/\/www.linktonkitchen.com\/fr\/wp-json\/wp\/v2\/media\/6760"}],"wp:attachment":[{"href":"https:\/\/www.linktonkitchen.com\/fr\/wp-json\/wp\/v2\/media?parent=6757"}],"wp:term":[{"taxonomy":"product-application","embeddable":true,"href":"https:\/\/www.linktonkitchen.com\/fr\/wp-json\/wp\/v2\/product-application?post=6757"},{"taxonomy":"product-capacity","embeddable":true,"href":"https:\/\/www.linktonkitchen.com\/fr\/wp-json\/wp\/v2\/product-capacity?post=6757"},{"taxonomy":"product_brand","embeddable":true,"href":"https:\/\/www.linktonkitchen.com\/fr\/wp-json\/wp\/v2\/product_brand?post=6757"},{"taxonomy":"product_cat","embeddable":true,"href":"https:\/\/www.linktonkitchen.com\/fr\/wp-json\/wp\/v2\/product_cat?post=6757"},{"taxonomy":"product_tag","embeddable":true,"href":"https:\/\/www.linktonkitchen.com\/fr\/wp-json\/wp\/v2\/product_tag?post=6757"}],"curies":[{"name":"wp","href":"https:\/\/api.w.org\/{rel}","templated":true}]}}