{"id":6813,"date":"2025-09-10T16:27:56","date_gmt":"2025-09-10T16:27:56","guid":{"rendered":"https:\/\/www.linktonkitchen.com\/?post_type=product&#038;p=6813"},"modified":"2025-09-10T16:27:57","modified_gmt":"2025-09-10T16:27:57","slug":"wholesale-sroll-top-chafing-dish","status":"publish","type":"product","link":"https:\/\/www.linktonkitchen.com\/fr\/product\/wholesale-sroll-top-chafing-dish\/","title":{"rendered":"Chafing Dish Roll Top Wholesale Stainless Steel Buffet Food Warmer with Glass Lid (R\u00e9chauffeur de buffet en acier inoxydable avec couvercle en verre)"},"content":{"rendered":"<div class=\"wp-block-columns is-layout-flex wp-container-core-columns-is-layout-9d6595d7 wp-block-columns-is-layout-flex\">\n<div class=\"wp-block-column is-layout-flow wp-block-column-is-layout-flow\">\n<h2 class=\"wp-block-heading\">Chafing Dish Roll Top Caract\u00e9ristiques :<\/h2>\n\n\n\n<p><strong>Qualit\u00e9 sup\u00e9rieure<\/strong>: Le corps principal est fabriqu\u00e9 en acier inoxydable de haute qualit\u00e9, ce qui garantit la r\u00e9sistance \u00e0 la corrosion et la facilit\u00e9 de nettoyage. La quincaillerie en or est plaqu\u00e9e par \u00e9lectrolyse avec un savoir-faire sophistiqu\u00e9 pour une sensation de qualit\u00e9 sup\u00e9rieure.<\/p>\n\n\n\n<p><strong>Conception pratique<\/strong>: Le couvercle transparent permet de voir les aliments sans les ouvrir. La poign\u00e9e ergonomique dor\u00e9e permet une ouverture facile.<\/p>\n\n\n\n<p><strong>Isolation professionnelle<\/strong>: La chaleur est conserv\u00e9e pendant de longues p\u00e9riodes, ce qui garantit une cuisson parfaite des aliments.<\/p>\n\n\n\n<p><strong>Construction robuste<\/strong>: Le support en or allie esth\u00e9tique et stabilit\u00e9, ce qui lui permet de rester stable pendant l'utilisation.<\/p>\n\n\n\n<p><strong>Nettoyage facile<\/strong>: La surface lisse et la conception amovible facilitent le nettoyage, ce qui permet de r\u00e9duire les co\u00fbts de main-d'\u0153uvre.<\/p>\n\n\n\n<p><strong>Personnalisation <\/strong><span style=\"box-sizing: border-box; margin: 0px; padding: 0px;\"><strong>Options<\/strong>: L'impression de logos, les finitions en couleur et les tailles personnalis\u00e9es sont disponibles pour r\u00e9pondre aux divers besoins de nos clients. <\/span>les clients.<\/p>\n<\/div>\n\n\n\n<div class=\"wp-block-column is-layout-flow wp-block-column-is-layout-flow\">\n<figure class=\"wp-block-image size-full\"><img fetchpriority=\"high\" decoding=\"async\" width=\"800\" height=\"800\" src=\"https:\/\/www.linktonkitchen.com\/wp-content\/uploads\/2025\/09\/roll-top-chafing-dish-wholesale.webp\" alt=\"Chafing dish roll top wholesale\" class=\"wp-image-6814\" srcset=\"https:\/\/www.linktonkitchen.com\/wp-content\/uploads\/2025\/09\/roll-top-chafing-dish-wholesale.webp 800w, https:\/\/www.linktonkitchen.com\/wp-content\/uploads\/2025\/09\/roll-top-chafing-dish-wholesale-300x300.webp 300w, https:\/\/www.linktonkitchen.com\/wp-content\/uploads\/2025\/09\/roll-top-chafing-dish-wholesale-150x150.webp 150w, https:\/\/www.linktonkitchen.com\/wp-content\/uploads\/2025\/09\/roll-top-chafing-dish-wholesale-768x768.webp 768w, https:\/\/www.linktonkitchen.com\/wp-content\/uploads\/2025\/09\/roll-top-chafing-dish-wholesale-12x12.webp 12w, https:\/\/www.linktonkitchen.com\/wp-content\/uploads\/2025\/09\/roll-top-chafing-dish-wholesale-285x285.webp 285w, https:\/\/www.linktonkitchen.com\/wp-content\/uploads\/2025\/09\/roll-top-chafing-dish-wholesale-270x270.webp 270w, https:\/\/www.linktonkitchen.com\/wp-content\/uploads\/2025\/09\/roll-top-chafing-dish-wholesale-540x540.webp 540w, https:\/\/www.linktonkitchen.com\/wp-content\/uploads\/2025\/09\/roll-top-chafing-dish-wholesale-660x660.webp 660w\" sizes=\"(max-width: 800px) 100vw, 800px\" \/><\/figure>\n<\/div>\n<\/div>\n\n\n\n<div class=\"wp-block-columns is-layout-flex wp-container-core-columns-is-layout-9d6595d7 wp-block-columns-is-layout-flex\">\n<div class=\"wp-block-column is-vertically-aligned-center is-layout-flow wp-block-column-is-layout-flow\">\n<h2 class=\"wp-block-heading\">Chafing dish \u00e0 couvercle roulant personnalis\u00e9\uff1a<\/h2>\n\n\n\n<p>Nous proposons des services ODM et OEM, ce qui permet de personnaliser les logos et l'emballage des produits. Nous proposons diff\u00e9rentes options d'emballage, notamment des sacs, des cartons ou des emballages personnalis\u00e9s en fonction de vos pr\u00e9f\u00e9rences. En outre, nous proposons des options de couleur flexibles, notamment le placage argent\u00e9, dor\u00e9 ou semi-or.<\/p>\n<\/div>\n<\/div>","protected":false},"excerpt":{"rendered":"<p>Les chafing dishes Linkton, en acier inoxydable avec des accents dor\u00e9s, ont un aspect de qualit\u00e9 sup\u00e9rieure, un couvercle transparent et des poign\u00e9es faciles \u00e0 saisir. Avec une r\u00e9tention durable de la chaleur, ils sont parfaits pour les h\u00f4tels et les restaurants. Nous acceptons les commandes en gros et les commandes personnalis\u00e9es. Contactez-nous pour obtenir un devis !<\/p>\n<h2>Sp\u00e9cifications du r\u00e9chaud Roll Top :<\/h2>\n<table width=\"402\">\n<tbody>\n<tr>\n<td width=\"145\">Fabricant<\/td>\n<td width=\"257\">Linkton<\/td>\n<\/tr>\n<tr>\n<td>Mat\u00e9riau<\/td>\n<td>Acier inoxydable<\/td>\n<\/tr>\n<tr>\n<td>Configuration<\/td>\n<td width=\"257\">Bac \u00e0 aliments\/ bac \u00e0 eau<\/td>\n<\/tr>\n<tr>\n<td>Chauffage<\/td>\n<td>\n<p>Chauffage au fioul<\/p>\n<\/td>\n<\/tr>\n<tr>\n<td>Couvercle<\/td>\n<td width=\"257\">Couvercle hydraulique en verre<\/td>\n<\/tr>\n<tr>\n<td>OEM\/ODM<\/td>\n<td>Acceptable<\/td>\n<\/tr>\n<tr>\n<td>\u00c9chantillon<\/td>\n<td>MOQ 1 pi\u00e8ce<\/td>\n<\/tr>\n<\/tbody>\n<\/table>","protected":false},"featured_media":6814,"template":"","meta":{"_acf_changed":false},"product-application":[],"product-capacity":[],"product_brand":[],"product_cat":[58],"product_tag":[],"class_list":{"0":"post-6813","1":"product","2":"type-product","3":"status-publish","4":"has-post-thumbnail","6":"product_cat-wholesale-chafing-dishes","8":"first","9":"instock","10":"shipping-taxable","11":"product-type-simple"},"acf":[],"_links":{"self":[{"href":"https:\/\/www.linktonkitchen.com\/fr\/wp-json\/wp\/v2\/product\/6813","targetHints":{"allow":["GET"]}}],"collection":[{"href":"https:\/\/www.linktonkitchen.com\/fr\/wp-json\/wp\/v2\/product"}],"about":[{"href":"https:\/\/www.linktonkitchen.com\/fr\/wp-json\/wp\/v2\/types\/product"}],"version-history":[{"count":0,"href":"https:\/\/www.linktonkitchen.com\/fr\/wp-json\/wp\/v2\/product\/6813\/revisions"}],"wp:featuredmedia":[{"embeddable":true,"href":"https:\/\/www.linktonkitchen.com\/fr\/wp-json\/wp\/v2\/media\/6814"}],"wp:attachment":[{"href":"https:\/\/www.linktonkitchen.com\/fr\/wp-json\/wp\/v2\/media?parent=6813"}],"wp:term":[{"taxonomy":"product-application","embeddable":true,"href":"https:\/\/www.linktonkitchen.com\/fr\/wp-json\/wp\/v2\/product-application?post=6813"},{"taxonomy":"product-capacity","embeddable":true,"href":"https:\/\/www.linktonkitchen.com\/fr\/wp-json\/wp\/v2\/product-capacity?post=6813"},{"taxonomy":"product_brand","embeddable":true,"href":"https:\/\/www.linktonkitchen.com\/fr\/wp-json\/wp\/v2\/product_brand?post=6813"},{"taxonomy":"product_cat","embeddable":true,"href":"https:\/\/www.linktonkitchen.com\/fr\/wp-json\/wp\/v2\/product_cat?post=6813"},{"taxonomy":"product_tag","embeddable":true,"href":"https:\/\/www.linktonkitchen.com\/fr\/wp-json\/wp\/v2\/product_tag?post=6813"}],"curies":[{"name":"wp","href":"https:\/\/api.w.org\/{rel}","templated":true}]}}