{"id":6820,"date":"2025-09-10T16:27:56","date_gmt":"2025-09-10T16:27:56","guid":{"rendered":"https:\/\/www.linktonkitchen.com\/?post_type=product&#038;p=6820"},"modified":"2025-09-10T16:27:56","modified_gmt":"2025-09-10T16:27:56","slug":"wholesale-electric-chafer","status":"publish","type":"product","link":"https:\/\/www.linktonkitchen.com\/fr\/product\/wholesale-electric-chafer\/","title":{"rendered":"Wholesale Electric Chafer, Rectangle Chafing Dish for Catering Custom (en anglais seulement)"},"content":{"rendered":"<div class=\"wp-block-columns is-layout-flex wp-container-core-columns-is-layout-9d6595d7 wp-block-columns-is-layout-flex\">\n<div class=\"wp-block-column is-layout-flow wp-block-column-is-layout-flow\">\n<h2 class=\"wp-block-heading\">Chafer \u00e9lectrique en gros Caract\u00e9ristiques :<\/h2>\n\n\n\n<p><strong>Panneau de contr\u00f4le num\u00e9rique intelligent<\/strong>: \u00c9quip\u00e9 d'un \u00e9cran num\u00e9rique et de commandes \u00e0 bouton-poussoir, il permet un r\u00e9glage pr\u00e9cis de la temp\u00e9rature et une utilisation intuitive.<\/p>\n\n\n\n<p><strong>Acier inoxydable de qualit\u00e9 alimentaire :<\/strong> R\u00e9sistant \u00e0 la corrosion et \u00e0 la rouille, il conserve son aspect impeccable m\u00eame apr\u00e8s une utilisation prolong\u00e9e, ce qui en fait un choix id\u00e9al pour la restauration commerciale \u00e0 haute fr\u00e9quence.<\/p>\n\n\n\n<p><strong>Couvercle en verre transparent<\/strong>: Le contr\u00f4le pratique de l'\u00e9tat des aliments \u00e0 tout moment, \u00e9liminant le besoin d'ouvertures fr\u00e9quentes et r\u00e9duisant la perte de chaleur.<\/p>\n\n\n\n<p><strong>Plateau de grande capacit\u00e9<\/strong>: Il est id\u00e9al pour les h\u00f4tels, les buffets et les banquets, car il offre suffisamment d'espace pour accueillir une grande vari\u00e9t\u00e9 de plats.<\/p>\n\n\n\n<p><strong>Syst\u00e8me de chauffage uniforme :<\/strong> Chauffe rapidement et de mani\u00e8re stable, \u00e9vitant la surchauffe et pr\u00e9servant le go\u00fbt et la valeur nutritionnelle des aliments.<\/p>\n\n\n\n<p><strong>Economies d'\u00e9nergie et s\u00e9curit\u00e9 :<\/strong> Le contr\u00f4le de la temp\u00e9rature r\u00e9duit efficacement la consommation d'\u00e9nergie, tandis que la protection contre la surchauffe renforce la s\u00e9curit\u00e9.<\/p>\n\n\n\n<p><strong>Diverses options de rev\u00eatement<\/strong>: Disponible avec un rev\u00eatement en c\u00e9ramique ou en acier inoxydable pour r\u00e9pondre aux diff\u00e9rents besoins de la restauration.<\/p>\n\n\n\n<p><strong>En vrac et personnalisable<\/strong>: Des options de personnalisation sont disponibles, y compris le logo, la capacit\u00e9 et la taille, pour r\u00e9pondre aux besoins de la marque et de l'entreprise.<\/p>\n<\/div>\n\n\n\n<div class=\"wp-block-column is-layout-flow wp-block-column-is-layout-flow\">\n<figure class=\"wp-block-image size-full\"><img fetchpriority=\"high\" decoding=\"async\" width=\"800\" height=\"800\" src=\"https:\/\/www.linktonkitchen.com\/wp-content\/uploads\/2025\/09\/wholesale-electric-chafer.webp\" alt=\"hacheur \u00e9lectrique en gros\" class=\"wp-image-6821\" srcset=\"https:\/\/www.linktonkitchen.com\/wp-content\/uploads\/2025\/09\/wholesale-electric-chafer.webp 800w, https:\/\/www.linktonkitchen.com\/wp-content\/uploads\/2025\/09\/wholesale-electric-chafer-300x300.webp 300w, https:\/\/www.linktonkitchen.com\/wp-content\/uploads\/2025\/09\/wholesale-electric-chafer-150x150.webp 150w, https:\/\/www.linktonkitchen.com\/wp-content\/uploads\/2025\/09\/wholesale-electric-chafer-768x768.webp 768w, https:\/\/www.linktonkitchen.com\/wp-content\/uploads\/2025\/09\/wholesale-electric-chafer-12x12.webp 12w, https:\/\/www.linktonkitchen.com\/wp-content\/uploads\/2025\/09\/wholesale-electric-chafer-285x285.webp 285w, https:\/\/www.linktonkitchen.com\/wp-content\/uploads\/2025\/09\/wholesale-electric-chafer-270x270.webp 270w, https:\/\/www.linktonkitchen.com\/wp-content\/uploads\/2025\/09\/wholesale-electric-chafer-540x540.webp 540w, https:\/\/www.linktonkitchen.com\/wp-content\/uploads\/2025\/09\/wholesale-electric-chafer-660x660.webp 660w\" sizes=\"(max-width: 800px) 100vw, 800px\" \/><\/figure>\n<\/div>\n<\/div>\n\n\n\n<div class=\"wp-block-columns is-layout-flex wp-container-core-columns-is-layout-9d6595d7 wp-block-columns-is-layout-flex\">\n<div class=\"wp-block-column is-vertically-aligned-center is-layout-flow wp-block-column-is-layout-flow\">\n<h2 class=\"wp-block-heading\">Chafer \u00e9lectrique en gros sur mesure\uff1a<\/h2>\n\n\n\n<p>Nous proposons des services ODM et OEM, ce qui permet de personnaliser les logos et l'emballage des produits. Nous proposons diff\u00e9rentes options d'emballage, notamment des sacs, des cartons ou des emballages personnalis\u00e9s en fonction de vos pr\u00e9f\u00e9rences. En outre, nous proposons des options de couleur flexibles, notamment le placage argent\u00e9, dor\u00e9 ou semi-or.<\/p>\n<\/div>\n<\/div>","protected":false},"excerpt":{"rendered":"<p>Le hachoir \u00e9lectrique Wholesale, l'acier inoxydable de haute qualit\u00e9, le contr\u00f4le intelligent de la temp\u00e9rature et le design rectangulaire de grande capacit\u00e9 le rendent id\u00e9al pour les h\u00f4tels, les caf\u00e9t\u00e9rias, les banquets et la restauration. Disponible en gros et sur mesure, contactez-nous d\u00e8s aujourd'hui pour un devis et une proposition !<\/p>\n<h2>Sp\u00e9cifications du hacheur \u00e9lectrique :<\/h2>\n<table width=\"402\">\n<tbody>\n<tr>\n<td width=\"145\">Fabricant<\/td>\n<td width=\"257\">Linkton<\/td>\n<\/tr>\n<tr>\n<td>Mat\u00e9riau<\/td>\n<td>Acier inoxydable<\/td>\n<\/tr>\n<tr>\n<td>Configuration<\/td>\n<td width=\"257\">Bac \u00e0 aliments\/ bac \u00e0 eau<\/td>\n<\/tr>\n<tr>\n<td>Chauffage<\/td>\n<td>\n<p>Chauffage \u00e9lectrique<\/p>\n<\/td>\n<\/tr>\n<tr>\n<td>Couvercle<\/td>\n<td width=\"257\">Couvercle hydraulique en verre<\/td>\n<\/tr>\n<tr>\n<td>OEM\/ODM<\/td>\n<td>Acceptable<\/td>\n<\/tr>\n<tr>\n<td>\u00c9chantillon<\/td>\n<td>MOQ 1 pi\u00e8ce<\/td>\n<\/tr>\n<\/tbody>\n<\/table>","protected":false},"featured_media":6821,"template":"","meta":{"_acf_changed":false},"product-application":[],"product-capacity":[],"product_brand":[],"product_cat":[58],"product_tag":[],"class_list":{"0":"post-6820","1":"product","2":"type-product","3":"status-publish","4":"has-post-thumbnail","6":"product_cat-wholesale-chafing-dishes","8":"first","9":"instock","10":"shipping-taxable","11":"product-type-simple"},"acf":[],"_links":{"self":[{"href":"https:\/\/www.linktonkitchen.com\/fr\/wp-json\/wp\/v2\/product\/6820","targetHints":{"allow":["GET"]}}],"collection":[{"href":"https:\/\/www.linktonkitchen.com\/fr\/wp-json\/wp\/v2\/product"}],"about":[{"href":"https:\/\/www.linktonkitchen.com\/fr\/wp-json\/wp\/v2\/types\/product"}],"version-history":[{"count":0,"href":"https:\/\/www.linktonkitchen.com\/fr\/wp-json\/wp\/v2\/product\/6820\/revisions"}],"wp:featuredmedia":[{"embeddable":true,"href":"https:\/\/www.linktonkitchen.com\/fr\/wp-json\/wp\/v2\/media\/6821"}],"wp:attachment":[{"href":"https:\/\/www.linktonkitchen.com\/fr\/wp-json\/wp\/v2\/media?parent=6820"}],"wp:term":[{"taxonomy":"product-application","embeddable":true,"href":"https:\/\/www.linktonkitchen.com\/fr\/wp-json\/wp\/v2\/product-application?post=6820"},{"taxonomy":"product-capacity","embeddable":true,"href":"https:\/\/www.linktonkitchen.com\/fr\/wp-json\/wp\/v2\/product-capacity?post=6820"},{"taxonomy":"product_brand","embeddable":true,"href":"https:\/\/www.linktonkitchen.com\/fr\/wp-json\/wp\/v2\/product_brand?post=6820"},{"taxonomy":"product_cat","embeddable":true,"href":"https:\/\/www.linktonkitchen.com\/fr\/wp-json\/wp\/v2\/product_cat?post=6820"},{"taxonomy":"product_tag","embeddable":true,"href":"https:\/\/www.linktonkitchen.com\/fr\/wp-json\/wp\/v2\/product_tag?post=6820"}],"curies":[{"name":"wp","href":"https:\/\/api.w.org\/{rel}","templated":true}]}}