{"id":6828,"date":"2025-09-10T16:27:56","date_gmt":"2025-09-10T16:27:56","guid":{"rendered":"https:\/\/www.linktonkitchen.com\/?post_type=product&#038;p=6828"},"modified":"2025-09-10T16:27:56","modified_gmt":"2025-09-10T16:27:56","slug":"wholesale-chafing-dish-round","status":"publish","type":"product","link":"https:\/\/www.linktonkitchen.com\/fr\/product\/wholesale-chafing-dish-round\/","title":{"rendered":"Wholesale Chafing Dish Round, Electric Stainless Steel Buffet Set Custom"},"content":{"rendered":"<div class=\"wp-block-columns is-layout-flex wp-container-core-columns-is-layout-9d6595d7 wp-block-columns-is-layout-flex\">\n<div class=\"wp-block-column is-layout-flow wp-block-column-is-layout-flow\">\n<h2 class=\"wp-block-heading\">Caract\u00e9ristiques de l'ustensile de cuisson rond :<\/h2>\n\n\n\n<p><strong>Aspect pratique :<\/strong> La forme ronde \u00e9l\u00e9gante et le couvercle en verre transparent permettent de voir facilement l'\u00e9tat des aliments, am\u00e9liorant ainsi l'exp\u00e9rience visuelle globale de la table.<\/p>\n\n\n\n<p><strong>Panneau de commande num\u00e9rique intelligent<\/strong>: \u00c9quip\u00e9 d'un \u00e9cran tactile num\u00e9rique, il r\u00e8gle pr\u00e9cis\u00e9ment la temp\u00e9rature pour que les aliments restent \u00e0 la temp\u00e9rature id\u00e9ale pendant de longues p\u00e9riodes.<\/p>\n\n\n\n<p><strong>Plusieurs options de pots int\u00e9rieurs : <\/strong>Disponible avec un pot int\u00e9rieur en c\u00e9ramique ou en acier inoxydable pour r\u00e9pondre aux besoins de diff\u00e9rents plats, assurant \u00e0 la fois la r\u00e9tention de la chaleur et la durabilit\u00e9.<\/p>\n\n\n\n<p><strong>Acier inoxydable \u00e0 haute r\u00e9sistance<\/strong>: R\u00e9sistant \u00e0 la corrosion et facile \u00e0 nettoyer, il convient aux h\u00f4tels et restaurants \u00e0 forte fr\u00e9quentation.<\/p>\n\n\n\n<p><strong>Chauffage stable et \u00e9conome en \u00e9nergie :<\/strong> Le syst\u00e8me de chauffage \u00e9lectrique efficace offre un chauffage rapide et homog\u00e8ne, ce qui permet d'\u00e9conomiser de l'\u00e9nergie et de prot\u00e9ger l'environnement.<\/p>\n\n\n\n<p><strong>Fournir une personnalisation :<\/strong> Nous proposons des solutions personnalis\u00e9es adapt\u00e9es aux besoins de votre restaurant, y compris la personnalisation de la taille, de la capacit\u00e9, du logo, etc.<\/p>\n<\/div>\n\n\n\n<div class=\"wp-block-column is-layout-flow wp-block-column-is-layout-flow\">\n<figure class=\"wp-block-image size-full\"><img fetchpriority=\"high\" decoding=\"async\" width=\"749\" height=\"749\" src=\"https:\/\/www.linktonkitchen.com\/wp-content\/uploads\/2025\/09\/wholesale-chafing-dish-round.webp\" alt=\"grossiste chafing dish round\" class=\"wp-image-6822\" srcset=\"https:\/\/www.linktonkitchen.com\/wp-content\/uploads\/2025\/09\/wholesale-chafing-dish-round.webp 749w, https:\/\/www.linktonkitchen.com\/wp-content\/uploads\/2025\/09\/wholesale-chafing-dish-round-300x300.webp 300w, https:\/\/www.linktonkitchen.com\/wp-content\/uploads\/2025\/09\/wholesale-chafing-dish-round-150x150.webp 150w, https:\/\/www.linktonkitchen.com\/wp-content\/uploads\/2025\/09\/wholesale-chafing-dish-round-12x12.webp 12w, https:\/\/www.linktonkitchen.com\/wp-content\/uploads\/2025\/09\/wholesale-chafing-dish-round-285x285.webp 285w, https:\/\/www.linktonkitchen.com\/wp-content\/uploads\/2025\/09\/wholesale-chafing-dish-round-270x270.webp 270w, https:\/\/www.linktonkitchen.com\/wp-content\/uploads\/2025\/09\/wholesale-chafing-dish-round-540x540.webp 540w, https:\/\/www.linktonkitchen.com\/wp-content\/uploads\/2025\/09\/wholesale-chafing-dish-round-660x660.webp 660w\" sizes=\"(max-width: 749px) 100vw, 749px\" \/><\/figure>\n<\/div>\n<\/div>\n\n\n\n<div class=\"wp-block-columns is-layout-flex wp-container-core-columns-is-layout-9d6595d7 wp-block-columns-is-layout-flex\">\n<div class=\"wp-block-column is-vertically-aligned-center is-layout-flow wp-block-column-is-layout-flow\">\n<h2 class=\"wp-block-heading\">Plat \u00e0 gratin personnalis\u00e9 rond\uff1a<\/h2>\n\n\n\n<p>Nous proposons des services ODM et OEM, ce qui permet de personnaliser les logos et l'emballage des produits. Nous proposons diff\u00e9rentes options d'emballage, notamment des sacs, des cartons ou des emballages personnalis\u00e9s en fonction de vos pr\u00e9f\u00e9rences. En outre, nous proposons des options de couleur flexibles, notamment le placage argent\u00e9, dor\u00e9 ou semi-or.<\/p>\n<\/div>\n<\/div>","protected":false},"excerpt":{"rendered":"<p>Gros chafing dish rond en acier inoxydable \u00e9lectrique avec panneau de commande num\u00e9rique, insert en c\u00e9ramique ou en acier inoxydable en option. Id\u00e9al pour les h\u00f4tels, les traiteurs et les restaurants. Fourni par le fabricant d'\u00e9quipement de buffet Linkton, nous prenons en charge les commandes personnalis\u00e9es. N'h\u00e9sitez pas \u00e0 nous contacter d\u00e8s aujourd'hui pour obtenir des prix de gros !<\/p>\n<h2>Param\u00e8tres du plat \u00e0 gratin rond :<\/h2>\n<table width=\"402\">\n<tbody>\n<tr>\n<td width=\"145\">Fabricant<\/td>\n<td width=\"257\">Linkton<\/td>\n<\/tr>\n<tr>\n<td>Mat\u00e9riau<\/td>\n<td>Acier inoxydable<\/td>\n<\/tr>\n<tr>\n<td>Configuration<\/td>\n<td width=\"257\">Bac \u00e0 aliments\/ bac \u00e0 eau<\/td>\n<\/tr>\n<tr>\n<td>Chauffage<\/td>\n<td>\n<p>Chauffage \u00e9lectrique<\/p>\n<\/td>\n<\/tr>\n<tr>\n<td>Couvercle<\/td>\n<td width=\"257\">Couvercle hydraulique en verre<\/td>\n<\/tr>\n<tr>\n<td>OEM\/ODM<\/td>\n<td>Acceptable<\/td>\n<\/tr>\n<tr>\n<td>\u00c9chantillon<\/td>\n<td>MOQ 1 pi\u00e8ce<\/td>\n<\/tr>\n<\/tbody>\n<\/table>","protected":false},"featured_media":6822,"template":"","meta":{"_acf_changed":false},"product-application":[],"product-capacity":[],"product_brand":[],"product_cat":[58],"product_tag":[],"class_list":{"0":"post-6828","1":"product","2":"type-product","3":"status-publish","4":"has-post-thumbnail","6":"product_cat-wholesale-chafing-dishes","8":"first","9":"instock","10":"shipping-taxable","11":"product-type-simple"},"acf":[],"_links":{"self":[{"href":"https:\/\/www.linktonkitchen.com\/fr\/wp-json\/wp\/v2\/product\/6828","targetHints":{"allow":["GET"]}}],"collection":[{"href":"https:\/\/www.linktonkitchen.com\/fr\/wp-json\/wp\/v2\/product"}],"about":[{"href":"https:\/\/www.linktonkitchen.com\/fr\/wp-json\/wp\/v2\/types\/product"}],"version-history":[{"count":0,"href":"https:\/\/www.linktonkitchen.com\/fr\/wp-json\/wp\/v2\/product\/6828\/revisions"}],"wp:featuredmedia":[{"embeddable":true,"href":"https:\/\/www.linktonkitchen.com\/fr\/wp-json\/wp\/v2\/media\/6822"}],"wp:attachment":[{"href":"https:\/\/www.linktonkitchen.com\/fr\/wp-json\/wp\/v2\/media?parent=6828"}],"wp:term":[{"taxonomy":"product-application","embeddable":true,"href":"https:\/\/www.linktonkitchen.com\/fr\/wp-json\/wp\/v2\/product-application?post=6828"},{"taxonomy":"product-capacity","embeddable":true,"href":"https:\/\/www.linktonkitchen.com\/fr\/wp-json\/wp\/v2\/product-capacity?post=6828"},{"taxonomy":"product_brand","embeddable":true,"href":"https:\/\/www.linktonkitchen.com\/fr\/wp-json\/wp\/v2\/product_brand?post=6828"},{"taxonomy":"product_cat","embeddable":true,"href":"https:\/\/www.linktonkitchen.com\/fr\/wp-json\/wp\/v2\/product_cat?post=6828"},{"taxonomy":"product_tag","embeddable":true,"href":"https:\/\/www.linktonkitchen.com\/fr\/wp-json\/wp\/v2\/product_tag?post=6828"}],"curies":[{"name":"wp","href":"https:\/\/api.w.org\/{rel}","templated":true}]}}