{"id":2809,"date":"2024-04-19T08:32:07","date_gmt":"2024-04-19T08:32:07","guid":{"rendered":"https:\/\/linktonkitchen.com\/?post_type=product&#038;p=2809"},"modified":"2026-02-03T08:14:57","modified_gmt":"2026-02-03T08:14:57","slug":"panela-de-pressao-a-prova-de-explosao","status":"publish","type":"product","link":"https:\/\/www.linktonkitchen.com\/pt\/product\/explosion-proof-pressure-cooker\/","title":{"rendered":"Panela de press\u00e3o \u00e0 prova de explos\u00e3o por atacado, fornecedor de panela de press\u00e3o 5-80QT"},"content":{"rendered":"<div class=\"wp-block-columns is-layout-flex wp-container-core-columns-is-layout-9d6595d7 wp-block-columns-is-layout-flex\">\n<div class=\"wp-block-column is-layout-flow wp-block-column-is-layout-flow\">\n<figure class=\"wp-block-embed is-type-video is-provider-youtube wp-block-embed-youtube wp-embed-aspect-16-9 wp-has-aspect-ratio\"><div class=\"wp-block-embed__wrapper\">\n<iframe title=\"Panela de press\u00e3o anti-explos\u00e3o com prote\u00e7\u00e3o de m\u00faltiplos pormenores para garantir uma cozedura segura.#cookware\" width=\"940\" height=\"529\" src=\"https:\/\/www.youtube.com\/embed\/03o9Urhxw1w?feature=oembed\" frameborder=\"0\" allow=\"accelerometer; autoplay; clipboard-write; encrypted-media; gyroscope; picture-in-picture; web-share\" referrerpolicy=\"strict-origin-when-cross-origin\" allowfullscreen><\/iframe>\n<\/div><\/figure>\n<\/div>\n\n\n\n<div class=\"wp-block-column is-layout-flow wp-block-column-is-layout-flow\">\n<h2 class=\"wp-block-heading\">Panela de press\u00e3o \u00e0 prova de explos\u00e3o Par\u00e2metro:<\/h2>\n\n\n\n<figure class=\"wp-block-table\"><table class=\"has-fixed-layout\"><tbody><tr><td>Modelo n.<\/td><td>Capacidade<\/td><td>Di\u00e2metro da boca<\/td><td>Peso bruto (kg)<\/td><\/tr><tr><td rowspan=\"10\">LT-FB<\/td><td>5L<\/td><td>22 cm<\/td><td>3,23 kg<\/td><\/tr><tr><td>7L<\/td><td>24 cm<\/td><td>3,53 kg<\/td><\/tr><tr><td>9L<\/td><td>26 cm<\/td><td>4,35 kg<\/td><\/tr><tr><td>11L<\/td><td>28 cm<\/td><td>4,82 kg<\/td><\/tr><tr><td>13L<\/td><td>30 cm<\/td><td>5,84 kg<\/td><\/tr><tr><td>15L<\/td><td>32 cm<\/td><td>6,04 kg<\/td><\/tr><tr><td>26L<\/td><td>36 cm<\/td><td>9,8 kg<\/td><\/tr><tr><td>40L<\/td><td>40cm<\/td><td>13,43 kg<\/td><\/tr><tr><td>50L<\/td><td>44cm<\/td><td>16,27 kg<\/td><\/tr><tr><td>80L<\/td><td>50cm<\/td><td>18,17 kg<\/td><\/tr><\/tbody><\/table><\/figure>\n<\/div>\n<\/div>\n\n\n\n<div class=\"wp-block-columns is-layout-flex wp-container-core-columns-is-layout-9d6595d7 wp-block-columns-is-layout-flex\">\n<div class=\"wp-block-column is-vertically-aligned-center is-layout-flow wp-block-column-is-layout-flow\">\n<h2 class=\"wp-block-heading\">Panela de press\u00e3o \u00e0 prova de explos\u00e3o Carater\u00edsticas:<\/h2>\n\n\n\n<p><strong>Viga transversal e sistema de anel de bloqueio \u00e0 prova de explos\u00e3o<\/strong><\/p>\n\n\n\n<p>A travessa horizontal liga a tampa ao anel de fecho refor\u00e7ado para formar uma estrutura resistente \u00e0 press\u00e3o, garantindo que a tampa fica bem fechada mesmo sob alta press\u00e3o.<\/p>\n\n\n\n<p><strong>Bot\u00e3o de baquelite resistente ao calor<\/strong><\/p>\n\n\n\n<p>Rodar manualmente a tor\u00e7\u00e3o de baquelite para selar e desbloquear, seguro e pr\u00e1tico.<\/p>\n\n\n\n<p><strong>Cozedura eficiente a alta press\u00e3o<\/strong><\/p>\n\n\n\n<p>Poupe at\u00e9 70% de tempo de cozedura, mesmo para ingredientes mais duros como carne ou feij\u00e3o.<\/p>\n\n\n\n<p><strong>A\u00e7o inoxid\u00e1vel de alta qualidade<\/strong><\/p>\n\n\n\n<p>Fabricado em a\u00e7o inoxid\u00e1vel espessado de qualidade alimentar com superf\u00edcie polida espelhada, criando um aspeto moderno, dur\u00e1vel e adequado para utiliza\u00e7\u00e3o di\u00e1ria.<\/p>\n\n\n\n<p><strong>Ampla gama de capacidades para m\u00faltiplas aplica\u00e7\u00f5es<\/strong><\/p>\n\n\n\n<p>Dispon\u00edvel em 5L a 80L, a vasta gama de capacidades torna-o adequado para aplica\u00e7\u00f5es dom\u00e9sticas, servi\u00e7os de catering, cozinhas centrais, restaurantes e processamento de alimentos.<\/p>\n\n\n\n<p>Ideal para compradores que procuram um \u00fanico fornecedor para cobrir v\u00e1rios segmentos de mercado e cen\u00e1rios de utiliza\u00e7\u00e3o.<\/p>\n<\/div>\n\n\n\n<div class=\"wp-block-column is-layout-flow wp-block-column-is-layout-flow\">\n<figure class=\"wp-block-image size-full\"><img fetchpriority=\"high\" decoding=\"async\" width=\"800\" height=\"800\" src=\"https:\/\/www.linktonkitchen.com\/wp-content\/uploads\/2025\/07\/Wholesale-Industrial-Pressure-Cooker-4.webp\" alt=\"Panela de press\u00e3o industrial por atacado (4)\" class=\"wp-image-6143\" srcset=\"https:\/\/www.linktonkitchen.com\/wp-content\/uploads\/2025\/07\/Wholesale-Industrial-Pressure-Cooker-4.webp 800w, https:\/\/www.linktonkitchen.com\/wp-content\/uploads\/2025\/07\/Wholesale-Industrial-Pressure-Cooker-4-300x300.webp 300w, https:\/\/www.linktonkitchen.com\/wp-content\/uploads\/2025\/07\/Wholesale-Industrial-Pressure-Cooker-4-150x150.webp 150w, https:\/\/www.linktonkitchen.com\/wp-content\/uploads\/2025\/07\/Wholesale-Industrial-Pressure-Cooker-4-768x768.webp 768w, https:\/\/www.linktonkitchen.com\/wp-content\/uploads\/2025\/07\/Wholesale-Industrial-Pressure-Cooker-4-12x12.webp 12w, https:\/\/www.linktonkitchen.com\/wp-content\/uploads\/2025\/07\/Wholesale-Industrial-Pressure-Cooker-4-285x285.webp 285w, https:\/\/www.linktonkitchen.com\/wp-content\/uploads\/2025\/07\/Wholesale-Industrial-Pressure-Cooker-4-270x270.webp 270w, https:\/\/www.linktonkitchen.com\/wp-content\/uploads\/2025\/07\/Wholesale-Industrial-Pressure-Cooker-4-540x540.webp 540w, https:\/\/www.linktonkitchen.com\/wp-content\/uploads\/2025\/07\/Wholesale-Industrial-Pressure-Cooker-4-660x660.webp 660w\" sizes=\"(max-width: 800px) 100vw, 800px\" \/><\/figure>\n<\/div>\n<\/div>\n\n\n\n<div class=\"wp-block-columns is-layout-flex wp-container-core-columns-is-layout-9d6595d7 wp-block-columns-is-layout-flex\">\n<div class=\"wp-block-column is-layout-flow wp-block-column-is-layout-flow\">\n<figure class=\"wp-block-image size-full\"><img decoding=\"async\" width=\"800\" height=\"800\" src=\"https:\/\/www.linktonkitchen.com\/wp-content\/uploads\/2025\/07\/Wholesale-explosion-proof-pressure-cookers-with-double-handles-for-commercial-restaurants-3.webp\" alt=\"Panelas de press\u00e3o por atacado \u00e0 prova de explos\u00e3o com pegas duplas para restaurantes comerciais\" class=\"wp-image-7197\" srcset=\"https:\/\/www.linktonkitchen.com\/wp-content\/uploads\/2025\/07\/Wholesale-explosion-proof-pressure-cookers-with-double-handles-for-commercial-restaurants-3.webp 800w, https:\/\/www.linktonkitchen.com\/wp-content\/uploads\/2025\/07\/Wholesale-explosion-proof-pressure-cookers-with-double-handles-for-commercial-restaurants-3-300x300.webp 300w, https:\/\/www.linktonkitchen.com\/wp-content\/uploads\/2025\/07\/Wholesale-explosion-proof-pressure-cookers-with-double-handles-for-commercial-restaurants-3-150x150.webp 150w, https:\/\/www.linktonkitchen.com\/wp-content\/uploads\/2025\/07\/Wholesale-explosion-proof-pressure-cookers-with-double-handles-for-commercial-restaurants-3-768x768.webp 768w, https:\/\/www.linktonkitchen.com\/wp-content\/uploads\/2025\/07\/Wholesale-explosion-proof-pressure-cookers-with-double-handles-for-commercial-restaurants-3-12x12.webp 12w, https:\/\/www.linktonkitchen.com\/wp-content\/uploads\/2025\/07\/Wholesale-explosion-proof-pressure-cookers-with-double-handles-for-commercial-restaurants-3-285x285.webp 285w, https:\/\/www.linktonkitchen.com\/wp-content\/uploads\/2025\/07\/Wholesale-explosion-proof-pressure-cookers-with-double-handles-for-commercial-restaurants-3-270x270.webp 270w, https:\/\/www.linktonkitchen.com\/wp-content\/uploads\/2025\/07\/Wholesale-explosion-proof-pressure-cookers-with-double-handles-for-commercial-restaurants-3-540x540.webp 540w, https:\/\/www.linktonkitchen.com\/wp-content\/uploads\/2025\/07\/Wholesale-explosion-proof-pressure-cookers-with-double-handles-for-commercial-restaurants-3-660x660.webp 660w\" sizes=\"(max-width: 800px) 100vw, 800px\" \/><\/figure>\n<\/div>\n\n\n\n<div class=\"wp-block-column is-layout-flow wp-block-column-is-layout-flow\">\n<figure class=\"wp-block-image size-full is-resized\"><img decoding=\"async\" width=\"746\" height=\"898\" src=\"https:\/\/www.linktonkitchen.com\/wp-content\/uploads\/2024\/04\/Wholesale-explosion-proof-pressure-cookers-with-double-handles.webp\" alt=\"Panelas de press\u00e3o por atacado \u00e0 prova de explos\u00e3o com pegas duplas\" class=\"wp-image-7218\" style=\"aspect-ratio:0.6512846347607053;object-fit:cover;width:298px;height:auto\" srcset=\"https:\/\/www.linktonkitchen.com\/wp-content\/uploads\/2024\/04\/Wholesale-explosion-proof-pressure-cookers-with-double-handles.webp 746w, https:\/\/www.linktonkitchen.com\/wp-content\/uploads\/2024\/04\/Wholesale-explosion-proof-pressure-cookers-with-double-handles-249x300.webp 249w, https:\/\/www.linktonkitchen.com\/wp-content\/uploads\/2024\/04\/Wholesale-explosion-proof-pressure-cookers-with-double-handles-10x12.webp 10w, https:\/\/www.linktonkitchen.com\/wp-content\/uploads\/2024\/04\/Wholesale-explosion-proof-pressure-cookers-with-double-handles-285x343.webp 285w, https:\/\/www.linktonkitchen.com\/wp-content\/uploads\/2024\/04\/Wholesale-explosion-proof-pressure-cookers-with-double-handles-548x660.webp 548w, https:\/\/www.linktonkitchen.com\/wp-content\/uploads\/2024\/04\/Wholesale-explosion-proof-pressure-cookers-with-double-handles-125x150.webp 125w\" sizes=\"(max-width: 746px) 100vw, 746px\" \/><\/figure>\n<\/div>\n<\/div>\n\n\n\n<div class=\"wp-block-columns is-layout-flex wp-container-core-columns-is-layout-9d6595d7 wp-block-columns-is-layout-flex\">\n<div class=\"wp-block-column is-layout-flow wp-block-column-is-layout-flow\">\n<figure class=\"wp-block-image size-full\"><img loading=\"lazy\" decoding=\"async\" width=\"546\" height=\"462\" src=\"https:\/\/www.linktonkitchen.com\/wp-content\/uploads\/2025\/03\/custom-pressure-cooker-Color.webp\" alt=\"panela de press\u00e3o personalizada Cor\" class=\"wp-image-5270\" srcset=\"https:\/\/www.linktonkitchen.com\/wp-content\/uploads\/2025\/03\/custom-pressure-cooker-Color.webp 546w, https:\/\/www.linktonkitchen.com\/wp-content\/uploads\/2025\/03\/custom-pressure-cooker-Color-300x254.webp 300w, https:\/\/www.linktonkitchen.com\/wp-content\/uploads\/2025\/03\/custom-pressure-cooker-Color-14x12.webp 14w, https:\/\/www.linktonkitchen.com\/wp-content\/uploads\/2025\/03\/custom-pressure-cooker-Color-285x241.webp 285w, https:\/\/www.linktonkitchen.com\/wp-content\/uploads\/2025\/03\/custom-pressure-cooker-Color-150x127.webp 150w\" sizes=\"(max-width: 546px) 100vw, 546px\" \/><\/figure>\n<\/div>\n\n\n\n<div class=\"wp-block-column is-vertically-aligned-center is-layout-flow wp-block-column-is-layout-flow\">\n<h2 class=\"wp-block-heading\">Panela de press\u00e3o personalizada \u00e0 prova de explos\u00e3o<\/h2>\n\n\n\n<p>Fornecemos servi\u00e7os flex\u00edveis de personaliza\u00e7\u00e3o OEM e ODM para satisfazer diferentes requisitos de mercado e posicionamento de marca.<\/p>\n\n\n\n<p><strong>Gama de capacidades:\u00a0<\/strong>Escolha entre 5-80L para satisfazer as necessidades de diferentes tamanhos de fam\u00edlia.<\/p>\n\n\n\n<p><strong>Acabamento da superf\u00edcie:&nbsp;<\/strong>Dispon\u00edvel em Polimento Espelhado (alto brilho), Acabamento Acetinado (aspeto escovado) ou Revestimento de Cor personalizado.<\/p>\n\n\n\n<p><strong>Marca e log\u00f3tipo:<\/strong><\/p>\n\n\n\n<ul class=\"wp-block-list\">\n<li>Grava\u00e7\u00e3o a laser no corpo do pote.<\/li>\n\n\n\n<li>Carimbo na parte inferior.<\/li>\n\n\n\n<li>Log\u00f3tipo personalizado nas pegas e v\u00e1lvulas de press\u00e3o.<\/li>\n<\/ul>\n\n\n\n<p><strong>Design de embalagens:&nbsp;<\/strong>Caixas de cor, manuais de instru\u00e7\u00f5es e caixas de transporte totalmente personalizadas com a identidade visual da sua marca.<\/p>\n<\/div>\n<\/div>","protected":false},"excerpt":{"rendered":"<p>Panela de press\u00e3o \u00e0 prova de explos\u00e3o por atacado com pega dupla, capacidade 5-15QT, adequada para casa, pequena restaura\u00e7\u00e3o ou cozinha comercial. Design \u00e0 prova de explos\u00e3o com bot\u00e3o, \u00e9 uma escolha segura e moderna de panela de press\u00e3o. Pre\u00e7o de f\u00e1brica, apoio ao log\u00f3tipo personalizado, servi\u00e7o de log\u00edstica, bem-vindo ao inqu\u00e9rito!<\/p>\n<h2>Panela de press\u00e3o \u00e0 prova de explos\u00e3o Especifica\u00e7\u00f5es:<\/h2>\n<table width=\"402\">\n<tbody>\n<tr>\n<td width=\"145\">Fabricante<\/td>\n<td width=\"257\">Linkton<\/td>\n<\/tr>\n<tr>\n<td width=\"145\">Modelo n.<\/td>\n<td width=\"257\">LT-FB<\/td>\n<\/tr>\n<tr>\n<td>Capacidade<\/td>\n<td>5L\/ 7L\/ 9L\/ 11L\/ 13L\/ 15L\/26L\/ 40L\/ 50L\/ 80L<\/td>\n<\/tr>\n<tr>\n<td>Fun\u00e7\u00e3o<\/td>\n<td width=\"257\">1. Cozedura r\u00e1pida de 60kPa\u00a0<br \/>2. Sistema de seguran\u00e7a \u00e0 prova de explos\u00e3o<br \/>3. Bot\u00e3o rotativo em baquelite para uma abertura f\u00e1cil e segura<br \/>4. Limpeza c\u00f3moda<\/td>\n<\/tr>\n<tr>\n<td>Fog\u00e3o aplic\u00e1vel<\/td>\n<td>Fog\u00e3o\/ Fog\u00e3o de indu\u00e7\u00e3o\/ Fog\u00e3o a g\u00e1s\/ Fog\u00e3o el\u00e9trico\/ Fog\u00e3o de cer\u00e2mica\/ Fog\u00e3o de halog\u00e9neo<\/td>\n<\/tr>\n<tr>\n<td width=\"145\">Configura\u00e7\u00e3o<\/td>\n<td width=\"257\">Manual\/V\u00e1lvula limitadora de press\u00e3o\/Bacia anti-derrame\/Agulha de limpeza<\/td>\n<\/tr>\n<tr>\n<td>OEM\/ODM<\/td>\n<td>Aceit\u00e1vel<\/td>\n<\/tr>\n<tr>\n<td>Amostra<\/td>\n<td>MOQ 1 pe\u00e7a<\/td>\n<\/tr>\n<\/tbody>\n<\/table>","protected":false},"featured_media":2815,"template":"","meta":{"_acf_changed":false},"product-application":[],"product-capacity":[],"product_brand":[],"product_cat":[55],"product_tag":[85],"class_list":{"0":"post-2809","1":"product","2":"type-product","3":"status-publish","4":"has-post-thumbnail","6":"product_cat-pressure-cooker-wholesale","7":"product_tag-stainless-steel-pressure-cooker-wholesale","9":"first","10":"instock","11":"shipping-taxable","12":"product-type-simple"},"acf":[],"_links":{"self":[{"href":"https:\/\/www.linktonkitchen.com\/pt\/wp-json\/wp\/v2\/product\/2809","targetHints":{"allow":["GET"]}}],"collection":[{"href":"https:\/\/www.linktonkitchen.com\/pt\/wp-json\/wp\/v2\/product"}],"about":[{"href":"https:\/\/www.linktonkitchen.com\/pt\/wp-json\/wp\/v2\/types\/product"}],"version-history":[{"count":0,"href":"https:\/\/www.linktonkitchen.com\/pt\/wp-json\/wp\/v2\/product\/2809\/revisions"}],"wp:featuredmedia":[{"embeddable":true,"href":"https:\/\/www.linktonkitchen.com\/pt\/wp-json\/wp\/v2\/media\/2815"}],"wp:attachment":[{"href":"https:\/\/www.linktonkitchen.com\/pt\/wp-json\/wp\/v2\/media?parent=2809"}],"wp:term":[{"taxonomy":"product-application","embeddable":true,"href":"https:\/\/www.linktonkitchen.com\/pt\/wp-json\/wp\/v2\/product-application?post=2809"},{"taxonomy":"product-capacity","embeddable":true,"href":"https:\/\/www.linktonkitchen.com\/pt\/wp-json\/wp\/v2\/product-capacity?post=2809"},{"taxonomy":"product_brand","embeddable":true,"href":"https:\/\/www.linktonkitchen.com\/pt\/wp-json\/wp\/v2\/product_brand?post=2809"},{"taxonomy":"product_cat","embeddable":true,"href":"https:\/\/www.linktonkitchen.com\/pt\/wp-json\/wp\/v2\/product_cat?post=2809"},{"taxonomy":"product_tag","embeddable":true,"href":"https:\/\/www.linktonkitchen.com\/pt\/wp-json\/wp\/v2\/product_tag?post=2809"}],"curies":[{"name":"wp","href":"https:\/\/api.w.org\/{rel}","templated":true}]}}