{"id":3129,"date":"2024-04-21T06:24:12","date_gmt":"2024-04-21T06:24:12","guid":{"rendered":"https:\/\/linktonkitchen.com\/?post_type=product&#038;p=3129"},"modified":"2026-02-05T02:34:11","modified_gmt":"2026-02-05T02:34:11","slug":"panela-de-pressao-de-espelho","status":"publish","type":"product","link":"https:\/\/www.linktonkitchen.com\/pt\/product\/mirror-pressure-cooker\/","title":{"rendered":"Panela de press\u00e3o de espelho por atacado 2L-16L, fornecedor de panela de press\u00e3o de a\u00e7o inoxid\u00e1vel"},"content":{"rendered":"<div class=\"wp-block-columns is-layout-flex wp-container-core-columns-is-layout-9d6595d7 wp-block-columns-is-layout-flex\">\n<div class=\"wp-block-column is-layout-flow wp-block-column-is-layout-flow\" style=\"flex-basis:30%\">\n<figure class=\"wp-block-embed is-type-video is-provider-youtube wp-block-embed-youtube wp-embed-aspect-9-16 wp-has-aspect-ratio\"><div class=\"wp-block-embed__wrapper\">\n<iframe title=\"Lan\u00e7amento de novo produto! Panela de press\u00e3o elegante em forma de U com superf\u00edcie colorida.1TP5Fog\u00e3o de press\u00e3o 1TP5Lou\u00e7a de cozinha\" width=\"563\" height=\"1000\" src=\"https:\/\/www.youtube.com\/embed\/knFUvh7YfIw?feature=oembed\" frameborder=\"0\" allow=\"accelerometer; autoplay; clipboard-write; encrypted-media; gyroscope; picture-in-picture; web-share\" referrerpolicy=\"strict-origin-when-cross-origin\" allowfullscreen><\/iframe>\n<\/div><\/figure>\n<\/div>\n\n\n\n<div class=\"wp-block-column is-layout-flow wp-block-column-is-layout-flow\">\n<h2 class=\"wp-block-heading\">Panela de press\u00e3o de espelho Par\u00e2metro:<\/h2>\n\n\n\n<figure class=\"wp-block-table\"><table><tbody><tr><td>Modelo n.<\/td><td>Di\u00e2metro da boca<\/td><td>Capacidade<\/td><td>Peso <\/td><\/tr><tr><td rowspan=\"9\">LT-UPC<\/td><td>16 cm<\/td><td>2L<\/td><td>1,79 kg<\/td><\/tr><tr><td>18 cm<\/td><td>3L<\/td><td>1,87 kg<\/td><\/tr><tr><td>20 cm<\/td><td>4L<\/td><td>2,17 kg<\/td><\/tr><tr><td>22 cm<\/td><td>5L<\/td><td>2,53 kg<\/td><\/tr><tr><td>24 cm<\/td><td>6L<\/td><td>2,91 kg<\/td><\/tr><tr><td>26 cm<\/td><td>8L<\/td><td>3,59 kg<\/td><\/tr><tr><td>28 cm<\/td><td>10L<\/td><td>4,2 kg<\/td><\/tr><tr><td>30 cm<\/td><td>12L<\/td><td>2,25 kg<\/td><\/tr><tr><td>32 cm<\/td><td>16L<\/td><td>5,61 kg<\/td><\/tr><\/tbody><\/table><\/figure>\n\n\n\n<h2 class=\"wp-block-heading\">Espelho Panela de press\u00e3o Carater\u00edsticas:<\/h2>\n\n\n\n<p><span style=\"box-sizing: border-box; margin: 0px; padding: 0px;\"><strong>Gama de tamanho normal:\u00a0<\/strong>De 2L a 16L, de fog\u00f5es dom\u00e9sticos compactos a fog\u00f5es comerciais de grande capacidade, a gama abrange casa, restaurante,<\/span> e necessidades de catering.<\/p>\n\n\n\n<p><strong>Design do corpo da panela em forma de U:<\/strong> assegura uma distribui\u00e7\u00e3o uniforme do calor e aumenta a resist\u00eancia \u00e0 press\u00e3o.<\/p>\n\n\n\n<p><strong>Polido com espelho: <\/strong>Concha em a\u00e7o inoxid\u00e1vel polido espelhado, com um aspeto elegante e moderno. A superf\u00edcie lisa \u00e9 mais f\u00e1cil de limpar e ajuda a manter um brilho duradouro.<\/p>\n\n\n\n<p><strong>V\u00e1lvula de bloqueio de seguran\u00e7a de ponto vermelho: <\/strong>V\u00e1lvula de ponto vermelho apelativa, garante uma utiliza\u00e7\u00e3o segura para o controlo da abertura da tampa. A v\u00e1lvula indica que a tampa pode ser aberta em seguran\u00e7a, impedindo que a tampa se abra sob press\u00e3o, aumentando a seguran\u00e7a do utilizador e evitando acidentes.<\/p>\n\n\n\n<p><strong>Fabricado em a\u00e7o inoxid\u00e1vel de qualidade alimentar:<\/strong> seguro e n\u00e3o t\u00f3xico, resistente \u00e0 ferrugem e dur\u00e1vel, em conformidade com as normas de seguran\u00e7a internacionais.<\/p>\n\n\n\n<p><strong>Compat\u00edvel com v\u00e1rias fontes de calor: <\/strong>adequado para fog\u00f5es a g\u00e1s, fog\u00f5es de indu\u00e7\u00e3o, fog\u00f5es el\u00e9ctricos e fog\u00f5es de cer\u00e2mica.<\/p>\n<\/div>\n<\/div>\n\n\n\n<div class=\"wp-block-columns is-layout-flex wp-container-core-columns-is-layout-9d6595d7 wp-block-columns-is-layout-flex\">\n<div class=\"wp-block-column is-vertically-aligned-top is-layout-flow wp-block-column-is-layout-flow\">\n<h2 class=\"wp-block-heading\">Panela de press\u00e3o com espelho personalizado:<\/h2>\n\n\n\n<p>Fornecemos servi\u00e7os flex\u00edveis de personaliza\u00e7\u00e3o OEM e ODM para satisfazer os diferentes requisitos do mercado e o posicionamento da marca.<\/p>\n\n\n\n<p><strong>Gama de capacidades:&nbsp;<\/strong>Escolha entre 5-80L para satisfazer as necessidades de diferentes tamanhos de fam\u00edlia.<\/p>\n\n\n\n<p><strong>Acabamento da superf\u00edcie:\u00a0<\/strong>Dispon\u00edvel em polimento espelhado (alto brilho), acabamento acetinado (aspeto escovado) ou revestimento de cor personalizado.<\/p>\n\n\n\n<p><strong>Marca e log\u00f3tipo:<\/strong><\/p>\n\n\n\n<ul class=\"wp-block-list\">\n<li>Grava\u00e7\u00e3o a laser no corpo do pote.<\/li>\n\n\n\n<li>Carimbo na parte inferior.<\/li>\n\n\n\n<li>Log\u00f3tipo personalizado nas pegas e v\u00e1lvulas de press\u00e3o.<\/li>\n<\/ul>\n\n\n\n<p><strong>Design de embalagens:&nbsp;<\/strong>Caixas de cor, manuais de instru\u00e7\u00f5es e caixas de transporte totalmente personalizadas com a identidade visual da sua marca.<\/p>\n<\/div>\n\n\n\n<div class=\"wp-block-column is-vertically-aligned-top is-layout-flow wp-block-column-is-layout-flow\">\n<figure class=\"wp-block-image size-full\"><img fetchpriority=\"high\" decoding=\"async\" width=\"800\" height=\"800\" src=\"https:\/\/www.linktonkitchen.com\/wp-content\/uploads\/2024\/04\/Wholesale-Stainless-Steel-Pressure-Cooker-Mirror-2-16QT-for-Home-Commercial-3.webp\" alt=\"Espelho de panela de press\u00e3o de a\u00e7o inoxid\u00e1vel por atacado 2-16QT para casa comercial\" class=\"wp-image-7353\" srcset=\"https:\/\/www.linktonkitchen.com\/wp-content\/uploads\/2024\/04\/Wholesale-Stainless-Steel-Pressure-Cooker-Mirror-2-16QT-for-Home-Commercial-3.webp 800w, https:\/\/www.linktonkitchen.com\/wp-content\/uploads\/2024\/04\/Wholesale-Stainless-Steel-Pressure-Cooker-Mirror-2-16QT-for-Home-Commercial-3-300x300.webp 300w, https:\/\/www.linktonkitchen.com\/wp-content\/uploads\/2024\/04\/Wholesale-Stainless-Steel-Pressure-Cooker-Mirror-2-16QT-for-Home-Commercial-3-150x150.webp 150w, https:\/\/www.linktonkitchen.com\/wp-content\/uploads\/2024\/04\/Wholesale-Stainless-Steel-Pressure-Cooker-Mirror-2-16QT-for-Home-Commercial-3-768x768.webp 768w, https:\/\/www.linktonkitchen.com\/wp-content\/uploads\/2024\/04\/Wholesale-Stainless-Steel-Pressure-Cooker-Mirror-2-16QT-for-Home-Commercial-3-12x12.webp 12w, https:\/\/www.linktonkitchen.com\/wp-content\/uploads\/2024\/04\/Wholesale-Stainless-Steel-Pressure-Cooker-Mirror-2-16QT-for-Home-Commercial-3-285x285.webp 285w, https:\/\/www.linktonkitchen.com\/wp-content\/uploads\/2024\/04\/Wholesale-Stainless-Steel-Pressure-Cooker-Mirror-2-16QT-for-Home-Commercial-3-270x270.webp 270w, https:\/\/www.linktonkitchen.com\/wp-content\/uploads\/2024\/04\/Wholesale-Stainless-Steel-Pressure-Cooker-Mirror-2-16QT-for-Home-Commercial-3-540x540.webp 540w, https:\/\/www.linktonkitchen.com\/wp-content\/uploads\/2024\/04\/Wholesale-Stainless-Steel-Pressure-Cooker-Mirror-2-16QT-for-Home-Commercial-3-660x660.webp 660w\" sizes=\"(max-width: 800px) 100vw, 800px\" \/><\/figure>\n<\/div>\n<\/div>\n\n\n\n<div class=\"wp-block-columns is-layout-flex wp-container-core-columns-is-layout-9d6595d7 wp-block-columns-is-layout-flex\">\n<div class=\"wp-block-column is-layout-flow wp-block-column-is-layout-flow\"><div class=\"wp-block-image\">\n<figure class=\"aligncenter size-full\"><img decoding=\"async\" width=\"800\" height=\"800\" src=\"https:\/\/linktonkitchen.com\/wp-content\/uploads\/2024\/04\/U-shape-Pressure-Cooker-3.webp\" alt=\"Panela de press\u00e3o em a\u00e7o inoxid\u00e1vel\" class=\"wp-image-3158\" style=\"object-fit:cover\" srcset=\"https:\/\/www.linktonkitchen.com\/wp-content\/uploads\/2024\/04\/U-shape-Pressure-Cooker-3.webp 800w, https:\/\/www.linktonkitchen.com\/wp-content\/uploads\/2024\/04\/U-shape-Pressure-Cooker-3-300x300.webp 300w, https:\/\/www.linktonkitchen.com\/wp-content\/uploads\/2024\/04\/U-shape-Pressure-Cooker-3-150x150.webp 150w, https:\/\/www.linktonkitchen.com\/wp-content\/uploads\/2024\/04\/U-shape-Pressure-Cooker-3-768x768.webp 768w, https:\/\/www.linktonkitchen.com\/wp-content\/uploads\/2024\/04\/U-shape-Pressure-Cooker-3-285x285.webp 285w, https:\/\/www.linktonkitchen.com\/wp-content\/uploads\/2024\/04\/U-shape-Pressure-Cooker-3-270x270.webp 270w, https:\/\/www.linktonkitchen.com\/wp-content\/uploads\/2024\/04\/U-shape-Pressure-Cooker-3-540x540.webp 540w, https:\/\/www.linktonkitchen.com\/wp-content\/uploads\/2024\/04\/U-shape-Pressure-Cooker-3-660x660.webp 660w\" sizes=\"(max-width: 800px) 100vw, 800px\" \/><\/figure>\n<\/div><\/div>\n\n\n\n<div class=\"wp-block-column is-layout-flow wp-block-column-is-layout-flow\"><div class=\"wp-block-image\">\n<figure class=\"aligncenter size-full\"><img decoding=\"async\" width=\"800\" height=\"800\" src=\"https:\/\/linktonkitchen.com\/wp-content\/uploads\/2024\/04\/U-shape-Pressure-Cooker-4.webp\" alt=\"Panela de press\u00e3o em a\u00e7o inoxid\u00e1vel\" class=\"wp-image-3159\" style=\"object-fit:cover\" srcset=\"https:\/\/www.linktonkitchen.com\/wp-content\/uploads\/2024\/04\/U-shape-Pressure-Cooker-4.webp 800w, https:\/\/www.linktonkitchen.com\/wp-content\/uploads\/2024\/04\/U-shape-Pressure-Cooker-4-300x300.webp 300w, https:\/\/www.linktonkitchen.com\/wp-content\/uploads\/2024\/04\/U-shape-Pressure-Cooker-4-150x150.webp 150w, https:\/\/www.linktonkitchen.com\/wp-content\/uploads\/2024\/04\/U-shape-Pressure-Cooker-4-768x768.webp 768w, https:\/\/www.linktonkitchen.com\/wp-content\/uploads\/2024\/04\/U-shape-Pressure-Cooker-4-285x285.webp 285w, https:\/\/www.linktonkitchen.com\/wp-content\/uploads\/2024\/04\/U-shape-Pressure-Cooker-4-270x270.webp 270w, https:\/\/www.linktonkitchen.com\/wp-content\/uploads\/2024\/04\/U-shape-Pressure-Cooker-4-540x540.webp 540w, https:\/\/www.linktonkitchen.com\/wp-content\/uploads\/2024\/04\/U-shape-Pressure-Cooker-4-660x660.webp 660w\" sizes=\"(max-width: 800px) 100vw, 800px\" \/><\/figure>\n<\/div><\/div>\n<\/div>\n\n\n\n<p><\/p>","protected":false},"excerpt":{"rendered":"<p>A panela de press\u00e3o de espelho por atacado, de pequenas a grandes op\u00e7\u00f5es de capacidade m\u00faltipla de 2-16L, \u00e9 a melhor escolha de panela de press\u00e3o para uso dom\u00e9stico e comercial. Fornecimento de f\u00e1brica da Linkton, pre\u00e7o de atacado, suporte personalizado e servi\u00e7o Amazon FBA. Bem-vindo a contactar-nos e obter um inqu\u00e9rito gratuito!<\/p>\n<h2>Especifica\u00e7\u00f5es da panela de press\u00e3o Mirror:<\/h2>\n<table width=\"402\">\n<tbody>\n<tr>\n<td width=\"145\">Fabricante<\/td>\n<td width=\"257\">Linkton<\/td>\n<\/tr>\n<tr>\n<td>Modelo n.<\/td>\n<td>LT-UPC<\/td>\n<\/tr>\n<tr>\n<td width=\"145\">Capacidade<\/td>\n<td width=\"257\">Linkton<\/td>\n<\/tr>\n<tr>\n<td>Material<\/td>\n<td>2L\/ 3L\/ 4L\/ 5L\/ 6L\/ 8L\/ 10L\/ 12L\/ 16L<\/td>\n<\/tr>\n<tr>\n<td>Fun\u00e7\u00e3o<\/td>\n<td width=\"257\">1. Cozedura r\u00e1pida de 80kpa<br \/>2. V\u00e1lvula de bloqueio de seguran\u00e7a de ponto vermelho para seguran\u00e7a de utiliza\u00e7\u00e3o<br \/>3. Sistema de seguran\u00e7a \u00e0 prova de explos\u00e3o<br \/>4. Limpeza c\u00f3moda<\/td>\n<\/tr>\n<tr>\n<td>Configura\u00e7\u00e3o<\/td>\n<td width=\"257\">Manual\/V\u00e1lvula limitadora de press\u00e3o\/Bacia anti-derrame\/Agulha de limpeza<\/td>\n<\/tr>\n<tr>\n<td>Fog\u00e3o aplic\u00e1vel<\/td>\n<td>Fog\u00e3o\/ Fog\u00e3o de indu\u00e7\u00e3o\/ Fog\u00e3o a g\u00e1s\/ Fog\u00e3o el\u00e9trico\/ Fog\u00e3o de cer\u00e2mica\/ Fog\u00e3o de halog\u00e9neo<\/td>\n<\/tr>\n<tr>\n<td>OEM\/ODM<\/td>\n<td>Aceit\u00e1vel<\/td>\n<\/tr>\n<tr>\n<td>Amostra<\/td>\n<td>MOQ 1 pe\u00e7a<\/td>\n<\/tr>\n<\/tbody>\n<\/table>","protected":false},"featured_media":7351,"template":"","meta":{"_acf_changed":false},"product-application":[],"product-capacity":[],"product_brand":[],"product_cat":[55],"product_tag":[85],"class_list":{"0":"post-3129","1":"product","2":"type-product","3":"status-publish","4":"has-post-thumbnail","6":"product_cat-pressure-cooker-wholesale","7":"product_tag-stainless-steel-pressure-cooker-wholesale","9":"first","10":"instock","11":"shipping-taxable","12":"product-type-simple"},"acf":[],"_links":{"self":[{"href":"https:\/\/www.linktonkitchen.com\/pt\/wp-json\/wp\/v2\/product\/3129","targetHints":{"allow":["GET"]}}],"collection":[{"href":"https:\/\/www.linktonkitchen.com\/pt\/wp-json\/wp\/v2\/product"}],"about":[{"href":"https:\/\/www.linktonkitchen.com\/pt\/wp-json\/wp\/v2\/types\/product"}],"version-history":[{"count":0,"href":"https:\/\/www.linktonkitchen.com\/pt\/wp-json\/wp\/v2\/product\/3129\/revisions"}],"wp:featuredmedia":[{"embeddable":true,"href":"https:\/\/www.linktonkitchen.com\/pt\/wp-json\/wp\/v2\/media\/7351"}],"wp:attachment":[{"href":"https:\/\/www.linktonkitchen.com\/pt\/wp-json\/wp\/v2\/media?parent=3129"}],"wp:term":[{"taxonomy":"product-application","embeddable":true,"href":"https:\/\/www.linktonkitchen.com\/pt\/wp-json\/wp\/v2\/product-application?post=3129"},{"taxonomy":"product-capacity","embeddable":true,"href":"https:\/\/www.linktonkitchen.com\/pt\/wp-json\/wp\/v2\/product-capacity?post=3129"},{"taxonomy":"product_brand","embeddable":true,"href":"https:\/\/www.linktonkitchen.com\/pt\/wp-json\/wp\/v2\/product_brand?post=3129"},{"taxonomy":"product_cat","embeddable":true,"href":"https:\/\/www.linktonkitchen.com\/pt\/wp-json\/wp\/v2\/product_cat?post=3129"},{"taxonomy":"product_tag","embeddable":true,"href":"https:\/\/www.linktonkitchen.com\/pt\/wp-json\/wp\/v2\/product_tag?post=3129"}],"curies":[{"name":"wp","href":"https:\/\/api.w.org\/{rel}","templated":true}]}}