{"id":3172,"date":"2024-04-21T08:02:19","date_gmt":"2024-04-21T08:02:19","guid":{"rendered":"https:\/\/linktonkitchen.com\/?post_type=product&#038;p=3172"},"modified":"2024-06-01T12:19:05","modified_gmt":"2024-06-01T12:19:05","slug":"aquecedor-de-pratos","status":"publish","type":"product","link":"https:\/\/www.linktonkitchen.com\/pt\/product\/chafing-dish-warmer\/","title":{"rendered":"Aquecedor de pratos personalizado Quadrado em a\u00e7o inoxid\u00e1vel"},"content":{"rendered":"<div class=\"wp-block-columns is-layout-flex wp-container-core-columns-is-layout-9d6595d7 wp-block-columns-is-layout-flex\">\n<div class=\"wp-block-column is-vertically-aligned-center is-layout-flow wp-block-column-is-layout-flow\">\n<h3 class=\"wp-block-heading\"><strong>Aquecedor de pratos<\/strong> <strong>Par\u00e2metro<\/strong><\/h3>\n\n\n\n<figure class=\"wp-block-table\"><table><tbody><tr><td>Modelo n.<\/td><td>Tamanho<\/td><td>Capacidade<\/td><td>Peso<\/td><\/tr><tr><td>LT-017<\/td><td>41.5*43*30<\/td><td>6L<\/td><td>6,7kg\/pcs<\/td><\/tr><\/tbody><\/table><\/figure>\n<\/div>\n\n\n\n<div class=\"wp-block-column is-vertically-aligned-center is-layout-flow wp-block-column-is-layout-flow\"><div class=\"wp-block-image\">\n<figure class=\"aligncenter size-full is-resized\"><img fetchpriority=\"high\" decoding=\"async\" width=\"539\" height=\"539\" src=\"https:\/\/linktonkitchen.com\/wp-content\/uploads\/2024\/04\/square-chafing-dish-3.webp\" alt=\"prato refrat\u00e1rio quadrado por atacado\" class=\"wp-image-3178\" style=\"width:404px;height:auto\" srcset=\"https:\/\/www.linktonkitchen.com\/wp-content\/uploads\/2024\/04\/square-chafing-dish-3.webp 539w, https:\/\/www.linktonkitchen.com\/wp-content\/uploads\/2024\/04\/square-chafing-dish-3-300x300.webp 300w, https:\/\/www.linktonkitchen.com\/wp-content\/uploads\/2024\/04\/square-chafing-dish-3-150x150.webp 150w, https:\/\/www.linktonkitchen.com\/wp-content\/uploads\/2024\/04\/square-chafing-dish-3-285x285.webp 285w, https:\/\/www.linktonkitchen.com\/wp-content\/uploads\/2024\/04\/square-chafing-dish-3-270x270.webp 270w\" sizes=\"(max-width: 539px) 100vw, 539px\" \/><\/figure>\n<\/div><\/div>\n<\/div>\n\n\n\n<div class=\"wp-block-columns is-layout-flex wp-container-core-columns-is-layout-9d6595d7 wp-block-columns-is-layout-flex\">\n<div class=\"wp-block-column is-layout-flow wp-block-column-is-layout-flow\">\n<div class=\"wp-block-columns is-layout-flex wp-container-core-columns-is-layout-9d6595d7 wp-block-columns-is-layout-flex\">\n<div class=\"wp-block-column is-layout-flow wp-block-column-is-layout-flow\">\n<figure class=\"wp-block-image size-full\"><img decoding=\"async\" width=\"750\" height=\"750\" src=\"https:\/\/linktonkitchen.com\/wp-content\/uploads\/2024\/04\/square-chafing-dish-1.webp\" alt=\"prato refrat\u00e1rio quadrado por atacado\" class=\"wp-image-3176\" srcset=\"https:\/\/www.linktonkitchen.com\/wp-content\/uploads\/2024\/04\/square-chafing-dish-1.webp 750w, https:\/\/www.linktonkitchen.com\/wp-content\/uploads\/2024\/04\/square-chafing-dish-1-300x300.webp 300w, https:\/\/www.linktonkitchen.com\/wp-content\/uploads\/2024\/04\/square-chafing-dish-1-150x150.webp 150w, https:\/\/www.linktonkitchen.com\/wp-content\/uploads\/2024\/04\/square-chafing-dish-1-285x285.webp 285w, https:\/\/www.linktonkitchen.com\/wp-content\/uploads\/2024\/04\/square-chafing-dish-1-270x270.webp 270w, https:\/\/www.linktonkitchen.com\/wp-content\/uploads\/2024\/04\/square-chafing-dish-1-540x540.webp 540w, https:\/\/www.linktonkitchen.com\/wp-content\/uploads\/2024\/04\/square-chafing-dish-1-660x660.webp 660w\" sizes=\"(max-width: 750px) 100vw, 750px\" \/><\/figure>\n<\/div>\n\n\n\n<div class=\"wp-block-column is-layout-flow wp-block-column-is-layout-flow\">\n<figure class=\"wp-block-image size-full\"><img decoding=\"async\" width=\"800\" height=\"800\" src=\"https:\/\/linktonkitchen.com\/wp-content\/uploads\/2024\/04\/square-chafing-dish-2.webp\" alt=\"prato refrat\u00e1rio quadrado por atacado\" class=\"wp-image-3177\" srcset=\"https:\/\/www.linktonkitchen.com\/wp-content\/uploads\/2024\/04\/square-chafing-dish-2.webp 800w, https:\/\/www.linktonkitchen.com\/wp-content\/uploads\/2024\/04\/square-chafing-dish-2-300x300.webp 300w, https:\/\/www.linktonkitchen.com\/wp-content\/uploads\/2024\/04\/square-chafing-dish-2-150x150.webp 150w, https:\/\/www.linktonkitchen.com\/wp-content\/uploads\/2024\/04\/square-chafing-dish-2-768x768.webp 768w, https:\/\/www.linktonkitchen.com\/wp-content\/uploads\/2024\/04\/square-chafing-dish-2-285x285.webp 285w, https:\/\/www.linktonkitchen.com\/wp-content\/uploads\/2024\/04\/square-chafing-dish-2-270x270.webp 270w, https:\/\/www.linktonkitchen.com\/wp-content\/uploads\/2024\/04\/square-chafing-dish-2-540x540.webp 540w, https:\/\/www.linktonkitchen.com\/wp-content\/uploads\/2024\/04\/square-chafing-dish-2-660x660.webp 660w\" sizes=\"(max-width: 800px) 100vw, 800px\" \/><\/figure>\n<\/div>\n<\/div>\n<\/div>\n<\/div>\n\n\n\n<div class=\"wp-block-columns is-layout-flex wp-container-core-columns-is-layout-9d6595d7 wp-block-columns-is-layout-flex\">\n<div class=\"wp-block-column is-vertically-aligned-center is-layout-flow wp-block-column-is-layout-flow\">\n<h3 class=\"wp-block-heading\">Personalizado <strong>Aquecedor de pratos<\/strong><\/h3>\n\n\n\n<p>Prestamos servi\u00e7os ODM e OEM. Apoiamos o LOGOTIPO personalizado no produto e na embalagem, e apoiamos diferentes embalagens, como saco\/caixa ou conforme os pedidos do cliente. A cor pode ser personalizada com cor prateada ou dourada ou semi-dourada.<\/p>\n<\/div>\n<\/div>","protected":false},"excerpt":{"rendered":"<p>Aquecedor de pratos quadrados por atacado e personalizado da Linkton com tampa com dobradi\u00e7a de vidro, que suporta aquecimento a combust\u00edvel e por ficha. Dur\u00e1vel e bonito para todos os estilos de locais de restaura\u00e7\u00e3o.<\/p>\n<h2>Especifica\u00e7\u00f5es do Aquecedor de pratos para chafing:<\/h2>\n<table width=\"402\">\n<tbody>\n<tr>\n<td width=\"145\">Fabricante<\/td>\n<td width=\"257\">Linkton<\/td>\n<\/tr>\n<tr>\n<td>Material<\/td>\n<td>A\u00e7o inoxid\u00e1vel<\/td>\n<\/tr>\n<tr>\n<td>Configura\u00e7\u00e3o<\/td>\n<td width=\"257\">Tabuleiro para alimentos\/tabuleiro para \u00e1gua\/porta-combust\u00edvel<\/td>\n<\/tr>\n<tr>\n<td>Aquecimento<\/td>\n<td>\n<p>Aquecimento a \u00e1lcool ou aquecimento el\u00e9trico<\/p>\n<\/td>\n<\/tr>\n<tr>\n<td>Tampa<\/td>\n<td width=\"257\">Tampa suspensa hidr\u00e1ulica<\/td>\n<\/tr>\n<tr>\n<td>OEM\/ODM<\/td>\n<td>Aceit\u00e1vel<\/td>\n<\/tr>\n<tr>\n<td>Amostra<\/td>\n<td>MOQ 1 pe\u00e7a<\/td>\n<\/tr>\n<\/tbody>\n<\/table>","protected":false},"featured_media":3179,"template":"","meta":{"_acf_changed":false},"product-application":[],"product-capacity":[],"product_brand":[],"product_cat":[58],"product_tag":[],"class_list":{"0":"post-3172","1":"product","2":"type-product","3":"status-publish","4":"has-post-thumbnail","6":"product_cat-wholesale-chafing-dishes","8":"first","9":"instock","10":"shipping-taxable","11":"product-type-simple"},"acf":[],"_links":{"self":[{"href":"https:\/\/www.linktonkitchen.com\/pt\/wp-json\/wp\/v2\/product\/3172","targetHints":{"allow":["GET"]}}],"collection":[{"href":"https:\/\/www.linktonkitchen.com\/pt\/wp-json\/wp\/v2\/product"}],"about":[{"href":"https:\/\/www.linktonkitchen.com\/pt\/wp-json\/wp\/v2\/types\/product"}],"version-history":[{"count":0,"href":"https:\/\/www.linktonkitchen.com\/pt\/wp-json\/wp\/v2\/product\/3172\/revisions"}],"wp:featuredmedia":[{"embeddable":true,"href":"https:\/\/www.linktonkitchen.com\/pt\/wp-json\/wp\/v2\/media\/3179"}],"wp:attachment":[{"href":"https:\/\/www.linktonkitchen.com\/pt\/wp-json\/wp\/v2\/media?parent=3172"}],"wp:term":[{"taxonomy":"product-application","embeddable":true,"href":"https:\/\/www.linktonkitchen.com\/pt\/wp-json\/wp\/v2\/product-application?post=3172"},{"taxonomy":"product-capacity","embeddable":true,"href":"https:\/\/www.linktonkitchen.com\/pt\/wp-json\/wp\/v2\/product-capacity?post=3172"},{"taxonomy":"product_brand","embeddable":true,"href":"https:\/\/www.linktonkitchen.com\/pt\/wp-json\/wp\/v2\/product_brand?post=3172"},{"taxonomy":"product_cat","embeddable":true,"href":"https:\/\/www.linktonkitchen.com\/pt\/wp-json\/wp\/v2\/product_cat?post=3172"},{"taxonomy":"product_tag","embeddable":true,"href":"https:\/\/www.linktonkitchen.com\/pt\/wp-json\/wp\/v2\/product_tag?post=3172"}],"curies":[{"name":"wp","href":"https:\/\/api.w.org\/{rel}","templated":true}]}}