{"id":3196,"date":"2024-04-21T08:53:50","date_gmt":"2024-04-21T08:53:50","guid":{"rendered":"https:\/\/linktonkitchen.com\/?post_type=product&#038;p=3196"},"modified":"2024-06-01T12:04:59","modified_gmt":"2024-06-01T12:04:59","slug":"chafing-dish-em-aco-inoxidavel","status":"publish","type":"product","link":"https:\/\/www.linktonkitchen.com\/pt\/product\/stainless-steel-chafing-dish\/","title":{"rendered":"Prato para assar de a\u00e7o inoxid\u00e1vel por atacado, redondo 6L com suporte para colher"},"content":{"rendered":"<div class=\"wp-block-columns is-layout-flex wp-container-core-columns-is-layout-9d6595d7 wp-block-columns-is-layout-flex\">\n<div class=\"wp-block-column is-vertically-aligned-center is-layout-flow wp-block-column-is-layout-flow\"><div class=\"wp-block-image\">\n<figure class=\"aligncenter size-full is-resized\"><img fetchpriority=\"high\" decoding=\"async\" width=\"1524\" height=\"1524\" src=\"https:\/\/linktonkitchen.com\/wp-content\/uploads\/2024\/04\/round-chafing-dish-wholesale.webp\" alt=\"travessa redonda para assar por atacado\" class=\"wp-image-3207\" style=\"width:404px;height:auto\" srcset=\"https:\/\/www.linktonkitchen.com\/wp-content\/uploads\/2024\/04\/round-chafing-dish-wholesale.webp 1524w, https:\/\/www.linktonkitchen.com\/wp-content\/uploads\/2024\/04\/round-chafing-dish-wholesale-300x300.webp 300w, https:\/\/www.linktonkitchen.com\/wp-content\/uploads\/2024\/04\/round-chafing-dish-wholesale-150x150.webp 150w, https:\/\/www.linktonkitchen.com\/wp-content\/uploads\/2024\/04\/round-chafing-dish-wholesale-768x768.webp 768w, https:\/\/www.linktonkitchen.com\/wp-content\/uploads\/2024\/04\/round-chafing-dish-wholesale-285x285.webp 285w, https:\/\/www.linktonkitchen.com\/wp-content\/uploads\/2024\/04\/round-chafing-dish-wholesale-270x270.webp 270w, https:\/\/www.linktonkitchen.com\/wp-content\/uploads\/2024\/04\/round-chafing-dish-wholesale-540x540.webp 540w, https:\/\/www.linktonkitchen.com\/wp-content\/uploads\/2024\/04\/round-chafing-dish-wholesale-660x660.webp 660w\" sizes=\"(max-width: 1524px) 100vw, 1524px\" \/><\/figure>\n<\/div><\/div>\n\n\n\n<div class=\"wp-block-column is-vertically-aligned-center is-layout-flow wp-block-column-is-layout-flow\">\n<h3 class=\"wp-block-heading\"><strong>Chafing Dish em a\u00e7o inoxid\u00e1vel<\/strong> <strong>Par\u00e2metro<\/strong><\/h3>\n\n\n\n<figure class=\"wp-block-table\"><table><tbody><tr><td>Modelo n.<\/td><td>Tamanho<\/td><td>Capacidade<\/td><td>Peso<\/td><\/tr><tr><td>LT-018<\/td><td>48*44*32<\/td><td>6L<\/td><td>6,8kg\/pcs<\/td><\/tr><\/tbody><\/table><\/figure>\n<\/div>\n<\/div>\n\n\n\n<div class=\"wp-block-columns is-layout-flex wp-container-core-columns-is-layout-9d6595d7 wp-block-columns-is-layout-flex\">\n<div class=\"wp-block-column is-vertically-aligned-center is-layout-flow wp-block-column-is-layout-flow\">\n<h3 class=\"wp-block-heading\">Prato para assar em a\u00e7o inoxid\u00e1vel personalizado<\/h3>\n\n\n\n<p>Prestamos servi\u00e7os ODM e OEM. Apoiamos o LOGOTIPO personalizado no produto e na embalagem, e apoiamos diferentes embalagens, como saco\/caixa ou conforme os pedidos do cliente. A cor pode ser personalizada com cor prateada ou dourada ou semi-dourada.<\/p>\n<\/div>\n<\/div>","protected":false},"excerpt":{"rendered":"<p>Pratos de chafing de a\u00e7o inoxid\u00e1vel por atacado e personalizados, adequados para hot\u00e9is, restaurantes, casamentos e outros eventos de catering. Como o melhor fabricante de equipamento de restaura\u00e7\u00e3o, apoiamos OEM e ODM para cada cliente.<\/p>\n<h2>Especifica\u00e7\u00f5es do Chafing Dish de a\u00e7o inoxid\u00e1vel:<\/h2>\n<table width=\"402\">\n<tbody>\n<tr>\n<td width=\"145\">Fabricante<\/td>\n<td width=\"257\">Linkton<\/td>\n<\/tr>\n<tr>\n<td>Material<\/td>\n<td>A\u00e7o inoxid\u00e1vel<\/td>\n<\/tr>\n<tr>\n<td>Configura\u00e7\u00e3o<\/td>\n<td width=\"257\">Tabuleiro para alimentos\/tabuleiro para \u00e1gua\/porta-combust\u00edvel<\/td>\n<\/tr>\n<tr>\n<td>Aquecimento<\/td>\n<td>\n<p>Aquecimento a \u00e1lcool ou aquecimento el\u00e9trico<\/p>\n<\/td>\n<\/tr>\n<tr>\n<td>Tampa<\/td>\n<td width=\"257\">Tampa de vidro hidr\u00e1ulica<\/td>\n<\/tr>\n<tr>\n<td>OEM\/ODM<\/td>\n<td>Aceit\u00e1vel<\/td>\n<\/tr>\n<tr>\n<td>Amostra<\/td>\n<td>MOQ 1 pe\u00e7a<\/td>\n<\/tr>\n<\/tbody>\n<\/table>","protected":false},"featured_media":3207,"template":"","meta":{"_acf_changed":false},"product-application":[],"product-capacity":[],"product_brand":[],"product_cat":[58],"product_tag":[],"class_list":{"0":"post-3196","1":"product","2":"type-product","3":"status-publish","4":"has-post-thumbnail","6":"product_cat-wholesale-chafing-dishes","8":"first","9":"instock","10":"shipping-taxable","11":"product-type-simple"},"acf":[],"_links":{"self":[{"href":"https:\/\/www.linktonkitchen.com\/pt\/wp-json\/wp\/v2\/product\/3196","targetHints":{"allow":["GET"]}}],"collection":[{"href":"https:\/\/www.linktonkitchen.com\/pt\/wp-json\/wp\/v2\/product"}],"about":[{"href":"https:\/\/www.linktonkitchen.com\/pt\/wp-json\/wp\/v2\/types\/product"}],"version-history":[{"count":0,"href":"https:\/\/www.linktonkitchen.com\/pt\/wp-json\/wp\/v2\/product\/3196\/revisions"}],"wp:featuredmedia":[{"embeddable":true,"href":"https:\/\/www.linktonkitchen.com\/pt\/wp-json\/wp\/v2\/media\/3207"}],"wp:attachment":[{"href":"https:\/\/www.linktonkitchen.com\/pt\/wp-json\/wp\/v2\/media?parent=3196"}],"wp:term":[{"taxonomy":"product-application","embeddable":true,"href":"https:\/\/www.linktonkitchen.com\/pt\/wp-json\/wp\/v2\/product-application?post=3196"},{"taxonomy":"product-capacity","embeddable":true,"href":"https:\/\/www.linktonkitchen.com\/pt\/wp-json\/wp\/v2\/product-capacity?post=3196"},{"taxonomy":"product_brand","embeddable":true,"href":"https:\/\/www.linktonkitchen.com\/pt\/wp-json\/wp\/v2\/product_brand?post=3196"},{"taxonomy":"product_cat","embeddable":true,"href":"https:\/\/www.linktonkitchen.com\/pt\/wp-json\/wp\/v2\/product_cat?post=3196"},{"taxonomy":"product_tag","embeddable":true,"href":"https:\/\/www.linktonkitchen.com\/pt\/wp-json\/wp\/v2\/product_tag?post=3196"}],"curies":[{"name":"wp","href":"https:\/\/api.w.org\/{rel}","templated":true}]}}