{"id":3213,"date":"2024-04-21T09:23:37","date_gmt":"2024-04-21T09:23:37","guid":{"rendered":"https:\/\/linktonkitchen.com\/?post_type=product&#038;p=3213"},"modified":"2024-06-01T12:05:35","modified_gmt":"2024-06-01T12:05:35","slug":"chafing-dish-redondo","status":"publish","type":"product","link":"https:\/\/www.linktonkitchen.com\/pt\/product\/round-chafing-dish\/","title":{"rendered":"Prato para assar redondo personalizado 6L com tampa de vidro perna alta"},"content":{"rendered":"<div class=\"wp-block-columns is-layout-flex wp-container-core-columns-is-layout-9d6595d7 wp-block-columns-is-layout-flex\">\n<div class=\"wp-block-column is-vertically-aligned-center is-layout-flow wp-block-column-is-layout-flow\">\n<h2 class=\"wp-block-heading\"><strong>Par\u00e2metro do prato redondo<\/strong><\/h2>\n\n\n\n<figure class=\"wp-block-table\"><table><tbody><tr><td>Modelo n.<\/td><td>Tamanho<\/td><td>Capacidade<\/td><td>Peso<\/td><\/tr><tr><td>LT-521<\/td><td>49*27<\/td><td>6L<\/td><td>5,9kg\/pcs<\/td><\/tr><\/tbody><\/table><\/figure>\n<\/div>\n\n\n\n<div class=\"wp-block-column is-vertically-aligned-center is-layout-flow wp-block-column-is-layout-flow\"><div class=\"wp-block-image\">\n<figure class=\"aligncenter size-full is-resized\"><img fetchpriority=\"high\" decoding=\"async\" width=\"800\" height=\"800\" src=\"https:\/\/linktonkitchen.com\/wp-content\/uploads\/2024\/04\/chafing-dish-round-wholesale-1.webp\" alt=\"travessa redonda por atacado\" class=\"wp-image-3204\" style=\"width:356px;height:auto\" srcset=\"https:\/\/www.linktonkitchen.com\/wp-content\/uploads\/2024\/04\/chafing-dish-round-wholesale-1.webp 800w, https:\/\/www.linktonkitchen.com\/wp-content\/uploads\/2024\/04\/chafing-dish-round-wholesale-1-300x300.webp 300w, https:\/\/www.linktonkitchen.com\/wp-content\/uploads\/2024\/04\/chafing-dish-round-wholesale-1-150x150.webp 150w, https:\/\/www.linktonkitchen.com\/wp-content\/uploads\/2024\/04\/chafing-dish-round-wholesale-1-768x768.webp 768w, https:\/\/www.linktonkitchen.com\/wp-content\/uploads\/2024\/04\/chafing-dish-round-wholesale-1-285x285.webp 285w, https:\/\/www.linktonkitchen.com\/wp-content\/uploads\/2024\/04\/chafing-dish-round-wholesale-1-270x270.webp 270w, https:\/\/www.linktonkitchen.com\/wp-content\/uploads\/2024\/04\/chafing-dish-round-wholesale-1-540x540.webp 540w, https:\/\/www.linktonkitchen.com\/wp-content\/uploads\/2024\/04\/chafing-dish-round-wholesale-1-660x660.webp 660w\" sizes=\"(max-width: 800px) 100vw, 800px\" \/><\/figure>\n<\/div><\/div>\n<\/div>\n\n\n\n<div class=\"wp-block-columns is-layout-flex wp-container-core-columns-is-layout-9d6595d7 wp-block-columns-is-layout-flex\">\n<div class=\"wp-block-column is-layout-flow wp-block-column-is-layout-flow\"><div class=\"wp-block-image\">\n<figure class=\"aligncenter size-full is-resized\"><img decoding=\"async\" width=\"800\" height=\"800\" src=\"https:\/\/linktonkitchen.com\/wp-content\/uploads\/2024\/04\/chafing-dish-round-wholesale-3.webp\" alt=\"travessa redonda por atacado\" class=\"wp-image-3206\" style=\"width:360px;height:auto\" srcset=\"https:\/\/www.linktonkitchen.com\/wp-content\/uploads\/2024\/04\/chafing-dish-round-wholesale-3.webp 800w, https:\/\/www.linktonkitchen.com\/wp-content\/uploads\/2024\/04\/chafing-dish-round-wholesale-3-300x300.webp 300w, https:\/\/www.linktonkitchen.com\/wp-content\/uploads\/2024\/04\/chafing-dish-round-wholesale-3-150x150.webp 150w, https:\/\/www.linktonkitchen.com\/wp-content\/uploads\/2024\/04\/chafing-dish-round-wholesale-3-768x768.webp 768w, https:\/\/www.linktonkitchen.com\/wp-content\/uploads\/2024\/04\/chafing-dish-round-wholesale-3-285x285.webp 285w, https:\/\/www.linktonkitchen.com\/wp-content\/uploads\/2024\/04\/chafing-dish-round-wholesale-3-270x270.webp 270w, https:\/\/www.linktonkitchen.com\/wp-content\/uploads\/2024\/04\/chafing-dish-round-wholesale-3-540x540.webp 540w, https:\/\/www.linktonkitchen.com\/wp-content\/uploads\/2024\/04\/chafing-dish-round-wholesale-3-660x660.webp 660w\" sizes=\"(max-width: 800px) 100vw, 800px\" \/><\/figure>\n<\/div><\/div>\n\n\n\n<div class=\"wp-block-column is-vertically-aligned-center is-layout-flow wp-block-column-is-layout-flow\">\n<h2 class=\"wp-block-heading\"><strong>Prato para assar redondo personalizado<\/strong><\/h2>\n\n\n\n<p>Prestamos servi\u00e7os ODM e OEM. Apoiamos o LOGOTIPO personalizado no produto e na embalagem, e apoiamos diferentes embalagens, como saco\/caixa ou conforme os pedidos do cliente. A cor pode ser personalizada com cor prateada ou dourada ou semi-dourada.<\/p>\n<\/div>\n<\/div>","protected":false},"excerpt":{"rendered":"<p>Pratos redondos para chafing por atacado, feitos de a\u00e7o inoxid\u00e1vel de alta qualidade, com dois estilos de pernas altas e curtas. Baixo MOQ e pre\u00e7o acess\u00edvel do fornecedor de equipamento de restaura\u00e7\u00e3o Linkton.<\/p>\n<h2>Especifica\u00e7\u00f5es do prato redondo para assar:<\/h2>\n<table width=\"402\">\n<tbody>\n<tr>\n<td width=\"145\">Fabricante<\/td>\n<td width=\"257\">Linkton<\/td>\n<\/tr>\n<tr>\n<td>Material<\/td>\n<td>A\u00e7o inoxid\u00e1vel<\/td>\n<\/tr>\n<tr>\n<td>Configura\u00e7\u00e3o<\/td>\n<td width=\"257\">Tabuleiro para alimentos\/tabuleiro para \u00e1gua\/porta-combust\u00edvel<\/td>\n<\/tr>\n<tr>\n<td>AquecimentoA<\/td>\n<td>\n<p>Aquecimento a \u00e1lcool e aquecimento el\u00e9trico<\/p>\n<\/td>\n<\/tr>\n<tr>\n<td>Tampa<\/td>\n<td width=\"257\">Tampa com dobradi\u00e7a hidr\u00e1ulica<\/td>\n<\/tr>\n<tr>\n<td>OEM\/ODM<\/td>\n<td>Aceit\u00e1vel<\/td>\n<\/tr>\n<tr>\n<td>Amostra<\/td>\n<td>MOQ 1 pe\u00e7a<\/td>\n<\/tr>\n<\/tbody>\n<\/table>","protected":false},"featured_media":3204,"template":"","meta":{"_acf_changed":false},"product-application":[],"product-capacity":[],"product_brand":[],"product_cat":[58],"product_tag":[],"class_list":{"0":"post-3213","1":"product","2":"type-product","3":"status-publish","4":"has-post-thumbnail","6":"product_cat-wholesale-chafing-dishes","8":"first","9":"instock","10":"shipping-taxable","11":"product-type-simple"},"acf":[],"_links":{"self":[{"href":"https:\/\/www.linktonkitchen.com\/pt\/wp-json\/wp\/v2\/product\/3213","targetHints":{"allow":["GET"]}}],"collection":[{"href":"https:\/\/www.linktonkitchen.com\/pt\/wp-json\/wp\/v2\/product"}],"about":[{"href":"https:\/\/www.linktonkitchen.com\/pt\/wp-json\/wp\/v2\/types\/product"}],"version-history":[{"count":0,"href":"https:\/\/www.linktonkitchen.com\/pt\/wp-json\/wp\/v2\/product\/3213\/revisions"}],"wp:featuredmedia":[{"embeddable":true,"href":"https:\/\/www.linktonkitchen.com\/pt\/wp-json\/wp\/v2\/media\/3204"}],"wp:attachment":[{"href":"https:\/\/www.linktonkitchen.com\/pt\/wp-json\/wp\/v2\/media?parent=3213"}],"wp:term":[{"taxonomy":"product-application","embeddable":true,"href":"https:\/\/www.linktonkitchen.com\/pt\/wp-json\/wp\/v2\/product-application?post=3213"},{"taxonomy":"product-capacity","embeddable":true,"href":"https:\/\/www.linktonkitchen.com\/pt\/wp-json\/wp\/v2\/product-capacity?post=3213"},{"taxonomy":"product_brand","embeddable":true,"href":"https:\/\/www.linktonkitchen.com\/pt\/wp-json\/wp\/v2\/product_brand?post=3213"},{"taxonomy":"product_cat","embeddable":true,"href":"https:\/\/www.linktonkitchen.com\/pt\/wp-json\/wp\/v2\/product_cat?post=3213"},{"taxonomy":"product_tag","embeddable":true,"href":"https:\/\/www.linktonkitchen.com\/pt\/wp-json\/wp\/v2\/product_tag?post=3213"}],"curies":[{"name":"wp","href":"https:\/\/api.w.org\/{rel}","templated":true}]}}