{"id":3216,"date":"2024-04-21T09:38:19","date_gmt":"2024-04-21T09:38:19","guid":{"rendered":"https:\/\/linktonkitchen.com\/?post_type=product&#038;p=3216"},"modified":"2024-06-01T12:26:35","modified_gmt":"2024-06-01T12:26:35","slug":"panela-gn","status":"publish","type":"product","link":"https:\/\/www.linktonkitchen.com\/pt\/product\/gn-pan\/","title":{"rendered":"Panela GN tamanho completo em a\u00e7o inoxid\u00e1vel para guardar alimentos"},"content":{"rendered":"<div class=\"wp-block-columns is-layout-flex wp-container-core-columns-is-layout-9d6595d7 wp-block-columns-is-layout-flex\">\n<div class=\"wp-block-column is-vertically-aligned-center is-layout-flow wp-block-column-is-layout-flow\">\n<h3 class=\"wp-block-heading\"><strong>GN Pan para o Hotel, <\/strong>Restaurante, Escola, <strong><strong>Caf\u00e9s Servi\u00e7o de buffet<\/strong><\/strong><\/h3>\n\n\n\n<p>A Linkton oferece uma gama de panelas GN que s\u00e3o um dos equipamentos de cozinha, armazenamento, aquecimento e transporte mais utilizados em hot\u00e9is, restaurantes, escolas, hospitais, caf\u00e9s e cozinhas.<\/p>\n\n\n\n<h3 class=\"wp-block-heading\"><br><strong>Panela GN<\/strong> Materiais:<\/h3>\n\n\n\n<p>As panelas Linkton GN s\u00e3o feitas de a\u00e7o inoxid\u00e1vel de qualidade alimentar, que \u00e9 dur\u00e1vel, f\u00e1cil de limpar e resistente \u00e0 corros\u00e3o.<\/p>\n<\/div>\n\n\n\n<div class=\"wp-block-column is-vertically-aligned-center is-layout-flow wp-block-column-is-layout-flow\"><div class=\"wp-block-image\">\n<figure class=\"aligncenter size-full is-resized\"><img fetchpriority=\"high\" decoding=\"async\" width=\"800\" height=\"800\" src=\"https:\/\/linktonkitchen.com\/wp-content\/uploads\/2024\/04\/GN-pan-wholesale-3.webp\" alt=\"Panela GN por atacado\" class=\"wp-image-3227\" style=\"width:342px;height:auto\" srcset=\"https:\/\/www.linktonkitchen.com\/wp-content\/uploads\/2024\/04\/GN-pan-wholesale-3.webp 800w, https:\/\/www.linktonkitchen.com\/wp-content\/uploads\/2024\/04\/GN-pan-wholesale-3-300x300.webp 300w, https:\/\/www.linktonkitchen.com\/wp-content\/uploads\/2024\/04\/GN-pan-wholesale-3-150x150.webp 150w, https:\/\/www.linktonkitchen.com\/wp-content\/uploads\/2024\/04\/GN-pan-wholesale-3-768x768.webp 768w, https:\/\/www.linktonkitchen.com\/wp-content\/uploads\/2024\/04\/GN-pan-wholesale-3-285x285.webp 285w, https:\/\/www.linktonkitchen.com\/wp-content\/uploads\/2024\/04\/GN-pan-wholesale-3-270x270.webp 270w, https:\/\/www.linktonkitchen.com\/wp-content\/uploads\/2024\/04\/GN-pan-wholesale-3-540x540.webp 540w, https:\/\/www.linktonkitchen.com\/wp-content\/uploads\/2024\/04\/GN-pan-wholesale-3-660x660.webp 660w\" sizes=\"(max-width: 800px) 100vw, 800px\" \/><\/figure>\n<\/div><\/div>\n<\/div>\n\n\n\n<div class=\"wp-block-columns is-layout-flex wp-container-core-columns-is-layout-9d6595d7 wp-block-columns-is-layout-flex\">\n<div class=\"wp-block-column is-vertically-aligned-center is-layout-flow wp-block-column-is-layout-flow\"><\/div>\n<\/div>\n\n\n\n<div class=\"wp-block-columns is-layout-flex wp-container-core-columns-is-layout-9d6595d7 wp-block-columns-is-layout-flex\">\n<div class=\"wp-block-column is-layout-flow wp-block-column-is-layout-flow\">\n<figure class=\"wp-block-image size-full\"><img decoding=\"async\" width=\"800\" height=\"800\" src=\"https:\/\/linktonkitchen.com\/wp-content\/uploads\/2024\/04\/GN-pan-wholesale-6.webp\" alt=\"Panela GN por atacado\" class=\"wp-image-3230\" srcset=\"https:\/\/www.linktonkitchen.com\/wp-content\/uploads\/2024\/04\/GN-pan-wholesale-6.webp 800w, https:\/\/www.linktonkitchen.com\/wp-content\/uploads\/2024\/04\/GN-pan-wholesale-6-300x300.webp 300w, https:\/\/www.linktonkitchen.com\/wp-content\/uploads\/2024\/04\/GN-pan-wholesale-6-150x150.webp 150w, https:\/\/www.linktonkitchen.com\/wp-content\/uploads\/2024\/04\/GN-pan-wholesale-6-768x768.webp 768w, https:\/\/www.linktonkitchen.com\/wp-content\/uploads\/2024\/04\/GN-pan-wholesale-6-285x285.webp 285w, https:\/\/www.linktonkitchen.com\/wp-content\/uploads\/2024\/04\/GN-pan-wholesale-6-270x270.webp 270w, https:\/\/www.linktonkitchen.com\/wp-content\/uploads\/2024\/04\/GN-pan-wholesale-6-540x540.webp 540w, https:\/\/www.linktonkitchen.com\/wp-content\/uploads\/2024\/04\/GN-pan-wholesale-6-660x660.webp 660w\" sizes=\"(max-width: 800px) 100vw, 800px\" \/><\/figure>\n<\/div>\n\n\n\n<div class=\"wp-block-column is-layout-flow wp-block-column-is-layout-flow\">\n<h3 class=\"wp-block-heading\"><strong>Panela GN<\/strong> Materiais <strong>Caracter\u00edsticas:<\/strong><\/h3>\n\n\n\n<p>* F\u00e1cil de limpar e secar rapidamente.<br>* Resistente \u00e0 corros\u00e3o, ins\u00edpido e inodoro.<\/p>\n\n\n\n<p>* As panelas GN podem ser aquecidas e cozinhadas uniformemente devido \u00e0 superior condutividade t\u00e9rmica do a\u00e7o inoxid\u00e1vel.\u00a0<\/p>\n\n\n\n<p>* Com o design de ponta alta, as panelas GN s\u00e3o \u00e0 prova de fugas e evitam que o l\u00edquido escorra para todo o lado.\u00a0<\/p>\n\n\n\n<p>* Com um design curvo, as panelas GN s\u00e3o ideais para facilitar o manuseamento e evitar que as m\u00e3os se arranhem.<\/p>\n\n\n\n<p>* Adequado para cozinha, hotel, restaurante, etc.<\/p>\n<\/div>\n<\/div>","protected":false},"excerpt":{"rendered":"<p>linkon, o fabricante de panelas GN, vende por grosso panelas GN de tamanho normal em a\u00e7o inoxid\u00e1vel de qualidade alimentar que s\u00e3o dur\u00e1veis e f\u00e1ceis de limpar. Fornece solu\u00e7\u00f5es de log\u00f3tipo de embalagem personalizadas para cada cliente.<\/p>\n<h2>Especifica\u00e7\u00f5es de <strong>Panela GN<\/strong>:<\/h2>\n<table border=\"0\" width=\"146\" cellspacing=\"0\" cellpadding=\"0\">\n<tbody>\n<tr>\n<td width=\"73\" height=\"23\">Fabricante<\/td>\n<td width=\"73\">Linkton<\/td>\n<\/tr>\n<tr>\n<td height=\"23\">Material<\/td>\n<td>A\u00e7o inoxid\u00e1vel<\/td>\n<\/tr>\n<tr>\n<td height=\"69\">Tamanho<\/td>\n<td>1\/1,1\/2, 1\/3, 1\/4, 1\/6, 1\/9 recipiente gastron\u00f3mico<\/td>\n<\/tr>\n<tr>\n<td height=\"23\">Espessura<\/td>\n<td>0,7 mm, 0,8 mm, 1,0 mm, 1,2 mm gn espessura do tabuleiro<\/td>\n<\/tr>\n<tr>\n<td height=\"115\">Amostra<\/td>\n<td>Gr\u00e1tis<\/td>\n<\/tr>\n<tr>\n<td height=\"30\">Personaliza\u00e7\u00e3o<\/td>\n<td>Apoio ao LOGOTIPO personalizado no produto e na embalagem, e apoio a diferentes embalagens, tais como Saco\/Bulk\/Cart\u00e3o ou Conforme os pedidos do cliente<\/td>\n<\/tr>\n<\/tbody>\n<\/table>","protected":false},"featured_media":3229,"template":"","meta":{"_acf_changed":false},"product-application":[],"product-capacity":[],"product_brand":[],"product_cat":[57],"product_tag":[],"class_list":{"0":"post-3216","1":"product","2":"type-product","3":"status-publish","4":"has-post-thumbnail","6":"product_cat-gn-pan-wholesale","8":"first","9":"instock","10":"shipping-taxable","11":"product-type-simple"},"acf":[],"_links":{"self":[{"href":"https:\/\/www.linktonkitchen.com\/pt\/wp-json\/wp\/v2\/product\/3216","targetHints":{"allow":["GET"]}}],"collection":[{"href":"https:\/\/www.linktonkitchen.com\/pt\/wp-json\/wp\/v2\/product"}],"about":[{"href":"https:\/\/www.linktonkitchen.com\/pt\/wp-json\/wp\/v2\/types\/product"}],"version-history":[{"count":0,"href":"https:\/\/www.linktonkitchen.com\/pt\/wp-json\/wp\/v2\/product\/3216\/revisions"}],"wp:featuredmedia":[{"embeddable":true,"href":"https:\/\/www.linktonkitchen.com\/pt\/wp-json\/wp\/v2\/media\/3229"}],"wp:attachment":[{"href":"https:\/\/www.linktonkitchen.com\/pt\/wp-json\/wp\/v2\/media?parent=3216"}],"wp:term":[{"taxonomy":"product-application","embeddable":true,"href":"https:\/\/www.linktonkitchen.com\/pt\/wp-json\/wp\/v2\/product-application?post=3216"},{"taxonomy":"product-capacity","embeddable":true,"href":"https:\/\/www.linktonkitchen.com\/pt\/wp-json\/wp\/v2\/product-capacity?post=3216"},{"taxonomy":"product_brand","embeddable":true,"href":"https:\/\/www.linktonkitchen.com\/pt\/wp-json\/wp\/v2\/product_brand?post=3216"},{"taxonomy":"product_cat","embeddable":true,"href":"https:\/\/www.linktonkitchen.com\/pt\/wp-json\/wp\/v2\/product_cat?post=3216"},{"taxonomy":"product_tag","embeddable":true,"href":"https:\/\/www.linktonkitchen.com\/pt\/wp-json\/wp\/v2\/product_tag?post=3216"}],"curies":[{"name":"wp","href":"https:\/\/api.w.org\/{rel}","templated":true}]}}