{"id":3349,"date":"2024-04-22T11:35:38","date_gmt":"2024-04-22T11:35:38","guid":{"rendered":"https:\/\/linktonkitchen.com\/?post_type=product&#038;p=3349"},"modified":"2026-02-04T08:12:28","modified_gmt":"2026-02-04T08:12:28","slug":"panela-de-pressao-em-aco-inoxidavel-2","status":"publish","type":"product","link":"https:\/\/www.linktonkitchen.com\/pt\/product\/stainless-steel-pressure-cooker\/","title":{"rendered":"Panela de press\u00e3o de a\u00e7o inoxid\u00e1vel por atacado, Panela 5-8QT com grelha de vaporiza\u00e7\u00e3o a granel"},"content":{"rendered":"<div class=\"wp-block-columns is-layout-flex wp-container-core-columns-is-layout-9d6595d7 wp-block-columns-is-layout-flex\">\n<div class=\"wp-block-column is-layout-flow wp-block-column-is-layout-flow\">\n<h2 class=\"wp-block-heading\">Panela de press\u00e3o de a\u00e7o inoxid\u00e1vel Par\u00e2metro:<\/h2>\n\n\n\n<figure class=\"wp-block-table\"><table><tbody><tr><td>Modelo n.<\/td><td>Capacidade<\/td><td>Di\u00e2metro da boca<\/td><td>Peso<\/td><\/tr><tr><td rowspan=\"3\">LT-TJ<\/td><td>5L<\/td><td>22 cm<\/td><td>2,53 kg<\/td><\/tr><tr><td>6L<\/td><td>24 cm<\/td><td>2,9 kg<\/td><\/tr><tr><td>8L<\/td><td>26 cm<\/td><td>3,59 kg<\/td><\/tr><\/tbody><\/table><\/figure>\n\n\n\n<h2 class=\"wp-block-heading\">Panela de press\u00e3o em a\u00e7o inoxid\u00e1vel Carater\u00edsticas:<\/h2>\n\n\n\n<p><strong>Vapor e fervura ao mesmo tempo:<\/strong> Equipada com uma grelha para cozer a vapor em a\u00e7o inoxid\u00e1vel, esta panela de press\u00e3o permite cozer a vapor e ferver em simult\u00e2neo, melhorando a efici\u00eancia da cozedura at\u00e9 70%.<\/p>\n\n\n\n<p><strong>Grande capacidade para utiliza\u00e7\u00e3o familiar: <\/strong>Dispon\u00edvel em 5L, 6L e 8L, o corpo da panela de altura alargada cabe facilmente um frango inteiro - ideal para refei\u00e7\u00f5es familiares ou necessidades de cozinha comercial.<\/p>\n\n\n\n<p><strong>Fabricado em a\u00e7o inoxid\u00e1vel de qualidade alimentar:<\/strong> resistente \u00e0 ferrugem, dur\u00e1vel e f\u00e1cil de limpar. O acabamento polido elegante melhora a est\u00e9tica do produto e a atra\u00e7\u00e3o do utilizador.<\/p>\n\n\n\n<p><strong>Cozedura segura e de alta efici\u00eancia: <\/strong>Com uma press\u00e3o de funcionamento de 80 kPa, assegura uma cozedura mais r\u00e1pida, preservando o sabor e os nutrientes. Inclui uma v\u00e1lvula autom\u00e1tica de liberta\u00e7\u00e3o de press\u00e3o com ponto vermelho, que oferece uma indica\u00e7\u00e3o vis\u00edvel da press\u00e3o e uma liberta\u00e7\u00e3o de vapor mais segura.<\/p>\n\n\n\n<p><strong>Compatibilidade universal:<\/strong> Compat\u00edvel com fog\u00f5es a g\u00e1s, fog\u00f5es de indu\u00e7\u00e3o e fog\u00f5es de cer\u00e2mica.<\/p>\n<\/div>\n\n\n\n<div class=\"wp-block-column is-layout-flow wp-block-column-is-layout-flow\">\n<figure class=\"wp-block-image size-full\"><img fetchpriority=\"high\" decoding=\"async\" width=\"800\" height=\"800\" src=\"https:\/\/www.linktonkitchen.com\/wp-content\/uploads\/2024\/04\/wholesale-stainless-steel-pressure-cooker-6.webp\" alt=\"panela de press\u00e3o de a\u00e7o inoxid\u00e1vel por atacado\" class=\"wp-image-7329\" srcset=\"https:\/\/www.linktonkitchen.com\/wp-content\/uploads\/2024\/04\/wholesale-stainless-steel-pressure-cooker-6.webp 800w, https:\/\/www.linktonkitchen.com\/wp-content\/uploads\/2024\/04\/wholesale-stainless-steel-pressure-cooker-6-300x300.webp 300w, https:\/\/www.linktonkitchen.com\/wp-content\/uploads\/2024\/04\/wholesale-stainless-steel-pressure-cooker-6-150x150.webp 150w, https:\/\/www.linktonkitchen.com\/wp-content\/uploads\/2024\/04\/wholesale-stainless-steel-pressure-cooker-6-768x768.webp 768w, https:\/\/www.linktonkitchen.com\/wp-content\/uploads\/2024\/04\/wholesale-stainless-steel-pressure-cooker-6-12x12.webp 12w, https:\/\/www.linktonkitchen.com\/wp-content\/uploads\/2024\/04\/wholesale-stainless-steel-pressure-cooker-6-285x285.webp 285w, https:\/\/www.linktonkitchen.com\/wp-content\/uploads\/2024\/04\/wholesale-stainless-steel-pressure-cooker-6-270x270.webp 270w, https:\/\/www.linktonkitchen.com\/wp-content\/uploads\/2024\/04\/wholesale-stainless-steel-pressure-cooker-6-540x540.webp 540w, https:\/\/www.linktonkitchen.com\/wp-content\/uploads\/2024\/04\/wholesale-stainless-steel-pressure-cooker-6-660x660.webp 660w\" sizes=\"(max-width: 800px) 100vw, 800px\" \/><\/figure>\n<\/div>\n<\/div>\n\n\n\n<div class=\"wp-block-columns is-layout-flex wp-container-core-columns-is-layout-9d6595d7 wp-block-columns-is-layout-flex\">\n<div class=\"wp-block-column is-layout-flow wp-block-column-is-layout-flow\">\n<figure class=\"wp-block-image size-full\"><img decoding=\"async\" width=\"800\" height=\"800\" src=\"https:\/\/linktonkitchen.com\/wp-content\/uploads\/2024\/04\/pressure-cooker-with-steaming-sheet-2-1.webp\" alt=\"panela de press\u00e3o com placa de cozedura a vapor\" class=\"wp-image-3351\" srcset=\"https:\/\/www.linktonkitchen.com\/wp-content\/uploads\/2024\/04\/pressure-cooker-with-steaming-sheet-2-1.webp 800w, https:\/\/www.linktonkitchen.com\/wp-content\/uploads\/2024\/04\/pressure-cooker-with-steaming-sheet-2-1-300x300.webp 300w, https:\/\/www.linktonkitchen.com\/wp-content\/uploads\/2024\/04\/pressure-cooker-with-steaming-sheet-2-1-150x150.webp 150w, https:\/\/www.linktonkitchen.com\/wp-content\/uploads\/2024\/04\/pressure-cooker-with-steaming-sheet-2-1-768x768.webp 768w, https:\/\/www.linktonkitchen.com\/wp-content\/uploads\/2024\/04\/pressure-cooker-with-steaming-sheet-2-1-285x285.webp 285w, https:\/\/www.linktonkitchen.com\/wp-content\/uploads\/2024\/04\/pressure-cooker-with-steaming-sheet-2-1-270x270.webp 270w, https:\/\/www.linktonkitchen.com\/wp-content\/uploads\/2024\/04\/pressure-cooker-with-steaming-sheet-2-1-540x540.webp 540w, https:\/\/www.linktonkitchen.com\/wp-content\/uploads\/2024\/04\/pressure-cooker-with-steaming-sheet-2-1-660x660.webp 660w\" sizes=\"(max-width: 800px) 100vw, 800px\" \/><\/figure>\n<\/div>\n\n\n\n<div class=\"wp-block-column is-layout-flow wp-block-column-is-layout-flow\">\n<figure class=\"wp-block-image size-full\"><img decoding=\"async\" width=\"790\" height=\"790\" src=\"https:\/\/www.linktonkitchen.com\/wp-content\/uploads\/2024\/04\/wholesale-stainless-steel-pressure-cooker-3.webp\" alt=\"panela de press\u00e3o de a\u00e7o inoxid\u00e1vel por atacado\" class=\"wp-image-7326\" srcset=\"https:\/\/www.linktonkitchen.com\/wp-content\/uploads\/2024\/04\/wholesale-stainless-steel-pressure-cooker-3.webp 790w, https:\/\/www.linktonkitchen.com\/wp-content\/uploads\/2024\/04\/wholesale-stainless-steel-pressure-cooker-3-300x300.webp 300w, https:\/\/www.linktonkitchen.com\/wp-content\/uploads\/2024\/04\/wholesale-stainless-steel-pressure-cooker-3-150x150.webp 150w, https:\/\/www.linktonkitchen.com\/wp-content\/uploads\/2024\/04\/wholesale-stainless-steel-pressure-cooker-3-768x768.webp 768w, https:\/\/www.linktonkitchen.com\/wp-content\/uploads\/2024\/04\/wholesale-stainless-steel-pressure-cooker-3-12x12.webp 12w, https:\/\/www.linktonkitchen.com\/wp-content\/uploads\/2024\/04\/wholesale-stainless-steel-pressure-cooker-3-285x285.webp 285w, https:\/\/www.linktonkitchen.com\/wp-content\/uploads\/2024\/04\/wholesale-stainless-steel-pressure-cooker-3-270x270.webp 270w, https:\/\/www.linktonkitchen.com\/wp-content\/uploads\/2024\/04\/wholesale-stainless-steel-pressure-cooker-3-540x540.webp 540w, https:\/\/www.linktonkitchen.com\/wp-content\/uploads\/2024\/04\/wholesale-stainless-steel-pressure-cooker-3-660x660.webp 660w\" sizes=\"(max-width: 790px) 100vw, 790px\" \/><\/figure>\n<\/div>\n<\/div>\n\n\n\n<div class=\"wp-block-columns is-layout-flex wp-container-core-columns-is-layout-9d6595d7 wp-block-columns-is-layout-flex\">\n<div class=\"wp-block-column is-layout-flow wp-block-column-is-layout-flow\">\n<figure class=\"wp-block-image size-full\"><img loading=\"lazy\" decoding=\"async\" width=\"800\" height=\"800\" src=\"https:\/\/www.linktonkitchen.com\/wp-content\/uploads\/2024\/04\/wholesale-stainless-steel-pressure-cooker-9.webp\" alt=\"panela de press\u00e3o de a\u00e7o inoxid\u00e1vel por atacado\" class=\"wp-image-7332\" srcset=\"https:\/\/www.linktonkitchen.com\/wp-content\/uploads\/2024\/04\/wholesale-stainless-steel-pressure-cooker-9.webp 800w, https:\/\/www.linktonkitchen.com\/wp-content\/uploads\/2024\/04\/wholesale-stainless-steel-pressure-cooker-9-300x300.webp 300w, https:\/\/www.linktonkitchen.com\/wp-content\/uploads\/2024\/04\/wholesale-stainless-steel-pressure-cooker-9-150x150.webp 150w, https:\/\/www.linktonkitchen.com\/wp-content\/uploads\/2024\/04\/wholesale-stainless-steel-pressure-cooker-9-768x768.webp 768w, https:\/\/www.linktonkitchen.com\/wp-content\/uploads\/2024\/04\/wholesale-stainless-steel-pressure-cooker-9-12x12.webp 12w, https:\/\/www.linktonkitchen.com\/wp-content\/uploads\/2024\/04\/wholesale-stainless-steel-pressure-cooker-9-285x285.webp 285w, https:\/\/www.linktonkitchen.com\/wp-content\/uploads\/2024\/04\/wholesale-stainless-steel-pressure-cooker-9-270x270.webp 270w, https:\/\/www.linktonkitchen.com\/wp-content\/uploads\/2024\/04\/wholesale-stainless-steel-pressure-cooker-9-540x540.webp 540w, https:\/\/www.linktonkitchen.com\/wp-content\/uploads\/2024\/04\/wholesale-stainless-steel-pressure-cooker-9-660x660.webp 660w\" sizes=\"(max-width: 800px) 100vw, 800px\" \/><\/figure>\n<\/div>\n\n\n\n<div class=\"wp-block-column is-vertically-aligned-center is-layout-flow wp-block-column-is-layout-flow\">\n<h2 class=\"wp-block-heading\">Panela de press\u00e3o personalizada em a\u00e7o inoxid\u00e1vel:<\/h2>\n\n\n\n<p>&nbsp;A Linkton fornece um servi\u00e7o completo&nbsp;<strong>Servi\u00e7os OEM\/ODM<\/strong>&nbsp;para se destacar no seu mercado local:<\/p>\n\n\n\n<p><strong>Gama de capacidades:&nbsp;<\/strong>Escolha entre 5L, 6L e 8L para satisfazer as necessidades de diferentes tamanhos de fam\u00edlia.<\/p>\n\n\n\n<p><strong>Acabamento da superf\u00edcie:\u00a0<\/strong>Dispon\u00edvel em polimento espelhado (alto brilho), acabamento acetinado (aspeto escovado) ou revestimento de cor personalizado.<\/p>\n\n\n\n<p><strong>Marca e log\u00f3tipo:<\/strong><\/p>\n\n\n\n<ul class=\"wp-block-list\">\n<li>Grava\u00e7\u00e3o a laser no corpo do pote.<\/li>\n\n\n\n<li>Carimbo na parte inferior.<\/li>\n\n\n\n<li>Log\u00f3tipo personalizado nas pegas e v\u00e1lvulas de press\u00e3o.<\/li>\n<\/ul>\n\n\n\n<p><strong>Design de embalagens:&nbsp;<\/strong>Caixas de cor, manuais de instru\u00e7\u00f5es e caixas de transporte totalmente personalizadas com a identidade visual da sua marca.<\/p>\n<\/div>\n<\/div>","protected":false},"excerpt":{"rendered":"<p>Panela de press\u00e3o de a\u00e7o inoxid\u00e1vel por atacado com um suporte de vapor e pega anti-escaldamento, segura e eficiente para cozinhas dom\u00e9sticas e comerciais. A Linkton fabrica um fornecimento est\u00e1vel, pre\u00e7o de f\u00e1brica e apoia a personaliza\u00e7\u00e3o. Para mais informa\u00e7\u00f5es sobre panelas de press\u00e3o por atacado, contacte-nos.<\/p>\n<h2>Panela de press\u00e3o em a\u00e7o inoxid\u00e1vel Especifica\u00e7\u00f5es:<\/h2>\n<table width=\"402\">\n<tbody>\n<tr>\n<td width=\"145\">Fabricante<\/td>\n<td width=\"257\">Linkton<\/td>\n<\/tr>\n<tr>\n<td width=\"145\">Modelo n.<\/td>\n<td width=\"257\">LT-TJ<\/td>\n<\/tr>\n<tr>\n<td width=\"145\">Capacidade<\/td>\n<td width=\"257\">5L\/ 6L\/ 8L<\/td>\n<\/tr>\n<tr>\n<td>Material<\/td>\n<td>A\u00e7o inoxid\u00e1vel<\/td>\n<\/tr>\n<tr>\n<td>Fun\u00e7\u00e3o<\/td>\n<td width=\"257\">\n<p>1. Com uma grelha para vapor e uma pega anti-escaldamento<br \/>2. Press\u00e3o de 80 kpa<br \/>3. V\u00e1lvula autom\u00e1tica de liberta\u00e7\u00e3o de press\u00e3o com ponto vermelho<br \/>4. Seguran\u00e7a \u00e0 prova de explos\u00e3o<br \/>5. Limpeza c\u00f3moda<\/p>\n<\/td>\n<\/tr>\n<tr>\n<td>Fog\u00e3o aplic\u00e1vel<\/td>\n<td>Fog\u00e3o\/ Fog\u00e3o de indu\u00e7\u00e3o\/ Fog\u00e3o a g\u00e1s\/ Fog\u00e3o el\u00e9trico\/ Fog\u00e3o de cer\u00e2mica\/ Fog\u00e3o de halog\u00e9neo<\/td>\n<\/tr>\n<tr>\n<td>Configura\u00e7\u00e3o<\/td>\n<td width=\"257\">Manual\/V\u00e1lvula limitadora de press\u00e3o\/Bacia anti-derrame\/Agulha de limpeza<\/td>\n<\/tr>\n<tr>\n<td>OEM\/ODM<\/td>\n<td>Aceit\u00e1vel<\/td>\n<\/tr>\n<tr>\n<td>Amostra<\/td>\n<td>MOQ 1 pe\u00e7a<\/td>\n<\/tr>\n<\/tbody>\n<\/table>","protected":false},"featured_media":7334,"template":"","meta":{"_acf_changed":false},"product-application":[],"product-capacity":[],"product_brand":[],"product_cat":[55],"product_tag":[85],"class_list":{"0":"post-3349","1":"product","2":"type-product","3":"status-publish","4":"has-post-thumbnail","6":"product_cat-pressure-cooker-wholesale","7":"product_tag-stainless-steel-pressure-cooker-wholesale","9":"first","10":"instock","11":"shipping-taxable","12":"product-type-simple"},"acf":[],"_links":{"self":[{"href":"https:\/\/www.linktonkitchen.com\/pt\/wp-json\/wp\/v2\/product\/3349","targetHints":{"allow":["GET"]}}],"collection":[{"href":"https:\/\/www.linktonkitchen.com\/pt\/wp-json\/wp\/v2\/product"}],"about":[{"href":"https:\/\/www.linktonkitchen.com\/pt\/wp-json\/wp\/v2\/types\/product"}],"version-history":[{"count":0,"href":"https:\/\/www.linktonkitchen.com\/pt\/wp-json\/wp\/v2\/product\/3349\/revisions"}],"wp:featuredmedia":[{"embeddable":true,"href":"https:\/\/www.linktonkitchen.com\/pt\/wp-json\/wp\/v2\/media\/7334"}],"wp:attachment":[{"href":"https:\/\/www.linktonkitchen.com\/pt\/wp-json\/wp\/v2\/media?parent=3349"}],"wp:term":[{"taxonomy":"product-application","embeddable":true,"href":"https:\/\/www.linktonkitchen.com\/pt\/wp-json\/wp\/v2\/product-application?post=3349"},{"taxonomy":"product-capacity","embeddable":true,"href":"https:\/\/www.linktonkitchen.com\/pt\/wp-json\/wp\/v2\/product-capacity?post=3349"},{"taxonomy":"product_brand","embeddable":true,"href":"https:\/\/www.linktonkitchen.com\/pt\/wp-json\/wp\/v2\/product_brand?post=3349"},{"taxonomy":"product_cat","embeddable":true,"href":"https:\/\/www.linktonkitchen.com\/pt\/wp-json\/wp\/v2\/product_cat?post=3349"},{"taxonomy":"product_tag","embeddable":true,"href":"https:\/\/www.linktonkitchen.com\/pt\/wp-json\/wp\/v2\/product_tag?post=3349"}],"curies":[{"name":"wp","href":"https:\/\/api.w.org\/{rel}","templated":true}]}}