{"id":3358,"date":"2024-04-22T11:49:03","date_gmt":"2024-04-22T11:49:03","guid":{"rendered":"https:\/\/linktonkitchen.com\/?post_type=product&#038;p=3358"},"modified":"2026-02-05T07:00:28","modified_gmt":"2026-02-05T07:00:28","slug":"conjunto-de-panelas-de-pressao","status":"publish","type":"product","link":"https:\/\/www.linktonkitchen.com\/pt\/product\/pressure-cooker-set\/","title":{"rendered":"Conjunto de Panela de Press\u00e3o por Atacado, Fabricante Chin\u00eas de Panela de Press\u00e3o"},"content":{"rendered":"<div class=\"wp-block-columns is-layout-flex wp-container-core-columns-is-layout-9d6595d7 wp-block-columns-is-layout-flex\">\n<div class=\"wp-block-column is-vertically-aligned-top is-layout-flow wp-block-column-is-layout-flow\">\n<h2 class=\"wp-block-heading\">Panela de press\u00e3o Par\u00e2metro:<\/h2>\n\n\n\n<figure class=\"wp-block-table\"><table><tbody><tr><td>Modelo n.<\/td><td>Capacidade<\/td><td>Di\u00e2metro da boca<\/td><td>Peso<\/td><\/tr><tr><td rowspan=\"5\">LT-CX<\/td><td>4L<\/td><td>20 cm<\/td><td>2,36 kg<\/td><\/tr><tr><td>6L<\/td><td>22 cm<\/td><td>2,78 kg<\/td><\/tr><tr><td>7L<\/td><td>24 cm<\/td><td>3,06 kg<\/td><\/tr><tr><td>9L<\/td><td>26 cm<\/td><td>3,78 kg<\/td><\/tr><tr><td>11L<\/td><td>28 cm<\/td><td>4,12 kg<\/td><\/tr><\/tbody><\/table><\/figure>\n\n\n\n<h2 class=\"wp-block-heading\">Panela de press\u00e3o Carater\u00edsticas:<\/h2>\n\n\n\n<p><strong>Forma cl\u00e1ssica da panela de press\u00e3o:<\/strong> O corpo da panela adopta uma estrutura \u00fanica em forma de C, que aquece de forma mais uniforme e aumenta a resist\u00eancia do corpo da panela. O design da pega vermelha \u00e9 atraente e \u00e9 popular no Sudeste Asi\u00e1tico, no M\u00e9dio Oriente, na Am\u00e9rica do Sul e noutros mercados.<\/p>\n\n\n\n<p><strong>V\u00e1lvula de bloqueio autom\u00e1tico, prote\u00e7\u00e3o de seguran\u00e7a m\u00faltipla: <\/strong>incluindo v\u00e1lvula limitadora de press\u00e3o, v\u00e1lvula de seguran\u00e7a, tampa anti-bloqueio, etc., para garantir a seguran\u00e7a da cozedura. Entre eles, o dispositivo da v\u00e1lvula de bloqueio autom\u00e1tico n\u00e3o pode abrir a tampa da panela sob alta press\u00e3o para garantir uma utiliza\u00e7\u00e3o segura.<\/p>\n\n\n\n<p><strong>Conjunto multifuncional: <\/strong>Cont\u00e9m panelas de press\u00e3o, placas de vaporiza\u00e7\u00e3o e tachos de cozinha para satisfazer v\u00e1rias necessidades culin\u00e1rias di\u00e1rias. Podem ser livremente combinadas e vendidas para satisfazer as diferentes prefer\u00eancias de combina\u00e7\u00e3o de compras dos clientes.<\/p>\n\n\n\n<p><strong>Material de a\u00e7o inoxid\u00e1vel de alta qualidade:<\/strong> Fabricado em a\u00e7o inoxid\u00e1vel de qualidade alimentar, com uma superf\u00edcie lisa, f\u00e1cil de limpar e pode ser utilizado durante muito tempo.<\/p>\n\n\n\n<p><strong>Adapta-se a uma variedade de fontes de calor: <\/strong>Pode ser utilizado para as principais fontes de calor, como fog\u00f5es a g\u00e1s, fog\u00f5es de indu\u00e7\u00e3o e fog\u00f5es de cer\u00e2mica.<\/p>\n<\/div>\n\n\n\n<div class=\"wp-block-column is-vertically-aligned-top is-layout-flow wp-block-column-is-layout-flow\">\n<figure class=\"wp-block-image size-full\"><img fetchpriority=\"high\" decoding=\"async\" width=\"1500\" height=\"1399\" src=\"https:\/\/www.linktonkitchen.com\/wp-content\/uploads\/2024\/04\/C-Shape-Pressure-Cooker-1.webp\" alt=\"Conjunto de panelas de press\u00e3o por atacado\" class=\"wp-image-3130\" style=\"object-fit:cover\" srcset=\"https:\/\/www.linktonkitchen.com\/wp-content\/uploads\/2024\/04\/C-Shape-Pressure-Cooker-1.webp 1500w, https:\/\/www.linktonkitchen.com\/wp-content\/uploads\/2024\/04\/C-Shape-Pressure-Cooker-1-300x280.webp 300w, https:\/\/www.linktonkitchen.com\/wp-content\/uploads\/2024\/04\/C-Shape-Pressure-Cooker-1-768x716.webp 768w, https:\/\/www.linktonkitchen.com\/wp-content\/uploads\/2024\/04\/C-Shape-Pressure-Cooker-1-285x266.webp 285w, https:\/\/www.linktonkitchen.com\/wp-content\/uploads\/2024\/04\/C-Shape-Pressure-Cooker-1-660x616.webp 660w, https:\/\/www.linktonkitchen.com\/wp-content\/uploads\/2024\/04\/C-Shape-Pressure-Cooker-1-150x140.webp 150w\" sizes=\"(max-width: 1500px) 100vw, 1500px\" \/><\/figure>\n<\/div>\n<\/div>\n\n\n\n<div class=\"wp-block-columns is-layout-flex wp-container-core-columns-is-layout-9d6595d7 wp-block-columns-is-layout-flex\">\n<div class=\"wp-block-column is-layout-flow wp-block-column-is-layout-flow\">\n<figure class=\"wp-block-image size-full\"><img decoding=\"async\" width=\"800\" height=\"800\" src=\"https:\/\/www.linktonkitchen.com\/wp-content\/uploads\/2024\/04\/Wholesale-Stianless-Steel-Pressure-Cooker-Set-3.webp\" alt=\"Conjunto de panelas de press\u00e3o de a\u00e7o inoxid\u00e1vel por atacado\" class=\"wp-image-7402\" srcset=\"https:\/\/www.linktonkitchen.com\/wp-content\/uploads\/2024\/04\/Wholesale-Stianless-Steel-Pressure-Cooker-Set-3.webp 800w, https:\/\/www.linktonkitchen.com\/wp-content\/uploads\/2024\/04\/Wholesale-Stianless-Steel-Pressure-Cooker-Set-3-300x300.webp 300w, https:\/\/www.linktonkitchen.com\/wp-content\/uploads\/2024\/04\/Wholesale-Stianless-Steel-Pressure-Cooker-Set-3-150x150.webp 150w, https:\/\/www.linktonkitchen.com\/wp-content\/uploads\/2024\/04\/Wholesale-Stianless-Steel-Pressure-Cooker-Set-3-768x768.webp 768w, https:\/\/www.linktonkitchen.com\/wp-content\/uploads\/2024\/04\/Wholesale-Stianless-Steel-Pressure-Cooker-Set-3-12x12.webp 12w, https:\/\/www.linktonkitchen.com\/wp-content\/uploads\/2024\/04\/Wholesale-Stianless-Steel-Pressure-Cooker-Set-3-285x285.webp 285w, https:\/\/www.linktonkitchen.com\/wp-content\/uploads\/2024\/04\/Wholesale-Stianless-Steel-Pressure-Cooker-Set-3-270x270.webp 270w, https:\/\/www.linktonkitchen.com\/wp-content\/uploads\/2024\/04\/Wholesale-Stianless-Steel-Pressure-Cooker-Set-3-540x540.webp 540w, https:\/\/www.linktonkitchen.com\/wp-content\/uploads\/2024\/04\/Wholesale-Stianless-Steel-Pressure-Cooker-Set-3-660x660.webp 660w\" sizes=\"(max-width: 800px) 100vw, 800px\" \/><\/figure>\n<\/div>\n\n\n\n<div class=\"wp-block-column is-layout-flow wp-block-column-is-layout-flow\">\n<h2 class=\"wp-block-heading\">Conjunto personalizado de panelas de press\u00e3o:<\/h2>\n\n\n\n<p>Fornecemos servi\u00e7os flex\u00edveis de personaliza\u00e7\u00e3o OEM e ODM para satisfazer diferentes requisitos de mercado e posicionamento de marca.<\/p>\n\n\n\n<p><strong>Gama de capacidades:\u00a0<\/strong>Escolha entre 4-11L para satisfazer as necessidades de diferentes tamanhos de fam\u00edlia.<\/p>\n\n\n\n<p><strong>Acabamento da superf\u00edcie:&nbsp;<\/strong>Dispon\u00edvel em Polimento Espelhado (alto brilho), Acabamento Acetinado (aspeto escovado) ou Revestimento de Cor personalizado.<\/p>\n\n\n\n<p><strong>Marca e log\u00f3tipo:<\/strong><\/p>\n\n\n\n<ul class=\"wp-block-list\">\n<li>Grava\u00e7\u00e3o a laser no corpo do pote.<\/li>\n\n\n\n<li>Carimbo na parte inferior.<\/li>\n\n\n\n<li>Log\u00f3tipo personalizado nas pegas e v\u00e1lvulas de press\u00e3o.<\/li>\n<\/ul>\n\n\n\n<p><strong>Design de embalagens:\u00a0<\/strong>Caixas de cor, manuais de instru\u00e7\u00f5es e cart\u00f5es de transporte totalmente personalizados com a identidade visual da sua marca.<\/p>\n<\/div>\n<\/div>","protected":false},"excerpt":{"rendered":"<p>Conjunto de panela de press\u00e3o por atacado com placa de vapor e panela de cozinha, em forma de c com design de al\u00e7a vermelha, tamanhos de 4-6 QT para escolher. Material de a\u00e7o inoxid\u00e1vel de alta qualidade, sistema de seguran\u00e7a de v\u00e1lvula de bloqueio autom\u00e1tico. \u00c9 uma das panelas de press\u00e3o chinesas mais vendidas. Fornecimento direto da f\u00e1brica e servi\u00e7o personalizado est\u00e3o dispon\u00edveis. Bem-vindo a contactar-nos para um or\u00e7amento gratuito!<\/p>\n<h2>Conjunto de panelas de press\u00e3o Especifica\u00e7\u00f5es:<\/h2>\n<table width=\"402\">\n<tbody>\n<tr>\n<td width=\"145\">Fabricante<\/td>\n<td width=\"257\">Linkton<\/td>\n<\/tr>\n<tr>\n<td width=\"145\">Modelo n.<\/td>\n<td width=\"257\">LT-CX<\/td>\n<\/tr>\n<tr>\n<td width=\"145\">Capacidade<\/td>\n<td width=\"257\">4L\/ 6L\/ 7L\/ 9L\/ 11L<\/td>\n<\/tr>\n<tr>\n<td>Material<\/td>\n<td>A\u00e7o inoxid\u00e1vel<\/td>\n<\/tr>\n<tr>\n<td>Fun\u00e7\u00e3o<\/td>\n<td width=\"257\">\n<p>1. O conjunto inclui panelas de press\u00e3o, grelha para vapor e tachos de cozinha<br \/>2. Press\u00e3o de 80 kpa<br \/>3. Seguran\u00e7a \u00e0 prova de explos\u00e3o<br \/>4. Limpeza c\u00f3moda<\/p>\n<\/td>\n<\/tr>\n<tr>\n<td>Fog\u00e3o aplic\u00e1vel<\/td>\n<td>Fog\u00e3o\/ Fog\u00e3o de indu\u00e7\u00e3o\/ Fog\u00e3o a g\u00e1s\/ Fog\u00e3o el\u00e9trico\/ Fog\u00e3o de cer\u00e2mica\/ Fog\u00e3o de halog\u00e9neo<\/td>\n<\/tr>\n<tr>\n<td>Configura\u00e7\u00e3o<\/td>\n<td width=\"257\">Manual\/V\u00e1lvula limitadora de press\u00e3o\/Bacia anti-derrame\/Agulha de limpeza<\/td>\n<\/tr>\n<tr>\n<td>OEM\/ODM<\/td>\n<td>Aceit\u00e1vel<\/td>\n<\/tr>\n<tr>\n<td>Amostra<\/td>\n<td>MOQ 1 pe\u00e7a<\/td>\n<\/tr>\n<\/tbody>\n<\/table>","protected":false},"featured_media":3131,"template":"","meta":{"_acf_changed":false},"product-application":[],"product-capacity":[],"product_brand":[],"product_cat":[55],"product_tag":[85],"class_list":{"0":"post-3358","1":"product","2":"type-product","3":"status-publish","4":"has-post-thumbnail","6":"product_cat-pressure-cooker-wholesale","7":"product_tag-stainless-steel-pressure-cooker-wholesale","9":"first","10":"instock","11":"shipping-taxable","12":"product-type-simple"},"acf":[],"_links":{"self":[{"href":"https:\/\/www.linktonkitchen.com\/pt\/wp-json\/wp\/v2\/product\/3358","targetHints":{"allow":["GET"]}}],"collection":[{"href":"https:\/\/www.linktonkitchen.com\/pt\/wp-json\/wp\/v2\/product"}],"about":[{"href":"https:\/\/www.linktonkitchen.com\/pt\/wp-json\/wp\/v2\/types\/product"}],"version-history":[{"count":0,"href":"https:\/\/www.linktonkitchen.com\/pt\/wp-json\/wp\/v2\/product\/3358\/revisions"}],"wp:featuredmedia":[{"embeddable":true,"href":"https:\/\/www.linktonkitchen.com\/pt\/wp-json\/wp\/v2\/media\/3131"}],"wp:attachment":[{"href":"https:\/\/www.linktonkitchen.com\/pt\/wp-json\/wp\/v2\/media?parent=3358"}],"wp:term":[{"taxonomy":"product-application","embeddable":true,"href":"https:\/\/www.linktonkitchen.com\/pt\/wp-json\/wp\/v2\/product-application?post=3358"},{"taxonomy":"product-capacity","embeddable":true,"href":"https:\/\/www.linktonkitchen.com\/pt\/wp-json\/wp\/v2\/product-capacity?post=3358"},{"taxonomy":"product_brand","embeddable":true,"href":"https:\/\/www.linktonkitchen.com\/pt\/wp-json\/wp\/v2\/product_brand?post=3358"},{"taxonomy":"product_cat","embeddable":true,"href":"https:\/\/www.linktonkitchen.com\/pt\/wp-json\/wp\/v2\/product_cat?post=3358"},{"taxonomy":"product_tag","embeddable":true,"href":"https:\/\/www.linktonkitchen.com\/pt\/wp-json\/wp\/v2\/product_tag?post=3358"}],"curies":[{"name":"wp","href":"https:\/\/api.w.org\/{rel}","templated":true}]}}