{"id":4650,"date":"2024-07-15T08:21:59","date_gmt":"2024-07-15T08:21:59","guid":{"rendered":"https:\/\/www.linktonkitchen.com\/?post_type=product&#038;p=4650"},"modified":"2026-02-05T08:48:39","modified_gmt":"2026-02-05T08:48:39","slug":"conjunto-de-panelas-de-pressao-2","status":"publish","type":"product","link":"https:\/\/www.linktonkitchen.com\/pt\/product\/mini-pressure-cooker-wholesale\/","title":{"rendered":"Mini Panela de Press\u00e3o por Atacado, Panela de Press\u00e3o Pequena de A\u00e7o Triplo Fabricante"},"content":{"rendered":"<div class=\"wp-block-columns is-layout-flex wp-container-core-columns-is-layout-9d6595d7 wp-block-columns-is-layout-flex\">\n<div class=\"wp-block-column is-vertically-aligned-top is-layout-flow wp-block-column-is-layout-flow\">\n<h2 class=\"wp-block-heading\">Mini panela de press\u00e3o Par\u00e2metro:<\/h2>\n\n\n\n<figure class=\"wp-block-table\"><table><tbody><tr><td>Modelo n.<\/td><td>Capacidade<\/td><td>Di\u00e2metro<\/td><\/tr><tr><td rowspan=\"4\">LT-XFKH<\/td><td>0.8 L<\/td><td>13cm\/15cm<\/td><\/tr><tr><td>1.2 L<\/td><td>13cm\/15cm<\/td><\/tr><tr><td>1.6 L<\/td><td>13cm\/15cm<\/td><\/tr><tr><td>2.0 L<\/td><td>13cm\/15cm<\/td><\/tr><\/tbody><\/table><\/figure>\n\n\n\n<h2 class=\"wp-block-heading\">Mini Panela de Press\u00e3o Carater\u00edsticas:<\/h2>\n\n\n\n<p><strong>Tampa inovadora com fecho de aperto r\u00e1pido: <\/strong>Design exclusivo da tampa com fecho de pin\u00e7a, pode abrir e fechar a tampa com uma m\u00e3o. F\u00e1cil utiliza\u00e7\u00e3o e garantia de seguran\u00e7a.<\/p>\n\n\n\n<p><strong>Estrutura tripla de a\u00e7o inoxid\u00e1vel de alta qualidade:<\/strong> Aquecimento r\u00e1pido e uniforme, poupan\u00e7a de energia e efici\u00eancia, dur\u00e1vel.<\/p>\n\n\n\n<p><strong>Op\u00e7\u00f5es de pequena capacidade:<\/strong> 0,8L, 1,2L, 1,6L, 2,0L. Muito adequado para refei\u00e7\u00f5es de uma s\u00f3 pessoa e para cozinhar em acampamentos ao ar livre.<\/p>\n\n\n\n<p><strong>Cozedura r\u00e1pida e eficaz: <\/strong>A pressuriza\u00e7\u00e3o r\u00e1pida encurta o tempo de cozedura. Mant\u00e9m o sabor e a nutri\u00e7\u00e3o para tornar os alimentos mais saud\u00e1veis.<\/p>\n\n\n\n<p><strong>M\u00faltiplas protec\u00e7\u00f5es de seguran\u00e7a: <\/strong>Equipado com um regulador de press\u00e3o, uma v\u00e1lvula de seguran\u00e7a e um orif\u00edcio de escape anti-entupimento. O anel de veda\u00e7\u00e3o resistente ao calor garante uma veda\u00e7\u00e3o firme mesmo sob alta press\u00e3o.<\/p>\n\n\n\n<p><strong>Compatibilidade com v\u00e1rias fontes de calor: <\/strong>Adequado para fog\u00f5es de indu\u00e7\u00e3o, fog\u00f5es a g\u00e1s, fog\u00f5es el\u00e9ctricos e fog\u00f5es de cer\u00e2mica.<\/p>\n<\/div>\n\n\n\n<div class=\"wp-block-column is-vertically-aligned-top is-layout-flow wp-block-column-is-layout-flow\">\n<figure class=\"wp-block-image size-full\"><img fetchpriority=\"high\" decoding=\"async\" width=\"800\" height=\"800\" src=\"https:\/\/www.linktonkitchen.com\/wp-content\/uploads\/2024\/07\/Wholesale-mini-triply-stainless-steel-pressure-cookers-5.webp\" alt=\"Mini panelas de press\u00e3o triplas de a\u00e7o inoxid\u00e1vel por atacado\" class=\"wp-image-7441\" style=\"object-fit:cover\" srcset=\"https:\/\/www.linktonkitchen.com\/wp-content\/uploads\/2024\/07\/Wholesale-mini-triply-stainless-steel-pressure-cookers-5.webp 800w, https:\/\/www.linktonkitchen.com\/wp-content\/uploads\/2024\/07\/Wholesale-mini-triply-stainless-steel-pressure-cookers-5-300x300.webp 300w, https:\/\/www.linktonkitchen.com\/wp-content\/uploads\/2024\/07\/Wholesale-mini-triply-stainless-steel-pressure-cookers-5-150x150.webp 150w, https:\/\/www.linktonkitchen.com\/wp-content\/uploads\/2024\/07\/Wholesale-mini-triply-stainless-steel-pressure-cookers-5-768x768.webp 768w, https:\/\/www.linktonkitchen.com\/wp-content\/uploads\/2024\/07\/Wholesale-mini-triply-stainless-steel-pressure-cookers-5-12x12.webp 12w, https:\/\/www.linktonkitchen.com\/wp-content\/uploads\/2024\/07\/Wholesale-mini-triply-stainless-steel-pressure-cookers-5-285x285.webp 285w, https:\/\/www.linktonkitchen.com\/wp-content\/uploads\/2024\/07\/Wholesale-mini-triply-stainless-steel-pressure-cookers-5-270x270.webp 270w, https:\/\/www.linktonkitchen.com\/wp-content\/uploads\/2024\/07\/Wholesale-mini-triply-stainless-steel-pressure-cookers-5-540x540.webp 540w, https:\/\/www.linktonkitchen.com\/wp-content\/uploads\/2024\/07\/Wholesale-mini-triply-stainless-steel-pressure-cookers-5-660x660.webp 660w\" sizes=\"(max-width: 800px) 100vw, 800px\" \/><\/figure>\n<\/div>\n<\/div>\n\n\n\n<div class=\"wp-block-columns is-layout-flex wp-container-core-columns-is-layout-9d6595d7 wp-block-columns-is-layout-flex\">\n<div class=\"wp-block-column is-layout-flow wp-block-column-is-layout-flow\">\n<figure class=\"wp-block-image size-full\"><img decoding=\"async\" width=\"3120\" height=\"3120\" src=\"https:\/\/www.linktonkitchen.com\/wp-content\/uploads\/2025\/04\/mini-pressure-cooker-manufacturer-3-edited.webp\" alt=\"fabricante de mini panelas de press\u00e3o\" class=\"wp-image-5619\" srcset=\"https:\/\/www.linktonkitchen.com\/wp-content\/uploads\/2025\/04\/mini-pressure-cooker-manufacturer-3-edited.webp 3120w, https:\/\/www.linktonkitchen.com\/wp-content\/uploads\/2025\/04\/mini-pressure-cooker-manufacturer-3-edited-300x300.webp 300w, https:\/\/www.linktonkitchen.com\/wp-content\/uploads\/2025\/04\/mini-pressure-cooker-manufacturer-3-edited-150x150.webp 150w, https:\/\/www.linktonkitchen.com\/wp-content\/uploads\/2025\/04\/mini-pressure-cooker-manufacturer-3-edited-768x768.webp 768w, https:\/\/www.linktonkitchen.com\/wp-content\/uploads\/2025\/04\/mini-pressure-cooker-manufacturer-3-edited-12x12.webp 12w, https:\/\/www.linktonkitchen.com\/wp-content\/uploads\/2025\/04\/mini-pressure-cooker-manufacturer-3-edited-285x285.webp 285w, https:\/\/www.linktonkitchen.com\/wp-content\/uploads\/2025\/04\/mini-pressure-cooker-manufacturer-3-edited-1600x1600.webp 1600w, https:\/\/www.linktonkitchen.com\/wp-content\/uploads\/2025\/04\/mini-pressure-cooker-manufacturer-3-edited-270x270.webp 270w, https:\/\/www.linktonkitchen.com\/wp-content\/uploads\/2025\/04\/mini-pressure-cooker-manufacturer-3-edited-540x540.webp 540w, https:\/\/www.linktonkitchen.com\/wp-content\/uploads\/2025\/04\/mini-pressure-cooker-manufacturer-3-edited-660x660.webp 660w\" sizes=\"(max-width: 3120px) 100vw, 3120px\" \/><\/figure>\n<\/div>\n\n\n\n<div class=\"wp-block-column is-vertically-aligned-center is-layout-flow wp-block-column-is-layout-flow\">\n<h2 class=\"wp-block-heading\">Mini panela de press\u00e3o personalizada:<\/h2>\n\n\n\n<p>Fornecemos servi\u00e7os flex\u00edveis de personaliza\u00e7\u00e3o OEM e ODM para satisfazer diferentes requisitos de mercado e posicionamento de marca.<\/p>\n\n\n\n<p><strong>Gama de capacidades:\u00a0<\/strong>Escolha entre 0,8-2L para satisfazer as necessidades de diferentes tamanhos de fam\u00edlia.<\/p>\n\n\n\n<p><strong>Acabamento da superf\u00edcie:&nbsp;<\/strong>Dispon\u00edvel em Polimento Espelhado (alto brilho), Acabamento Acetinado (aspeto escovado) ou Revestimento de Cor personalizado.<\/p>\n\n\n\n<p><strong>Marca e log\u00f3tipo:<\/strong><\/p>\n\n\n\n<ul class=\"wp-block-list\">\n<li>Grava\u00e7\u00e3o a laser no corpo do pote.<\/li>\n\n\n\n<li>Carimbo na parte inferior.<\/li>\n\n\n\n<li>Log\u00f3tipo personalizado nas pegas e v\u00e1lvulas de press\u00e3o.<\/li>\n<\/ul>\n\n\n\n<p><strong>Design de embalagens:&nbsp;<\/strong>Caixas de cor, manuais de instru\u00e7\u00f5es e caixas de transporte totalmente personalizadas com a identidade visual da sua marca.<\/p>\n<\/div>\n<\/div>","protected":false},"excerpt":{"rendered":"<p>Mini panela de press\u00e3o por atacado com tampa de bloqueio de aperto de aperto, f\u00e1cil de operar, cozimento seguro e r\u00e1pido, adequado para pequenas por\u00e7\u00f5es ou camping. Vendas diretas da f\u00e1brica, suporte a embalagens com logotipo personalizado, melhor desconto para pedidos em massa, bem-vindo para perguntar hoje!<\/p>\n<h2>Mini Panela de Press\u00e3o Especifica\u00e7\u00f5es:<\/h2>\n<table width=\"402\">\n<tbody>\n<tr>\n<td width=\"145\">Fabricante<\/td>\n<td width=\"257\">Linkton<\/td>\n<\/tr>\n<tr>\n<td width=\"145\">Modelo n.<\/td>\n<td width=\"257\">LT-XFKH<\/td>\n<\/tr>\n<tr>\n<td width=\"145\">Capacidade<\/td>\n<td width=\"257\">0,8L\/ 1,2L\/ 1,6L\/ 2L<\/td>\n<\/tr>\n<tr>\n<td>Material<\/td>\n<td>A\u00e7o inoxid\u00e1vel triplo<\/td>\n<\/tr>\n<tr>\n<td>Fun\u00e7\u00e3o<\/td>\n<td width=\"257\">1. Design do bot\u00e3o de bloqueio de seguran\u00e7a<br \/>2. Cozedura r\u00e1pida<br \/>3. Seguran\u00e7a \u00e0 prova de explos\u00e3o<br \/>4. Limpeza c\u00f3moda<\/td>\n<\/tr>\n<tr>\n<td>Fog\u00e3o aplic\u00e1vel<\/td>\n<td>Fog\u00e3o de chama aberta\/ Fog\u00e3o de indu\u00e7\u00e3o\/ Fog\u00e3o a g\u00e1s<\/td>\n<\/tr>\n<tr>\n<td>OEM\/ODM<\/td>\n<td>Aceit\u00e1vel<\/td>\n<\/tr>\n<tr>\n<td>Amostra<\/td>\n<td>MOQ 1 pe\u00e7a<\/td>\n<\/tr>\n<\/tbody>\n<\/table>","protected":false},"featured_media":5662,"template":"","meta":{"_acf_changed":false},"product-application":[],"product-capacity":[],"product_brand":[],"product_cat":[55],"product_tag":[85],"class_list":{"0":"post-4650","1":"product","2":"type-product","3":"status-publish","4":"has-post-thumbnail","6":"product_cat-pressure-cooker-wholesale","7":"product_tag-stainless-steel-pressure-cooker-wholesale","9":"first","10":"instock","11":"shipping-taxable","12":"product-type-simple"},"acf":[],"_links":{"self":[{"href":"https:\/\/www.linktonkitchen.com\/pt\/wp-json\/wp\/v2\/product\/4650","targetHints":{"allow":["GET"]}}],"collection":[{"href":"https:\/\/www.linktonkitchen.com\/pt\/wp-json\/wp\/v2\/product"}],"about":[{"href":"https:\/\/www.linktonkitchen.com\/pt\/wp-json\/wp\/v2\/types\/product"}],"version-history":[{"count":0,"href":"https:\/\/www.linktonkitchen.com\/pt\/wp-json\/wp\/v2\/product\/4650\/revisions"}],"wp:featuredmedia":[{"embeddable":true,"href":"https:\/\/www.linktonkitchen.com\/pt\/wp-json\/wp\/v2\/media\/5662"}],"wp:attachment":[{"href":"https:\/\/www.linktonkitchen.com\/pt\/wp-json\/wp\/v2\/media?parent=4650"}],"wp:term":[{"taxonomy":"product-application","embeddable":true,"href":"https:\/\/www.linktonkitchen.com\/pt\/wp-json\/wp\/v2\/product-application?post=4650"},{"taxonomy":"product-capacity","embeddable":true,"href":"https:\/\/www.linktonkitchen.com\/pt\/wp-json\/wp\/v2\/product-capacity?post=4650"},{"taxonomy":"product_brand","embeddable":true,"href":"https:\/\/www.linktonkitchen.com\/pt\/wp-json\/wp\/v2\/product_brand?post=4650"},{"taxonomy":"product_cat","embeddable":true,"href":"https:\/\/www.linktonkitchen.com\/pt\/wp-json\/wp\/v2\/product_cat?post=4650"},{"taxonomy":"product_tag","embeddable":true,"href":"https:\/\/www.linktonkitchen.com\/pt\/wp-json\/wp\/v2\/product_tag?post=4650"}],"curies":[{"name":"wp","href":"https:\/\/api.w.org\/{rel}","templated":true}]}}