{"id":4659,"date":"2024-07-16T10:26:31","date_gmt":"2024-07-16T10:26:31","guid":{"rendered":"https:\/\/www.linktonkitchen.com\/?post_type=product&#038;p=4659"},"modified":"2026-02-05T08:30:57","modified_gmt":"2026-02-05T08:30:57","slug":"conjunto-de-panelas-de-pressao-3","status":"publish","type":"product","link":"https:\/\/www.linktonkitchen.com\/pt\/product\/mini-pressure-cooker-1-litre\/","title":{"rendered":"Mini panela de press\u00e3o por atacado 1 litro com bot\u00e3o interrutor"},"content":{"rendered":"<div class=\"wp-block-columns is-layout-flex wp-container-core-columns-is-layout-9d6595d7 wp-block-columns-is-layout-flex\">\n<div class=\"wp-block-column is-vertically-aligned-center is-layout-flow wp-block-column-is-layout-flow\">\n<h2 class=\"wp-block-heading\">Mini panela de press\u00e3o Par\u00e2metro:<\/h2>\n\n\n\n<figure class=\"wp-block-table\"><table><tbody><tr><td>Modelo n.<\/td><td>Capacidade<\/td><td>Di\u00e2metro<\/td><\/tr><tr><td rowspan=\"4\">LT-XFKH<\/td><td>0.8 L<\/td><td>13cm\/15cm<\/td><\/tr><tr><td>1.2 L<\/td><td>13cm\/15cm<\/td><\/tr><tr><td>1.6 L<\/td><td>13cm\/15cm<\/td><\/tr><tr><td>2.0 L<\/td><td>13cm\/15cm<\/td><\/tr><\/tbody><\/table><\/figure>\n\n\n\n<h2 class=\"wp-block-heading\">Mini Panela de Press\u00e3o Carater\u00edsticas:<\/h2>\n\n\n\n<p><strong>Design de bloqueio de seguran\u00e7a: <\/strong>Equipado com um bot\u00e3o de bloqueio\/desbloqueio intuitivo para maior seguran\u00e7a do utilizador. Evita a abertura acidental durante a cozedura e garante sempre uma veda\u00e7\u00e3o fi\u00e1vel.<\/p>\n\n\n\n<p><strong>Corpo triplamente em a\u00e7o inoxid\u00e1vel: <\/strong>Fabricada em a\u00e7o inoxid\u00e1vel triplo, distribui o calor de forma mais uniforme, aumenta a press\u00e3o mais rapidamente e \u00e9 duradoura. \u00c9 a escolha ideal para cozinhar com poupan\u00e7a de energia.<\/p>\n\n\n\n<p><strong>Tamanho compacto, vers\u00e1til: <\/strong>Dispon\u00edvel nas op\u00e7\u00f5es de capacidade de 0,8 L, 1,2 L, 1,6 L e 2,0 L, \u00e9 perfeita para a prepara\u00e7\u00e3o de refei\u00e7\u00f5es em pequenas por\u00e7\u00f5es e para cozinhar ao ar livre.<\/p>\n\n\n\n<p><strong>Tampa com fecho de rosca: <\/strong>A tampa com fecho de tor\u00e7\u00e3o assegura uma veda\u00e7\u00e3o segura, minimiza a fuga de vapor e maximiza a reten\u00e7\u00e3o da press\u00e3o. F\u00e1cil de utilizar.<\/p>\n\n\n\n<p><strong>Mecanismo de seguran\u00e7a multiponto: <\/strong>inclui uma v\u00e1lvula reguladora de press\u00e3o, uma v\u00e1lvula de seguran\u00e7a, um anel de veda\u00e7\u00e3o resistente ao calor e um orif\u00edcio de escape anti-entupimento<\/p>\n\n\n\n<p><strong>Compat\u00edvel com v\u00e1rias fontes de calor: <\/strong>Adequado para fog\u00f5es a g\u00e1s, de indu\u00e7\u00e3o e el\u00e9ctricos.<\/p>\n\n\n\n<p><strong>Cozedura r\u00e1pida, poupan\u00e7a de energia: <\/strong>Reduz significativamente o tempo de cozedura, mantendo os nutrientes e o sabor. Ideal para sopas, guisados e pratos sens\u00edveis ao tempo.<\/p>\n<\/div>\n\n\n\n<div class=\"wp-block-column is-layout-flow wp-block-column-is-layout-flow\">\n<figure class=\"wp-block-image size-full\"><img fetchpriority=\"high\" decoding=\"async\" width=\"3652\" height=\"3652\" src=\"https:\/\/www.linktonkitchen.com\/wp-content\/uploads\/2024\/07\/mini-pressure-cooker-1-litre-wholesale-4_.webp\" alt=\"mini panela de press\u00e3o 1 litro por atacado\" class=\"wp-image-4666\" style=\"object-fit:cover\" srcset=\"https:\/\/www.linktonkitchen.com\/wp-content\/uploads\/2024\/07\/mini-pressure-cooker-1-litre-wholesale-4_.webp 3652w, https:\/\/www.linktonkitchen.com\/wp-content\/uploads\/2024\/07\/mini-pressure-cooker-1-litre-wholesale-4_-300x300.webp 300w, https:\/\/www.linktonkitchen.com\/wp-content\/uploads\/2024\/07\/mini-pressure-cooker-1-litre-wholesale-4_-150x150.webp 150w, https:\/\/www.linktonkitchen.com\/wp-content\/uploads\/2024\/07\/mini-pressure-cooker-1-litre-wholesale-4_-768x768.webp 768w, https:\/\/www.linktonkitchen.com\/wp-content\/uploads\/2024\/07\/mini-pressure-cooker-1-litre-wholesale-4_-12x12.webp 12w, https:\/\/www.linktonkitchen.com\/wp-content\/uploads\/2024\/07\/mini-pressure-cooker-1-litre-wholesale-4_-285x285.webp 285w, https:\/\/www.linktonkitchen.com\/wp-content\/uploads\/2024\/07\/mini-pressure-cooker-1-litre-wholesale-4_-1600x1600.webp 1600w, https:\/\/www.linktonkitchen.com\/wp-content\/uploads\/2024\/07\/mini-pressure-cooker-1-litre-wholesale-4_-270x270.webp 270w, https:\/\/www.linktonkitchen.com\/wp-content\/uploads\/2024\/07\/mini-pressure-cooker-1-litre-wholesale-4_-540x540.webp 540w, https:\/\/www.linktonkitchen.com\/wp-content\/uploads\/2024\/07\/mini-pressure-cooker-1-litre-wholesale-4_-660x660.webp 660w\" sizes=\"(max-width: 3652px) 100vw, 3652px\" \/><\/figure>\n<\/div>\n<\/div>\n\n\n\n<div class=\"wp-block-columns is-layout-flex wp-container-core-columns-is-layout-9d6595d7 wp-block-columns-is-layout-flex\">\n<div class=\"wp-block-column is-vertically-aligned-top is-layout-flow wp-block-column-is-layout-flow\">\n<figure class=\"wp-block-image size-full\"><img decoding=\"async\" width=\"3762\" height=\"3762\" src=\"https:\/\/www.linktonkitchen.com\/wp-content\/uploads\/2024\/07\/mini-pressure-cooker-1-litre-wholesale-3_.webp\" alt=\"mini panela de press\u00e3o 1 litro por atacado\" class=\"wp-image-4664\" srcset=\"https:\/\/www.linktonkitchen.com\/wp-content\/uploads\/2024\/07\/mini-pressure-cooker-1-litre-wholesale-3_.webp 3762w, https:\/\/www.linktonkitchen.com\/wp-content\/uploads\/2024\/07\/mini-pressure-cooker-1-litre-wholesale-3_-300x300.webp 300w, https:\/\/www.linktonkitchen.com\/wp-content\/uploads\/2024\/07\/mini-pressure-cooker-1-litre-wholesale-3_-150x150.webp 150w, https:\/\/www.linktonkitchen.com\/wp-content\/uploads\/2024\/07\/mini-pressure-cooker-1-litre-wholesale-3_-768x768.webp 768w, https:\/\/www.linktonkitchen.com\/wp-content\/uploads\/2024\/07\/mini-pressure-cooker-1-litre-wholesale-3_-12x12.webp 12w, https:\/\/www.linktonkitchen.com\/wp-content\/uploads\/2024\/07\/mini-pressure-cooker-1-litre-wholesale-3_-285x285.webp 285w, https:\/\/www.linktonkitchen.com\/wp-content\/uploads\/2024\/07\/mini-pressure-cooker-1-litre-wholesale-3_-1600x1600.webp 1600w, https:\/\/www.linktonkitchen.com\/wp-content\/uploads\/2024\/07\/mini-pressure-cooker-1-litre-wholesale-3_-270x270.webp 270w, https:\/\/www.linktonkitchen.com\/wp-content\/uploads\/2024\/07\/mini-pressure-cooker-1-litre-wholesale-3_-540x540.webp 540w, https:\/\/www.linktonkitchen.com\/wp-content\/uploads\/2024\/07\/mini-pressure-cooker-1-litre-wholesale-3_-660x660.webp 660w\" sizes=\"(max-width: 3762px) 100vw, 3762px\" \/><\/figure>\n<\/div>\n\n\n\n<div class=\"wp-block-column is-vertically-aligned-center is-layout-flow wp-block-column-is-layout-flow\">\n<h3 class=\"wp-block-heading\">Mini panela de press\u00e3o personalizada:<\/h3>\n\n\n\n<p>A lLinkton fornece servi\u00e7os flex\u00edveis de personaliza\u00e7\u00e3o OEM e ODM para atender a diferentes requisitos de mercado e posicionamento de marca.<\/p>\n\n\n\n<p><strong>Gama de capacidades:\u00a0<\/strong>Escolha entre 0,8-2L para satisfazer as necessidades de diferentes tamanhos de fam\u00edlia.<\/p>\n\n\n\n<p><strong>Acabamento da superf\u00edcie:&nbsp;<\/strong>Dispon\u00edvel em Polimento Espelhado (alto brilho), Acabamento Acetinado (aspeto escovado) ou Revestimento de Cor personalizado.<\/p>\n\n\n\n<p><strong>Marca e log\u00f3tipo:<\/strong><\/p>\n\n\n\n<ul class=\"wp-block-list\">\n<li>Grava\u00e7\u00e3o a laser no corpo do pote.<\/li>\n\n\n\n<li>Carimbo na parte inferior.<\/li>\n\n\n\n<li>Log\u00f3tipo personalizado nas pegas e v\u00e1lvulas de press\u00e3o.<\/li>\n<\/ul>\n\n\n\n<p><strong>Design de embalagens:&nbsp;<\/strong>Caixas de cor, manuais de instru\u00e7\u00f5es e caixas de transporte totalmente personalizadas com a identidade visual da sua marca.<\/p>\n<\/div>\n<\/div>","protected":false},"excerpt":{"rendered":"<p>Como fabricante de panelas de press\u00e3o, personalizamos e vendemos por grosso mini panelas de press\u00e3o de 1 litro, equipadas com um bot\u00e3o de bloqueio de interrutor, f\u00e1ceis de operar, adequadas para idosos e 1-2 pessoas. Bem-vindo a contactar-nos para obter o pre\u00e7o de f\u00e1brica e a garantia de seguran\u00e7a da solu\u00e7\u00e3o a granel da panela de press\u00e3o.<\/p>\n<h2>Mini Panela de Press\u00e3o Especifica\u00e7\u00f5es:<\/h2>\n<table width=\"402\">\n<tbody>\n<tr>\n<td width=\"145\">Fabricante<\/td>\n<td width=\"257\">Linkton<\/td>\n<\/tr>\n<tr>\n<td width=\"145\">Modelo n.<\/td>\n<td width=\"257\">LT-XFKH<\/td>\n<\/tr>\n<tr>\n<td width=\"145\">Capacidade<\/td>\n<td width=\"257\">0,8L\/ 1,2L\/ 1,6L\/ 2L<\/td>\n<\/tr>\n<tr>\n<td>Material<\/td>\n<td>A\u00e7o inoxid\u00e1vel triplo<\/td>\n<\/tr>\n<tr>\n<td>Fun\u00e7\u00e3o<\/td>\n<td width=\"257\">1. Design do bot\u00e3o de bloqueio de seguran\u00e7a<br \/>2. Cozedura r\u00e1pida<br \/>3. Seguran\u00e7a \u00e0 prova de explos\u00e3o<br \/>4. Limpeza c\u00f3moda<\/td>\n<\/tr>\n<tr>\n<td>Fog\u00e3o aplic\u00e1vel<\/td>\n<td>Fog\u00e3o de chama aberta\/ Fog\u00e3o de indu\u00e7\u00e3o\/ Fog\u00e3o a g\u00e1s<\/td>\n<\/tr>\n<tr>\n<td>OEM\/ODM<\/td>\n<td>Aceit\u00e1vel<\/td>\n<\/tr>\n<tr>\n<td>Amostra<\/td>\n<td>MOQ 1 pe\u00e7a<\/td>\n<\/tr>\n<\/tbody>\n<\/table>","protected":false},"featured_media":5658,"template":"","meta":{"_acf_changed":false},"product-application":[],"product-capacity":[],"product_brand":[],"product_cat":[55],"product_tag":[85],"class_list":{"0":"post-4659","1":"product","2":"type-product","3":"status-publish","4":"has-post-thumbnail","6":"product_cat-pressure-cooker-wholesale","7":"product_tag-stainless-steel-pressure-cooker-wholesale","9":"first","10":"instock","11":"shipping-taxable","12":"product-type-simple"},"acf":[],"_links":{"self":[{"href":"https:\/\/www.linktonkitchen.com\/pt\/wp-json\/wp\/v2\/product\/4659","targetHints":{"allow":["GET"]}}],"collection":[{"href":"https:\/\/www.linktonkitchen.com\/pt\/wp-json\/wp\/v2\/product"}],"about":[{"href":"https:\/\/www.linktonkitchen.com\/pt\/wp-json\/wp\/v2\/types\/product"}],"version-history":[{"count":9,"href":"https:\/\/www.linktonkitchen.com\/pt\/wp-json\/wp\/v2\/product\/4659\/revisions"}],"predecessor-version":[{"id":7443,"href":"https:\/\/www.linktonkitchen.com\/pt\/wp-json\/wp\/v2\/product\/4659\/revisions\/7443"}],"wp:featuredmedia":[{"embeddable":true,"href":"https:\/\/www.linktonkitchen.com\/pt\/wp-json\/wp\/v2\/media\/5658"}],"wp:attachment":[{"href":"https:\/\/www.linktonkitchen.com\/pt\/wp-json\/wp\/v2\/media?parent=4659"}],"wp:term":[{"taxonomy":"product-application","embeddable":true,"href":"https:\/\/www.linktonkitchen.com\/pt\/wp-json\/wp\/v2\/product-application?post=4659"},{"taxonomy":"product-capacity","embeddable":true,"href":"https:\/\/www.linktonkitchen.com\/pt\/wp-json\/wp\/v2\/product-capacity?post=4659"},{"taxonomy":"product_brand","embeddable":true,"href":"https:\/\/www.linktonkitchen.com\/pt\/wp-json\/wp\/v2\/product_brand?post=4659"},{"taxonomy":"product_cat","embeddable":true,"href":"https:\/\/www.linktonkitchen.com\/pt\/wp-json\/wp\/v2\/product_cat?post=4659"},{"taxonomy":"product_tag","embeddable":true,"href":"https:\/\/www.linktonkitchen.com\/pt\/wp-json\/wp\/v2\/product_tag?post=4659"}],"curies":[{"name":"wp","href":"https:\/\/api.w.org\/{rel}","templated":true}]}}