{"id":4669,"date":"2024-07-20T10:29:22","date_gmt":"2024-07-20T10:29:22","guid":{"rendered":"https:\/\/www.linktonkitchen.com\/?post_type=product&#038;p=4669"},"modified":"2026-02-05T08:32:14","modified_gmt":"2026-02-05T08:32:14","slug":"conjunto-de-panelas-de-pressao-4","status":"publish","type":"product","link":"https:\/\/www.linktonkitchen.com\/pt\/product\/pressure-cooker-mini\/","title":{"rendered":"Mini Panela de Press\u00e3o por Atacado, Fornecedor de Panela de Press\u00e3o Pequena"},"content":{"rendered":"<div class=\"wp-block-columns is-layout-flex wp-container-core-columns-is-layout-9d6595d7 wp-block-columns-is-layout-flex\">\n<div class=\"wp-block-column is-layout-flow wp-block-column-is-layout-flow\">\n<h2 class=\"wp-block-heading\">Panela de press\u00e3o Mini Par\u00e2metro:<\/h2>\n\n\n\n<figure class=\"wp-block-table\"><table><tbody><tr><td><strong>Modelo n.<\/strong><\/td><td><strong>Capacidade<\/strong><\/td><td><strong>Di\u00e2metro<\/strong><\/td><\/tr><tr><td rowspan=\"4\">LT-XFKH<\/td><td>0.8 L<\/td><td>13cm\/15cm<\/td><\/tr><tr><td>1.2 L<\/td><td>13cm\/15cm<\/td><\/tr><tr><td>1.6 L<\/td><td>13cm\/15cm<\/td><\/tr><tr><td>2.0 L<\/td><td>13cm\/15cm<\/td><\/tr><\/tbody><\/table><\/figure>\n\n\n\n<h2 class=\"wp-block-heading\">Mini Panela de Press\u00e3o Carater\u00edsticas:<\/h2>\n\n\n\n<p><strong>Tamanho compacto, perfeito para cozinhar pequenas por\u00e7\u00f5es:<\/strong><br>Dispon\u00edvel em op\u00e7\u00f5es de capacidade de 0,8 L, 1,2 L, 1,6 L e 2,0 L, ideal para doses individuais, comida para beb\u00e9, fast food ou campismo ao ar livre.<\/p>\n\n\n\n<p><strong>Design da tampa com fecho de rosca, seguro e pr\u00e1tico:<\/strong><br>O mecanismo de fecho por tor\u00e7\u00e3o de f\u00e1cil utiliza\u00e7\u00e3o garante uma veda\u00e7\u00e3o estanque para evitar fugas de vapor durante a cozedura. F\u00e1cil de utilizar, seguro e fi\u00e1vel para utiliza\u00e7\u00e3o di\u00e1ria.<\/p>\n\n\n\n<p><strong>A\u00e7o inoxid\u00e1vel dur\u00e1vel de qualidade alimentar:<\/strong><br>Fabricado em a\u00e7o de tr\u00eas camadas de alta qualidade, \u00e9 seguro e n\u00e3o revestido, n\u00e3o t\u00f3xico, resistente a altas temperaturas e \u00e0 corros\u00e3o. A sua superf\u00edcie lisa e polida \u00e9 f\u00e1cil de limpar e duradoura.<\/p>\n\n\n\n<p><strong>M\u00faltiplos sistemas de prote\u00e7\u00e3o de seguran\u00e7a:<\/strong><br>Equipado com um regulador de press\u00e3o e uma v\u00e1lvula de seguran\u00e7a para evitar a sobrepress\u00e3o e a combust\u00e3o a seco. A veda\u00e7\u00e3o resistente ao calor garante uma durabilidade duradoura.<\/p>\n\n\n\n<p><strong>Compat\u00edvel com v\u00e1rias fontes de calor:<\/strong><br>Design de fundo plano, adequado para fog\u00f5es de indu\u00e7\u00e3o, fog\u00f5es a g\u00e1s, fog\u00f5es el\u00e9ctricos, etc.<\/p>\n\n\n\n<p><strong>Poupan\u00e7a de energia e de tempo:<\/strong><br>A cozedura a alta press\u00e3o reduz o tempo de cozedura e o consumo de energia, sendo a escolha ideal para uma prepara\u00e7\u00e3o r\u00e1pida e eficiente das refei\u00e7\u00f5es.<\/p>\n\n\n\n<p><strong>Prestar apoio OEM\/ODM a compradores globais:<\/strong><br>Log\u00f3tipos, embalagens e instru\u00e7\u00f5es exclusivos e personaliz\u00e1veis. Modelo de coopera\u00e7\u00e3o flex\u00edvel para ajudar no desenvolvimento da sua marca.<\/p>\n<\/div>\n\n\n\n<div class=\"wp-block-column is-layout-flow wp-block-column-is-layout-flow\" style=\"flex-basis:30%\">\n<figure class=\"wp-block-embed is-type-video is-provider-youtube wp-block-embed-youtube wp-embed-aspect-9-16 wp-has-aspect-ratio\"><div class=\"wp-block-embed__wrapper\">\n<iframe title=\"Mini Panela de Press\u00e3o Processo de Embalagem:Desde a montagem at\u00e9 \u00e0 selagem da caixa.#utens\u00edlios de cozinha #a\u00e7o inoxid\u00e1vel\" width=\"563\" height=\"1000\" src=\"https:\/\/www.youtube.com\/embed\/NnUeBY1GKnM?feature=oembed\" frameborder=\"0\" allow=\"accelerometer; autoplay; clipboard-write; encrypted-media; gyroscope; picture-in-picture; web-share\" referrerpolicy=\"strict-origin-when-cross-origin\" allowfullscreen><\/iframe>\n<\/div><\/figure>\n<\/div>\n<\/div>\n\n\n\n<div class=\"wp-block-columns is-layout-flex wp-container-core-columns-is-layout-9d6595d7 wp-block-columns-is-layout-flex\">\n<div class=\"wp-block-column is-layout-flow wp-block-column-is-layout-flow\">\n<figure class=\"wp-block-image size-full\"><img fetchpriority=\"high\" decoding=\"async\" width=\"3390\" height=\"3390\" src=\"https:\/\/www.linktonkitchen.com\/wp-content\/uploads\/2024\/07\/pressure-cooker-mini-wholesale-2_.webp\" alt=\"panela de press\u00e3o mini por atacado\" class=\"wp-image-4672\" srcset=\"https:\/\/www.linktonkitchen.com\/wp-content\/uploads\/2024\/07\/pressure-cooker-mini-wholesale-2_.webp 3390w, https:\/\/www.linktonkitchen.com\/wp-content\/uploads\/2024\/07\/pressure-cooker-mini-wholesale-2_-300x300.webp 300w, https:\/\/www.linktonkitchen.com\/wp-content\/uploads\/2024\/07\/pressure-cooker-mini-wholesale-2_-150x150.webp 150w, https:\/\/www.linktonkitchen.com\/wp-content\/uploads\/2024\/07\/pressure-cooker-mini-wholesale-2_-768x768.webp 768w, https:\/\/www.linktonkitchen.com\/wp-content\/uploads\/2024\/07\/pressure-cooker-mini-wholesale-2_-12x12.webp 12w, https:\/\/www.linktonkitchen.com\/wp-content\/uploads\/2024\/07\/pressure-cooker-mini-wholesale-2_-285x285.webp 285w, https:\/\/www.linktonkitchen.com\/wp-content\/uploads\/2024\/07\/pressure-cooker-mini-wholesale-2_-1600x1600.webp 1600w, https:\/\/www.linktonkitchen.com\/wp-content\/uploads\/2024\/07\/pressure-cooker-mini-wholesale-2_-270x270.webp 270w, https:\/\/www.linktonkitchen.com\/wp-content\/uploads\/2024\/07\/pressure-cooker-mini-wholesale-2_-540x540.webp 540w, https:\/\/www.linktonkitchen.com\/wp-content\/uploads\/2024\/07\/pressure-cooker-mini-wholesale-2_-660x660.webp 660w\" sizes=\"(max-width: 3390px) 100vw, 3390px\" \/><\/figure>\n<\/div>\n\n\n\n<div class=\"wp-block-column is-layout-flow wp-block-column-is-layout-flow\">\n<h2 class=\"wp-block-heading\">Panela de press\u00e3o personalizada Mini:<\/h2>\n\n\n\n<p>A Linkton fornece servi\u00e7os flex\u00edveis de personaliza\u00e7\u00e3o OEM e ODM para atender a diferentes requisitos de mercado e posicionamento de marca.<\/p>\n\n\n\n<p><strong>Gama de capacidades:&nbsp;<\/strong>Escolha entre 0,8-2L para satisfazer as necessidades de diferentes tamanhos de fam\u00edlia.<\/p>\n\n\n\n<p><strong>Acabamento da superf\u00edcie:&nbsp;<\/strong>Dispon\u00edvel em Polimento Espelhado (alto brilho), Acabamento Acetinado (aspeto escovado) ou Revestimento de Cor personalizado.<\/p>\n\n\n\n<p><strong>Marca e log\u00f3tipo:<\/strong><\/p>\n\n\n\n<ul class=\"wp-block-list\">\n<li>Grava\u00e7\u00e3o a laser no corpo do pote.<\/li>\n\n\n\n<li>Carimbo na parte inferior.<\/li>\n\n\n\n<li>Log\u00f3tipo personalizado nas pegas e v\u00e1lvulas de press\u00e3o.<\/li>\n<\/ul>\n\n\n\n<p><strong>Design de embalagens:&nbsp;<\/strong>Caixas de cor, manuais de instru\u00e7\u00f5es e caixas de transporte totalmente personalizadas com a identidade visual da sua marca.<\/p>\n<\/div>\n<\/div>","protected":false},"excerpt":{"rendered":"<p>N\u00f3s personalizamos e vendemos mini panelas de press\u00e3o a pre\u00e7o de f\u00e1brica, material triplo de a\u00e7o inoxid\u00e1vel, design de bloqueio autom\u00e1tico rotativo e sistema de seguran\u00e7a \u00e0 prova de explos\u00e3o, adequado para uso dom\u00e9stico e ao ar livre. \u00c9 um dos estilos de panela de press\u00e3o mais populares.<\/p>\n<h2>Panela de press\u00e3o Mini Especifica\u00e7\u00f5es:<\/h2>\n<table width=\"402\">\n<tbody>\n<tr>\n<td width=\"145\">Fabricante<\/td>\n<td width=\"257\">Linkton<\/td>\n<\/tr>\n<tr>\n<td width=\"145\">Modelo n.<\/td>\n<td width=\"257\">LT-XFKH<\/td>\n<\/tr>\n<tr>\n<td width=\"145\">Capacidade<\/td>\n<td width=\"257\">0,8L\/ 1,2L\/ 1,6L\/ 2,0L<\/td>\n<\/tr>\n<tr>\n<td>Material<\/td>\n<td>A\u00e7o inoxid\u00e1vel triplo<\/td>\n<\/tr>\n<tr>\n<td>Fun\u00e7\u00e3o<\/td>\n<td width=\"257\">1. Design da tampa com fecho de tor\u00e7\u00e3o para maior seguran\u00e7a e comodidade<br \/>2. Cozedura r\u00e1pida<br \/>3. Seguran\u00e7a \u00e0 prova de explos\u00e3o<br \/>4. Limpeza c\u00f3moda<\/td>\n<\/tr>\n<tr>\n<td>Fog\u00e3o aplic\u00e1vel<\/td>\n<td>Fog\u00e3o de chama aberta\/ Fog\u00e3o de indu\u00e7\u00e3o\/ Fog\u00e3o a g\u00e1s<\/td>\n<\/tr>\n<tr>\n<td>OEM\/ODM<\/td>\n<td>Aceit\u00e1vel<\/td>\n<\/tr>\n<tr>\n<td>Amostra<\/td>\n<td>MOQ 1 pe\u00e7a<\/td>\n<\/tr>\n<\/tbody>\n<\/table>","protected":false},"featured_media":5660,"template":"","meta":{"_acf_changed":false},"product-application":[],"product-capacity":[],"product_brand":[],"product_cat":[55],"product_tag":[85],"class_list":{"0":"post-4669","1":"product","2":"type-product","3":"status-publish","4":"has-post-thumbnail","6":"product_cat-pressure-cooker-wholesale","7":"product_tag-stainless-steel-pressure-cooker-wholesale","9":"first","10":"instock","11":"shipping-taxable","12":"product-type-simple"},"acf":[],"_links":{"self":[{"href":"https:\/\/www.linktonkitchen.com\/pt\/wp-json\/wp\/v2\/product\/4669","targetHints":{"allow":["GET"]}}],"collection":[{"href":"https:\/\/www.linktonkitchen.com\/pt\/wp-json\/wp\/v2\/product"}],"about":[{"href":"https:\/\/www.linktonkitchen.com\/pt\/wp-json\/wp\/v2\/types\/product"}],"version-history":[{"count":0,"href":"https:\/\/www.linktonkitchen.com\/pt\/wp-json\/wp\/v2\/product\/4669\/revisions"}],"wp:featuredmedia":[{"embeddable":true,"href":"https:\/\/www.linktonkitchen.com\/pt\/wp-json\/wp\/v2\/media\/5660"}],"wp:attachment":[{"href":"https:\/\/www.linktonkitchen.com\/pt\/wp-json\/wp\/v2\/media?parent=4669"}],"wp:term":[{"taxonomy":"product-application","embeddable":true,"href":"https:\/\/www.linktonkitchen.com\/pt\/wp-json\/wp\/v2\/product-application?post=4669"},{"taxonomy":"product-capacity","embeddable":true,"href":"https:\/\/www.linktonkitchen.com\/pt\/wp-json\/wp\/v2\/product-capacity?post=4669"},{"taxonomy":"product_brand","embeddable":true,"href":"https:\/\/www.linktonkitchen.com\/pt\/wp-json\/wp\/v2\/product_brand?post=4669"},{"taxonomy":"product_cat","embeddable":true,"href":"https:\/\/www.linktonkitchen.com\/pt\/wp-json\/wp\/v2\/product_cat?post=4669"},{"taxonomy":"product_tag","embeddable":true,"href":"https:\/\/www.linktonkitchen.com\/pt\/wp-json\/wp\/v2\/product_tag?post=4669"}],"curies":[{"name":"wp","href":"https:\/\/api.w.org\/{rel}","templated":true}]}}