{"id":4680,"date":"2024-07-20T10:51:08","date_gmt":"2024-07-20T10:51:08","guid":{"rendered":"https:\/\/www.linktonkitchen.com\/?post_type=product&#038;p=4680"},"modified":"2024-07-20T12:07:52","modified_gmt":"2024-07-20T12:07:52","slug":"panela-gn-2","status":"publish","type":"product","link":"https:\/\/www.linktonkitchen.com\/pt\/produto\/panela-gn-2\/","title":{"rendered":"Panelas Gastronorm por atacado American Standard em a\u00e7o inoxid\u00e1vel"},"content":{"rendered":"<div class=\"wp-block-columns is-layout-flex wp-container-core-columns-is-layout-9d6595d7 wp-block-columns-is-layout-flex\">\n<div class=\"wp-block-column is-layout-flow wp-block-column-is-layout-flow\">\n<h3 class=\"wp-block-heading\">Panelas Gastronorm <strong>Caracter\u00edsticas:<\/strong><\/h3>\n\n\n\n<p><strong>Norma americana: <\/strong><br>Segue os padr\u00f5es de placa comummente utilizados na ind\u00fastria hoteleira americana, com tamanho uniforme, o que \u00e9 conveniente para uma liga\u00e7\u00e3o perfeita com o equipamento de restaura\u00e7\u00e3o internacional e melhora a efici\u00eancia operacional.<\/p>\n\n\n\n<p><strong>Design simples: <\/strong><br>O aspeto \u00e9 simples e elegante, com linhas suaves, o que n\u00e3o s\u00f3 est\u00e1 em conformidade com a est\u00e9tica moderna, como tamb\u00e9m \u00e9 f\u00e1cil de limpar e manter, reduzindo os cantos mortos da higiene da cozinha.<\/p>\n\n\n\n<p><strong>V\u00e1rias especifica\u00e7\u00f5es: <\/strong><br>Oferece uma variedade de especifica\u00e7\u00f5es de 1\/2 a tamanho completo para satisfazer as necessidades de armazenamento de diferentes quantidades de alimentos e responder de forma flex\u00edvel a v\u00e1rios cen\u00e1rios de refei\u00e7\u00f5es.<\/p>\n\n\n\n<p><strong>Dur\u00e1vel e resistente: <\/strong><br>Fabricado em a\u00e7o inoxid\u00e1vel de alta qualidade, tem uma estrutura s\u00f3lida e uma forte resist\u00eancia \u00e0 corros\u00e3o.<\/p>\n\n\n\n<p><strong>Seguro e saud\u00e1vel: <\/strong><br>Cumpre as normas internacionais de seguran\u00e7a alimentar, n\u00e3o \u00e9 t\u00f3xico e \u00e9 inofensivo, e garante que os alimentos permanecem puros e frescos durante a sua armazenagem e exposi\u00e7\u00e3o.<\/p>\n<\/div>\n\n\n\n<div class=\"wp-block-column is-layout-flow wp-block-column-is-layout-flow\"><div class=\"wp-block-image\">\n<figure class=\"aligncenter size-full is-resized\"><img fetchpriority=\"high\" decoding=\"async\" width=\"748\" height=\"749\" src=\"https:\/\/www.linktonkitchen.com\/wp-content\/uploads\/2024\/07\/gastronorm-pans-wholesale-4.webp\" alt=\"panelas gastron\u00f3micas por atacado\" class=\"wp-image-4684\" style=\"width:389px;height:auto\" srcset=\"https:\/\/www.linktonkitchen.com\/wp-content\/uploads\/2024\/07\/gastronorm-pans-wholesale-4.webp 748w, https:\/\/www.linktonkitchen.com\/wp-content\/uploads\/2024\/07\/gastronorm-pans-wholesale-4-300x300.webp 300w, https:\/\/www.linktonkitchen.com\/wp-content\/uploads\/2024\/07\/gastronorm-pans-wholesale-4-150x150.webp 150w, https:\/\/www.linktonkitchen.com\/wp-content\/uploads\/2024\/07\/gastronorm-pans-wholesale-4-12x12.webp 12w, https:\/\/www.linktonkitchen.com\/wp-content\/uploads\/2024\/07\/gastronorm-pans-wholesale-4-285x285.webp 285w, https:\/\/www.linktonkitchen.com\/wp-content\/uploads\/2024\/07\/gastronorm-pans-wholesale-4-270x270.webp 270w, https:\/\/www.linktonkitchen.com\/wp-content\/uploads\/2024\/07\/gastronorm-pans-wholesale-4-540x540.webp 540w, https:\/\/www.linktonkitchen.com\/wp-content\/uploads\/2024\/07\/gastronorm-pans-wholesale-4-660x660.webp 660w\" sizes=\"(max-width: 748px) 100vw, 748px\" \/><\/figure>\n<\/div>\n\n<div class=\"wp-block-image\">\n<figure class=\"aligncenter size-full is-resized\"><img decoding=\"async\" width=\"750\" height=\"750\" src=\"https:\/\/www.linktonkitchen.com\/wp-content\/uploads\/2024\/07\/gastronorm-pans-wholesale-3-1.webp\" alt=\"\" class=\"wp-image-4686\" style=\"width:387px;height:auto\" srcset=\"https:\/\/www.linktonkitchen.com\/wp-content\/uploads\/2024\/07\/gastronorm-pans-wholesale-3-1.webp 750w, https:\/\/www.linktonkitchen.com\/wp-content\/uploads\/2024\/07\/gastronorm-pans-wholesale-3-1-300x300.webp 300w, https:\/\/www.linktonkitchen.com\/wp-content\/uploads\/2024\/07\/gastronorm-pans-wholesale-3-1-150x150.webp 150w, https:\/\/www.linktonkitchen.com\/wp-content\/uploads\/2024\/07\/gastronorm-pans-wholesale-3-1-12x12.webp 12w, https:\/\/www.linktonkitchen.com\/wp-content\/uploads\/2024\/07\/gastronorm-pans-wholesale-3-1-285x285.webp 285w, https:\/\/www.linktonkitchen.com\/wp-content\/uploads\/2024\/07\/gastronorm-pans-wholesale-3-1-270x270.webp 270w, https:\/\/www.linktonkitchen.com\/wp-content\/uploads\/2024\/07\/gastronorm-pans-wholesale-3-1-540x540.webp 540w, https:\/\/www.linktonkitchen.com\/wp-content\/uploads\/2024\/07\/gastronorm-pans-wholesale-3-1-660x660.webp 660w\" sizes=\"(max-width: 750px) 100vw, 750px\" \/><\/figure>\n<\/div><\/div>\n<\/div>\n\n\n\n<p><\/p>","protected":false},"excerpt":{"rendered":"<p>As panelas gastron\u00f3micas de estilo americano, feitas de a\u00e7o inoxid\u00e1vel de alta qualidade, fornecem solu\u00e7\u00f5es de armazenamento de alta qualidade para hot\u00e9is, restaurantes e ind\u00fastrias de catering. O fabricante de panelas gastron\u00f3micas Linkton fornece servi\u00e7os personalizados de log\u00f3tipo, embalagem e tampa para criar produtos de marca rent\u00e1veis para os clientes.<\/p>\n<h2>Especifica\u00e7\u00f5es de <strong>Panela GN<\/strong>:<\/h2>\n<table border=\"0\" width=\"146\" cellspacing=\"0\" cellpadding=\"0\">\n<tbody>\n<tr>\n<td width=\"73\" height=\"23\">Fabricante<\/td>\n<td width=\"73\">Linkton<\/td>\n<\/tr>\n<tr>\n<td height=\"23\">Material<\/td>\n<td>A\u00e7o inoxid\u00e1vel<\/td>\n<\/tr>\n<tr>\n<td height=\"69\">Tamanho<\/td>\n<td>1\/1,1\/2, 1\/3, 1\/4, 1\/6, 1\/9 recipiente gastron\u00f3mico<\/td>\n<\/tr>\n<tr>\n<td height=\"23\">Espessura<\/td>\n<td>0,7 mm, 0,8 mm, 1,0 mm, 1,2 mm gn espessura do tabuleiro<\/td>\n<\/tr>\n<tr>\n<td height=\"115\">Amostra<\/td>\n<td>Gr\u00e1tis<\/td>\n<\/tr>\n<tr>\n<td height=\"30\">Personaliza\u00e7\u00e3o<\/td>\n<td>Apoio ao LOGOTIPO personalizado no produto e na embalagem, e apoio a diferentes embalagens, tais como Saco\/Bulk\/Cart\u00e3o ou Conforme os pedidos do cliente<\/td>\n<\/tr>\n<\/tbody>\n<\/table>","protected":false},"featured_media":4687,"template":"","meta":{"_acf_changed":false},"product-application":[],"product-capacity":[],"product_brand":[],"product_cat":[57],"product_tag":[],"class_list":{"0":"post-4680","1":"product","2":"type-product","3":"status-publish","4":"has-post-thumbnail","6":"product_cat-gn-pan-wholesale","8":"first","9":"instock","10":"shipping-taxable","11":"product-type-simple"},"acf":[],"_links":{"self":[{"href":"https:\/\/www.linktonkitchen.com\/pt\/wp-json\/wp\/v2\/product\/4680","targetHints":{"allow":["GET"]}}],"collection":[{"href":"https:\/\/www.linktonkitchen.com\/pt\/wp-json\/wp\/v2\/product"}],"about":[{"href":"https:\/\/www.linktonkitchen.com\/pt\/wp-json\/wp\/v2\/types\/product"}],"version-history":[{"count":2,"href":"https:\/\/www.linktonkitchen.com\/pt\/wp-json\/wp\/v2\/product\/4680\/revisions"}],"predecessor-version":[{"id":4689,"href":"https:\/\/www.linktonkitchen.com\/pt\/wp-json\/wp\/v2\/product\/4680\/revisions\/4689"}],"wp:featuredmedia":[{"embeddable":true,"href":"https:\/\/www.linktonkitchen.com\/pt\/wp-json\/wp\/v2\/media\/4687"}],"wp:attachment":[{"href":"https:\/\/www.linktonkitchen.com\/pt\/wp-json\/wp\/v2\/media?parent=4680"}],"wp:term":[{"taxonomy":"product-application","embeddable":true,"href":"https:\/\/www.linktonkitchen.com\/pt\/wp-json\/wp\/v2\/product-application?post=4680"},{"taxonomy":"product-capacity","embeddable":true,"href":"https:\/\/www.linktonkitchen.com\/pt\/wp-json\/wp\/v2\/product-capacity?post=4680"},{"taxonomy":"product_brand","embeddable":true,"href":"https:\/\/www.linktonkitchen.com\/pt\/wp-json\/wp\/v2\/product_brand?post=4680"},{"taxonomy":"product_cat","embeddable":true,"href":"https:\/\/www.linktonkitchen.com\/pt\/wp-json\/wp\/v2\/product_cat?post=4680"},{"taxonomy":"product_tag","embeddable":true,"href":"https:\/\/www.linktonkitchen.com\/pt\/wp-json\/wp\/v2\/product_tag?post=4680"}],"curies":[{"name":"wp","href":"https:\/\/api.w.org\/{rel}","templated":true}]}}