{"id":4690,"date":"2024-07-20T12:10:45","date_gmt":"2024-07-20T12:10:45","guid":{"rendered":"https:\/\/www.linktonkitchen.com\/?post_type=product&#038;p=4690"},"modified":"2024-07-20T12:48:32","modified_gmt":"2024-07-20T12:48:32","slug":"panela-gn-3","status":"publish","type":"product","link":"https:\/\/www.linktonkitchen.com\/pt\/product\/gn-pans-wholesale\/","title":{"rendered":"Panelas Gn por grosso em a\u00e7o inoxid\u00e1vel estilo europeu todos os tamanhos"},"content":{"rendered":"<div class=\"wp-block-columns is-layout-flex wp-container-core-columns-is-layout-9d6595d7 wp-block-columns-is-layout-flex\">\n<div class=\"wp-block-column is-layout-flow wp-block-column-is-layout-flow\">\n<h3 class=\"wp-block-heading\">Panelas Gn <strong>Caracter\u00edsticas:<\/strong><\/h3>\n\n\n\n<p><strong>Conce\u00e7\u00e3o normalizada<\/strong>:<br> Segue as normas europeias GN, tem um tamanho exato, \u00e9 f\u00e1cil de compatibilizar com o equipamento de cozinha e os utens\u00edlios de mesa internacionais e melhora a efici\u00eancia do funcionamento da cozinha.<\/p>\n\n\n\n<p><strong>Artesanato fino: <\/strong><br>A parede lateral est\u00e1 equipada com um design exclusivo de linha anti-espremer, que \u00e9 bonito e evita eficazmente a acumula\u00e7\u00e3o de res\u00edduos alimentares, \u00e9 f\u00e1cil de limpar e empilhar e poupa espa\u00e7o de armazenamento.<\/p>\n\n\n\n<p><strong>V\u00e1rias especifica\u00e7\u00f5es: <\/strong><br>Fornece uma variedade de especifica\u00e7\u00f5es de 1\/1 a 1\/12 para satisfazer as necessidades de armazenamento e exposi\u00e7\u00e3o de diferentes ingredientes, adequados para buffets, hot\u00e9is, restaurantes e processamento de alimentos e outras ocasi\u00f5es.<\/p>\n\n\n\n<p><strong>Grande durabilidade: <\/strong><br>Selecionar materiais de a\u00e7o inoxid\u00e1vel de alta qualidade e submeter-se a um rigoroso processo de transforma\u00e7\u00e3o para garantir que o produto \u00e9 dur\u00e1vel e mant\u00e9m um aspeto brilhante ap\u00f3s uma utiliza\u00e7\u00e3o prolongada.<\/p>\n\n\n\n<p><strong>Amigo do ambiente e saud\u00e1vel: <\/strong><br>n\u00e3o t\u00f3xicos e inofensivos, em conformidade com os requisitos de seguran\u00e7a alimentar, proporcionando aos clientes um ambiente de refei\u00e7\u00f5es saud\u00e1vel e seguro.<\/p>\n<\/div>\n\n\n\n<div class=\"wp-block-column is-layout-flow wp-block-column-is-layout-flow\"><div class=\"wp-block-image\">\n<figure class=\"aligncenter size-full is-resized\"><img fetchpriority=\"high\" decoding=\"async\" width=\"800\" height=\"800\" src=\"https:\/\/www.linktonkitchen.com\/wp-content\/uploads\/2024\/07\/gn-pans-wholesale-2-1.webp\" alt=\"panelas gn por atacado\" class=\"wp-image-4699\" style=\"width:389px;height:auto\" srcset=\"https:\/\/www.linktonkitchen.com\/wp-content\/uploads\/2024\/07\/gn-pans-wholesale-2-1.webp 800w, https:\/\/www.linktonkitchen.com\/wp-content\/uploads\/2024\/07\/gn-pans-wholesale-2-1-300x300.webp 300w, https:\/\/www.linktonkitchen.com\/wp-content\/uploads\/2024\/07\/gn-pans-wholesale-2-1-150x150.webp 150w, https:\/\/www.linktonkitchen.com\/wp-content\/uploads\/2024\/07\/gn-pans-wholesale-2-1-768x768.webp 768w, https:\/\/www.linktonkitchen.com\/wp-content\/uploads\/2024\/07\/gn-pans-wholesale-2-1-12x12.webp 12w, https:\/\/www.linktonkitchen.com\/wp-content\/uploads\/2024\/07\/gn-pans-wholesale-2-1-285x285.webp 285w, https:\/\/www.linktonkitchen.com\/wp-content\/uploads\/2024\/07\/gn-pans-wholesale-2-1-270x270.webp 270w, https:\/\/www.linktonkitchen.com\/wp-content\/uploads\/2024\/07\/gn-pans-wholesale-2-1-540x540.webp 540w, https:\/\/www.linktonkitchen.com\/wp-content\/uploads\/2024\/07\/gn-pans-wholesale-2-1-660x660.webp 660w\" sizes=\"(max-width: 800px) 100vw, 800px\" \/><\/figure>\n<\/div>\n\n<div class=\"wp-block-image\">\n<figure class=\"aligncenter size-full is-resized\"><img decoding=\"async\" width=\"750\" height=\"750\" src=\"https:\/\/www.linktonkitchen.com\/wp-content\/uploads\/2024\/07\/gn-pans-wholesale-5.webp\" alt=\"panelas gn por atacado\" class=\"wp-image-4700\" style=\"width:387px;height:auto\" srcset=\"https:\/\/www.linktonkitchen.com\/wp-content\/uploads\/2024\/07\/gn-pans-wholesale-5.webp 750w, https:\/\/www.linktonkitchen.com\/wp-content\/uploads\/2024\/07\/gn-pans-wholesale-5-300x300.webp 300w, https:\/\/www.linktonkitchen.com\/wp-content\/uploads\/2024\/07\/gn-pans-wholesale-5-150x150.webp 150w, https:\/\/www.linktonkitchen.com\/wp-content\/uploads\/2024\/07\/gn-pans-wholesale-5-12x12.webp 12w, https:\/\/www.linktonkitchen.com\/wp-content\/uploads\/2024\/07\/gn-pans-wholesale-5-285x285.webp 285w, https:\/\/www.linktonkitchen.com\/wp-content\/uploads\/2024\/07\/gn-pans-wholesale-5-270x270.webp 270w, https:\/\/www.linktonkitchen.com\/wp-content\/uploads\/2024\/07\/gn-pans-wholesale-5-540x540.webp 540w, https:\/\/www.linktonkitchen.com\/wp-content\/uploads\/2024\/07\/gn-pans-wholesale-5-660x660.webp 660w\" sizes=\"(max-width: 750px) 100vw, 750px\" \/><\/figure>\n<\/div><\/div>\n<\/div>\n\n\n\n<p><\/p>","protected":false},"excerpt":{"rendered":"<p>Como um fabricante de panelas GN, n\u00f3s vendemos por atacado panelas GN de padr\u00e3o europeu, feitas de materiais de a\u00e7o inoxid\u00e1vel de alta qualidade, suportamos tampas personalizadas, log\u00f3tipos e embalagens, todos os produtos s\u00e3o pre\u00e7os de f\u00e1brica e cumprem as mais rigorosas normas de seguran\u00e7a alimentar.<\/p>\n<h2>Especifica\u00e7\u00f5es das panelas Gn:<\/h2>\n<table border=\"0\" width=\"146\" cellspacing=\"0\" cellpadding=\"0\">\n<tbody>\n<tr>\n<td width=\"73\" height=\"23\">Fabricante<\/td>\n<td width=\"73\">Linkton<\/td>\n<\/tr>\n<tr>\n<td height=\"23\">Material<\/td>\n<td>A\u00e7o inoxid\u00e1vel<\/td>\n<\/tr>\n<tr>\n<td height=\"69\">Tamanho<\/td>\n<td>1\/1,1\/2, 1\/3, 1\/4, 1\/6, 1\/9 recipiente gastron\u00f3mico<\/td>\n<\/tr>\n<tr>\n<td height=\"23\">Espessura<\/td>\n<td>0,7 mm, 0,8 mm, 1,0 mm, 1,2 mm gn espessura do tabuleiro<\/td>\n<\/tr>\n<tr>\n<td height=\"115\">Amostra<\/td>\n<td>Gr\u00e1tis<\/td>\n<\/tr>\n<tr>\n<td height=\"30\">Personaliza\u00e7\u00e3o<\/td>\n<td>Apoio ao LOGOTIPO personalizado no produto e na embalagem, e apoio a diferentes embalagens, tais como Saco\/Bulk\/Cart\u00e3o ou Conforme os pedidos do cliente<\/td>\n<\/tr>\n<\/tbody>\n<\/table>","protected":false},"featured_media":4698,"template":"","meta":{"_acf_changed":false},"product-application":[],"product-capacity":[],"product_brand":[],"product_cat":[57],"product_tag":[],"class_list":{"0":"post-4690","1":"product","2":"type-product","3":"status-publish","4":"has-post-thumbnail","6":"product_cat-gn-pan-wholesale","8":"first","9":"instock","10":"shipping-taxable","11":"product-type-simple"},"acf":[],"_links":{"self":[{"href":"https:\/\/www.linktonkitchen.com\/pt\/wp-json\/wp\/v2\/product\/4690","targetHints":{"allow":["GET"]}}],"collection":[{"href":"https:\/\/www.linktonkitchen.com\/pt\/wp-json\/wp\/v2\/product"}],"about":[{"href":"https:\/\/www.linktonkitchen.com\/pt\/wp-json\/wp\/v2\/types\/product"}],"version-history":[{"count":0,"href":"https:\/\/www.linktonkitchen.com\/pt\/wp-json\/wp\/v2\/product\/4690\/revisions"}],"wp:featuredmedia":[{"embeddable":true,"href":"https:\/\/www.linktonkitchen.com\/pt\/wp-json\/wp\/v2\/media\/4698"}],"wp:attachment":[{"href":"https:\/\/www.linktonkitchen.com\/pt\/wp-json\/wp\/v2\/media?parent=4690"}],"wp:term":[{"taxonomy":"product-application","embeddable":true,"href":"https:\/\/www.linktonkitchen.com\/pt\/wp-json\/wp\/v2\/product-application?post=4690"},{"taxonomy":"product-capacity","embeddable":true,"href":"https:\/\/www.linktonkitchen.com\/pt\/wp-json\/wp\/v2\/product-capacity?post=4690"},{"taxonomy":"product_brand","embeddable":true,"href":"https:\/\/www.linktonkitchen.com\/pt\/wp-json\/wp\/v2\/product_brand?post=4690"},{"taxonomy":"product_cat","embeddable":true,"href":"https:\/\/www.linktonkitchen.com\/pt\/wp-json\/wp\/v2\/product_cat?post=4690"},{"taxonomy":"product_tag","embeddable":true,"href":"https:\/\/www.linktonkitchen.com\/pt\/wp-json\/wp\/v2\/product_tag?post=4690"}],"curies":[{"name":"wp","href":"https:\/\/api.w.org\/{rel}","templated":true}]}}