{"id":4703,"date":"2024-07-20T12:48:53","date_gmt":"2024-07-20T12:48:53","guid":{"rendered":"https:\/\/www.linktonkitchen.com\/?post_type=product&#038;p=4703"},"modified":"2024-07-20T13:01:29","modified_gmt":"2024-07-20T13:01:29","slug":"panela-gn-4","status":"publish","type":"product","link":"https:\/\/www.linktonkitchen.com\/pt\/product\/perforated-gn-pan\/","title":{"rendered":"Panela perfurada Gn A\u00e7o inoxid\u00e1vel Estilo europeu Tamanhos completos"},"content":{"rendered":"<div class=\"wp-block-columns is-layout-flex wp-container-core-columns-is-layout-9d6595d7 wp-block-columns-is-layout-flex\">\n<div class=\"wp-block-column is-layout-flow wp-block-column-is-layout-flow\">\n<h3 class=\"wp-block-heading\">Panela Gn perfurada <strong>Caracter\u00edsticas:<\/strong><\/h3>\n\n\n\n<p><strong>Design perfurado:<\/strong><br>Permite escoar e ventilar facilmente os alimentos, sendo especialmente adequado para ocasi\u00f5es em que os alimentos t\u00eam de ser escoados ou mantidos frescos.<\/p>\n\n\n\n<p><strong>Tamanho standard:<\/strong><br>Todos os seguintes padr\u00f5es GN pan, adequados para utiliza\u00e7\u00e3o em qualquer cozinha ou sala de jantar<\/p>\n\n\n\n<p><strong>Durabilidade:<\/strong><br>O a\u00e7o inoxid\u00e1vel de qualidade alimentar tem uma elevada durabilidade e pode suportar limpezas e utiliza\u00e7\u00f5es frequentes. Cantos refor\u00e7ados e espessura do suporte inferior para aumentar a capacidade de carga e a capacidade anti-deforma\u00e7\u00e3o.<\/p>\n\n\n\n<p><strong>F\u00e1cil de limpar e manter:<\/strong><br>A superf\u00edcie lisa e o design perfurado s\u00e3o f\u00e1ceis de limpar e reduzem o risco de crescimento bacteriano.<\/p>\n\n\n\n<p>O design empilh\u00e1vel poupa espa\u00e7o de armazenamento e \u00e9 f\u00e1cil de arrumar na cozinha.<\/p>\n<\/div>\n\n\n\n<div class=\"wp-block-column is-layout-flow wp-block-column-is-layout-flow\"><div class=\"wp-block-image\">\n<figure class=\"aligncenter size-full is-resized\"><img fetchpriority=\"high\" decoding=\"async\" width=\"5090\" height=\"5090\" src=\"https:\/\/www.linktonkitchen.com\/wp-content\/uploads\/2024\/07\/perforated-gn-pan-wholesale-3.webp\" alt=\"panela gn perfurada por atacado\" class=\"wp-image-4706\" style=\"width:389px;height:auto\" srcset=\"https:\/\/www.linktonkitchen.com\/wp-content\/uploads\/2024\/07\/perforated-gn-pan-wholesale-3.webp 5090w, https:\/\/www.linktonkitchen.com\/wp-content\/uploads\/2024\/07\/perforated-gn-pan-wholesale-3-300x300.webp 300w, https:\/\/www.linktonkitchen.com\/wp-content\/uploads\/2024\/07\/perforated-gn-pan-wholesale-3-150x150.webp 150w, https:\/\/www.linktonkitchen.com\/wp-content\/uploads\/2024\/07\/perforated-gn-pan-wholesale-3-768x768.webp 768w, https:\/\/www.linktonkitchen.com\/wp-content\/uploads\/2024\/07\/perforated-gn-pan-wholesale-3-12x12.webp 12w, https:\/\/www.linktonkitchen.com\/wp-content\/uploads\/2024\/07\/perforated-gn-pan-wholesale-3-285x285.webp 285w, https:\/\/www.linktonkitchen.com\/wp-content\/uploads\/2024\/07\/perforated-gn-pan-wholesale-3-1600x1600.webp 1600w, https:\/\/www.linktonkitchen.com\/wp-content\/uploads\/2024\/07\/perforated-gn-pan-wholesale-3-270x270.webp 270w, https:\/\/www.linktonkitchen.com\/wp-content\/uploads\/2024\/07\/perforated-gn-pan-wholesale-3-540x540.webp 540w, https:\/\/www.linktonkitchen.com\/wp-content\/uploads\/2024\/07\/perforated-gn-pan-wholesale-3-660x660.webp 660w\" sizes=\"(max-width: 5090px) 100vw, 5090px\" \/><\/figure>\n<\/div>\n\n<div class=\"wp-block-image\">\n<figure class=\"aligncenter size-full is-resized\"><img decoding=\"async\" width=\"5465\" height=\"5465\" src=\"https:\/\/www.linktonkitchen.com\/wp-content\/uploads\/2024\/07\/perforated-gn-pan-wholesale-2.webp\" alt=\"panela gn perfurada por atacado\" class=\"wp-image-4705\" style=\"width:387px;height:auto\" srcset=\"https:\/\/www.linktonkitchen.com\/wp-content\/uploads\/2024\/07\/perforated-gn-pan-wholesale-2.webp 5465w, https:\/\/www.linktonkitchen.com\/wp-content\/uploads\/2024\/07\/perforated-gn-pan-wholesale-2-300x300.webp 300w, https:\/\/www.linktonkitchen.com\/wp-content\/uploads\/2024\/07\/perforated-gn-pan-wholesale-2-1024x1024.webp 1024w, https:\/\/www.linktonkitchen.com\/wp-content\/uploads\/2024\/07\/perforated-gn-pan-wholesale-2-150x150.webp 150w, https:\/\/www.linktonkitchen.com\/wp-content\/uploads\/2024\/07\/perforated-gn-pan-wholesale-2-768x768.webp 768w, https:\/\/www.linktonkitchen.com\/wp-content\/uploads\/2024\/07\/perforated-gn-pan-wholesale-2-1536x1536.webp 1536w, https:\/\/www.linktonkitchen.com\/wp-content\/uploads\/2024\/07\/perforated-gn-pan-wholesale-2-2048x2048.webp 2048w, https:\/\/www.linktonkitchen.com\/wp-content\/uploads\/2024\/07\/perforated-gn-pan-wholesale-2-12x12.webp 12w, https:\/\/www.linktonkitchen.com\/wp-content\/uploads\/2024\/07\/perforated-gn-pan-wholesale-2-285x285.webp 285w, https:\/\/www.linktonkitchen.com\/wp-content\/uploads\/2024\/07\/perforated-gn-pan-wholesale-2-1600x1600.webp 1600w, https:\/\/www.linktonkitchen.com\/wp-content\/uploads\/2024\/07\/perforated-gn-pan-wholesale-2-270x270.webp 270w, https:\/\/www.linktonkitchen.com\/wp-content\/uploads\/2024\/07\/perforated-gn-pan-wholesale-2-540x540.webp 540w, https:\/\/www.linktonkitchen.com\/wp-content\/uploads\/2024\/07\/perforated-gn-pan-wholesale-2-660x660.webp 660w\" sizes=\"(max-width: 5465px) 100vw, 5465px\" \/><\/figure>\n<\/div><\/div>\n<\/div>\n\n\n\n<p><\/p>","protected":false},"excerpt":{"rendered":"<p>Panela gn perfurada direta da f\u00e1brica, a\u00e7o inoxid\u00e1vel de qualidade alimentar e bordas e fundo refor\u00e7ados, tamanho completo adequado para cozinhas, hot\u00e9is e outras cenas. Contacte-nos agora para obter mais informa\u00e7\u00f5es sobre solu\u00e7\u00f5es de personaliza\u00e7\u00e3o de panelas gn por atacado<\/p>\n<h2>Especifica\u00e7\u00f5es da frigideira perfurada Gn:<\/h2>\n<table border=\"0\" width=\"146\" cellspacing=\"0\" cellpadding=\"0\">\n<tbody>\n<tr>\n<td width=\"73\" height=\"23\">Fabricante<\/td>\n<td width=\"73\">Linkton<\/td>\n<\/tr>\n<tr>\n<td height=\"23\">Material<\/td>\n<td>A\u00e7o inoxid\u00e1vel<\/td>\n<\/tr>\n<tr>\n<td height=\"69\">Tamanho<\/td>\n<td>1\/1,1\/2, 1\/3, 1\/4, 1\/6, 1\/9 recipiente gastron\u00f3mico<\/td>\n<\/tr>\n<tr>\n<td height=\"23\">Espessura<\/td>\n<td>0,7 mm, 0,8 mm, 1,0 mm, 1,2 mm gn espessura do tabuleiro<\/td>\n<\/tr>\n<tr>\n<td height=\"115\">Amostra<\/td>\n<td>Gr\u00e1tis<\/td>\n<\/tr>\n<tr>\n<td height=\"30\">Personaliza\u00e7\u00e3o<\/td>\n<td>Apoio ao LOGOTIPO personalizado no produto e na embalagem, e apoio a diferentes embalagens, tais como Saco\/Bulk\/Cart\u00e3o ou Conforme os pedidos do cliente<\/td>\n<\/tr>\n<\/tbody>\n<\/table>","protected":false},"featured_media":4708,"template":"","meta":{"_acf_changed":false},"product-application":[],"product-capacity":[],"product_brand":[],"product_cat":[57],"product_tag":[],"class_list":{"0":"post-4703","1":"product","2":"type-product","3":"status-publish","4":"has-post-thumbnail","6":"product_cat-gn-pan-wholesale","8":"first","9":"instock","10":"shipping-taxable","11":"product-type-simple"},"acf":[],"_links":{"self":[{"href":"https:\/\/www.linktonkitchen.com\/pt\/wp-json\/wp\/v2\/product\/4703","targetHints":{"allow":["GET"]}}],"collection":[{"href":"https:\/\/www.linktonkitchen.com\/pt\/wp-json\/wp\/v2\/product"}],"about":[{"href":"https:\/\/www.linktonkitchen.com\/pt\/wp-json\/wp\/v2\/types\/product"}],"version-history":[{"count":0,"href":"https:\/\/www.linktonkitchen.com\/pt\/wp-json\/wp\/v2\/product\/4703\/revisions"}],"wp:featuredmedia":[{"embeddable":true,"href":"https:\/\/www.linktonkitchen.com\/pt\/wp-json\/wp\/v2\/media\/4708"}],"wp:attachment":[{"href":"https:\/\/www.linktonkitchen.com\/pt\/wp-json\/wp\/v2\/media?parent=4703"}],"wp:term":[{"taxonomy":"product-application","embeddable":true,"href":"https:\/\/www.linktonkitchen.com\/pt\/wp-json\/wp\/v2\/product-application?post=4703"},{"taxonomy":"product-capacity","embeddable":true,"href":"https:\/\/www.linktonkitchen.com\/pt\/wp-json\/wp\/v2\/product-capacity?post=4703"},{"taxonomy":"product_brand","embeddable":true,"href":"https:\/\/www.linktonkitchen.com\/pt\/wp-json\/wp\/v2\/product_brand?post=4703"},{"taxonomy":"product_cat","embeddable":true,"href":"https:\/\/www.linktonkitchen.com\/pt\/wp-json\/wp\/v2\/product_cat?post=4703"},{"taxonomy":"product_tag","embeddable":true,"href":"https:\/\/www.linktonkitchen.com\/pt\/wp-json\/wp\/v2\/product_tag?post=4703"}],"curies":[{"name":"wp","href":"https:\/\/api.w.org\/{rel}","templated":true}]}}