{"id":4721,"date":"2024-07-27T08:29:02","date_gmt":"2024-07-27T06:05:14","guid":{"rendered":"https:\/\/www.linktonkitchen.com\/?post_type=product&#038;p=4721"},"modified":"2024-07-27T08:29:30","modified_gmt":"2024-07-27T08:29:30","slug":"panela-gn-5","status":"publish","type":"product","link":"https:\/\/www.linktonkitchen.com\/pt\/product\/seasoning-box-wholesale\/","title":{"rendered":"Caixa de temperos de a\u00e7o inoxid\u00e1vel por atacado Tudo em 1"},"content":{"rendered":"<div class=\"wp-block-columns is-layout-flex wp-container-core-columns-is-layout-9d6595d7 wp-block-columns-is-layout-flex\">\n<div class=\"wp-block-column is-layout-flow wp-block-column-is-layout-flow\" style=\"flex-basis:60%\">\n<h3 class=\"wp-block-heading\"><strong>Carater\u00edstica da caixa de temperos:<\/strong><\/h3>\n\n\n\n<p><strong>A\u00e7o inoxid\u00e1vel de alta qualidade:<\/strong> Esta caixa de temperos \u00e9 feita de a\u00e7o inoxid\u00e1vel de qualidade alimentar, que \u00e9 resistente, dur\u00e1vel, seguro e saud\u00e1vel.<\/p>\n\n\n\n<p><strong>Com tampa<\/strong>ajuda a manter as especiarias frescas e mant\u00e9m a qualidade e o sabor dos temperos.<\/p>\n\n\n\n<p><strong>Conce\u00e7\u00e3o de compartimentos independentes<\/strong>: Arruma\u00e7\u00e3o ordenada, f\u00e1cil de retirar e de limpar.<\/p>\n\n\n\n<p><strong>Vasta gama de utiliza\u00e7\u00f5es<\/strong>: \u00d3timo para armazenar uma variedade de condimentos, como sal, a\u00e7\u00facar, caril, alho, mostarda em p\u00f3, pimenta, amido de milho e outros p\u00f3s.<\/p>\n\n\n\n<p><strong>Integra\u00e7\u00e3o pr\u00e1tica<\/strong>: Fabricado em a\u00e7o inoxid\u00e1vel de alta qualidade com tecnologia de estiramento integrada, evita a soldadura comum, que \u00e9 simultaneamente duradoura e bonita.<\/p>\n<\/div>\n\n\n\n<div class=\"wp-block-column is-layout-flow wp-block-column-is-layout-flow\" style=\"flex-basis:40%\"><div class=\"wp-block-image\">\n<figure class=\"aligncenter size-full is-resized\"><img fetchpriority=\"high\" decoding=\"async\" width=\"4285\" height=\"4285\" src=\"https:\/\/www.linktonkitchen.com\/wp-content\/uploads\/2024\/07\/Seasoning-Box-coustom-4.webp\" alt=\"Caixa de temperos personalizada\" class=\"wp-image-4724\" style=\"width:375px;height:auto\" srcset=\"https:\/\/www.linktonkitchen.com\/wp-content\/uploads\/2024\/07\/Seasoning-Box-coustom-4.webp 4285w, https:\/\/www.linktonkitchen.com\/wp-content\/uploads\/2024\/07\/Seasoning-Box-coustom-4-300x300.webp 300w, https:\/\/www.linktonkitchen.com\/wp-content\/uploads\/2024\/07\/Seasoning-Box-coustom-4-150x150.webp 150w, https:\/\/www.linktonkitchen.com\/wp-content\/uploads\/2024\/07\/Seasoning-Box-coustom-4-768x768.webp 768w, https:\/\/www.linktonkitchen.com\/wp-content\/uploads\/2024\/07\/Seasoning-Box-coustom-4-12x12.webp 12w, https:\/\/www.linktonkitchen.com\/wp-content\/uploads\/2024\/07\/Seasoning-Box-coustom-4-285x285.webp 285w, https:\/\/www.linktonkitchen.com\/wp-content\/uploads\/2024\/07\/Seasoning-Box-coustom-4-1600x1600.webp 1600w, https:\/\/www.linktonkitchen.com\/wp-content\/uploads\/2024\/07\/Seasoning-Box-coustom-4-270x270.webp 270w, https:\/\/www.linktonkitchen.com\/wp-content\/uploads\/2024\/07\/Seasoning-Box-coustom-4-540x540.webp 540w, https:\/\/www.linktonkitchen.com\/wp-content\/uploads\/2024\/07\/Seasoning-Box-coustom-4-660x660.webp 660w\" sizes=\"(max-width: 4285px) 100vw, 4285px\" \/><\/figure>\n<\/div><\/div>\n<\/div>\n\n\n\n<div class=\"wp-block-columns is-layout-flex wp-container-core-columns-is-layout-9d6595d7 wp-block-columns-is-layout-flex\">\n<div class=\"wp-block-column is-layout-flow wp-block-column-is-layout-flow\"><div class=\"wp-block-image\">\n<figure class=\"aligncenter size-full is-resized\"><img decoding=\"async\" width=\"800\" height=\"800\" src=\"https:\/\/www.linktonkitchen.com\/wp-content\/uploads\/2024\/07\/Seasoning-Box-coustom-7.webp\" alt=\"Caixa de temperos personalizada\" class=\"wp-image-4730\" style=\"width:380px;height:auto\" srcset=\"https:\/\/www.linktonkitchen.com\/wp-content\/uploads\/2024\/07\/Seasoning-Box-coustom-7.webp 800w, https:\/\/www.linktonkitchen.com\/wp-content\/uploads\/2024\/07\/Seasoning-Box-coustom-7-300x300.webp 300w, https:\/\/www.linktonkitchen.com\/wp-content\/uploads\/2024\/07\/Seasoning-Box-coustom-7-150x150.webp 150w, https:\/\/www.linktonkitchen.com\/wp-content\/uploads\/2024\/07\/Seasoning-Box-coustom-7-768x768.webp 768w, https:\/\/www.linktonkitchen.com\/wp-content\/uploads\/2024\/07\/Seasoning-Box-coustom-7-12x12.webp 12w, https:\/\/www.linktonkitchen.com\/wp-content\/uploads\/2024\/07\/Seasoning-Box-coustom-7-285x285.webp 285w, https:\/\/www.linktonkitchen.com\/wp-content\/uploads\/2024\/07\/Seasoning-Box-coustom-7-270x270.webp 270w, https:\/\/www.linktonkitchen.com\/wp-content\/uploads\/2024\/07\/Seasoning-Box-coustom-7-540x540.webp 540w, https:\/\/www.linktonkitchen.com\/wp-content\/uploads\/2024\/07\/Seasoning-Box-coustom-7-660x660.webp 660w\" sizes=\"(max-width: 800px) 100vw, 800px\" \/><\/figure>\n<\/div><\/div>\n\n\n\n<div class=\"wp-block-column is-layout-flow wp-block-column-is-layout-flow\">\n<h2 class=\"wp-block-heading\">Personalizado <strong>Caixa de temperos<\/strong> Op\u00e7\u00f5es:<\/h2>\n\n\n\n<p>Tamanho, compartimentos, a\u00e7o inoxid\u00e1vel 301\/304\/306, log\u00f3tipo personalizado, embalagem<\/p>\n\n\n\n<p>Fornecemos solu\u00e7\u00f5es personalizadas de caixas de tempero com <strong>pre\u00e7os competitivos<\/strong> e <strong>uma vasta gama de op\u00e7\u00f5es personalizadas<\/strong>. Personalize produtos universais ou personalizados de cozinha de acordo com as suas necessidades espec\u00edficas para ajudar a promover a imagem da sua marca. Bem-vindo a contactar-nos para mais informa\u00e7\u00f5es sobre a caixa de especiarias por atacado e personaliza\u00e7\u00e3o!<\/p>\n<\/div>\n<\/div>","protected":false},"excerpt":{"rendered":"<p>Caixa de temperos de a\u00e7o inoxid\u00e1vel por atacado e personalizada com tampa, material de a\u00e7o inoxid\u00e1vel de qualidade alimentar, v\u00e1rios tamanhos e compartimentos suportam a personaliza\u00e7\u00e3o. N\u00f3s fornecemos solu\u00e7\u00f5es personalizadas por atacado com pre\u00e7os de f\u00e1brica para cada cliente. Bem-vindo a contactar-nos para amostras gr\u00e1tis<\/p>\n<h2>Especifica\u00e7\u00f5es da caixa de temperos:<\/h2>\n<table border=\"0\" width=\"146\" cellspacing=\"0\" cellpadding=\"0\">\n<tbody>\n<tr>\n<td width=\"73\" height=\"23\">Fabricante<\/td>\n<td width=\"73\">Linkton<\/td>\n<\/tr>\n<tr>\n<td height=\"23\">Material<\/td>\n<td>A\u00e7o inoxid\u00e1vel<\/td>\n<\/tr>\n<tr>\n<td height=\"69\">Compartimento<\/td>\n<td>1-2-3-4-6-8 Compartimentos<\/td>\n<\/tr>\n<tr>\n<td height=\"115\">Amostra<\/td>\n<td>Gr\u00e1tis<\/td>\n<\/tr>\n<tr>\n<td height=\"30\">Personaliza\u00e7\u00e3o<\/td>\n<td>Apoio ao LOGOTIPO personalizado no produto e na embalagem, e apoio a diferentes embalagens, tais como Saco\/Bulk\/Cart\u00e3o ou Conforme os pedidos do cliente<\/td>\n<\/tr>\n<\/tbody>\n<\/table>","protected":false},"featured_media":4724,"template":"","meta":{"_acf_changed":false},"product-application":[],"product-capacity":[],"product_brand":[],"product_cat":[57],"product_tag":[],"class_list":{"0":"post-4721","1":"product","2":"type-product","3":"status-publish","4":"has-post-thumbnail","6":"product_cat-gn-pan-wholesale","8":"first","9":"instock","10":"shipping-taxable","11":"product-type-simple"},"acf":[],"_links":{"self":[{"href":"https:\/\/www.linktonkitchen.com\/pt\/wp-json\/wp\/v2\/product\/4721","targetHints":{"allow":["GET"]}}],"collection":[{"href":"https:\/\/www.linktonkitchen.com\/pt\/wp-json\/wp\/v2\/product"}],"about":[{"href":"https:\/\/www.linktonkitchen.com\/pt\/wp-json\/wp\/v2\/types\/product"}],"version-history":[{"count":0,"href":"https:\/\/www.linktonkitchen.com\/pt\/wp-json\/wp\/v2\/product\/4721\/revisions"}],"wp:featuredmedia":[{"embeddable":true,"href":"https:\/\/www.linktonkitchen.com\/pt\/wp-json\/wp\/v2\/media\/4724"}],"wp:attachment":[{"href":"https:\/\/www.linktonkitchen.com\/pt\/wp-json\/wp\/v2\/media?parent=4721"}],"wp:term":[{"taxonomy":"product-application","embeddable":true,"href":"https:\/\/www.linktonkitchen.com\/pt\/wp-json\/wp\/v2\/product-application?post=4721"},{"taxonomy":"product-capacity","embeddable":true,"href":"https:\/\/www.linktonkitchen.com\/pt\/wp-json\/wp\/v2\/product-capacity?post=4721"},{"taxonomy":"product_brand","embeddable":true,"href":"https:\/\/www.linktonkitchen.com\/pt\/wp-json\/wp\/v2\/product_brand?post=4721"},{"taxonomy":"product_cat","embeddable":true,"href":"https:\/\/www.linktonkitchen.com\/pt\/wp-json\/wp\/v2\/product_cat?post=4721"},{"taxonomy":"product_tag","embeddable":true,"href":"https:\/\/www.linktonkitchen.com\/pt\/wp-json\/wp\/v2\/product_tag?post=4721"}],"curies":[{"name":"wp","href":"https:\/\/api.w.org\/{rel}","templated":true}]}}