{"id":5919,"date":"2025-07-01T06:27:23","date_gmt":"2025-07-01T06:27:23","guid":{"rendered":"https:\/\/www.linktonkitchen.com\/?post_type=product&#038;p=5919"},"modified":"2025-07-03T09:35:07","modified_gmt":"2025-07-03T09:35:07","slug":"wholesale-buffet-chafing-dish","status":"publish","type":"product","link":"https:\/\/www.linktonkitchen.com\/pt\/product\/wholesale-buffet-chafing-dish\/","title":{"rendered":"Prato para buffet por atacado com tampa de vidro em a\u00e7o inoxid\u00e1vel"},"content":{"rendered":"<div class=\"wp-block-columns is-layout-flex wp-container-core-columns-is-layout-9d6595d7 wp-block-columns-is-layout-flex\">\n<div class=\"wp-block-column is-vertically-aligned-center is-layout-flow wp-block-column-is-layout-flow\">\n<h3 class=\"wp-block-heading\">Prato de Chafing Buffet Carater\u00edsticas:<\/h3>\n\n\n\n<p><strong>Corpo totalmente em a\u00e7o inoxid\u00e1vel espelhado<\/strong>: Fabricado em a\u00e7o inoxid\u00e1vel de qualidade alimentar, resistente \u00e0 corros\u00e3o, f\u00e1cil de limpar, adequado para cen\u00e1rios de utiliza\u00e7\u00e3o frequente.<\/p>\n\n\n\n<p><strong>Tampa de vidro de alta resist\u00eancia<\/strong>: Conveniente para observar o estado dos alimentos em qualquer altura, combinado com uma estrutura de amortecedor de dobradi\u00e7a, abertura suave e segura.<\/p>\n\n\n\n<p><strong>Design inteligente do painel t\u00e1til<\/strong>: Pode controlar com precis\u00e3o a temperatura e o modo de aquecimento, melhorando a comodidade e o grau de utiliza\u00e7\u00e3o.<\/p>\n\n\n\n<p><strong>Apoiar servi\u00e7os personalizados:<\/strong> Fornecer v\u00e1rios servi\u00e7os personalizados, tais como personaliza\u00e7\u00e3o do log\u00f3tipo, aspeto, cor, etc., para satisfazer as diferentes necessidades do mercado.<\/p>\n<\/div>\n\n\n\n<div class=\"wp-block-column is-vertically-aligned-center is-layout-flow wp-block-column-is-layout-flow\"><div class=\"wp-block-image\">\n<figure class=\"aligncenter size-full is-resized\"><img fetchpriority=\"high\" decoding=\"async\" width=\"1000\" height=\"667\" src=\"https:\/\/www.linktonkitchen.com\/wp-content\/uploads\/2025\/07\/Wholesale-Buffet-Chafing-Dish-with-Glass-Lid-Stainless-Steel-1.webp\" alt=\"Prato para buffet por atacado com tampa de vidro em a\u00e7o inoxid\u00e1vel\" class=\"wp-image-5922\" style=\"width:404px;height:auto\" srcset=\"https:\/\/www.linktonkitchen.com\/wp-content\/uploads\/2025\/07\/Wholesale-Buffet-Chafing-Dish-with-Glass-Lid-Stainless-Steel-1.webp 1000w, https:\/\/www.linktonkitchen.com\/wp-content\/uploads\/2025\/07\/Wholesale-Buffet-Chafing-Dish-with-Glass-Lid-Stainless-Steel-1-300x200.webp 300w, https:\/\/www.linktonkitchen.com\/wp-content\/uploads\/2025\/07\/Wholesale-Buffet-Chafing-Dish-with-Glass-Lid-Stainless-Steel-1-768x512.webp 768w, https:\/\/www.linktonkitchen.com\/wp-content\/uploads\/2025\/07\/Wholesale-Buffet-Chafing-Dish-with-Glass-Lid-Stainless-Steel-1-18x12.webp 18w, https:\/\/www.linktonkitchen.com\/wp-content\/uploads\/2025\/07\/Wholesale-Buffet-Chafing-Dish-with-Glass-Lid-Stainless-Steel-1-285x190.webp 285w, https:\/\/www.linktonkitchen.com\/wp-content\/uploads\/2025\/07\/Wholesale-Buffet-Chafing-Dish-with-Glass-Lid-Stainless-Steel-1-660x440.webp 660w, https:\/\/www.linktonkitchen.com\/wp-content\/uploads\/2025\/07\/Wholesale-Buffet-Chafing-Dish-with-Glass-Lid-Stainless-Steel-1-150x100.webp 150w\" sizes=\"(max-width: 1000px) 100vw, 1000px\" \/><\/figure>\n<\/div><\/div>\n<\/div>\n\n\n\n<div class=\"wp-block-columns is-layout-flex wp-container-core-columns-is-layout-9d6595d7 wp-block-columns-is-layout-flex\">\n<div class=\"wp-block-column is-vertically-aligned-center is-layout-flow wp-block-column-is-layout-flow\">\n<h3 class=\"wp-block-heading\">Personalizado <strong><strong>Prato de cozinha para buffet<\/strong><\/strong><\/h3>\n\n\n\n<p>Fornecemos servi\u00e7os ODM e OEM. Apoiamos o LOGOTIPO personalizado no produto e na embalagem, e apoiamos diferentes embalagens, como saco\/caixa, ou conforme os pedidos do cliente. A cor pode ser personalizada com cor prateada ou dourada ou semi-dourada.<\/p>\n<\/div>\n<\/div>","protected":false},"excerpt":{"rendered":"<p>Prato de chafing de buffet por atacado do fornecedor Linkton, sistema de controle de temperatura eletr\u00f4nico de toque, preciso e f\u00e1cil de operar, feito de a\u00e7o inoxid\u00e1vel de qualidade alimentar, design de tampa de vidro hidr\u00e1ulico, muito adequado para buffets, hot\u00e9is, etc. Apoio ao servi\u00e7o OEM, por favor contacte-nos para solu\u00e7\u00f5es de desconto por atacado.<\/p>\n<h2>Especifica\u00e7\u00f5es do Prato para Chafing Buffet:<\/h2>\n<table width=\"402\">\n<tbody>\n<tr>\n<td width=\"145\">Fabricante<\/td>\n<td width=\"257\">Linkton<\/td>\n<\/tr>\n<tr>\n<td>Material<\/td>\n<td>A\u00e7o inoxid\u00e1vel<\/td>\n<\/tr>\n<tr>\n<td>Configura\u00e7\u00e3o<\/td>\n<td width=\"257\">Tabuleiro para alimentos\/tabuleiro para \u00e1gua<\/td>\n<\/tr>\n<tr>\n<td>Aquecimento<\/td>\n<td>\n<p>Aquecimento el\u00e9trico<\/p>\n<\/td>\n<\/tr>\n<tr>\n<td>Tampa<\/td>\n<td width=\"257\">Tampa de vidro hidr\u00e1ulica<\/td>\n<\/tr>\n<tr>\n<td>OEM\/ODM<\/td>\n<td>Aceit\u00e1vel<\/td>\n<\/tr>\n<tr>\n<td>Amostra<\/td>\n<td>MOQ 1 pe\u00e7a<\/td>\n<\/tr>\n<\/tbody>\n<\/table>","protected":false},"featured_media":5922,"template":"","meta":{"_acf_changed":false},"product-application":[],"product-capacity":[],"product_brand":[],"product_cat":[58],"product_tag":[],"class_list":{"0":"post-5919","1":"product","2":"type-product","3":"status-publish","4":"has-post-thumbnail","6":"product_cat-wholesale-chafing-dishes","8":"first","9":"instock","10":"shipping-taxable","11":"product-type-simple"},"acf":[],"_links":{"self":[{"href":"https:\/\/www.linktonkitchen.com\/pt\/wp-json\/wp\/v2\/product\/5919","targetHints":{"allow":["GET"]}}],"collection":[{"href":"https:\/\/www.linktonkitchen.com\/pt\/wp-json\/wp\/v2\/product"}],"about":[{"href":"https:\/\/www.linktonkitchen.com\/pt\/wp-json\/wp\/v2\/types\/product"}],"version-history":[{"count":0,"href":"https:\/\/www.linktonkitchen.com\/pt\/wp-json\/wp\/v2\/product\/5919\/revisions"}],"wp:featuredmedia":[{"embeddable":true,"href":"https:\/\/www.linktonkitchen.com\/pt\/wp-json\/wp\/v2\/media\/5922"}],"wp:attachment":[{"href":"https:\/\/www.linktonkitchen.com\/pt\/wp-json\/wp\/v2\/media?parent=5919"}],"wp:term":[{"taxonomy":"product-application","embeddable":true,"href":"https:\/\/www.linktonkitchen.com\/pt\/wp-json\/wp\/v2\/product-application?post=5919"},{"taxonomy":"product-capacity","embeddable":true,"href":"https:\/\/www.linktonkitchen.com\/pt\/wp-json\/wp\/v2\/product-capacity?post=5919"},{"taxonomy":"product_brand","embeddable":true,"href":"https:\/\/www.linktonkitchen.com\/pt\/wp-json\/wp\/v2\/product_brand?post=5919"},{"taxonomy":"product_cat","embeddable":true,"href":"https:\/\/www.linktonkitchen.com\/pt\/wp-json\/wp\/v2\/product_cat?post=5919"},{"taxonomy":"product_tag","embeddable":true,"href":"https:\/\/www.linktonkitchen.com\/pt\/wp-json\/wp\/v2\/product_tag?post=5919"}],"curies":[{"name":"wp","href":"https:\/\/api.w.org\/{rel}","templated":true}]}}