{"id":5925,"date":"2025-07-01T07:03:53","date_gmt":"2025-07-01T07:03:53","guid":{"rendered":"https:\/\/www.linktonkitchen.com\/?post_type=product&#038;p=5925"},"modified":"2025-07-03T09:36:28","modified_gmt":"2025-07-03T09:36:28","slug":"wholesale-chafing-dish-electric","status":"publish","type":"product","link":"https:\/\/www.linktonkitchen.com\/pt\/product\/wholesale-chafing-dish-electric\/","title":{"rendered":"Tampa de vidro de a\u00e7o inoxid\u00e1vel para pratos quentes por atacado"},"content":{"rendered":"<div class=\"wp-block-columns is-layout-flex wp-container-core-columns-is-layout-9d6595d7 wp-block-columns-is-layout-flex\">\n<div class=\"wp-block-column is-vertically-aligned-center is-layout-flow wp-block-column-is-layout-flow\">\n<h2 class=\"wp-block-heading\">Chafing Dish Carater\u00edsticas el\u00e9ctricas:<\/h2>\n\n\n\n<p><strong>Tampa curva \u00fanica em a\u00e7o inoxid\u00e1vel<\/strong>O design de linhas suaves, visual completo, real\u00e7a a sensa\u00e7\u00e3o geral de luxo, adequado para restaurantes buffet de alta qualidade e cenas de banquetes.<\/p>\n\n\n\n<p><strong>Sistema hidr\u00e1ulico de abrandamento<\/strong>: equipado com dobradi\u00e7as hidr\u00e1ulicas silenciosas, de funcionamento suave, evita eficazmente que a tampa colida ou prenda as m\u00e3os e melhora a seguran\u00e7a.<\/p>\n\n\n\n<p><strong>Sistema digital inteligente de controlo da temperatura<\/strong>: O painel frontal est\u00e1 equipado com um ecr\u00e3 de controlo digital que permite ajustar facilmente a temperatura de aquecimento para garantir que cada prato \u00e9 servido com o melhor sabor.<\/p>\n\n\n\n<p><strong>Adequado para uma variedade de recipientes para alimentos<\/strong>: O dep\u00f3sito interior suporta uma variedade de combina\u00e7\u00f5es, tais como pratos GN, pratos de grelha, recipientes para sopa, etc., para satisfazer as diferentes necessidades alimentares.<\/p>\n\n\n\n<p><strong>Fornecimento direto da f\u00e1brica<\/strong>: O pre\u00e7o por grosso \u00e9 competitivo e podem ser fornecidas solu\u00e7\u00f5es personalizadas, como o LOGOTIPO e o aspeto, com um controlo de qualidade est\u00e1vel.<\/p>\n<\/div>\n\n\n\n<div class=\"wp-block-column is-vertically-aligned-center is-layout-flow wp-block-column-is-layout-flow\"><div class=\"wp-block-image\">\n<figure class=\"aligncenter size-full is-resized\"><img fetchpriority=\"high\" decoding=\"async\" width=\"890\" height=\"667\" src=\"https:\/\/www.linktonkitchen.com\/wp-content\/uploads\/2025\/07\/Wholesale-Chafing-Dish-Electric.webp\" alt=\"Prato para assar el\u00e9trico por atacado\" class=\"wp-image-5926\" style=\"width:404px;height:auto\" srcset=\"https:\/\/www.linktonkitchen.com\/wp-content\/uploads\/2025\/07\/Wholesale-Chafing-Dish-Electric.webp 890w, https:\/\/www.linktonkitchen.com\/wp-content\/uploads\/2025\/07\/Wholesale-Chafing-Dish-Electric-300x225.webp 300w, https:\/\/www.linktonkitchen.com\/wp-content\/uploads\/2025\/07\/Wholesale-Chafing-Dish-Electric-768x576.webp 768w, https:\/\/www.linktonkitchen.com\/wp-content\/uploads\/2025\/07\/Wholesale-Chafing-Dish-Electric-16x12.webp 16w, https:\/\/www.linktonkitchen.com\/wp-content\/uploads\/2025\/07\/Wholesale-Chafing-Dish-Electric-285x214.webp 285w, https:\/\/www.linktonkitchen.com\/wp-content\/uploads\/2025\/07\/Wholesale-Chafing-Dish-Electric-800x600.webp 800w, https:\/\/www.linktonkitchen.com\/wp-content\/uploads\/2025\/07\/Wholesale-Chafing-Dish-Electric-660x495.webp 660w, https:\/\/www.linktonkitchen.com\/wp-content\/uploads\/2025\/07\/Wholesale-Chafing-Dish-Electric-150x112.webp 150w\" sizes=\"(max-width: 890px) 100vw, 890px\" \/><\/figure>\n<\/div><\/div>\n<\/div>\n\n\n\n<div class=\"wp-block-columns is-layout-flex wp-container-core-columns-is-layout-9d6595d7 wp-block-columns-is-layout-flex\">\n<div class=\"wp-block-column is-vertically-aligned-center is-layout-flow wp-block-column-is-layout-flow\">\n<h2 class=\"wp-block-heading\">Chafing Dish el\u00e9trico personalizado<\/h2>\n\n\n\n<p>Fornecemos servi\u00e7os ODM e OEM. Apoiamos o LOGOTIPO personalizado no produto e na embalagem, e apoiamos diferentes embalagens, como saco\/caixa, ou conforme os pedidos do cliente. A cor pode ser personalizada com cor prateada ou dourada ou semi-dourada.<\/p>\n<\/div>\n<\/div>","protected":false},"excerpt":{"rendered":"<p>Bem-vindo ao atacado Chafing Dish Electric da Linkton, apar\u00eancia moderna, controle de temperatura preciso, suportando uma variedade de cont\u00eaineres, fornecimento direto da f\u00e1brica e pode ser personalizado. Contacte-nos para uma cota\u00e7\u00e3o e baixo MOQ!<\/p>\n<h2>Especifica\u00e7\u00f5es do Chafing Dish Electric:<\/h2>\n<table width=\"402\">\n<tbody>\n<tr>\n<td width=\"145\">Fabricante<\/td>\n<td width=\"257\">Linkton<\/td>\n<\/tr>\n<tr>\n<td>Material<\/td>\n<td>A\u00e7o inoxid\u00e1vel<\/td>\n<\/tr>\n<tr>\n<td>Configura\u00e7\u00e3o<\/td>\n<td width=\"257\">Tabuleiro para alimentos\/tabuleiro para \u00e1gua<\/td>\n<\/tr>\n<tr>\n<td>Aquecimento<\/td>\n<td>\n<p>Aquecimento el\u00e9trico<\/p>\n<\/td>\n<\/tr>\n<tr>\n<td>Tampa<\/td>\n<td width=\"257\">Tampa de vidro hidr\u00e1ulica<\/td>\n<\/tr>\n<tr>\n<td>OEM\/ODM<\/td>\n<td>Aceit\u00e1vel<\/td>\n<\/tr>\n<tr>\n<td>Amostra<\/td>\n<td>MOQ 1 pe\u00e7a<\/td>\n<\/tr>\n<\/tbody>\n<\/table>","protected":false},"featured_media":5926,"template":"","meta":{"_acf_changed":false},"product-application":[],"product-capacity":[],"product_brand":[],"product_cat":[58],"product_tag":[],"class_list":{"0":"post-5925","1":"product","2":"type-product","3":"status-publish","4":"has-post-thumbnail","6":"product_cat-wholesale-chafing-dishes","8":"first","9":"instock","10":"shipping-taxable","11":"product-type-simple"},"acf":[],"_links":{"self":[{"href":"https:\/\/www.linktonkitchen.com\/pt\/wp-json\/wp\/v2\/product\/5925","targetHints":{"allow":["GET"]}}],"collection":[{"href":"https:\/\/www.linktonkitchen.com\/pt\/wp-json\/wp\/v2\/product"}],"about":[{"href":"https:\/\/www.linktonkitchen.com\/pt\/wp-json\/wp\/v2\/types\/product"}],"version-history":[{"count":0,"href":"https:\/\/www.linktonkitchen.com\/pt\/wp-json\/wp\/v2\/product\/5925\/revisions"}],"wp:featuredmedia":[{"embeddable":true,"href":"https:\/\/www.linktonkitchen.com\/pt\/wp-json\/wp\/v2\/media\/5926"}],"wp:attachment":[{"href":"https:\/\/www.linktonkitchen.com\/pt\/wp-json\/wp\/v2\/media?parent=5925"}],"wp:term":[{"taxonomy":"product-application","embeddable":true,"href":"https:\/\/www.linktonkitchen.com\/pt\/wp-json\/wp\/v2\/product-application?post=5925"},{"taxonomy":"product-capacity","embeddable":true,"href":"https:\/\/www.linktonkitchen.com\/pt\/wp-json\/wp\/v2\/product-capacity?post=5925"},{"taxonomy":"product_brand","embeddable":true,"href":"https:\/\/www.linktonkitchen.com\/pt\/wp-json\/wp\/v2\/product_brand?post=5925"},{"taxonomy":"product_cat","embeddable":true,"href":"https:\/\/www.linktonkitchen.com\/pt\/wp-json\/wp\/v2\/product_cat?post=5925"},{"taxonomy":"product_tag","embeddable":true,"href":"https:\/\/www.linktonkitchen.com\/pt\/wp-json\/wp\/v2\/product_tag?post=5925"}],"curies":[{"name":"wp","href":"https:\/\/api.w.org\/{rel}","templated":true}]}}