{"id":5931,"date":"2025-07-01T07:34:24","date_gmt":"2025-07-01T07:34:24","guid":{"rendered":"https:\/\/www.linktonkitchen.com\/?post_type=product&#038;p=5931"},"modified":"2025-07-03T09:40:11","modified_gmt":"2025-07-03T09:40:11","slug":"wholesale-chafing-dishes-wood-grain","status":"publish","type":"product","link":"https:\/\/www.linktonkitchen.com\/pt\/product\/wholesale-chafing-dishes-wood-grain\/","title":{"rendered":"Novo conjunto de pratos para chafing de gr\u00e3o de madeira, a\u00e7o inoxid\u00e1vel, aquecedor de buffet de hotel personalizado"},"content":{"rendered":"<div class=\"wp-block-columns is-layout-flex wp-container-core-columns-is-layout-9d6595d7 wp-block-columns-is-layout-flex\">\n<div class=\"wp-block-column is-vertically-aligned-center is-layout-flow wp-block-column-is-layout-flow\">\n<h2 class=\"wp-block-heading\">Pratos para assar com gr\u00e3os de madeira Carater\u00edsticas:<\/h2>\n\n\n\n<p><strong>Acabamento de gr\u00e3o de madeira de alta qualidade<\/strong>: aspeto \u00fanico de imita\u00e7\u00e3o de gr\u00e3o de madeira, combinando beleza natural com estilo moderno, real\u00e7ando o estilo geral do restaurante.<\/p>\n\n\n\n<p><strong>Controlo inteligente da temperatura por toque<\/strong>: equipado com um painel de visualiza\u00e7\u00e3o LED, regula\u00e7\u00e3o precisa da temperatura, funcionamento c\u00f3modo e garantia do sabor dos pratos.<\/p>\n\n\n\n<p><strong>Design da tampa de vidro<\/strong>: tampa de vidro transparente de alta resist\u00eancia, conveniente para verificar o estado dos alimentos, pr\u00e1tica e bonita.<\/p>\n\n\n\n<p><strong>Servi\u00e7o OEM fornecido<\/strong>: fornecimento direto da f\u00e1brica, fornecendo LOGO, acabamento, cor e outros servi\u00e7os personalizados.<\/p>\n<\/div>\n\n\n\n<div class=\"wp-block-column is-vertically-aligned-center is-layout-flow wp-block-column-is-layout-flow\"><div class=\"wp-block-image\">\n<figure class=\"aligncenter size-full is-resized\"><img fetchpriority=\"high\" decoding=\"async\" width=\"890\" height=\"667\" src=\"https:\/\/www.linktonkitchen.com\/wp-content\/uploads\/2025\/07\/Factory-Wholesale-Chafing-Dishes-Stainless-Steel-Wood-Color.webp\" alt=\"Pratos de Chafing por Atacado de F\u00e1brica A\u00e7o Inoxid\u00e1vel Cor de Madeira\" class=\"wp-image-5932\" style=\"width:404px;height:auto\" srcset=\"https:\/\/www.linktonkitchen.com\/wp-content\/uploads\/2025\/07\/Factory-Wholesale-Chafing-Dishes-Stainless-Steel-Wood-Color.webp 890w, https:\/\/www.linktonkitchen.com\/wp-content\/uploads\/2025\/07\/Factory-Wholesale-Chafing-Dishes-Stainless-Steel-Wood-Color-300x225.webp 300w, https:\/\/www.linktonkitchen.com\/wp-content\/uploads\/2025\/07\/Factory-Wholesale-Chafing-Dishes-Stainless-Steel-Wood-Color-768x576.webp 768w, https:\/\/www.linktonkitchen.com\/wp-content\/uploads\/2025\/07\/Factory-Wholesale-Chafing-Dishes-Stainless-Steel-Wood-Color-16x12.webp 16w, https:\/\/www.linktonkitchen.com\/wp-content\/uploads\/2025\/07\/Factory-Wholesale-Chafing-Dishes-Stainless-Steel-Wood-Color-285x214.webp 285w, https:\/\/www.linktonkitchen.com\/wp-content\/uploads\/2025\/07\/Factory-Wholesale-Chafing-Dishes-Stainless-Steel-Wood-Color-800x600.webp 800w, https:\/\/www.linktonkitchen.com\/wp-content\/uploads\/2025\/07\/Factory-Wholesale-Chafing-Dishes-Stainless-Steel-Wood-Color-660x495.webp 660w, https:\/\/www.linktonkitchen.com\/wp-content\/uploads\/2025\/07\/Factory-Wholesale-Chafing-Dishes-Stainless-Steel-Wood-Color-150x112.webp 150w\" sizes=\"(max-width: 890px) 100vw, 890px\" \/><\/figure>\n<\/div><\/div>\n<\/div>\n\n\n\n<div class=\"wp-block-columns is-layout-flex wp-container-core-columns-is-layout-9d6595d7 wp-block-columns-is-layout-flex\">\n<div class=\"wp-block-column is-vertically-aligned-center is-layout-flow wp-block-column-is-layout-flow\">\n<h2 class=\"wp-block-heading\">Chafing Dishes personalizados<\/h2>\n\n\n\n<p>Fornecemos servi\u00e7os ODM e OEM. Apoiamos o LOGOTIPO personalizado no produto e na embalagem, e apoiamos diferentes embalagens, como saco\/caixa ou de acordo com os pedidos do cliente. A cor pode ser personalizada com cor prateada ou dourada ou semi-dourada.<\/p>\n<\/div>\n<\/div>","protected":false},"excerpt":{"rendered":"<p>Linkton Factory Wholesale Chafing Dishes, a apar\u00eancia de gr\u00e3o de madeira \u00e9 combinada com controle de temperatura inteligente, bonito e pr\u00e1tico. A personaliza\u00e7\u00e3o \u00e9 suportada. Bem-vindo a contactar-nos para uma cota\u00e7\u00e3o por atacado!<\/p>\n<h2>Especifica\u00e7\u00f5es do Chafing Dish Electric:<\/h2>\n<table width=\"402\">\n<tbody>\n<tr>\n<td width=\"145\">Fabricante<\/td>\n<td width=\"257\">Linkton<\/td>\n<\/tr>\n<tr>\n<td>Material<\/td>\n<td>A\u00e7o inoxid\u00e1vel<\/td>\n<\/tr>\n<tr>\n<td>Configura\u00e7\u00e3o<\/td>\n<td width=\"257\">Tabuleiro para alimentos\/tabuleiro para \u00e1gua<\/td>\n<\/tr>\n<tr>\n<td>Aquecimento<\/td>\n<td>\n<p>Aquecimento el\u00e9trico<\/p>\n<\/td>\n<\/tr>\n<tr>\n<td>Tampa<\/td>\n<td width=\"257\">Tampa de vidro hidr\u00e1ulica<\/td>\n<\/tr>\n<tr>\n<td>OEM\/ODM<\/td>\n<td>Aceit\u00e1vel<\/td>\n<\/tr>\n<tr>\n<td>Amostra<\/td>\n<td>MOQ 1 pe\u00e7a<\/td>\n<\/tr>\n<\/tbody>\n<\/table>","protected":false},"featured_media":5932,"template":"","meta":{"_acf_changed":false},"product-application":[],"product-capacity":[],"product_brand":[],"product_cat":[58],"product_tag":[],"class_list":{"0":"post-5931","1":"product","2":"type-product","3":"status-publish","4":"has-post-thumbnail","6":"product_cat-wholesale-chafing-dishes","8":"first","9":"instock","10":"shipping-taxable","11":"product-type-simple"},"acf":[],"_links":{"self":[{"href":"https:\/\/www.linktonkitchen.com\/pt\/wp-json\/wp\/v2\/product\/5931","targetHints":{"allow":["GET"]}}],"collection":[{"href":"https:\/\/www.linktonkitchen.com\/pt\/wp-json\/wp\/v2\/product"}],"about":[{"href":"https:\/\/www.linktonkitchen.com\/pt\/wp-json\/wp\/v2\/types\/product"}],"version-history":[{"count":0,"href":"https:\/\/www.linktonkitchen.com\/pt\/wp-json\/wp\/v2\/product\/5931\/revisions"}],"wp:featuredmedia":[{"embeddable":true,"href":"https:\/\/www.linktonkitchen.com\/pt\/wp-json\/wp\/v2\/media\/5932"}],"wp:attachment":[{"href":"https:\/\/www.linktonkitchen.com\/pt\/wp-json\/wp\/v2\/media?parent=5931"}],"wp:term":[{"taxonomy":"product-application","embeddable":true,"href":"https:\/\/www.linktonkitchen.com\/pt\/wp-json\/wp\/v2\/product-application?post=5931"},{"taxonomy":"product-capacity","embeddable":true,"href":"https:\/\/www.linktonkitchen.com\/pt\/wp-json\/wp\/v2\/product-capacity?post=5931"},{"taxonomy":"product_brand","embeddable":true,"href":"https:\/\/www.linktonkitchen.com\/pt\/wp-json\/wp\/v2\/product_brand?post=5931"},{"taxonomy":"product_cat","embeddable":true,"href":"https:\/\/www.linktonkitchen.com\/pt\/wp-json\/wp\/v2\/product_cat?post=5931"},{"taxonomy":"product_tag","embeddable":true,"href":"https:\/\/www.linktonkitchen.com\/pt\/wp-json\/wp\/v2\/product_tag?post=5931"}],"curies":[{"name":"wp","href":"https:\/\/api.w.org\/{rel}","templated":true}]}}