{"id":5935,"date":"2025-07-02T08:14:52","date_gmt":"2025-07-02T08:14:52","guid":{"rendered":"https:\/\/www.linktonkitchen.com\/?post_type=product&#038;p=5935"},"modified":"2025-07-03T09:49:50","modified_gmt":"2025-07-03T09:49:50","slug":"wholesale-electric-chafing-dish","status":"publish","type":"product","link":"https:\/\/www.linktonkitchen.com\/pt\/product\/wholesale-electric-chafing-dish\/","title":{"rendered":"Prato para assar el\u00e9trico por atacado com textura de madeira, conjunto de aquecedor para buffet de catering moderno personalizado"},"content":{"rendered":"<div class=\"wp-block-columns is-layout-flex wp-container-core-columns-is-layout-9d6595d7 wp-block-columns-is-layout-flex\">\n<div class=\"wp-block-column is-vertically-aligned-center is-layout-flow wp-block-column-is-layout-flow\">\n<h2 class=\"wp-block-heading\">Prato de Chafing el\u00e9trico Carater\u00edsticas:<\/h2>\n\n\n\n<p><strong>Textura de gr\u00e3o de madeira de alta qualidade:<\/strong> O revestimento exterior adopta um design de revestimento de gr\u00e3o de madeira, bonito e dur\u00e1vel, criando uma atmosfera de jantar quente e de alta qualidade.<\/p>\n\n\n\n<p><strong>Sistema t\u00e1til inteligente de temperatura constante<\/strong>: Equipado com um painel de controlo eletr\u00f3nico intuitivo, permite um controlo preciso da temperatura e um bloqueio da temperatura para garantir o melhor sabor dos pratos.<\/p>\n\n\n\n<p><strong>Material de a\u00e7o inoxid\u00e1vel de qualidade alimentar<\/strong>: dur\u00e1vel, forte resist\u00eancia \u00e0 corros\u00e3o, adequado para utiliza\u00e7\u00e3o a longo prazo em hot\u00e9is e buffets.<\/p>\n\n\n\n<p><strong>Tampa visual de vidro:<\/strong> conveniente para a visualiza\u00e7\u00e3o de pratos em tempo real, pr\u00e1tico e bonito.<\/p>\n\n\n\n<p><strong>Apoio ao servi\u00e7o OEM<\/strong>: suportam a personaliza\u00e7\u00e3o exclusiva da marca para melhorar a imagem e o reconhecimento.<\/p>\n<\/div>\n\n\n\n<div class=\"wp-block-column is-vertically-aligned-center is-layout-flow wp-block-column-is-layout-flow\"><div class=\"wp-block-image\">\n<figure class=\"aligncenter size-full is-resized\"><img fetchpriority=\"high\" decoding=\"async\" width=\"1000\" height=\"667\" src=\"https:\/\/www.linktonkitchen.com\/wp-content\/uploads\/2025\/07\/Wholesale-Electric-Chafing-Dish-High-end-Wooden-Texture.webp\" alt=\"Prato para assar el\u00e9trico por atacado Textura de madeira de alta qualidade\" class=\"wp-image-5936\" style=\"width:404px;height:auto\" srcset=\"https:\/\/www.linktonkitchen.com\/wp-content\/uploads\/2025\/07\/Wholesale-Electric-Chafing-Dish-High-end-Wooden-Texture.webp 1000w, https:\/\/www.linktonkitchen.com\/wp-content\/uploads\/2025\/07\/Wholesale-Electric-Chafing-Dish-High-end-Wooden-Texture-300x200.webp 300w, https:\/\/www.linktonkitchen.com\/wp-content\/uploads\/2025\/07\/Wholesale-Electric-Chafing-Dish-High-end-Wooden-Texture-768x512.webp 768w, https:\/\/www.linktonkitchen.com\/wp-content\/uploads\/2025\/07\/Wholesale-Electric-Chafing-Dish-High-end-Wooden-Texture-18x12.webp 18w, https:\/\/www.linktonkitchen.com\/wp-content\/uploads\/2025\/07\/Wholesale-Electric-Chafing-Dish-High-end-Wooden-Texture-285x190.webp 285w, https:\/\/www.linktonkitchen.com\/wp-content\/uploads\/2025\/07\/Wholesale-Electric-Chafing-Dish-High-end-Wooden-Texture-660x440.webp 660w, https:\/\/www.linktonkitchen.com\/wp-content\/uploads\/2025\/07\/Wholesale-Electric-Chafing-Dish-High-end-Wooden-Texture-150x100.webp 150w\" sizes=\"(max-width: 1000px) 100vw, 1000px\" \/><\/figure>\n<\/div><\/div>\n<\/div>\n\n\n\n<div class=\"wp-block-columns is-layout-flex wp-container-core-columns-is-layout-9d6595d7 wp-block-columns-is-layout-flex\">\n<div class=\"wp-block-column is-vertically-aligned-center is-layout-flow wp-block-column-is-layout-flow\">\n<h2 class=\"wp-block-heading\">Chafing Dish el\u00e9trico personalizado<\/h2>\n\n\n\n<p>Prestamos servi\u00e7os ODM e OEM. Apoiamos o LOGOTIPO personalizado no produto e na embalagem, e apoiamos diferentes embalagens, como saco\/caixa ou conforme os pedidos do cliente. A cor pode ser personalizada com cor prateada ou dourada ou semi-dourada.<\/p>\n<\/div>\n<\/div>","protected":false},"excerpt":{"rendered":"<p>O prato el\u00e9trico de chafing por atacado Linkton, com design de textura de gr\u00e3o de madeira, um painel de controle de temperatura preciso, tampa de vidro polido, \u00e9 um popular aquecedor de alimentos moderno. Bem-vindo a contactar-nos para um or\u00e7amento e uma solu\u00e7\u00e3o personalizada.<\/p>\n<h2>Especifica\u00e7\u00f5es do Chafing Dish el\u00e9trico:<\/h2>\n<table width=\"402\">\n<tbody>\n<tr>\n<td width=\"145\">Fabricante<\/td>\n<td width=\"257\">Linkton<\/td>\n<\/tr>\n<tr>\n<td>Material<\/td>\n<td>A\u00e7o inoxid\u00e1vel<\/td>\n<\/tr>\n<tr>\n<td>Configura\u00e7\u00e3o<\/td>\n<td width=\"257\">Tabuleiro para alimentos\/tabuleiro para \u00e1gua<\/td>\n<\/tr>\n<tr>\n<td>Aquecimento<\/td>\n<td>\n<p>Aquecimento el\u00e9trico<\/p>\n<\/td>\n<\/tr>\n<tr>\n<td>Tampa<\/td>\n<td width=\"257\">Tampa de vidro hidr\u00e1ulica<\/td>\n<\/tr>\n<tr>\n<td>OEM\/ODM<\/td>\n<td>Aceit\u00e1vel<\/td>\n<\/tr>\n<tr>\n<td>Amostra<\/td>\n<td>MOQ 1 pe\u00e7a<\/td>\n<\/tr>\n<\/tbody>\n<\/table>","protected":false},"featured_media":5936,"template":"","meta":{"_acf_changed":false},"product-application":[],"product-capacity":[],"product_brand":[],"product_cat":[58],"product_tag":[],"class_list":{"0":"post-5935","1":"product","2":"type-product","3":"status-publish","4":"has-post-thumbnail","6":"product_cat-wholesale-chafing-dishes","8":"first","9":"instock","10":"shipping-taxable","11":"product-type-simple"},"acf":[],"_links":{"self":[{"href":"https:\/\/www.linktonkitchen.com\/pt\/wp-json\/wp\/v2\/product\/5935","targetHints":{"allow":["GET"]}}],"collection":[{"href":"https:\/\/www.linktonkitchen.com\/pt\/wp-json\/wp\/v2\/product"}],"about":[{"href":"https:\/\/www.linktonkitchen.com\/pt\/wp-json\/wp\/v2\/types\/product"}],"version-history":[{"count":0,"href":"https:\/\/www.linktonkitchen.com\/pt\/wp-json\/wp\/v2\/product\/5935\/revisions"}],"wp:featuredmedia":[{"embeddable":true,"href":"https:\/\/www.linktonkitchen.com\/pt\/wp-json\/wp\/v2\/media\/5936"}],"wp:attachment":[{"href":"https:\/\/www.linktonkitchen.com\/pt\/wp-json\/wp\/v2\/media?parent=5935"}],"wp:term":[{"taxonomy":"product-application","embeddable":true,"href":"https:\/\/www.linktonkitchen.com\/pt\/wp-json\/wp\/v2\/product-application?post=5935"},{"taxonomy":"product-capacity","embeddable":true,"href":"https:\/\/www.linktonkitchen.com\/pt\/wp-json\/wp\/v2\/product-capacity?post=5935"},{"taxonomy":"product_brand","embeddable":true,"href":"https:\/\/www.linktonkitchen.com\/pt\/wp-json\/wp\/v2\/product_brand?post=5935"},{"taxonomy":"product_cat","embeddable":true,"href":"https:\/\/www.linktonkitchen.com\/pt\/wp-json\/wp\/v2\/product_cat?post=5935"},{"taxonomy":"product_tag","embeddable":true,"href":"https:\/\/www.linktonkitchen.com\/pt\/wp-json\/wp\/v2\/product_tag?post=5935"}],"curies":[{"name":"wp","href":"https:\/\/api.w.org\/{rel}","templated":true}]}}