{"id":5940,"date":"2025-07-02T09:01:42","date_gmt":"2025-07-02T09:01:42","guid":{"rendered":"https:\/\/www.linktonkitchen.com\/?post_type=product&#038;p=5940"},"modified":"2025-07-03T09:53:26","modified_gmt":"2025-07-03T09:53:26","slug":"wholesale-stainless-steel-chafing-dishes","status":"publish","type":"product","link":"https:\/\/www.linktonkitchen.com\/pt\/product\/wholesale-stainless-steel-chafing-dishes\/","title":{"rendered":"Conjunto de pratos de a\u00e7o inoxid\u00e1vel para buffet de alta qualidade em prata"},"content":{"rendered":"<div class=\"wp-block-columns is-layout-flex wp-container-core-columns-is-layout-9d6595d7 wp-block-columns-is-layout-flex\">\n<div class=\"wp-block-column is-vertically-aligned-center is-layout-flow wp-block-column-is-layout-flow\">\n<h3 class=\"wp-block-heading\">Chafing Dishes de a\u00e7o inoxid\u00e1vel Carater\u00edsticas:<\/h3>\n\n\n\n<p><strong>Material de alta qualidade<\/strong>: Fabricado em a\u00e7o inoxid\u00e1vel de qualidade alimentar, \u00e9 resistente \u00e0 corros\u00e3o e f\u00e1cil de limpar, satisfazendo os requisitos de utiliza\u00e7\u00e3o frequente das cozinhas comerciais.<\/p>\n\n\n\n<p><strong>Tampa de vidro de alta defini\u00e7\u00e3o<\/strong>: Conveniente para a observa\u00e7\u00e3o no local do estado dos alimentos, n\u00e3o \u00e9 necess\u00e1rio abrir a tampa com frequ\u00eancia, melhorando a efici\u00eancia do isolamento e a experi\u00eancia do utilizador.<\/p>\n\n\n\n<p><strong>Painel de visualiza\u00e7\u00e3o digital t\u00e1til inteligente<\/strong>: Equipado com um painel de opera\u00e7\u00e3o frontal simples, suporta temperatura ajust\u00e1vel e exibi\u00e7\u00e3o de estado, opera\u00e7\u00e3o intuitiva e \u00e9 adequado para cen\u00e1rios de utiliza\u00e7\u00e3o de alta rotatividade.<\/p>\n\n\n\n<p><strong>Estrutura da dobradi\u00e7a de queda lenta<\/strong>: Evita eficazmente que a tampa superior salte para cima ou caia rapidamente, provocando entalamento ou colis\u00e3o, e melhora a seguran\u00e7a de utiliza\u00e7\u00e3o.<\/p>\n\n\n\n<p><strong>Servi\u00e7o OEM\/ODM<\/strong>: Fornecimento direto da f\u00e1brica, suporta m\u00faltiplas personaliza\u00e7\u00f5es, tais como o LOGOTIPO da marca, o aspeto e o artesanato, para satisfazer as necessidades do projeto B-end ou da distribui\u00e7\u00e3o.<\/p>\n<\/div>\n\n\n\n<div class=\"wp-block-column is-vertically-aligned-center is-layout-flow wp-block-column-is-layout-flow\"><div class=\"wp-block-image\">\n<figure class=\"aligncenter size-full is-resized\"><img fetchpriority=\"high\" decoding=\"async\" width=\"1000\" height=\"667\" src=\"https:\/\/www.linktonkitchen.com\/wp-content\/uploads\/2025\/07\/Wholesale-Stainless-Steel-Chafing-Dishes.webp\" alt=\"Pratos para assar em a\u00e7o inoxid\u00e1vel por atacado\" class=\"wp-image-5941\" style=\"width:404px;height:auto\" srcset=\"https:\/\/www.linktonkitchen.com\/wp-content\/uploads\/2025\/07\/Wholesale-Stainless-Steel-Chafing-Dishes.webp 1000w, https:\/\/www.linktonkitchen.com\/wp-content\/uploads\/2025\/07\/Wholesale-Stainless-Steel-Chafing-Dishes-300x200.webp 300w, https:\/\/www.linktonkitchen.com\/wp-content\/uploads\/2025\/07\/Wholesale-Stainless-Steel-Chafing-Dishes-768x512.webp 768w, https:\/\/www.linktonkitchen.com\/wp-content\/uploads\/2025\/07\/Wholesale-Stainless-Steel-Chafing-Dishes-18x12.webp 18w, https:\/\/www.linktonkitchen.com\/wp-content\/uploads\/2025\/07\/Wholesale-Stainless-Steel-Chafing-Dishes-285x190.webp 285w, https:\/\/www.linktonkitchen.com\/wp-content\/uploads\/2025\/07\/Wholesale-Stainless-Steel-Chafing-Dishes-660x440.webp 660w, https:\/\/www.linktonkitchen.com\/wp-content\/uploads\/2025\/07\/Wholesale-Stainless-Steel-Chafing-Dishes-150x100.webp 150w\" sizes=\"(max-width: 1000px) 100vw, 1000px\" \/><\/figure>\n<\/div><\/div>\n<\/div>\n\n\n\n<div class=\"wp-block-columns is-layout-flex wp-container-core-columns-is-layout-9d6595d7 wp-block-columns-is-layout-flex\">\n<div class=\"wp-block-column is-vertically-aligned-center is-layout-flow wp-block-column-is-layout-flow\">\n<h3 class=\"wp-block-heading\">Personalizado <strong><strong>Chafing Dishes de a\u00e7o inoxid\u00e1vel<\/strong><\/strong><\/h3>\n\n\n\n<p>Prestamos servi\u00e7os ODM e OEM. Apoiamos o LOGOTIPO personalizado no produto e na embalagem, e apoiamos diferentes embalagens, como saco\/caixa ou conforme os pedidos do cliente. A cor pode ser personalizada com cor prateada ou dourada ou semi-dourada.<\/p>\n<\/div>\n<\/div>","protected":false},"excerpt":{"rendered":"<p>Pratos de chafing de a\u00e7o inoxid\u00e1vel por atacado da f\u00e1brica Linkton, com um sistema de toque eletr\u00f4nico, preserva\u00e7\u00e3o precisa e de longo prazo do calor dos alimentos, acabamento liso e brilhante com tampa hidr\u00e1ulica de vidro, adequado para buffet, hotel, etc. Vendas diretas da f\u00e1brica, personaliza\u00e7\u00e3o de suporte, entre em contato conosco agora.<\/p>\n<h2>Especifica\u00e7\u00f5es de Chafing Dishes de a\u00e7o inoxid\u00e1vel:<\/h2>\n<table width=\"402\">\n<tbody>\n<tr>\n<td width=\"145\">Fabricante<\/td>\n<td width=\"257\">Linkton<\/td>\n<\/tr>\n<tr>\n<td>Material<\/td>\n<td>A\u00e7o inoxid\u00e1vel<\/td>\n<\/tr>\n<tr>\n<td>Configura\u00e7\u00e3o<\/td>\n<td width=\"257\">Tabuleiro para alimentos\/tabuleiro para \u00e1gua<\/td>\n<\/tr>\n<tr>\n<td>Aquecimento<\/td>\n<td>\n<p>Aquecimento el\u00e9trico<\/p>\n<\/td>\n<\/tr>\n<tr>\n<td>Tampa<\/td>\n<td width=\"257\">Tampa de vidro hidr\u00e1ulica<\/td>\n<\/tr>\n<tr>\n<td>OEM\/ODM<\/td>\n<td>Aceit\u00e1vel<\/td>\n<\/tr>\n<tr>\n<td>Amostra<\/td>\n<td>MOQ 1 pe\u00e7a<\/td>\n<\/tr>\n<\/tbody>\n<\/table>","protected":false},"featured_media":5941,"template":"","meta":{"_acf_changed":false},"product-application":[],"product-capacity":[],"product_brand":[],"product_cat":[58],"product_tag":[],"class_list":{"0":"post-5940","1":"product","2":"type-product","3":"status-publish","4":"has-post-thumbnail","6":"product_cat-wholesale-chafing-dishes","8":"first","9":"instock","10":"shipping-taxable","11":"product-type-simple"},"acf":[],"_links":{"self":[{"href":"https:\/\/www.linktonkitchen.com\/pt\/wp-json\/wp\/v2\/product\/5940","targetHints":{"allow":["GET"]}}],"collection":[{"href":"https:\/\/www.linktonkitchen.com\/pt\/wp-json\/wp\/v2\/product"}],"about":[{"href":"https:\/\/www.linktonkitchen.com\/pt\/wp-json\/wp\/v2\/types\/product"}],"version-history":[{"count":0,"href":"https:\/\/www.linktonkitchen.com\/pt\/wp-json\/wp\/v2\/product\/5940\/revisions"}],"wp:featuredmedia":[{"embeddable":true,"href":"https:\/\/www.linktonkitchen.com\/pt\/wp-json\/wp\/v2\/media\/5941"}],"wp:attachment":[{"href":"https:\/\/www.linktonkitchen.com\/pt\/wp-json\/wp\/v2\/media?parent=5940"}],"wp:term":[{"taxonomy":"product-application","embeddable":true,"href":"https:\/\/www.linktonkitchen.com\/pt\/wp-json\/wp\/v2\/product-application?post=5940"},{"taxonomy":"product-capacity","embeddable":true,"href":"https:\/\/www.linktonkitchen.com\/pt\/wp-json\/wp\/v2\/product-capacity?post=5940"},{"taxonomy":"product_brand","embeddable":true,"href":"https:\/\/www.linktonkitchen.com\/pt\/wp-json\/wp\/v2\/product_brand?post=5940"},{"taxonomy":"product_cat","embeddable":true,"href":"https:\/\/www.linktonkitchen.com\/pt\/wp-json\/wp\/v2\/product_cat?post=5940"},{"taxonomy":"product_tag","embeddable":true,"href":"https:\/\/www.linktonkitchen.com\/pt\/wp-json\/wp\/v2\/product_tag?post=5940"}],"curies":[{"name":"wp","href":"https:\/\/api.w.org\/{rel}","templated":true}]}}