{"id":5944,"date":"2025-07-02T09:22:01","date_gmt":"2025-07-02T09:22:01","guid":{"rendered":"https:\/\/www.linktonkitchen.com\/?post_type=product&#038;p=5944"},"modified":"2025-07-03T09:55:52","modified_gmt":"2025-07-03T09:55:52","slug":"custom-stainless-chafing-dish","status":"publish","type":"product","link":"https:\/\/www.linktonkitchen.com\/pt\/product\/custom-stainless-chafing-dish\/","title":{"rendered":"Prato de Chafing El\u00e9trico em A\u00e7o Inoxid\u00e1vel Personalizado com Tampa sem Gesso, Conjunto de Tamp\u00f5es em A\u00e7o Inoxid\u00e1vel a Granel"},"content":{"rendered":"<div class=\"wp-block-columns is-layout-flex wp-container-core-columns-is-layout-9d6595d7 wp-block-columns-is-layout-flex\">\n<div class=\"wp-block-column is-vertically-aligned-center is-layout-flow wp-block-column-is-layout-flow\">\n<h2 class=\"wp-block-heading\"><strong>Prato para chafing em a\u00e7o inoxid\u00e1vel Carater\u00edsticas:<\/strong><\/h2>\n\n\n\n<p><strong>Aspeto moderno<\/strong>: O aspeto prateado \u00e9 simples e elegante, f\u00e1cil de integrar em v\u00e1rios restaurantes buffet, salas de banquetes e ambientes de refei\u00e7\u00f5es de hotel, com um forte sentido de unidade visual.<\/p>\n\n\n\n<p><strong>Painel de controlo digital da temperatura<\/strong>: Controlo preciso da temperatura para garantir que os pratos s\u00e3o mantidos quentes e apresentados com o sabor ideal, adequado para pratos quentes, sopas, pequeno-almo\u00e7o e outros cen\u00e1rios de utiliza\u00e7\u00e3o.<\/p>\n\n\n\n<p><strong>Conce\u00e7\u00e3o hidr\u00e1ulica<\/strong>: Lento e silencioso, economizador de trabalho e est\u00e1vel, funcionamento elegante e melhor experi\u00eancia do utilizador.<\/p>\n\n\n\n<p><strong>F\u00e1cil de limpar<\/strong>: A superf\u00edcie escovada espelhada \u00e9 anti-\u00f3leo e f\u00e1cil de limpar, melhorando a efici\u00eancia operacional.<\/p>\n\n\n\n<p><strong>Fornecimento direto da f\u00e1brica<\/strong>: Personaliza\u00e7\u00e3o de suporte, pre\u00e7o por atacado, adequado para compras a granel de projectos e coopera\u00e7\u00e3o com distribuidores.<\/p>\n<\/div>\n\n\n\n<div class=\"wp-block-column is-vertically-aligned-center is-layout-flow wp-block-column-is-layout-flow\"><div class=\"wp-block-image\">\n<figure class=\"aligncenter size-full is-resized\"><img fetchpriority=\"high\" decoding=\"async\" width=\"1000\" height=\"667\" src=\"https:\/\/www.linktonkitchen.com\/wp-content\/uploads\/2025\/07\/Custom-Silver-Chafing-Dish.webp\" alt=\"Prato para assar em prata personalizado\" class=\"wp-image-5945\" style=\"width:404px;height:auto\" srcset=\"https:\/\/www.linktonkitchen.com\/wp-content\/uploads\/2025\/07\/Custom-Silver-Chafing-Dish.webp 1000w, https:\/\/www.linktonkitchen.com\/wp-content\/uploads\/2025\/07\/Custom-Silver-Chafing-Dish-300x200.webp 300w, https:\/\/www.linktonkitchen.com\/wp-content\/uploads\/2025\/07\/Custom-Silver-Chafing-Dish-768x512.webp 768w, https:\/\/www.linktonkitchen.com\/wp-content\/uploads\/2025\/07\/Custom-Silver-Chafing-Dish-18x12.webp 18w, https:\/\/www.linktonkitchen.com\/wp-content\/uploads\/2025\/07\/Custom-Silver-Chafing-Dish-285x190.webp 285w, https:\/\/www.linktonkitchen.com\/wp-content\/uploads\/2025\/07\/Custom-Silver-Chafing-Dish-660x440.webp 660w, https:\/\/www.linktonkitchen.com\/wp-content\/uploads\/2025\/07\/Custom-Silver-Chafing-Dish-150x100.webp 150w\" sizes=\"(max-width: 1000px) 100vw, 1000px\" \/><\/figure>\n<\/div><\/div>\n<\/div>\n\n\n\n<div class=\"wp-block-columns is-layout-flex wp-container-core-columns-is-layout-9d6595d7 wp-block-columns-is-layout-flex\">\n<div class=\"wp-block-column is-vertically-aligned-center is-layout-flow wp-block-column-is-layout-flow\">\n<h3 class=\"wp-block-heading\">Personalizado <strong><strong>Chafing Dish de prata<\/strong><\/strong><\/h3>\n\n\n\n<p>Prestamos servi\u00e7os ODM e OEM. Apoiamos o LOGOTIPO personalizado no produto e na embalagem, e apoiamos diferentes embalagens, como saco\/caixa ou conforme os pedidos do cliente. A cor pode ser personalizada com cor prateada ou dourada ou semi-dourada.<\/p>\n<\/div>\n<\/div>","protected":false},"excerpt":{"rendered":"<p>Bem-vindo ao Prato de Chafing Inoxid\u00e1vel Personalizado da Linkton, equipado com material de alta qualidade, controlo de temperatura inteligente. Fornecimento direto da f\u00e1brica, adequado para todos os tipos de cen\u00e1rios comerciais de autoatendimento. Contacte-nos para uma solu\u00e7\u00e3o personalizada e um baixo MOQ.<\/p>\n<h2>Especifica\u00e7\u00f5es do Chafing Dish de prata:<\/h2>\n<table width=\"402\">\n<tbody>\n<tr>\n<td width=\"145\">Fabricante<\/td>\n<td width=\"257\">Linkton<\/td>\n<\/tr>\n<tr>\n<td>Material<\/td>\n<td>A\u00e7o inoxid\u00e1vel<\/td>\n<\/tr>\n<tr>\n<td>Configura\u00e7\u00e3o<\/td>\n<td width=\"257\">Tabuleiro para alimentos\/tabuleiro para \u00e1gua<\/td>\n<\/tr>\n<tr>\n<td>Aquecimento<\/td>\n<td>\n<p>Aquecimento el\u00e9trico<\/p>\n<\/td>\n<\/tr>\n<tr>\n<td>Tampa<\/td>\n<td width=\"257\">Tampa de vidro hidr\u00e1ulica<\/td>\n<\/tr>\n<tr>\n<td>OEM\/ODM<\/td>\n<td>Aceit\u00e1vel<\/td>\n<\/tr>\n<tr>\n<td>Amostra<\/td>\n<td>MOQ 1 pe\u00e7a<\/td>\n<\/tr>\n<\/tbody>\n<\/table>","protected":false},"featured_media":5945,"template":"","meta":{"_acf_changed":false},"product-application":[],"product-capacity":[],"product_brand":[],"product_cat":[58],"product_tag":[],"class_list":{"0":"post-5944","1":"product","2":"type-product","3":"status-publish","4":"has-post-thumbnail","6":"product_cat-wholesale-chafing-dishes","8":"first","9":"instock","10":"shipping-taxable","11":"product-type-simple"},"acf":[],"_links":{"self":[{"href":"https:\/\/www.linktonkitchen.com\/pt\/wp-json\/wp\/v2\/product\/5944","targetHints":{"allow":["GET"]}}],"collection":[{"href":"https:\/\/www.linktonkitchen.com\/pt\/wp-json\/wp\/v2\/product"}],"about":[{"href":"https:\/\/www.linktonkitchen.com\/pt\/wp-json\/wp\/v2\/types\/product"}],"version-history":[{"count":0,"href":"https:\/\/www.linktonkitchen.com\/pt\/wp-json\/wp\/v2\/product\/5944\/revisions"}],"wp:featuredmedia":[{"embeddable":true,"href":"https:\/\/www.linktonkitchen.com\/pt\/wp-json\/wp\/v2\/media\/5945"}],"wp:attachment":[{"href":"https:\/\/www.linktonkitchen.com\/pt\/wp-json\/wp\/v2\/media?parent=5944"}],"wp:term":[{"taxonomy":"product-application","embeddable":true,"href":"https:\/\/www.linktonkitchen.com\/pt\/wp-json\/wp\/v2\/product-application?post=5944"},{"taxonomy":"product-capacity","embeddable":true,"href":"https:\/\/www.linktonkitchen.com\/pt\/wp-json\/wp\/v2\/product-capacity?post=5944"},{"taxonomy":"product_brand","embeddable":true,"href":"https:\/\/www.linktonkitchen.com\/pt\/wp-json\/wp\/v2\/product_brand?post=5944"},{"taxonomy":"product_cat","embeddable":true,"href":"https:\/\/www.linktonkitchen.com\/pt\/wp-json\/wp\/v2\/product_cat?post=5944"},{"taxonomy":"product_tag","embeddable":true,"href":"https:\/\/www.linktonkitchen.com\/pt\/wp-json\/wp\/v2\/product_tag?post=5944"}],"curies":[{"name":"wp","href":"https:\/\/api.w.org\/{rel}","templated":true}]}}