{"id":5970,"date":"2025-07-08T03:10:31","date_gmt":"2025-07-08T03:10:31","guid":{"rendered":"https:\/\/www.linktonkitchen.com\/?post_type=product&#038;p=5970"},"modified":"2025-07-17T02:02:44","modified_gmt":"2025-07-17T02:02:44","slug":"wholesale-commercial-chafing-dish","status":"publish","type":"product","link":"https:\/\/www.linktonkitchen.com\/pt\/product\/wholesale-commercial-chafing-dish\/","title":{"rendered":"Prato de Chafing Comercial por Atacado, Conjunto de Buffet El\u00e9trico Personalizado com Tampa Hidr\u00e1ulica"},"content":{"rendered":"<div class=\"wp-block-columns is-layout-flex wp-container-core-columns-is-layout-9d6595d7 wp-block-columns-is-layout-flex\">\n<div class=\"wp-block-column is-vertically-aligned-center is-layout-flow wp-block-column-is-layout-flow\">\n<h2 class=\"wp-block-heading\">Venda por grosso <strong>Carater\u00edsticas do prato comercial:<\/strong><\/h2>\n\n\n\n<p><strong>Material de a\u00e7o inoxid\u00e1vel de alta qualidade: <\/strong>resistente \u00e0 corros\u00e3o, f\u00e1cil de limpar, aspeto polido de alto brilho, real\u00e7ando a textura de n\u00edvel profissional.<\/p>\n\n\n\n<p><strong>Painel t\u00e1til inteligente<\/strong>\uff1a Tela de exibi\u00e7\u00e3o digital incorporada, controle preciso da temperatura, opera\u00e7\u00e3o conveniente, melhora a efici\u00eancia operacional e a seguran\u00e7a.<\/p>\n\n\n\n<p><strong>Tampa de vidro visual transparente<\/strong>: anti-embaciamento e \u00e0 prova de fissuras, bonito e pr\u00e1tico, conveniente para os clientes visualizarem os pratos de forma intuitiva, melhorar a experi\u00eancia do utilizador e o efeito de visualiza\u00e7\u00e3o.<\/p>\n\n\n\n<p><strong>Estrutura geom\u00e9trica est\u00e1vel:<\/strong> Design retangular arredondado com p\u00e9s de apoio est\u00e1veis de quatro colunas, combinando modernidade e praticidade, adequado para todos os tipos de restaurantes buffet de alta qualidade, cenas de banquetes em hot\u00e9is.<\/p>\n\n\n\n<p><strong>A personaliza\u00e7\u00e3o ODM fornece<\/strong>: o log\u00f3tipo, a fun\u00e7\u00e3o, a cor, etc. podem ser personalizados de acordo com as necessidades do cliente para satisfazer as necessidades de projectos de restaura\u00e7\u00e3o de alta qualidade.<\/p>\n<\/div>\n\n\n\n<div class=\"wp-block-column is-vertically-aligned-center is-layout-flow wp-block-column-is-layout-flow\"><div class=\"wp-block-image\">\n<figure class=\"aligncenter size-full is-resized\"><img fetchpriority=\"high\" decoding=\"async\" width=\"1217\" height=\"913\" src=\"https:\/\/www.linktonkitchen.com\/wp-content\/uploads\/2025\/07\/wholesale-commercial-chafing-dish.webp\" alt=\"prato raspador comercial por atacado\" class=\"wp-image-5972\" style=\"width:404px;height:auto\" srcset=\"https:\/\/www.linktonkitchen.com\/wp-content\/uploads\/2025\/07\/wholesale-commercial-chafing-dish.webp 1217w, https:\/\/www.linktonkitchen.com\/wp-content\/uploads\/2025\/07\/wholesale-commercial-chafing-dish-300x225.webp 300w, https:\/\/www.linktonkitchen.com\/wp-content\/uploads\/2025\/07\/wholesale-commercial-chafing-dish-768x576.webp 768w, https:\/\/www.linktonkitchen.com\/wp-content\/uploads\/2025\/07\/wholesale-commercial-chafing-dish-16x12.webp 16w, https:\/\/www.linktonkitchen.com\/wp-content\/uploads\/2025\/07\/wholesale-commercial-chafing-dish-285x214.webp 285w, https:\/\/www.linktonkitchen.com\/wp-content\/uploads\/2025\/07\/wholesale-commercial-chafing-dish-800x600.webp 800w, https:\/\/www.linktonkitchen.com\/wp-content\/uploads\/2025\/07\/wholesale-commercial-chafing-dish-660x495.webp 660w, https:\/\/www.linktonkitchen.com\/wp-content\/uploads\/2025\/07\/wholesale-commercial-chafing-dish-150x113.webp 150w\" sizes=\"(max-width: 1217px) 100vw, 1217px\" \/><\/figure>\n<\/div><\/div>\n<\/div>\n\n\n\n<div class=\"wp-block-columns is-layout-flex wp-container-core-columns-is-layout-9d6595d7 wp-block-columns-is-layout-flex\">\n<div class=\"wp-block-column is-vertically-aligned-center is-layout-flow wp-block-column-is-layout-flow\">\n<h3 class=\"wp-block-heading\">Personalizado <strong><strong>Chafing Dish comercial<\/strong><\/strong>:<\/h3>\n\n\n\n<ul class=\"wp-block-list\">\n<li>Fornecemos servi\u00e7os ODM e OEM. <\/li>\n\n\n\n<li>Suporte a LOGOTIPO personalizado no produto e na embalagem.<\/li>\n\n\n\n<li>Suporta diferentes embalagens, como saco\/caixa, ou de acordo com os pedidos do cliente. <\/li>\n\n\n\n<li>A cor pode ser personalizada com cor prateada ou dourada ou semi-dourada.<\/li>\n<\/ul>\n<\/div>\n<\/div>","protected":false},"excerpt":{"rendered":"<p>Bem-vindo ao prato de chafing comercial por atacado, material de a\u00e7o inoxid\u00e1vel de qualidade alimentar, aquecimento el\u00e9trico, equipado com um painel de toque inteligente e tampa de vidro anti-embaciamento, foi concebido para cenas de catering de alta qualidade. Suporta personaliza\u00e7\u00e3o ODM, contacte-nos para obter solu\u00e7\u00f5es e or\u00e7amentos exclusivos.<\/p>\n<h2>Especifica\u00e7\u00f5es do Chafing Dish comercial:<\/h2>\n<table width=\"402\">\n<tbody>\n<tr>\n<td width=\"145\">Fabricante<\/td>\n<td width=\"257\">Linkton<\/td>\n<\/tr>\n<tr>\n<td>Material<\/td>\n<td>A\u00e7o inoxid\u00e1vel<\/td>\n<\/tr>\n<tr>\n<td>Configura\u00e7\u00e3o<\/td>\n<td width=\"257\">Tabuleiro para alimentos\/tabuleiro para \u00e1gua<\/td>\n<\/tr>\n<tr>\n<td>Aquecimento<\/td>\n<td>\n<p>Aquecimento el\u00e9trico<\/p>\n<\/td>\n<\/tr>\n<tr>\n<td>Tampa<\/td>\n<td width=\"257\">Tampa de vidro hidr\u00e1ulica<\/td>\n<\/tr>\n<tr>\n<td>OEM\/ODM<\/td>\n<td>Aceit\u00e1vel<\/td>\n<\/tr>\n<tr>\n<td>Amostra<\/td>\n<td>MOQ 1 pe\u00e7a<\/td>\n<\/tr>\n<\/tbody>\n<\/table>","protected":false},"featured_media":5972,"template":"","meta":{"_acf_changed":false},"product-application":[],"product-capacity":[],"product_brand":[],"product_cat":[58],"product_tag":[],"class_list":{"0":"post-5970","1":"product","2":"type-product","3":"status-publish","4":"has-post-thumbnail","6":"product_cat-wholesale-chafing-dishes","8":"first","9":"instock","10":"shipping-taxable","11":"product-type-simple"},"acf":[],"_links":{"self":[{"href":"https:\/\/www.linktonkitchen.com\/pt\/wp-json\/wp\/v2\/product\/5970","targetHints":{"allow":["GET"]}}],"collection":[{"href":"https:\/\/www.linktonkitchen.com\/pt\/wp-json\/wp\/v2\/product"}],"about":[{"href":"https:\/\/www.linktonkitchen.com\/pt\/wp-json\/wp\/v2\/types\/product"}],"version-history":[{"count":0,"href":"https:\/\/www.linktonkitchen.com\/pt\/wp-json\/wp\/v2\/product\/5970\/revisions"}],"wp:featuredmedia":[{"embeddable":true,"href":"https:\/\/www.linktonkitchen.com\/pt\/wp-json\/wp\/v2\/media\/5972"}],"wp:attachment":[{"href":"https:\/\/www.linktonkitchen.com\/pt\/wp-json\/wp\/v2\/media?parent=5970"}],"wp:term":[{"taxonomy":"product-application","embeddable":true,"href":"https:\/\/www.linktonkitchen.com\/pt\/wp-json\/wp\/v2\/product-application?post=5970"},{"taxonomy":"product-capacity","embeddable":true,"href":"https:\/\/www.linktonkitchen.com\/pt\/wp-json\/wp\/v2\/product-capacity?post=5970"},{"taxonomy":"product_brand","embeddable":true,"href":"https:\/\/www.linktonkitchen.com\/pt\/wp-json\/wp\/v2\/product_brand?post=5970"},{"taxonomy":"product_cat","embeddable":true,"href":"https:\/\/www.linktonkitchen.com\/pt\/wp-json\/wp\/v2\/product_cat?post=5970"},{"taxonomy":"product_tag","embeddable":true,"href":"https:\/\/www.linktonkitchen.com\/pt\/wp-json\/wp\/v2\/product_tag?post=5970"}],"curies":[{"name":"wp","href":"https:\/\/api.w.org\/{rel}","templated":true}]}}