{"id":5979,"date":"2025-07-08T03:35:38","date_gmt":"2025-07-08T03:35:38","guid":{"rendered":"https:\/\/www.linktonkitchen.com\/?post_type=product&#038;p=5979"},"modified":"2025-07-17T09:34:13","modified_gmt":"2025-07-17T09:34:13","slug":"wholesale-buffet-chafing-dishes","status":"publish","type":"product","link":"https:\/\/www.linktonkitchen.com\/pt\/product\/wholesale-buffet-chafing-dishes\/","title":{"rendered":"Conjunto de pratos para buffet por atacado, el\u00e9ctricos, de a\u00e7o inoxid\u00e1vel, para aquecer alimentos"},"content":{"rendered":"<div class=\"wp-block-columns is-layout-flex wp-container-core-columns-is-layout-9d6595d7 wp-block-columns-is-layout-flex\">\n<div class=\"wp-block-column is-vertically-aligned-center is-layout-flow wp-block-column-is-layout-flow\">\n<h3 class=\"wp-block-heading\">Pratos de Chafing para buffet por atacado Carater\u00edsticas:<\/h3>\n\n\n\n<p><strong>Design de prato duplo para alimentos<\/strong>O sistema de aquecimento e exposi\u00e7\u00e3o de pratos \u00e9 classificado e melhora a efici\u00eancia da restaura\u00e7\u00e3o.<\/p>\n\n\n\n<p><strong>Pega central de abertura da tampa<\/strong>: bom funcionamento, melhorando a experi\u00eancia do utilizador.<\/p>\n\n\n\n<p><strong>Corpo integrado em a\u00e7o inoxid\u00e1vel<\/strong>Cantos arredondados, linhas suaves, bonitas e seguras.<\/p>\n\n\n\n<p><strong>Estrutura com design elevado<\/strong>O seu tamanho aumenta a capacidade, evita eficazmente que a sopa transborde e \u00e9 adequado para uma variedade de pratos. <\/p>\n\n\n\n<p><strong>Personaliza\u00e7\u00e3o do ecr\u00e3 visual da marca<\/strong>: A \u00e1rea frontal do log\u00f3tipo \u00e9 apelativa, suporta log\u00f3tipos personalizados de empresas e refor\u00e7a a imagem da marca.<\/p>\n<\/div>\n\n\n\n<div class=\"wp-block-column is-vertically-aligned-center is-layout-flow wp-block-column-is-layout-flow\"><div class=\"wp-block-image\">\n<figure class=\"aligncenter size-full is-resized\"><img fetchpriority=\"high\" decoding=\"async\" width=\"320\" height=\"240\" src=\"https:\/\/www.linktonkitchen.com\/wp-content\/uploads\/2025\/07\/wholesale-buffet-chafing-dishes.webp\" alt=\"pratos para chafing buffet por atacado\" class=\"wp-image-5971\" style=\"width:404px;height:auto\" srcset=\"https:\/\/www.linktonkitchen.com\/wp-content\/uploads\/2025\/07\/wholesale-buffet-chafing-dishes.webp 320w, https:\/\/www.linktonkitchen.com\/wp-content\/uploads\/2025\/07\/wholesale-buffet-chafing-dishes-300x225.webp 300w, https:\/\/www.linktonkitchen.com\/wp-content\/uploads\/2025\/07\/wholesale-buffet-chafing-dishes-16x12.webp 16w, https:\/\/www.linktonkitchen.com\/wp-content\/uploads\/2025\/07\/wholesale-buffet-chafing-dishes-285x214.webp 285w, https:\/\/www.linktonkitchen.com\/wp-content\/uploads\/2025\/07\/wholesale-buffet-chafing-dishes-150x113.webp 150w\" sizes=\"(max-width: 320px) 100vw, 320px\" \/><\/figure>\n<\/div><\/div>\n<\/div>\n\n\n\n<div class=\"wp-block-columns is-layout-flex wp-container-core-columns-is-layout-9d6595d7 wp-block-columns-is-layout-flex\">\n<div class=\"wp-block-column is-vertically-aligned-center is-layout-flow wp-block-column-is-layout-flow\">\n<h3 class=\"wp-block-heading\">Personalizado <strong><strong>Pratos de cozinha para buffet<\/strong><\/strong>:<\/h3>\n\n\n\n<p>Oferecendo solu\u00e7\u00f5es ODM e OEM, permitimos a personaliza\u00e7\u00e3o total de log\u00f3tipos em produtos e embalagens. Fornecemos op\u00e7\u00f5es de embalagem flex\u00edveis, desde sacos a caixas de cart\u00e3o, ou adaptamos a embalagem de acordo com as suas necessidades. As op\u00e7\u00f5es de cores personalizadas incluem prateado, dourado e semi-dourado.<\/p>\n<\/div>\n<\/div>","protected":false},"excerpt":{"rendered":"<p>Prato para Chafing Buffet por atacado da Linkton, aquecimento el\u00e9trico, com tampa articulada de vidro, prato para chafing tudo-em-um ideal para equipamento de buffet moderno. Est\u00e3o dispon\u00edveis servi\u00e7os de personaliza\u00e7\u00e3o OEM e ODM. Contacte-nos agora para obter um or\u00e7amento gratuito.<\/p>\n<h2>Especifica\u00e7\u00f5es de Pratos de Chafing Buffet:<\/h2>\n<table width=\"402\">\n<tbody>\n<tr>\n<td width=\"145\">Fabricante<\/td>\n<td width=\"257\">Linkton<\/td>\n<\/tr>\n<tr>\n<td>Material<\/td>\n<td>A\u00e7o inoxid\u00e1vel<\/td>\n<\/tr>\n<tr>\n<td>Configura\u00e7\u00e3o<\/td>\n<td width=\"257\">Tabuleiro para alimentos\/tabuleiro para \u00e1gua<\/td>\n<\/tr>\n<tr>\n<td>Aquecimento<\/td>\n<td>\n<p>Aquecimento el\u00e9trico<\/p>\n<\/td>\n<\/tr>\n<tr>\n<td>Tampa<\/td>\n<td width=\"257\">Tampa de vidro hidr\u00e1ulica<\/td>\n<\/tr>\n<tr>\n<td>OEM\/ODM<\/td>\n<td>Aceit\u00e1vel<\/td>\n<\/tr>\n<tr>\n<td>Amostra<\/td>\n<td>MOQ 1 pe\u00e7a<\/td>\n<\/tr>\n<\/tbody>\n<\/table>","protected":false},"featured_media":5971,"template":"","meta":{"_acf_changed":false},"product-application":[],"product-capacity":[],"product_brand":[],"product_cat":[58],"product_tag":[],"class_list":{"0":"post-5979","1":"product","2":"type-product","3":"status-publish","4":"has-post-thumbnail","6":"product_cat-wholesale-chafing-dishes","8":"first","9":"instock","10":"shipping-taxable","11":"product-type-simple"},"acf":[],"_links":{"self":[{"href":"https:\/\/www.linktonkitchen.com\/pt\/wp-json\/wp\/v2\/product\/5979","targetHints":{"allow":["GET"]}}],"collection":[{"href":"https:\/\/www.linktonkitchen.com\/pt\/wp-json\/wp\/v2\/product"}],"about":[{"href":"https:\/\/www.linktonkitchen.com\/pt\/wp-json\/wp\/v2\/types\/product"}],"version-history":[{"count":0,"href":"https:\/\/www.linktonkitchen.com\/pt\/wp-json\/wp\/v2\/product\/5979\/revisions"}],"wp:featuredmedia":[{"embeddable":true,"href":"https:\/\/www.linktonkitchen.com\/pt\/wp-json\/wp\/v2\/media\/5971"}],"wp:attachment":[{"href":"https:\/\/www.linktonkitchen.com\/pt\/wp-json\/wp\/v2\/media?parent=5979"}],"wp:term":[{"taxonomy":"product-application","embeddable":true,"href":"https:\/\/www.linktonkitchen.com\/pt\/wp-json\/wp\/v2\/product-application?post=5979"},{"taxonomy":"product-capacity","embeddable":true,"href":"https:\/\/www.linktonkitchen.com\/pt\/wp-json\/wp\/v2\/product-capacity?post=5979"},{"taxonomy":"product_brand","embeddable":true,"href":"https:\/\/www.linktonkitchen.com\/pt\/wp-json\/wp\/v2\/product_brand?post=5979"},{"taxonomy":"product_cat","embeddable":true,"href":"https:\/\/www.linktonkitchen.com\/pt\/wp-json\/wp\/v2\/product_cat?post=5979"},{"taxonomy":"product_tag","embeddable":true,"href":"https:\/\/www.linktonkitchen.com\/pt\/wp-json\/wp\/v2\/product_tag?post=5979"}],"curies":[{"name":"wp","href":"https:\/\/api.w.org\/{rel}","templated":true}]}}