{"id":6007,"date":"2025-07-16T08:02:52","date_gmt":"2025-07-16T08:02:52","guid":{"rendered":"https:\/\/www.linktonkitchen.com\/?post_type=product&#038;p=6007"},"modified":"2025-07-17T09:21:52","modified_gmt":"2025-07-17T09:21:52","slug":"custom-electric-chafing-dish","status":"publish","type":"product","link":"https:\/\/www.linktonkitchen.com\/pt\/product\/custom-electric-chafing-dish\/","title":{"rendered":"Chafing Dish el\u00e9trico personalizado, aquecedor de buffet com tampa hidr\u00e1ulica a granel"},"content":{"rendered":"<div class=\"wp-block-columns is-layout-flex wp-container-core-columns-is-layout-9d6595d7 wp-block-columns-is-layout-flex\">\n<div class=\"wp-block-column is-vertically-aligned-center is-layout-flow wp-block-column-is-layout-flow\">\n<h3 class=\"wp-block-heading\">Prato de Chafing el\u00e9trico personalizado Carater\u00edsticas:<\/h3>\n\n\n\n<p><strong>Aspeto moderno<\/strong>: O aspeto de a\u00e7o inoxid\u00e1vel topo de gama \u00e9 elegante e moderno, o que real\u00e7a o efeito visual da mesa de jantar e \u00e9 muito adequado para banquetes, hot\u00e9is ou banquetes topo de gama.<\/p>\n\n\n\n<p>Design requintado das pernas: Os quatro suportes t\u00eam esculturas de textura requintada e o acabamento da superf\u00edcie polida e brilhante forma um fog\u00e3o de sala de jantar moderno e requintado<\/p>\n\n\n\n<p><strong>Design da tampa de vidro<\/strong>: A tampa de vidro transparente n\u00e3o s\u00f3 permite observar claramente o estado de aquecimento dos alimentos, como tamb\u00e9m mant\u00e9m eficazmente a temperatura e a frescura dos alimentos e evita a perda de calor.<\/p>\n\n\n\n<p><strong>F\u00e1cil de limpar<\/strong>: O material de a\u00e7o inoxid\u00e1vel de alta qualidade selecionado \u00e9 dur\u00e1vel e resistente \u00e0 corros\u00e3o, e o tratamento fino da superf\u00edcie facilita a limpeza e a manuten\u00e7\u00e3o, sendo adequado para uma utiliza\u00e7\u00e3o di\u00e1ria de alta frequ\u00eancia.<\/p>\n\n\n\n<p><strong>Personaliza\u00e7\u00e3o do suporte<\/strong>: Uma variedade de op\u00e7\u00f5es de personaliza\u00e7\u00e3o pode ser fornecida de acordo com as necessidades do cliente, incluindo log\u00f3tipo, cor, acabamento, etc. para satisfazer as necessidades da marca.<\/p>\n<\/div>\n\n\n\n<div class=\"wp-block-column is-vertically-aligned-center is-layout-flow wp-block-column-is-layout-flow\"><div class=\"wp-block-image\">\n<figure class=\"aligncenter size-full is-resized\"><img fetchpriority=\"high\" decoding=\"async\" width=\"800\" height=\"800\" src=\"https:\/\/www.linktonkitchen.com\/wp-content\/uploads\/2025\/07\/custom-electric-chafing-dish.webp\" alt=\"chafing dish el\u00e9trico personalizado\" class=\"wp-image-6009\" style=\"width:404px;height:auto\" srcset=\"https:\/\/www.linktonkitchen.com\/wp-content\/uploads\/2025\/07\/custom-electric-chafing-dish.webp 800w, https:\/\/www.linktonkitchen.com\/wp-content\/uploads\/2025\/07\/custom-electric-chafing-dish-300x300.webp 300w, https:\/\/www.linktonkitchen.com\/wp-content\/uploads\/2025\/07\/custom-electric-chafing-dish-150x150.webp 150w, https:\/\/www.linktonkitchen.com\/wp-content\/uploads\/2025\/07\/custom-electric-chafing-dish-768x768.webp 768w, https:\/\/www.linktonkitchen.com\/wp-content\/uploads\/2025\/07\/custom-electric-chafing-dish-12x12.webp 12w, https:\/\/www.linktonkitchen.com\/wp-content\/uploads\/2025\/07\/custom-electric-chafing-dish-285x285.webp 285w, https:\/\/www.linktonkitchen.com\/wp-content\/uploads\/2025\/07\/custom-electric-chafing-dish-270x270.webp 270w, https:\/\/www.linktonkitchen.com\/wp-content\/uploads\/2025\/07\/custom-electric-chafing-dish-540x540.webp 540w, https:\/\/www.linktonkitchen.com\/wp-content\/uploads\/2025\/07\/custom-electric-chafing-dish-660x660.webp 660w\" sizes=\"(max-width: 800px) 100vw, 800px\" \/><\/figure>\n<\/div><\/div>\n<\/div>\n\n\n\n<div class=\"wp-block-columns is-layout-flex wp-container-core-columns-is-layout-9d6595d7 wp-block-columns-is-layout-flex\">\n<div class=\"wp-block-column is-vertically-aligned-center is-layout-flow wp-block-column-is-layout-flow\">\n<h3 class=\"wp-block-heading\">Personalizado <strong><strong>Chafing Dish el\u00e9trico<\/strong><\/strong><\/h3>\n\n\n\n<p>Somos especializados em servi\u00e7os ODM e OEM, oferecendo personaliza\u00e7\u00e3o de log\u00f3tipos para produtos e embalagens. Pode escolher entre uma variedade de op\u00e7\u00f5es de embalagem, incluindo sacos, caixas de cart\u00e3o ou embalagens personalizadas de acordo com os seus requisitos. Tamb\u00e9m fornecemos personaliza\u00e7\u00e3o de cores, com op\u00e7\u00f5es como revestimento em prata, ouro ou semi-ouro.<\/p>\n<\/div>\n<\/div>","protected":false},"excerpt":{"rendered":"<p>A travessa el\u00e9ctrica personalizada, com um a\u00e7o inoxid\u00e1vel liso e brilhante e p\u00e9s requintados, pode ser aquecida por eletricidade ou \u00e1lcool, o que a torna um conjunto de buffet moderno e popular. O melhor desconto \u00e9 para uma encomenda por grosso. Bem-vindo a contactar-nos para um or\u00e7amento!<\/p>\n<h2>Especifica\u00e7\u00f5es do Chafing Dish el\u00e9trico:<\/h2>\n<table width=\"402\">\n<tbody>\n<tr>\n<td width=\"145\">Fabricante<\/td>\n<td width=\"257\">Linkton<\/td>\n<\/tr>\n<tr>\n<td>Material<\/td>\n<td>A\u00e7o inoxid\u00e1vel<\/td>\n<\/tr>\n<tr>\n<td>Configura\u00e7\u00e3o<\/td>\n<td width=\"257\">Tabuleiro para alimentos\/tabuleiro para \u00e1gua<\/td>\n<\/tr>\n<tr>\n<td>Aquecimento<\/td>\n<td>\n<p>Aquecimento el\u00e9trico<\/p>\n<\/td>\n<\/tr>\n<tr>\n<td>Tampa<\/td>\n<td width=\"257\">Tampa de vidro hidr\u00e1ulica<\/td>\n<\/tr>\n<tr>\n<td>OEM\/ODM<\/td>\n<td>Aceit\u00e1vel<\/td>\n<\/tr>\n<tr>\n<td>Amostra<\/td>\n<td>MOQ 1 pe\u00e7a<\/td>\n<\/tr>\n<\/tbody>\n<\/table>","protected":false},"featured_media":6009,"template":"","meta":{"_acf_changed":false},"product-application":[],"product-capacity":[],"product_brand":[],"product_cat":[58],"product_tag":[],"class_list":{"0":"post-6007","1":"product","2":"type-product","3":"status-publish","4":"has-post-thumbnail","6":"product_cat-wholesale-chafing-dishes","8":"first","9":"instock","10":"shipping-taxable","11":"product-type-simple"},"acf":[],"_links":{"self":[{"href":"https:\/\/www.linktonkitchen.com\/pt\/wp-json\/wp\/v2\/product\/6007","targetHints":{"allow":["GET"]}}],"collection":[{"href":"https:\/\/www.linktonkitchen.com\/pt\/wp-json\/wp\/v2\/product"}],"about":[{"href":"https:\/\/www.linktonkitchen.com\/pt\/wp-json\/wp\/v2\/types\/product"}],"version-history":[{"count":0,"href":"https:\/\/www.linktonkitchen.com\/pt\/wp-json\/wp\/v2\/product\/6007\/revisions"}],"wp:featuredmedia":[{"embeddable":true,"href":"https:\/\/www.linktonkitchen.com\/pt\/wp-json\/wp\/v2\/media\/6009"}],"wp:attachment":[{"href":"https:\/\/www.linktonkitchen.com\/pt\/wp-json\/wp\/v2\/media?parent=6007"}],"wp:term":[{"taxonomy":"product-application","embeddable":true,"href":"https:\/\/www.linktonkitchen.com\/pt\/wp-json\/wp\/v2\/product-application?post=6007"},{"taxonomy":"product-capacity","embeddable":true,"href":"https:\/\/www.linktonkitchen.com\/pt\/wp-json\/wp\/v2\/product-capacity?post=6007"},{"taxonomy":"product_brand","embeddable":true,"href":"https:\/\/www.linktonkitchen.com\/pt\/wp-json\/wp\/v2\/product_brand?post=6007"},{"taxonomy":"product_cat","embeddable":true,"href":"https:\/\/www.linktonkitchen.com\/pt\/wp-json\/wp\/v2\/product_cat?post=6007"},{"taxonomy":"product_tag","embeddable":true,"href":"https:\/\/www.linktonkitchen.com\/pt\/wp-json\/wp\/v2\/product_tag?post=6007"}],"curies":[{"name":"wp","href":"https:\/\/api.w.org\/{rel}","templated":true}]}}