{"id":6013,"date":"2025-07-16T08:30:47","date_gmt":"2025-07-16T08:30:47","guid":{"rendered":"https:\/\/www.linktonkitchen.com\/?post_type=product&#038;p=6013"},"modified":"2025-07-17T08:42:59","modified_gmt":"2025-07-17T08:42:59","slug":"custom-chafing-dish-buffet-set","status":"publish","type":"product","link":"https:\/\/www.linktonkitchen.com\/pt\/product\/custom-chafing-dish-buffet-set\/","title":{"rendered":"Conjunto para buffet de pratos quentes personalizado, aquecedor el\u00e9trico de alimentos em a\u00e7o inoxid\u00e1vel com tampa de vidro a granel"},"content":{"rendered":"<div class=\"wp-block-columns is-layout-flex wp-container-core-columns-is-layout-9d6595d7 wp-block-columns-is-layout-flex\">\n<div class=\"wp-block-column is-vertically-aligned-center is-layout-flow wp-block-column-is-layout-flow\">\n<h3 class=\"wp-block-heading\">Conjunto de buffet de pratos para chafing Set Carater\u00edsticas:<\/h3>\n\n\n\n<p><strong>Material de a\u00e7o inoxid\u00e1vel de alta qualidade<\/strong>: anti-corros\u00e3o, resist\u00eancia a altas temperaturas, durabilidade duradoura, garantindo que a travessa possa continuar a funcionar de forma est\u00e1vel em bufetes, hot\u00e9is e outros ambientes de restaura\u00e7\u00e3o.<\/p>\n\n\n\n<p><strong>Design da tampa de vidro<\/strong>: A tampa transparente \u00e9 conveniente para ver os alimentos, e o estado de aquecimento pode ser observado sem abrir, reduzindo a perda de calor e mantendo eficazmente a temperatura dos alimentos.<\/p>\n\n\n\n<p><strong>Sistema hidr\u00e1ulico da tampa<\/strong>: Abertura e fecho suaves da tampa para evitar queimaduras, melhorar a seguran\u00e7a e a comodidade, dur\u00e1vel e fi\u00e1vel.<\/p>\n\n\n\n<p><strong>Conce\u00e7\u00e3o do separador<\/strong>: O separador incorporado pode aquecer diferentes alimentos ao mesmo tempo para evitar a mistura de alimentos e manter os sabores independentes dos diferentes pratos.<\/p>\n\n\n\n<p><strong>Fornecimento direto da f\u00e1brica<\/strong>:  Fornecimento da f\u00e1brica Linkton, pode desfrutar de pre\u00e7os competitivos e garantias de alta qualidade, assegurar uma entrega r\u00e1pida e um servi\u00e7o eficiente, e satisfazer perfeitamente as suas necessidades de equipamento de buffet.<\/p>\n\n\n\n<p><\/p>\n<\/div>\n\n\n\n<div class=\"wp-block-column is-vertically-aligned-center is-layout-flow wp-block-column-is-layout-flow\"><div class=\"wp-block-image\">\n<figure class=\"aligncenter size-full is-resized\"><img fetchpriority=\"high\" decoding=\"async\" width=\"800\" height=\"800\" src=\"https:\/\/www.linktonkitchen.com\/wp-content\/uploads\/2025\/07\/custom-chafing-dish-buffet-set.webp\" alt=\"conjunto buffet de travessas personalizado\" class=\"wp-image-6008\" style=\"width:404px;height:auto\" srcset=\"https:\/\/www.linktonkitchen.com\/wp-content\/uploads\/2025\/07\/custom-chafing-dish-buffet-set.webp 800w, https:\/\/www.linktonkitchen.com\/wp-content\/uploads\/2025\/07\/custom-chafing-dish-buffet-set-300x300.webp 300w, https:\/\/www.linktonkitchen.com\/wp-content\/uploads\/2025\/07\/custom-chafing-dish-buffet-set-150x150.webp 150w, https:\/\/www.linktonkitchen.com\/wp-content\/uploads\/2025\/07\/custom-chafing-dish-buffet-set-768x768.webp 768w, https:\/\/www.linktonkitchen.com\/wp-content\/uploads\/2025\/07\/custom-chafing-dish-buffet-set-12x12.webp 12w, https:\/\/www.linktonkitchen.com\/wp-content\/uploads\/2025\/07\/custom-chafing-dish-buffet-set-285x285.webp 285w, https:\/\/www.linktonkitchen.com\/wp-content\/uploads\/2025\/07\/custom-chafing-dish-buffet-set-270x270.webp 270w, https:\/\/www.linktonkitchen.com\/wp-content\/uploads\/2025\/07\/custom-chafing-dish-buffet-set-540x540.webp 540w, https:\/\/www.linktonkitchen.com\/wp-content\/uploads\/2025\/07\/custom-chafing-dish-buffet-set-660x660.webp 660w\" sizes=\"(max-width: 800px) 100vw, 800px\" \/><\/figure>\n<\/div><\/div>\n<\/div>\n\n\n\n<div class=\"wp-block-columns is-layout-flex wp-container-core-columns-is-layout-9d6595d7 wp-block-columns-is-layout-flex\">\n<div class=\"wp-block-column is-vertically-aligned-center is-layout-flow wp-block-column-is-layout-flow\">\n<h3 class=\"wp-block-heading\">Personalizado <strong><strong>Conjunto de buffet de pratos de cozinha<\/strong><\/strong><\/h3>\n\n\n\n<p>Oferecemos servi\u00e7os ODM e OEM, permitindo a personaliza\u00e7\u00e3o de log\u00f3tipos e embalagens de produtos. Apoiamos v\u00e1rias op\u00e7\u00f5es de embalagem, incluindo sacos, caixas de cart\u00e3o ou embalagens personalizadas com base nas suas prefer\u00eancias. Para al\u00e9m disso, oferecemos op\u00e7\u00f5es de cores flex\u00edveis, incluindo revestimento em prata, ouro ou semi-ouro.<\/p>\n<\/div>\n<\/div>","protected":false},"excerpt":{"rendered":"<p>Conjunto de pratos para buffet personalizado, design redondo, aquecimento el\u00e9trico, com tampa de vidro, controlo preciso da temperatura para um aquecimento uniforme, perfeito para banquetes, hot\u00e9is, restaurantes e outros locais de luxo. Contacte-nos agora para obter um or\u00e7amento.\u00a0<\/p>\n<h2>Especifica\u00e7\u00f5es do Conjunto de buffet de pratos para chafing:<\/h2>\n<table width=\"402\">\n<tbody>\n<tr>\n<td width=\"145\">Fabricante<\/td>\n<td width=\"257\">Linkton<\/td>\n<\/tr>\n<tr>\n<td>Material<\/td>\n<td>A\u00e7o inoxid\u00e1vel<\/td>\n<\/tr>\n<tr>\n<td>Configura\u00e7\u00e3o<\/td>\n<td width=\"257\">Tabuleiro para alimentos\/tabuleiro para \u00e1gua<\/td>\n<\/tr>\n<tr>\n<td>Aquecimento<\/td>\n<td>\n<p>Aquecimento el\u00e9trico<\/p>\n<\/td>\n<\/tr>\n<tr>\n<td>Tampa<\/td>\n<td width=\"257\">Tampa de vidro hidr\u00e1ulica<\/td>\n<\/tr>\n<tr>\n<td>OEM\/ODM<\/td>\n<td>Aceit\u00e1vel<\/td>\n<\/tr>\n<tr>\n<td>Amostra<\/td>\n<td>MOQ 1 pe\u00e7a<\/td>\n<\/tr>\n<\/tbody>\n<\/table>","protected":false},"featured_media":6008,"template":"","meta":{"_acf_changed":false},"product-application":[],"product-capacity":[],"product_brand":[],"product_cat":[58],"product_tag":[],"class_list":{"0":"post-6013","1":"product","2":"type-product","3":"status-publish","4":"has-post-thumbnail","6":"product_cat-wholesale-chafing-dishes","8":"first","9":"instock","10":"shipping-taxable","11":"product-type-simple"},"acf":[],"_links":{"self":[{"href":"https:\/\/www.linktonkitchen.com\/pt\/wp-json\/wp\/v2\/product\/6013","targetHints":{"allow":["GET"]}}],"collection":[{"href":"https:\/\/www.linktonkitchen.com\/pt\/wp-json\/wp\/v2\/product"}],"about":[{"href":"https:\/\/www.linktonkitchen.com\/pt\/wp-json\/wp\/v2\/types\/product"}],"version-history":[{"count":0,"href":"https:\/\/www.linktonkitchen.com\/pt\/wp-json\/wp\/v2\/product\/6013\/revisions"}],"wp:featuredmedia":[{"embeddable":true,"href":"https:\/\/www.linktonkitchen.com\/pt\/wp-json\/wp\/v2\/media\/6008"}],"wp:attachment":[{"href":"https:\/\/www.linktonkitchen.com\/pt\/wp-json\/wp\/v2\/media?parent=6013"}],"wp:term":[{"taxonomy":"product-application","embeddable":true,"href":"https:\/\/www.linktonkitchen.com\/pt\/wp-json\/wp\/v2\/product-application?post=6013"},{"taxonomy":"product-capacity","embeddable":true,"href":"https:\/\/www.linktonkitchen.com\/pt\/wp-json\/wp\/v2\/product-capacity?post=6013"},{"taxonomy":"product_brand","embeddable":true,"href":"https:\/\/www.linktonkitchen.com\/pt\/wp-json\/wp\/v2\/product_brand?post=6013"},{"taxonomy":"product_cat","embeddable":true,"href":"https:\/\/www.linktonkitchen.com\/pt\/wp-json\/wp\/v2\/product_cat?post=6013"},{"taxonomy":"product_tag","embeddable":true,"href":"https:\/\/www.linktonkitchen.com\/pt\/wp-json\/wp\/v2\/product_tag?post=6013"}],"curies":[{"name":"wp","href":"https:\/\/api.w.org\/{rel}","templated":true}]}}